{"id":144126,"date":"2025-06-13T02:51:46","date_gmt":"2025-06-13T02:51:46","guid":{"rendered":"https:\/\/turkkocan.com\/?page_id=144126"},"modified":"2025-06-17T06:58:41","modified_gmt":"2025-06-17T06:58:41","slug":"lagenhet-till-salu-i-girne","status":"publish","type":"page","link":"https:\/\/turkkocan.com\/sv\/lagenhet-till-salu-i-girne\/","title":{"rendered":"L\u00e4genheter till salu i Girne"},"content":{"rendered":"<h2 style=\"font-size: 20px;\">\ud83c\udfe2 L\u00e4genheter till salu i Girne<\/h2>\n<p style=\"font-size: 16px;\" class=\"translation-block\">Girne \u00e4r en av de mest popul\u00e4ra kustst\u00e4derna i Norra Cypern och har en fastighetsmarknad som passar b\u00e5de boende och investering. <strong>L\u00e4genheter till salu i Girne<\/strong> inkluderar havsutsikt, centralt l\u00e4ge, tryggt bostadsomr\u00e5de eller tr\u00e4dg\u00e5rdsfastigheter \u2013 n\u00e5got f\u00f6r varje budget och livsstil. L\u00e4genhetstyper inkluderar studio, 1+1, 2+1 och duplex.<\/p>\n\n<h3 style=\"font-size: 18px;\">I vilka omr\u00e5den i Girne finns l\u00e4genheter till salu?<\/h3>\n<p style=\"font-size: 16px;\" class=\"translation-block\">Omr\u00e5den som Girne centrum, Alsancak, Karao\u011flano\u011flu, Bellapais och Edremit \u00e4r popul\u00e4ra bland k\u00f6pare tack vare bra tillg\u00e5ng, aktivt socialt liv och h\u00f6g uthyrningspotential. F\u00f6r dem som s\u00f6ker ett mer prisv\u00e4rt alternativ till en <a href=\"\/sv\/villa-till-salu-i-girne\/\" target=\"_self\">villa<\/a> erbjuder l\u00e4genheter ett klokt val.<\/p>\n\n<h3 style=\"font-size: 18px;\">F\u00f6rdelar med att investera i l\u00e4genhet i Girne<\/h3>\n<p style=\"font-size: 16px;\" class=\"translation-block\">Tack vare den v\u00e4xande byggsektorn och det \u00f6kande intresset fr\u00e5n utl\u00e4ndska investerare stiger <strong>l\u00e4genhetspriserna i Girne<\/strong> kontinuerligt. L\u00e4genheter n\u00e4ra universitet och turistomr\u00e5den ger <strong>h\u00f6g hyresavkastning<\/strong> och <strong>int\u00e4kter i utl\u00e4ndsk valuta<\/strong>, vilket ger starka m\u00f6jligheter till avkastning. Om du letar efter en l\u00e4genhet till salu i Girne g\u00f6r du ett klokt val \u2013 b\u00e5de f\u00f6r boende och investering.<\/p>","protected":false},"excerpt":{"rendered":"<p>\ud83c\udfe2 Girne Sat\u0131l\u0131k Daire \u0130lanlar\u0131 Girne, Kuzey K\u0131br\u0131s\u2019\u0131n en \u00e7ok tercih edilen sahil \u015fehirlerinden biri olup hem ya\u015fam hem de yat\u0131r\u0131m i\u00e7in ideal bir emlak piyasas\u0131na sahiptir. Girne sat\u0131l\u0131k daire ilanlar\u0131; deniz manzaral\u0131, \u015fehir merkezine yak\u0131n, site i\u00e7i g\u00fcvenlikli veya bah\u00e7eli m\u00fclk se\u00e7enekleriyle her b\u00fct\u00e7eye ve ya\u015fam tarz\u0131na hitap eder. Daire tipleri aras\u0131nda st\u00fcdyo, 1+1, [&hellip;]<\/p>","protected":false},"author":1,"featured_media":0,"parent":0,"menu_order":0,"comment_status":"closed","ping_status":"closed","template":"template\/template-listing-grid-v5-fullwidth-3cols.php","meta":{"footnotes":""},"class_list":["post-144126","page","type-page","status-publish","hentry"],"_links":{"self":[{"href":"https:\/\/turkkocan.com\/sv\/wp-json\/wp\/v2\/pages\/144126","targetHints":{"allow":["GET"]}}],"collection":[{"href":"https:\/\/turkkocan.com\/sv\/wp-json\/wp\/v2\/pages"}],"about":[{"href":"https:\/\/turkkocan.com\/sv\/wp-json\/wp\/v2\/types\/page"}],"author":[{"embeddable":true,"href":"https:\/\/turkkocan.com\/sv\/wp-json\/wp\/v2\/users\/1"}],"replies":[{"embeddable":true,"href":"https:\/\/turkkocan.com\/sv\/wp-json\/wp\/v2\/comments?post=144126"}],"version-history":[{"count":0,"href":"https:\/\/turkkocan.com\/sv\/wp-json\/wp\/v2\/pages\/144126\/revisions"}],"wp:attachment":[{"href":"https:\/\/turkkocan.com\/sv\/wp-json\/wp\/v2\/media?parent=144126"}],"curies":[{"name":"wp","href":"https:\/\/api.w.org\/{rel}","templated":true}]}}