{"id":143765,"date":"2025-06-13T02:46:30","date_gmt":"2025-06-13T02:46:30","guid":{"rendered":"https:\/\/turkkocan.com\/?page_id=143765"},"modified":"2025-06-28T23:56:48","modified_gmt":"2025-06-28T23:56:48","slug":"fastighet-till-salu-i-iskele","status":"publish","type":"page","link":"https:\/\/turkkocan.com\/sv\/fastighet-till-salu-i-iskele\/","title":{"rendered":"Fastigheter till salu i Iskele"},"content":{"rendered":"<h2 style=\"font-size: 20px;\">\ud83c\udfd8\ufe0f Fastigheter till salu i \u0130skele \u2013 L\u00e4genheter, villor, kommersiellt, tomter och mer<\/h2>\n<p style=\"font-size: 16px;\">\u0130skele \u00e4r en av de snabbast v\u00e4xande investeringsregionerna i Norra Cypern. Den breda kustlinjen, moderna bostadsprojekt och prisv\u00e4rda fastigheter lockar b\u00e5de lokala och internationella investerare. Med allt fr\u00e5n l\u00e4genheter och villor till tomter och kommersiella lokaler m\u00f6ter \u0130skele b\u00e5de boende- och avkastningsm\u00e5l.<\/p>\n\n<h3 style=\"font-size: 18px;\">Varf\u00f6r \u00e4r det f\u00f6rdelaktigt att k\u00f6pa fastighet i \u0130skele?<\/h3>\n<p style=\"font-size: 16px;\">Nya bostadsprojekt, havsutsikt och byggklara investeringstomter g\u00f6r att \u0130skele utvecklas snabbt. Fastighetspriserna \u00e4r fortfarande \u00f6verkomliga, vilket \u00f6kar framtida v\u00e4rdepotential. Det g\u00f6r \u0130skele till ett attraktivt val f\u00f6r tidiga investeringar.<\/p>\n\n<h3 style=\"font-size: 18px;\">Vem passar detta omr\u00e5de f\u00f6r?<\/h3>\n<p style=\"font-size: 16px;\">\u0130skele passar perfekt f\u00f6r investerare, de som dr\u00f6mmer om ett liv vid havet och fastighets\u00e4gare som vill ha h\u00f6g avkastning. Med turismens potential, studentpopulation och \u00f6kad efterfr\u00e5gan p\u00e5 bost\u00e4der stiger fastighetsv\u00e4rdet snabbt i omr\u00e5det.<\/p>","protected":false},"excerpt":{"rendered":"<p>\ud83c\udfd8\ufe0f \u0130skele Sat\u0131l\u0131k Emlak, Daire, Villa, i\u015f Yeri, Arsa ve Fazlas\u0131 \u0130skele, Kuzey K\u0131br\u0131s\u2019\u0131n y\u00fckselen yat\u0131r\u0131m b\u00f6lgelerinden biridir. Geni\u015f sahil \u015feridi, modern konut projeleri ve uygun fiyatl\u0131 gayrimenkullerle yerli ve yabanc\u0131 yat\u0131r\u0131mc\u0131lar\u0131n ilgisini \u00e7ekmektedir. Sat\u0131l\u0131k emlak kategorisinde daire, villa, arsa ve ticari m\u00fclk gibi farkl\u0131 alternatifler sunan \u0130skele, hem ya\u015fam hem kazan\u00e7 odakl\u0131 beklentileri kar\u015f\u0131lar. [&hellip;]<\/p>","protected":false},"author":1,"featured_media":0,"parent":0,"menu_order":0,"comment_status":"closed","ping_status":"closed","template":"template\/template-listing-grid-v5-fullwidth-3cols.php","meta":{"footnotes":""},"class_list":["post-143765","page","type-page","status-publish","hentry"],"_links":{"self":[{"href":"https:\/\/turkkocan.com\/sv\/wp-json\/wp\/v2\/pages\/143765","targetHints":{"allow":["GET"]}}],"collection":[{"href":"https:\/\/turkkocan.com\/sv\/wp-json\/wp\/v2\/pages"}],"about":[{"href":"https:\/\/turkkocan.com\/sv\/wp-json\/wp\/v2\/types\/page"}],"author":[{"embeddable":true,"href":"https:\/\/turkkocan.com\/sv\/wp-json\/wp\/v2\/users\/1"}],"replies":[{"embeddable":true,"href":"https:\/\/turkkocan.com\/sv\/wp-json\/wp\/v2\/comments?post=143765"}],"version-history":[{"count":0,"href":"https:\/\/turkkocan.com\/sv\/wp-json\/wp\/v2\/pages\/143765\/revisions"}],"wp:attachment":[{"href":"https:\/\/turkkocan.com\/sv\/wp-json\/wp\/v2\/media?parent=143765"}],"curies":[{"name":"wp","href":"https:\/\/api.w.org\/{rel}","templated":true}]}}