{"id":162948,"date":"2025-06-13T11:18:12","date_gmt":"2025-06-13T11:18:12","guid":{"rendered":"https:\/\/turkkocan.com\/?page_id=162948"},"modified":"2025-06-17T09:24:16","modified_gmt":"2025-06-17T09:24:16","slug":"villa-na-prodazhu-v-guzelyurte","status":"publish","type":"page","link":"https:\/\/turkkocan.com\/ru\/villa-na-prodazhu-v-guzelyurte\/","title":{"rendered":"\u0412\u0438\u043b\u043b\u044b \u043d\u0430 \u043f\u0440\u043e\u0434\u0430\u0436\u0443 \u0432 \u0413\u044e\u0437\u0435\u043b\u044c\u044e\u0440\u0442\u0435"},"content":{"rendered":"<h2 style=\"font-size: 20px;\">\ud83c\udfe1 \u0412\u0438\u043b\u043b\u044b \u043d\u0430 \u043f\u0440\u043e\u0434\u0430\u0436\u0443 \u0432 \u0413\u044e\u0437\u0435\u043b\u044c\u044e\u0440\u0442\u0435 \u2013 \u041f\u0440\u043e\u0441\u043c\u043e\u0442\u0440\u0435\u0442\u044c \u0432\u0441\u0435 \u043e\u0431\u044a\u044f\u0432\u043b\u0435\u043d\u0438\u044f<\/h2>\n<p style=\"font-size: 16px;\">\u0412\u0438\u043b\u043b\u044b \u043d\u0430 \u043f\u0440\u043e\u0434\u0430\u0436\u0443 \u0432 \u0413\u044e\u0437\u0435\u043b\u044c\u044e\u0440\u0442\u0435, \u043d\u0430 \u0437\u0430\u043f\u0430\u0434\u0435 \u0421\u0435\u0432\u0435\u0440\u043d\u043e\u0433\u043e \u041a\u0438\u043f\u0440\u0430, \u0438\u0434\u0435\u0430\u043b\u044c\u043d\u043e \u043f\u043e\u0434\u043e\u0439\u0434\u0443\u0442 \u0442\u0435\u043c, \u043a\u0442\u043e \u0438\u0449\u0435\u0442 \u0441\u043f\u043e\u043a\u043e\u0439\u043d\u0443\u044e \u0436\u0438\u0437\u043d\u044c \u0432 \u0433\u0430\u0440\u043c\u043e\u043d\u0438\u0438 \u0441 \u043f\u0440\u0438\u0440\u043e\u0434\u043e\u0439. \u041f\u0440\u043e\u0441\u0442\u043e\u0440\u043d\u044b\u0435, \u043e\u0442\u0434\u0435\u043b\u044c\u043d\u043e \u0441\u0442\u043e\u044f\u0449\u0438\u0435 \u0434\u043e\u043c\u0430 \u0441 \u0441\u0430\u0434\u0430\u043c\u0438 \u043e\u0431\u0435\u0441\u043f\u0435\u0447\u0438\u0432\u0430\u044e\u0442 \u043a\u043e\u043c\u0444\u043e\u0440\u0442 \u0438 \u0443\u0435\u0434\u0438\u043d\u0435\u043d\u0438\u0435.<\/p>\n\n<h3 style=\"font-size: 18px;\">\u041f\u0440\u0435\u0438\u043c\u0443\u0449\u0435\u0441\u0442\u0432\u0430 \u043f\u043e\u043a\u0443\u043f\u043a\u0438 \u0432\u0438\u043b\u043b\u044b \u0432 \u0413\u044e\u0437\u0435\u043b\u044c\u044e\u0440\u0442\u0435<\/h3>\n<p style=\"font-size: 16px;\">\u0411\u043b\u0430\u0433\u043e\u0434\u0430\u0440\u044f \u043d\u0438\u0437\u043a\u043e\u0439 \u043f\u043b\u043e\u0442\u043d\u043e\u0441\u0442\u0438 \u043d\u0430\u0441\u0435\u043b\u0435\u043d\u0438\u044f, \u0447\u0438\u0441\u0442\u043e\u043c\u0443 \u0432\u043e\u0437\u0434\u0443\u0445\u0443 \u0438 \u043f\u0440\u043e\u0441\u0442\u043e\u0440\u043d\u044b\u043c \u0442\u0435\u0440\u0440\u0438\u0442\u043e\u0440\u0438\u044f\u043c, \u0432\u0438\u043b\u043b\u044b \u0432 \u0413\u044e\u0437\u0435\u043b\u044c\u044e\u0440\u0442\u0435 \u043f\u0440\u0435\u0434\u043b\u0430\u0433\u0430\u044e\u0442 \u043f\u0440\u043e\u0441\u0442\u043e\u0440\u043d\u0443\u044e \u0438 \u0441\u043f\u043e\u043a\u043e\u0439\u043d\u0443\u044e \u0436\u0438\u0437\u043d\u044c. \u0420\u0435\u0433\u0438\u043e\u043d \u0438\u0434\u0435\u0430\u043b\u044c\u043d\u043e \u043f\u043e\u0434\u0445\u043e\u0434\u0438\u0442 \u0434\u043b\u044f \u0441\u0435\u043c\u0435\u0439, \u043f\u0440\u0435\u0434\u043f\u043e\u0447\u0438\u0442\u0430\u044e\u0449\u0438\u0445 \u0436\u0438\u0437\u043d\u044c \u0432 \u0433\u0430\u0440\u043c\u043e\u043d\u0438\u0438 \u0441 \u043f\u0440\u0438\u0440\u043e\u0434\u043e\u0439 \u0432\u0434\u0430\u043b\u0438 \u043e\u0442 \u0433\u043e\u0440\u043e\u0434\u0441\u043a\u043e\u0439 \u0441\u0443\u0435\u0442\u044b. \u0421\u0435\u0439\u0447\u0430\u0441 \u0441\u0430\u043c\u043e\u0435 \u0432\u0440\u0435\u043c\u044f \u0438\u043d\u0432\u0435\u0441\u0442\u0438\u0440\u043e\u0432\u0430\u0442\u044c \u0432 \u0434\u043e\u0441\u0442\u0443\u043f\u043d\u044b\u0435 \u043e\u0442\u0434\u0435\u043b\u044c\u043d\u043e \u0441\u0442\u043e\u044f\u0449\u0438\u0435 \u0434\u043e\u043c\u0430.<\/p>\n\n<h3 style=\"font-size: 18px;\">\u041a\u043e\u043c\u0443 \u044d\u0442\u043e \u043f\u043e\u0434\u0445\u043e\u0434\u0438\u0442?<\/h3>\n<p style=\"font-size: 16px;\">\u0412\u0438\u043b\u043b\u044b \u043d\u0430 \u043f\u0440\u043e\u0434\u0430\u0436\u0443 \u0432 \u0413\u044e\u0437\u0435\u043b\u044c\u044e\u0440\u0442\u0435 \u2014 \u043e\u0442\u043b\u0438\u0447\u043d\u0430\u044f \u0432\u043e\u0437\u043c\u043e\u0436\u043d\u043e\u0441\u0442\u044c \u0434\u043b\u044f \u0442\u0435\u0445, \u043a\u0442\u043e \u0445\u043e\u0447\u0435\u0442 \u0436\u0438\u0442\u044c \u043d\u0430 \u043f\u0440\u0438\u0440\u043e\u0434\u0435 \u0441 \u0441\u0435\u043c\u044c\u0435\u0439, \u0438\u0449\u0435\u0442 \u043e\u0442\u0434\u0435\u043b\u044c\u043d\u044b\u0439 \u0434\u043e\u043c \u0438\u043b\u0438 \u043f\u0440\u043e\u0441\u0442\u043e\u0440\u043d\u043e\u0435 \u0436\u0438\u043b\u044c\u0435. \u0422\u0430\u043a\u0436\u0435 \u043e\u043d\u0438 \u043f\u0440\u0435\u0434\u0441\u0442\u0430\u0432\u043b\u044f\u044e\u0442 \u0438\u043d\u0442\u0435\u0440\u0435\u0441 \u0434\u043b\u044f \u0438\u043d\u0432\u0435\u0441\u0442\u043e\u0440\u043e\u0432 \u0431\u043b\u0430\u0433\u043e\u0434\u0430\u0440\u044f \u0432\u044b\u0441\u043e\u043a\u043e\u043c\u0443 \u0430\u0440\u0435\u043d\u0434\u043d\u043e\u043c\u0443 \u043f\u043e\u0442\u0435\u043d\u0446\u0438\u0430\u043b\u0443.<\/p>","protected":false},"excerpt":{"rendered":"<p>\ud83c\udfe1 G\u00fczelyurt Sat\u0131l\u0131k Villa \u0130lanlar\u0131 G\u00fczelyurt\u2019ta sat\u0131l\u0131k villalar, Kuzey K\u0131br\u0131s\u2019\u0131n bat\u0131s\u0131nda, do\u011fayla uyumlu ve sakin ya\u015fam alanlar\u0131 arayanlar i\u00e7in ideal konut se\u00e7enekleri aras\u0131nda yer al\u0131r. Bah\u00e7eli, geni\u015f metrekareli, m\u00fcstakil yap\u0131lar; hem konfor hem de mahremiyet sunar. G\u00fczelyurt\u2019ta Villa Alman\u0131n Avantajlar\u0131 G\u00fczelyurt\u2019un d\u00fc\u015f\u00fck n\u00fcfus yo\u011funlu\u011fu, temiz havas\u0131 ve geni\u015f arazileri sayesinde villalar, ferah ve huzurlu bir [&hellip;]<\/p>","protected":false},"author":1,"featured_media":0,"parent":0,"menu_order":0,"comment_status":"closed","ping_status":"closed","template":"template\/template-listing-grid-v5-fullwidth-3cols.php","meta":{"footnotes":""},"class_list":["post-162948","page","type-page","status-publish","hentry"],"_links":{"self":[{"href":"https:\/\/turkkocan.com\/ru\/wp-json\/wp\/v2\/pages\/162948","targetHints":{"allow":["GET"]}}],"collection":[{"href":"https:\/\/turkkocan.com\/ru\/wp-json\/wp\/v2\/pages"}],"about":[{"href":"https:\/\/turkkocan.com\/ru\/wp-json\/wp\/v2\/types\/page"}],"author":[{"embeddable":true,"href":"https:\/\/turkkocan.com\/ru\/wp-json\/wp\/v2\/users\/1"}],"replies":[{"embeddable":true,"href":"https:\/\/turkkocan.com\/ru\/wp-json\/wp\/v2\/comments?post=162948"}],"version-history":[{"count":0,"href":"https:\/\/turkkocan.com\/ru\/wp-json\/wp\/v2\/pages\/162948\/revisions"}],"wp:attachment":[{"href":"https:\/\/turkkocan.com\/ru\/wp-json\/wp\/v2\/media?parent=162948"}],"curies":[{"name":"wp","href":"https:\/\/api.w.org\/{rel}","templated":true}]}}