{"id":161835,"date":"2025-06-13T11:00:44","date_gmt":"2025-06-13T11:00:44","guid":{"rendered":"https:\/\/turkkocan.com\/?page_id=161835"},"modified":"2025-06-17T09:46:50","modified_gmt":"2025-06-17T09:46:50","slug":"villa-na-prodazhu-v-lefkose","status":"publish","type":"page","link":"https:\/\/turkkocan.com\/ru\/villa-na-prodazhu-v-lefkose\/","title":{"rendered":"\u0412\u0438\u043b\u043b\u044b \u043d\u0430 \u043f\u0440\u043e\u0434\u0430\u0436\u0443 \u0432 \u041b\u0435\u0444\u043a\u043e\u0448\u0435"},"content":{"rendered":"<h2 style=\"font-size: 20px;\">\ud83c\udfe1 \u041e\u0431\u044a\u044f\u0432\u043b\u0435\u043d\u0438\u044f \u043e \u043f\u0440\u043e\u0434\u0430\u0436\u0435 \u0432\u0438\u043b\u043b \u0432 \u041b\u0435\u0444\u043a\u043e\u0448\u0435 \u2013 \u041f\u0440\u043e\u0441\u043c\u043e\u0442\u0440\u0435\u0442\u044c \u0432\u0441\u0435 \u043e\u0431\u044a\u044f\u0432\u043b\u0435\u043d\u0438\u044f<\/h2>\n<p style=\"font-size: 16px;\">\u0412\u0438\u043b\u043b\u044b \u043d\u0430 \u043f\u0440\u043e\u0434\u0430\u0436\u0443 \u0432 \u041b\u0435\u0444\u043a\u043e\u0448\u0435 \u043f\u0440\u0435\u0434\u043b\u0430\u0433\u0430\u044e\u0442 \u0440\u043e\u0441\u043a\u043e\u0448\u043d\u0443\u044e \u0438 \u0443\u0435\u0434\u0438\u043d\u0451\u043d\u043d\u0443\u044e \u0436\u0438\u0437\u043d\u044c \u0434\u043b\u044f \u0442\u0435\u0445, \u043a\u0442\u043e \u0445\u043e\u0447\u0435\u0442 \u043f\u043e\u0432\u044b\u0441\u0438\u0442\u044c \u043a\u043e\u043c\u0444\u043e\u0440\u0442 \u0432 \u0441\u0442\u043e\u043b\u0438\u0446\u0435. \u0420\u0430\u0441\u043f\u043e\u043b\u043e\u0436\u0435\u043d\u043d\u044b\u0435 \u0440\u044f\u0434\u043e\u043c \u0441 \u0446\u0435\u043d\u0442\u0440\u043e\u043c \u0433\u043e\u0440\u043e\u0434\u0430 \u0438 \u0432\u0441\u0435\u0439 \u0441\u043e\u0446\u0438\u0430\u043b\u044c\u043d\u043e\u0439 \u0438\u043d\u0444\u0440\u0430\u0441\u0442\u0440\u0443\u043a\u0442\u0443\u0440\u043e\u0439, \u043e\u043d\u0438 \u044f\u0432\u043b\u044f\u044e\u0442\u0441\u044f \u043f\u0440\u0435\u0441\u0442\u0438\u0436\u043d\u044b\u043c \u0432\u044b\u0431\u043e\u0440\u043e\u043c \u0434\u043b\u044f \u0441\u0435\u043c\u0435\u0439 \u0438 \u0438\u043d\u0432\u0435\u0441\u0442\u043e\u0440\u043e\u0432.<\/p>\n\n<h3 style=\"font-size: 18px;\">\u041f\u0440\u0435\u0438\u043c\u0443\u0449\u0435\u0441\u0442\u0432\u0430 \u043f\u043e\u043a\u0443\u043f\u043a\u0438 \u0432\u0438\u043b\u043b\u044b \u0432 \u041b\u0435\u0444\u043a\u043e\u0448\u0435<\/h3>\n<p style=\"font-size: 16px;\">\u0412\u0438\u043b\u043b\u044b \u0441 \u0441\u0430\u0434\u0430\u043c\u0438, \u043f\u0440\u043e\u0441\u0442\u043e\u0440\u043d\u043e\u0439 \u043f\u043b\u0430\u043d\u0438\u0440\u043e\u0432\u043a\u043e\u0439 \u0438 \u0432\u044b\u0441\u043e\u043a\u0438\u043c \u0441\u0442\u0430\u043d\u0434\u0430\u0440\u0442\u043e\u043c \u043e\u0431\u0435\u0441\u043f\u0435\u0447\u0438\u0432\u0430\u044e\u0442 \u0432\u044b\u0441\u043e\u043a\u0438\u0439 \u0443\u0440\u043e\u0432\u0435\u043d\u044c \u0443\u0435\u0434\u0438\u043d\u0435\u043d\u0438\u044f, \u043a\u043e\u043c\u0444\u043e\u0440\u0442\u0430 \u0438 \u0431\u0435\u0437\u043e\u043f\u0430\u0441\u043d\u043e\u0441\u0442\u0438. \u0412\u0438\u043b\u043b\u044b \u0432 \u0441\u0442\u043e\u043b\u0438\u0446\u0435 \u0432\u044b\u0434\u0435\u043b\u044f\u044e\u0442\u0441\u044f \u043a\u0430\u043a \u0443\u0434\u043e\u0431\u0441\u0442\u0432\u043e\u043c \u0434\u043b\u044f \u0436\u0438\u0437\u043d\u0438, \u0442\u0430\u043a \u0438 \u0438\u043d\u0432\u0435\u0441\u0442\u0438\u0446\u0438\u043e\u043d\u043d\u043e\u0439 \u043f\u0440\u0438\u0432\u043b\u0435\u043a\u0430\u0442\u0435\u043b\u044c\u043d\u043e\u0441\u0442\u044c\u044e.<\/p>\n\n<h3 style=\"font-size: 18px;\">\u041a\u043e\u043c\u0443 \u044d\u0442\u043e \u043f\u043e\u0434\u0445\u043e\u0434\u0438\u0442?<\/h3>\n<p style=\"font-size: 16px;\">\u0412\u0438\u043b\u043b\u044b \u043d\u0430 \u043f\u0440\u043e\u0434\u0430\u0436\u0443 \u0432 \u041b\u0435\u0444\u043a\u043e\u0448\u0435 \u2014 \u0438\u0434\u0435\u0430\u043b\u044c\u043d\u044b\u0439 \u0432\u044b\u0431\u043e\u0440 \u0434\u043b\u044f \u0431\u043e\u043b\u044c\u0448\u0438\u0445 \u0441\u0435\u043c\u0435\u0439, \u043f\u0440\u043e\u0444\u0435\u0441\u0441\u0438\u043e\u043d\u0430\u043b\u043e\u0432, \u0441\u0442\u0440\u0435\u043c\u044f\u0449\u0438\u0445\u0441\u044f \u043a \u0431\u0430\u043b\u0430\u043d\u0441\u0443 \u043c\u0435\u0436\u0434\u0443 \u0440\u0430\u0431\u043e\u0442\u043e\u0439 \u0438 \u043a\u043e\u043c\u0444\u043e\u0440\u0442\u043e\u043c, \u0438 \u0442\u0435\u0445, \u043a\u0442\u043e \u0445\u043e\u0447\u0435\u0442 \u0438\u043d\u0432\u0435\u0441\u0442\u0438\u0440\u043e\u0432\u0430\u0442\u044c \u0432 \u0446\u0435\u043d\u043d\u0443\u044e \u043d\u0435\u0434\u0432\u0438\u0436\u0438\u043c\u043e\u0441\u0442\u044c.<\/p>\n\n\n\n\n<p><\/p>","protected":false},"excerpt":{"rendered":"<p>\ud83c\udfe1 Lefko\u015fa Sat\u0131l\u0131k Villa \u0130lanlar\u0131 Lefko\u015fa\u2019da sat\u0131l\u0131k villalar, ba\u015fkentte ya\u015fam konforunu art\u0131rmak isteyenler i\u00e7in l\u00fcks ve m\u00fcstakil ya\u015fam f\u0131rsatlar\u0131 sunar. \u015eehir merkezine ve t\u00fcm sosyal olanaklara yak\u0131n lokasyonlarda yer alan villalar, hem aileler hem de yat\u0131r\u0131mc\u0131lar i\u00e7in prestijli bir konut se\u00e7ene\u011fidir. Lefko\u015fa\u2019da Villa Alman\u0131n Avantajlar\u0131 Bah\u00e7eli, geni\u015f metrekareli ve y\u00fcksek standartl\u0131 villa se\u00e7enekleri; mahremiyet, konfor [&hellip;]<\/p>","protected":false},"author":1,"featured_media":0,"parent":0,"menu_order":0,"comment_status":"closed","ping_status":"closed","template":"template\/template-listing-grid-v5-fullwidth-3cols.php","meta":{"footnotes":""},"class_list":["post-161835","page","type-page","status-publish","hentry"],"_links":{"self":[{"href":"https:\/\/turkkocan.com\/ru\/wp-json\/wp\/v2\/pages\/161835","targetHints":{"allow":["GET"]}}],"collection":[{"href":"https:\/\/turkkocan.com\/ru\/wp-json\/wp\/v2\/pages"}],"about":[{"href":"https:\/\/turkkocan.com\/ru\/wp-json\/wp\/v2\/types\/page"}],"author":[{"embeddable":true,"href":"https:\/\/turkkocan.com\/ru\/wp-json\/wp\/v2\/users\/1"}],"replies":[{"embeddable":true,"href":"https:\/\/turkkocan.com\/ru\/wp-json\/wp\/v2\/comments?post=161835"}],"version-history":[{"count":0,"href":"https:\/\/turkkocan.com\/ru\/wp-json\/wp\/v2\/pages\/161835\/revisions"}],"wp:attachment":[{"href":"https:\/\/turkkocan.com\/ru\/wp-json\/wp\/v2\/media?parent=161835"}],"curies":[{"name":"wp","href":"https:\/\/api.w.org\/{rel}","templated":true}]}}