{"id":161798,"date":"2025-06-13T10:39:34","date_gmt":"2025-06-13T10:39:34","guid":{"rendered":"https:\/\/turkkocan.com\/?page_id=161798"},"modified":"2025-06-29T00:03:04","modified_gmt":"2025-06-29T00:03:04","slug":"nedvizhimost-na-prodazhu-v-lefke","status":"publish","type":"page","link":"https:\/\/turkkocan.com\/ru\/nedvizhimost-na-prodazhu-v-lefke\/","title":{"rendered":"\u041d\u0435\u0434\u0432\u0438\u0436\u0438\u043c\u043e\u0441\u0442\u044c \u043d\u0430 \u043f\u0440\u043e\u0434\u0430\u0436\u0443 \u0432 \u041b\u0435\u0444\u043a\u0435"},"content":{"rendered":"<h2 style=\"font-size: 20px;\">\ud83c\udfd8\ufe0f \u041d\u0435\u0434\u0432\u0438\u0436\u0438\u043c\u043e\u0441\u0442\u044c \u043d\u0430 \u043f\u0440\u043e\u0434\u0430\u0436\u0443 \u0432 \u041b\u0435\u0444\u043a\u0435 \u2013 \u041a\u0432\u0430\u0440\u0442\u0438\u0440\u044b, \u0432\u0438\u043b\u043b\u044b, \u0443\u0447\u0430\u0441\u0442\u043a\u0438 \u0438 \u0434\u0440\u0443\u0433\u043e\u0435<\/h2>\n<p style=\"font-size: 16px;\">\u041b\u0435\u0444\u043a\u0435 \u2014 \u044d\u0442\u043e \u0440\u0430\u0439\u043e\u043d \u043d\u0430 \u0437\u0430\u043f\u0430\u0434\u0435 \u0421\u0435\u0432\u0435\u0440\u043d\u043e\u0433\u043e \u041a\u0438\u043f\u0440\u0430, \u0438\u0437\u0432\u0435\u0441\u0442\u043d\u044b\u0439 \u0441\u0432\u043e\u0435\u0439 \u043f\u0440\u0438\u0440\u043e\u0434\u043e\u0439 \u0438 \u0441\u043f\u043e\u043a\u043e\u0439\u043d\u043e\u0439 \u0430\u0442\u043c\u043e\u0441\u0444\u0435\u0440\u043e\u0439. \u0412 \u043f\u043e\u0441\u043b\u0435\u0434\u043d\u0438\u0435 \u0433\u043e\u0434\u044b \u043e\u043d \u043f\u0440\u0438\u0432\u043b\u0435\u043a\u0430\u0435\u0442 \u0432\u043d\u0438\u043c\u0430\u043d\u0438\u0435 \u0438\u043d\u0432\u0435\u0441\u0442\u043e\u0440\u043e\u0432 \u0431\u043b\u0430\u0433\u043e\u0434\u0430\u0440\u044f \u0440\u0430\u0437\u0432\u0438\u0432\u0430\u044e\u0449\u0435\u0439\u0441\u044f \u0438\u043d\u0444\u0440\u0430\u0441\u0442\u0440\u0443\u043a\u0442\u0443\u0440\u0435 \u0438 \u0440\u0430\u0441\u0442\u0443\u0449\u0435\u043c\u0443 \u0441\u043f\u0440\u043e\u0441\u0443 \u043d\u0430 \u043d\u0435\u0434\u0432\u0438\u0436\u0438\u043c\u043e\u0441\u0442\u044c. \u0421\u0440\u0435\u0434\u0438 \u043e\u0431\u044a\u0435\u043a\u0442\u043e\u0432 \u043d\u0430 \u043f\u0440\u043e\u0434\u0430\u0436\u0443 \u2014 \u043a\u0432\u0430\u0440\u0442\u0438\u0440\u044b, \u0432\u0438\u043b\u043b\u044b, \u0443\u0447\u0430\u0441\u0442\u043a\u0438 \u0438 \u043a\u043e\u043c\u043c\u0435\u0440\u0447\u0435\u0441\u043a\u0430\u044f \u043d\u0435\u0434\u0432\u0438\u0436\u0438\u043c\u043e\u0441\u0442\u044c.<\/p>\n\n<h3 style=\"font-size: 18px;\">\u041f\u0440\u0435\u0438\u043c\u0443\u0449\u0435\u0441\u0442\u0432\u0430 \u043f\u043e\u043a\u0443\u043f\u043a\u0438 \u043d\u0435\u0434\u0432\u0438\u0436\u0438\u043c\u043e\u0441\u0442\u0438 \u0432 \u041b\u0435\u0444\u043a\u0435<\/h3>\n<p style=\"font-size: 16px;\">\u041b\u0435\u0444\u043a\u0435 \u0441 \u0437\u0435\u043b\u0451\u043d\u043e\u0439 \u043f\u0440\u0438\u0440\u043e\u0434\u043e\u0439, \u0432\u0438\u0434\u043e\u043c \u043d\u0430 \u0433\u043e\u0440\u044b \u0438 \u043c\u043e\u0440\u0435, \u043d\u0438\u0437\u043a\u043e\u0439 \u043f\u043b\u043e\u0442\u043d\u043e\u0441\u0442\u044c\u044e \u043d\u0430\u0441\u0435\u043b\u0435\u043d\u0438\u044f \u0438 \u0434\u043e\u0441\u0442\u0443\u043f\u043d\u043e\u0439 \u043d\u0435\u0434\u0432\u0438\u0436\u0438\u043c\u043e\u0441\u0442\u044c\u044e \u2014 \u0432\u044b\u0431\u043e\u0440 \u0442\u0435\u0445, \u043a\u0442\u043e \u0438\u0449\u0435\u0442 \u0441\u043f\u043e\u043a\u043e\u0439\u043d\u0443\u044e \u0436\u0438\u0437\u043d\u044c. \u0414\u043e\u0441\u0442\u0443\u043f\u043d\u044b\u0435 \u0446\u0435\u043d\u044b \u043d\u0430 \u0436\u0438\u043b\u044c\u0451 \u0434\u0435\u043b\u0430\u044e\u0442 \u0440\u0435\u0433\u0438\u043e\u043d \u043e\u0442\u043b\u0438\u0447\u043d\u043e\u0439 \u043e\u0442\u043f\u0440\u0430\u0432\u043d\u043e\u0439 \u0442\u043e\u0447\u043a\u043e\u0439 \u0434\u043b\u044f \u0438\u043d\u0432\u0435\u0441\u0442\u043e\u0440\u043e\u0432. \u041d\u0430\u043b\u0438\u0447\u0438\u0435 \u0443\u043d\u0438\u0432\u0435\u0440\u0441\u0438\u0442\u0435\u0442\u0430 \u0438 \u0440\u0430\u0437\u0432\u0438\u0442\u043e\u0435 \u0441\u0435\u043b\u044c\u0441\u043a\u043e\u0435 \u0445\u043e\u0437\u044f\u0439\u0441\u0442\u0432\u043e \u0434\u043e\u043f\u043e\u043b\u043d\u0438\u0442\u0435\u043b\u044c\u043d\u043e \u043f\u043e\u0432\u044b\u0448\u0430\u044e\u0442 \u0446\u0435\u043d\u043d\u043e\u0441\u0442\u044c \u041b\u0435\u0444\u043a\u0435.<\/p>\n\n<h3 style=\"font-size: 18px;\">\u041a\u043e\u043c\u0443 \u044d\u0442\u043e \u043f\u043e\u0434\u0445\u043e\u0434\u0438\u0442?<\/h3>\n<p style=\"font-size: 16px;\">\u041d\u0435\u0434\u0432\u0438\u0436\u0438\u043c\u043e\u0441\u0442\u044c \u043d\u0430 \u043f\u0440\u043e\u0434\u0430\u0436\u0443 \u0432 \u041b\u0435\u0444\u043a\u0435 \u0438\u0434\u0435\u0430\u043b\u044c\u043d\u043e \u043f\u043e\u0434\u0445\u043e\u0434\u0438\u0442 \u0442\u0435\u043c, \u043a\u0442\u043e \u0438\u0449\u0435\u0442 \u0442\u0438\u0445\u0443\u044e \u0436\u0438\u0437\u043d\u044c \u043d\u0430 \u043f\u0440\u0438\u0440\u043e\u0434\u0435, \u043c\u0435\u043b\u043a\u0438\u043c \u0438\u043d\u0432\u0435\u0441\u0442\u043e\u0440\u0430\u043c, \u043c\u043e\u043b\u043e\u0434\u044b\u043c \u0441\u0435\u043c\u044c\u044f\u043c, \u0436\u0435\u043b\u0430\u044e\u0449\u0438\u043c \u043f\u0440\u0438\u043e\u0431\u0440\u0435\u0441\u0442\u0438 \u0436\u0438\u043b\u044c\u0451 \u043f\u043e \u0434\u043e\u0441\u0442\u0443\u043f\u043d\u043e\u0439 \u0446\u0435\u043d\u0435, \u0438 \u0442\u0435\u043c, \u043a\u0442\u043e \u0445\u043e\u0447\u0435\u0442 \u0432\u043b\u043e\u0436\u0438\u0442\u044c\u0441\u044f \u0432 \u0440\u0430\u0439\u043e\u043d \u0441 \u0432\u044b\u0441\u043e\u043a\u0438\u043c \u043f\u043e\u0442\u0435\u043d\u0446\u0438\u0430\u043b\u043e\u043c \u0440\u043e\u0441\u0442\u0430.<\/p>","protected":false},"excerpt":{"rendered":"<p>\ud83c\udfd8\ufe0f Lefke Sat\u0131l\u0131k Emlak, Daire, Villa, Arsa ve Fazlas\u0131 Lefke, Kuzey K\u0131br\u0131s\u2019\u0131n bat\u0131s\u0131nda yer alan, do\u011fayla i\u00e7 i\u00e7e, sakin ya\u015fam\u0131n adresi olan bir b\u00f6lgedir. Son y\u0131llarda geli\u015fen altyap\u0131s\u0131 ve artan emlak talebiyle yat\u0131r\u0131mc\u0131lar\u0131n dikkatini \u00e7eken Lefke\u2019de sat\u0131l\u0131k emlak se\u00e7enekleri aras\u0131nda daire, villa, arsa ve ticari m\u00fclkler yer almaktad\u0131r. Lefke\u2019de Emlak Alman\u0131n Avantajlar\u0131 Lefke; ye\u015fil do\u011fas\u0131, [&hellip;]<\/p>","protected":false},"author":1,"featured_media":0,"parent":0,"menu_order":0,"comment_status":"closed","ping_status":"closed","template":"template\/template-listing-grid-v5-fullwidth-3cols.php","meta":{"footnotes":""},"class_list":["post-161798","page","type-page","status-publish","hentry"],"_links":{"self":[{"href":"https:\/\/turkkocan.com\/ru\/wp-json\/wp\/v2\/pages\/161798","targetHints":{"allow":["GET"]}}],"collection":[{"href":"https:\/\/turkkocan.com\/ru\/wp-json\/wp\/v2\/pages"}],"about":[{"href":"https:\/\/turkkocan.com\/ru\/wp-json\/wp\/v2\/types\/page"}],"author":[{"embeddable":true,"href":"https:\/\/turkkocan.com\/ru\/wp-json\/wp\/v2\/users\/1"}],"replies":[{"embeddable":true,"href":"https:\/\/turkkocan.com\/ru\/wp-json\/wp\/v2\/comments?post=161798"}],"version-history":[{"count":0,"href":"https:\/\/turkkocan.com\/ru\/wp-json\/wp\/v2\/pages\/161798\/revisions"}],"wp:attachment":[{"href":"https:\/\/turkkocan.com\/ru\/wp-json\/wp\/v2\/media?parent=161798"}],"curies":[{"name":"wp","href":"https:\/\/api.w.org\/{rel}","templated":true}]}}