{"id":161771,"date":"2025-06-13T10:24:15","date_gmt":"2025-06-13T10:24:15","guid":{"rendered":"https:\/\/turkkocan.com\/?page_id=161771"},"modified":"2025-06-29T00:00:01","modified_gmt":"2025-06-29T00:00:01","slug":"nedvizhimost-na-prodazhu-v-famaguste","status":"publish","type":"page","link":"https:\/\/turkkocan.com\/ru\/nedvizhimost-na-prodazhu-v-famaguste\/","title":{"rendered":"\u041d\u0435\u0434\u0432\u0438\u0436\u0438\u043c\u043e\u0441\u0442\u044c \u043d\u0430 \u043f\u0440\u043e\u0434\u0430\u0436\u0443 \u0432 \u0424\u0430\u043c\u0430\u0433\u0443\u0441\u0442\u0435"},"content":{"rendered":"<h2 style=\"font-size: 20px;\">\ud83c\udfd8\ufe0f \u041d\u0435\u0434\u0432\u0438\u0436\u0438\u043c\u043e\u0441\u0442\u044c \u043d\u0430 \u043f\u0440\u043e\u0434\u0430\u0436\u0443 \u0432 \u0413\u0430\u0437\u0438\u043c\u0430\u0433\u0443\u0441\u0435 \u2013 \u041a\u0432\u0430\u0440\u0442\u0438\u0440\u044b, \u0432\u0438\u043b\u043b\u044b, \u0443\u0447\u0430\u0441\u0442\u043a\u0438 \u0438 \u0434\u0440\u0443\u0433\u043e\u0435<\/h2>\n<p style=\"font-size: 16px;\">\u0413\u0430\u0437\u0438\u043c\u0430\u0433\u0443\u0441\u0430 \u2014 \u043e\u0434\u0438\u043d \u0438\u0437 \u043a\u043b\u044e\u0447\u0435\u0432\u044b\u0445 \u043d\u0430\u0441\u0435\u043b\u0451\u043d\u043d\u044b\u0445 \u043f\u0443\u043d\u043a\u0442\u043e\u0432 \u0421\u0435\u0432\u0435\u0440\u043d\u043e\u0433\u043e \u041a\u0438\u043f\u0440\u0430, \u0441\u043e\u0447\u0435\u0442\u0430\u044e\u0449\u0438\u0439 \u0432 \u0441\u0435\u0431\u0435 \u0438\u0441\u0442\u043e\u0440\u0438\u044e \u0438 \u0441\u043e\u0432\u0440\u0435\u043c\u0435\u043d\u043d\u043e\u0441\u0442\u044c. \u0412 \u043a\u0430\u0442\u0435\u0433\u043e\u0440\u0438\u0438 \u043d\u0435\u0434\u0432\u0438\u0436\u0438\u043c\u043e\u0441\u0442\u0438 \u043d\u0430 \u043f\u0440\u043e\u0434\u0430\u0436\u0443 \u0433\u043e\u0440\u043e\u0434 \u043f\u0440\u0435\u0434\u043b\u0430\u0433\u0430\u0435\u0442 \u0448\u0438\u0440\u043e\u043a\u0438\u0439 \u0432\u044b\u0431\u043e\u0440: \u043a\u0432\u0430\u0440\u0442\u0438\u0440\u044b, \u0432\u0438\u043b\u043b\u044b, \u0437\u0435\u043c\u0435\u043b\u044c\u043d\u044b\u0435 \u0443\u0447\u0430\u0441\u0442\u043a\u0438 \u0438 \u043a\u043e\u043c\u043c\u0435\u0440\u0447\u0435\u0441\u043a\u0438\u0435 \u043e\u0431\u044a\u0435\u043a\u0442\u044b \u2014 \u0441 \u0432\u044b\u0441\u043e\u043a\u0438\u043c \u043f\u043e\u0442\u0435\u043d\u0446\u0438\u0430\u043b\u043e\u043c \u043a\u0430\u043a \u0434\u043b\u044f \u043f\u0440\u043e\u0436\u0438\u0432\u0430\u043d\u0438\u044f, \u0442\u0430\u043a \u0438 \u0434\u043b\u044f \u0438\u043d\u0432\u0435\u0441\u0442\u0438\u0446\u0438\u0439.<\/p>\n\n<h3 style=\"font-size: 18px;\">\u041f\u0440\u0435\u0438\u043c\u0443\u0449\u0435\u0441\u0442\u0432\u0430 \u043f\u043e\u043a\u0443\u043f\u043a\u0438 \u043d\u0435\u0434\u0432\u0438\u0436\u0438\u043c\u043e\u0441\u0442\u0438 \u0432 \u0413\u0430\u0437\u0438\u043c\u0430\u0433\u0443\u0441\u0435<\/h3>\n<p style=\"font-size: 16px;\">\u0413\u0430\u0437\u0438\u043c\u0430\u0433\u0443\u0441\u0430 \u0431\u043b\u0430\u0433\u043e\u0434\u0430\u0440\u044f \u0443\u043d\u0438\u0432\u0435\u0440\u0441\u0438\u0442\u0435\u0442\u0430\u043c, \u043f\u043e\u0440\u0442\u0443, \u0442\u0443\u0440\u0438\u0441\u0442\u0438\u0447\u0435\u0441\u043a\u0438\u043c \u0437\u043e\u043d\u0430\u043c \u0438 \u043a\u043e\u043c\u043c\u0435\u0440\u0447\u0435\u0441\u043a\u043e\u0439 \u0438\u043d\u0444\u0440\u0430\u0441\u0442\u0440\u0443\u043a\u0442\u0443\u0440\u0435 \u043f\u0440\u0435\u0434\u043e\u0441\u0442\u0430\u0432\u043b\u044f\u0435\u0442 \u0438\u043d\u0432\u0435\u0441\u0442\u043e\u0440\u0430\u043c \u043f\u0440\u0435\u0438\u043c\u0443\u0449\u0435\u0441\u0442\u0432\u0430 \u0432 \u0432\u0438\u0434\u0435 \u0430\u0440\u0435\u043d\u0434\u043d\u043e\u0433\u043e \u0434\u043e\u0445\u043e\u0434\u0430 \u0438 \u0440\u043e\u0441\u0442\u0430 \u0441\u0442\u043e\u0438\u043c\u043e\u0441\u0442\u0438 \u043d\u0435\u0434\u0432\u0438\u0436\u0438\u043c\u043e\u0441\u0442\u0438. \u041c\u0430\u0441\u0448\u0442\u0430\u0431\u043d\u044b\u0435 \u0436\u0438\u043b\u044b\u0435 \u043f\u0440\u043e\u0435\u043a\u0442\u044b, \u043d\u043e\u0432\u044b\u0435 \u0440\u0430\u0439\u043e\u043d\u044b \u0438 \u0440\u0430\u0437\u0432\u0438\u0442\u0438\u0435 \u043f\u0440\u0438\u0431\u0440\u0435\u0436\u043d\u044b\u0445 \u0437\u043e\u043d \u0441\u043f\u043e\u0441\u043e\u0431\u0441\u0442\u0432\u0443\u044e\u0442 \u0441\u0442\u0430\u0431\u0438\u043b\u044c\u043d\u043e\u043c\u0443 \u0440\u043e\u0441\u0442\u0443 \u0446\u0435\u043d \u043d\u0430 \u043d\u0435\u0434\u0432\u0438\u0436\u0438\u043c\u043e\u0441\u0442\u044c \u0432 \u0440\u0435\u0433\u0438\u043e\u043d\u0435.<\/p>\n\n<h3 style=\"font-size: 18px;\">\u0414\u043b\u044f \u043a\u043e\u0433\u043e \u043f\u043e\u0434\u0445\u043e\u0434\u0438\u0442 \u044d\u0442\u043e\u0442 \u0440\u0430\u0439\u043e\u043d?<\/h3>\n<p style=\"font-size: 16px;\">\u041d\u0435\u0434\u0432\u0438\u0436\u0438\u043c\u043e\u0441\u0442\u044c \u043d\u0430 \u043f\u0440\u043e\u0434\u0430\u0436\u0443 \u0432 \u0413\u0430\u0437\u0438\u043c\u0430\u0433\u0443\u0441\u0435 \u2014 \u0438\u0434\u0435\u0430\u043b\u044c\u043d\u044b\u0439 \u0432\u044b\u0431\u043e\u0440 \u0434\u043b\u044f \u0438\u043d\u0432\u0435\u0441\u0442\u043e\u0440\u043e\u0432, \u0436\u0435\u043b\u0430\u044e\u0449\u0438\u0445 \u0441\u0434\u0430\u0432\u0430\u0442\u044c \u0436\u0438\u043b\u044c\u0451 \u0441\u0442\u0443\u0434\u0435\u043d\u0442\u0430\u043c, \u043b\u044e\u0431\u0438\u0442\u0435\u043b\u0435\u0439 \u043f\u0440\u0438\u0431\u0440\u0435\u0436\u043d\u043e\u0439 \u0436\u0438\u0437\u043d\u0438 \u0438 \u043f\u0440\u0435\u0434\u043f\u0440\u0438\u043d\u0438\u043c\u0430\u0442\u0435\u043b\u0435\u0439, \u043f\u043b\u0430\u043d\u0438\u0440\u0443\u044e\u0449\u0438\u0445 \u043e\u0442\u043a\u0440\u044b\u0442\u044c \u0431\u0438\u0437\u043d\u0435\u0441. \u0417\u0434\u0435\u0441\u044c \u043c\u043e\u0436\u043d\u043e \u043d\u0430\u0439\u0442\u0438 \u043e\u0431\u044a\u0435\u043a\u0442\u044b \u043d\u0430 \u043b\u044e\u0431\u043e\u0439 \u0431\u044e\u0434\u0436\u0435\u0442 \u0438 \u0446\u0435\u043b\u044c.<\/p>","protected":false},"excerpt":{"rendered":"<p>\ud83c\udfd8\ufe0f Gazima\u011fusa Sat\u0131l\u0131k Emlak, Daire, Villa, Arsa ve Fazlas\u0131 Gazima\u011fusa, Kuzey K\u0131br\u0131s\u2019\u0131n hem tarihi hem de modern y\u00fcz\u00fcn\u00fc bir arada sunan \u00f6nemli yerle\u015fim merkezlerinden biridir. Sat\u0131l\u0131k emlak kategorisinde daire, villa, arsa ve ticari gayrimenkul gibi farkl\u0131 se\u00e7eneklerle geni\u015f bir portf\u00f6y sunan \u015fehir, hem ya\u015fam hem yat\u0131r\u0131m i\u00e7in g\u00fc\u00e7l\u00fc potansiyel ta\u015f\u0131r. Gazima\u011fusa\u2019da Emlak Alman\u0131n Avantajlar\u0131 Gazima\u011fusa; [&hellip;]<\/p>","protected":false},"author":1,"featured_media":0,"parent":0,"menu_order":0,"comment_status":"closed","ping_status":"closed","template":"template\/template-listing-grid-v5-fullwidth-3cols.php","meta":{"footnotes":""},"class_list":["post-161771","page","type-page","status-publish","hentry"],"_links":{"self":[{"href":"https:\/\/turkkocan.com\/ru\/wp-json\/wp\/v2\/pages\/161771","targetHints":{"allow":["GET"]}}],"collection":[{"href":"https:\/\/turkkocan.com\/ru\/wp-json\/wp\/v2\/pages"}],"about":[{"href":"https:\/\/turkkocan.com\/ru\/wp-json\/wp\/v2\/types\/page"}],"author":[{"embeddable":true,"href":"https:\/\/turkkocan.com\/ru\/wp-json\/wp\/v2\/users\/1"}],"replies":[{"embeddable":true,"href":"https:\/\/turkkocan.com\/ru\/wp-json\/wp\/v2\/comments?post=161771"}],"version-history":[{"count":0,"href":"https:\/\/turkkocan.com\/ru\/wp-json\/wp\/v2\/pages\/161771\/revisions"}],"wp:attachment":[{"href":"https:\/\/turkkocan.com\/ru\/wp-json\/wp\/v2\/media?parent=161771"}],"curies":[{"name":"wp","href":"https:\/\/api.w.org\/{rel}","templated":true}]}}