{"id":149468,"date":"2025-06-13T04:13:31","date_gmt":"2025-06-13T04:13:31","guid":{"rendered":"https:\/\/turkkocan.com\/?page_id=149468"},"modified":"2025-06-17T08:23:27","modified_gmt":"2025-06-17T08:23:27","slug":"uchastok-na-prodazhu-v-iskele","status":"publish","type":"page","link":"https:\/\/turkkocan.com\/ru\/uchastok-na-prodazhu-v-iskele\/","title":{"rendered":"\u0417\u0435\u043c\u0435\u043b\u044c\u043d\u044b\u0435 \u0443\u0447\u0430\u0441\u0442\u043a\u0438 \u043d\u0430 \u043f\u0440\u043e\u0434\u0430\u0436\u0443 \u0432 \u0418\u0441\u043a\u0435\u043b\u0435"},"content":{"rendered":"<h2 style=\"font-size: 20px;\">\ud83c\udf3f \u0417\u0435\u043c\u0435\u043b\u044c\u043d\u044b\u0435 \u0443\u0447\u0430\u0441\u0442\u043a\u0438 \u043d\u0430 \u043f\u0440\u043e\u0434\u0430\u0436\u0443 \u0432 \u0418\u0441\u043a\u0435\u043b\u0435 \u2013 \u041f\u0440\u043e\u0441\u043c\u043e\u0442\u0440\u0435\u0442\u044c \u0432\u0441\u0435 \u043e\u0431\u044a\u044f\u0432\u043b\u0435\u043d\u0438\u044f<\/h2>\n<p style=\"font-size: 16px;\">\u0417\u0435\u043c\u0435\u043b\u044c\u043d\u044b\u0435 \u0443\u0447\u0430\u0441\u0442\u043a\u0438 \u0432 \u0418\u0441\u043a\u0435\u043b\u0435 \u043f\u0440\u0435\u0434\u043b\u0430\u0433\u0430\u044e\u0442 \u0432\u044b\u0433\u043e\u0434\u043d\u044b\u0435 \u0432\u043e\u0437\u043c\u043e\u0436\u043d\u043e\u0441\u0442\u0438 \u0434\u043b\u044f \u0442\u0435\u0445, \u043a\u0442\u043e \u043f\u043b\u0430\u043d\u0438\u0440\u0443\u0435\u0442 \u0434\u043e\u043b\u0433\u043e\u0441\u0440\u043e\u0447\u043d\u044b\u0435 \u0438\u043d\u0432\u0435\u0441\u0442\u0438\u0446\u0438\u0438 \u0432 \u0421\u0435\u0432\u0435\u0440\u043d\u043e\u043c \u041a\u0438\u043f\u0440\u0435. \u0411\u043b\u0430\u0433\u043e\u0434\u0430\u0440\u044f \u043f\u0440\u043e\u0442\u044f\u0436\u0451\u043d\u043d\u043e\u0439 \u0431\u0435\u0440\u0435\u0433\u043e\u0432\u043e\u0439 \u043b\u0438\u043d\u0438\u0438, \u0442\u0443\u0440\u0438\u0441\u0442\u0438\u0447\u0435\u0441\u043a\u043e\u043c\u0443 \u043f\u043e\u0442\u0435\u043d\u0446\u0438\u0430\u043b\u0443 \u0438 \u0440\u0430\u0441\u0442\u0443\u0449\u0435\u0439 \u043f\u043e\u0442\u0440\u0435\u0431\u043d\u043e\u0441\u0442\u0438 \u0432 \u0436\u0438\u043b\u044c\u0435, \u0446\u0435\u043d\u044b \u043d\u0430 \u0437\u0435\u043c\u043b\u044e \u0432 \u0440\u0435\u0433\u0438\u043e\u043d\u0435 \u043f\u043e\u0441\u0442\u043e\u044f\u043d\u043d\u043e \u0440\u0430\u0441\u0442\u0443\u0442. \u0423\u0447\u0430\u0441\u0442\u043a\u0438 \u0441 \u0440\u0430\u0437\u0440\u0435\u0448\u0435\u043d\u0438\u0435\u043c \u043d\u0430 \u0441\u0442\u0440\u043e\u0438\u0442\u0435\u043b\u044c\u0441\u0442\u0432\u043e \u0438\u0434\u0435\u0430\u043b\u044c\u043d\u043e \u043f\u043e\u0434\u0445\u043e\u0434\u044f\u0442 \u0434\u043b\u044f \u0432\u043e\u0437\u0432\u0435\u0434\u0435\u043d\u0438\u044f \u0436\u0438\u043b\u044c\u044f, \u0432\u0438\u043b\u043b \u0438\u043b\u0438 \u043a\u043e\u043c\u043c\u0435\u0440\u0447\u0435\u0441\u043a\u0438\u0445 \u043e\u0431\u044a\u0435\u043a\u0442\u043e\u0432.<\/p>\n\n<h3 style=\"font-size: 18px;\">\u041f\u0440\u0435\u0438\u043c\u0443\u0449\u0435\u0441\u0442\u0432\u0430 \u0438\u043d\u0432\u0435\u0441\u0442\u0438\u0446\u0438\u0439 \u0432 \u0437\u0435\u043c\u043b\u044e \u0432 \u0418\u0441\u043a\u0435\u043b\u0435<\/h3>\n<p style=\"font-size: 16px;\">\u0418\u0441\u043a\u0435\u043b\u0435 \u0432\u044b\u0434\u0435\u043b\u044f\u0435\u0442\u0441\u044f \u043a\u0430\u043a \u0440\u0430\u0437\u0432\u0438\u0432\u0430\u044e\u0449\u0438\u0439\u0441\u044f \u0440\u0435\u0433\u0438\u043e\u043d \u0441 \u043d\u043e\u0432\u044b\u043c\u0438 \u043f\u0440\u043e\u0435\u043a\u0442\u0430\u043c\u0438 \u0438 \u0438\u043d\u0444\u0440\u0430\u0441\u0442\u0440\u0443\u043a\u0442\u0443\u0440\u043d\u044b\u043c\u0438 \u0438\u043d\u0432\u0435\u0441\u0442\u0438\u0446\u0438\u044f\u043c\u0438. \u0417\u0435\u043c\u043b\u0438, \u043a\u0443\u043f\u043b\u0435\u043d\u043d\u044b\u0435 \u043d\u0430 \u0440\u0430\u043d\u043d\u0435\u043c \u044d\u0442\u0430\u043f\u0435, \u0438\u043c\u0435\u044e\u0442 \u0432\u044b\u0441\u043e\u043a\u0438\u0439 \u043f\u043e\u0442\u0435\u043d\u0446\u0438\u0430\u043b \u043f\u0440\u0438\u0440\u043e\u0441\u0442\u0430 \u0441\u0442\u043e\u0438\u043c\u043e\u0441\u0442\u0438 \u043f\u043e \u043c\u0435\u0440\u0435 \u0437\u0430\u0441\u0442\u0440\u043e\u0439\u043a\u0438 \u0440\u0430\u0439\u043e\u043d\u0430. \u041a\u0440\u043e\u043c\u0435 \u0442\u043e\u0433\u043e, \u0438\u043d\u0432\u0435\u0441\u0442\u0438\u0446\u0438\u0438 \u0432 \u0437\u0435\u043c\u043b\u044e \u0445\u0430\u0440\u0430\u043a\u0442\u0435\u0440\u0438\u0437\u0443\u044e\u0442\u0441\u044f \u043d\u0438\u0437\u043a\u0438\u043c\u0438 \u0440\u0430\u0441\u0445\u043e\u0434\u0430\u043c\u0438 \u043d\u0430 \u043e\u0431\u0441\u043b\u0443\u0436\u0438\u0432\u0430\u043d\u0438\u0435 \u0438 \u0433\u0438\u0431\u043a\u043e\u0441\u0442\u044c\u044e \u0438\u0441\u043f\u043e\u043b\u044c\u0437\u043e\u0432\u0430\u043d\u0438\u044f, \u0447\u0442\u043e \u0432\u044b\u0433\u043e\u0434\u043d\u043e \u0434\u043b\u044f \u0438\u043d\u0432\u0435\u0441\u0442\u043e\u0440\u043e\u0432.<\/p>\n\n<h3 style=\"font-size: 18px;\">\u041a\u043e\u043c\u0443 \u044d\u0442\u043e \u043f\u043e\u0434\u0445\u043e\u0434\u0438\u0442?<\/h3>\n<p style=\"font-size: 16px;\">\u041e\u0431\u044a\u044f\u0432\u043b\u0435\u043d\u0438\u044f \u043e \u043f\u0440\u043e\u0434\u0430\u0436\u0435 \u0437\u0435\u043c\u043b\u0438 \u0432 \u0418\u0441\u043a\u0435\u043b\u0435 \u043f\u0440\u0435\u0434\u0441\u0442\u0430\u0432\u043b\u044f\u044e\u0442 \u0438\u043d\u0442\u0435\u0440\u0435\u0441 \u0434\u043b\u044f \u0442\u0435\u0445, \u043a\u0442\u043e \u0445\u043e\u0447\u0435\u0442 \u043f\u043e\u0441\u0442\u0440\u043e\u0438\u0442\u044c \u0441\u043e\u0431\u0441\u0442\u0432\u0435\u043d\u043d\u044b\u0439 \u0434\u043e\u043c, \u0434\u0435\u0432\u0435\u043b\u043e\u043f\u0435\u0440\u043e\u0432 \u0438 \u0438\u043d\u0432\u0435\u0441\u0442\u043e\u0440\u043e\u0432, \u043d\u0430\u0446\u0435\u043b\u0435\u043d\u043d\u044b\u0445 \u043d\u0430 \u0440\u043e\u0441\u0442 \u0441\u0442\u043e\u0438\u043c\u043e\u0441\u0442\u0438. \u0420\u0430\u043d\u043d\u044f\u044f \u0438\u043d\u0432\u0435\u0441\u0442\u0438\u0446\u0438\u044f \u0432 \u0440\u0430\u0437\u0432\u0438\u0432\u0430\u044e\u0449\u0438\u0435\u0441\u044f \u0440\u0430\u0439\u043e\u043d\u044b \u043c\u043e\u0436\u0435\u0442 \u043f\u0440\u0438\u043d\u0435\u0441\u0442\u0438 \u0431\u044b\u0441\u0442\u0440\u0443\u044e \u043f\u0440\u0438\u0431\u044b\u043b\u044c.<\/p>","protected":false},"excerpt":{"rendered":"<p>\ud83c\udf3f \u0130skele Sat\u0131l\u0131k Arsa \u0130lanlar\u0131 \u0130skele\u2019de sat\u0131l\u0131k arsalar, Kuzey K\u0131br\u0131s\u2019ta uzun vadeli yat\u0131r\u0131m d\u00fc\u015f\u00fcnenler i\u00e7in cazip f\u0131rsatlar sunar. Geni\u015f sahil \u015feridi, turizm potansiyeli ve konut ihtiyac\u0131 sayesinde b\u00f6lgedeki arsa fiyatlar\u0131 her ge\u00e7en g\u00fcn de\u011fer kazanmaktad\u0131r. \u0130marl\u0131 ve projeye uygun arsalar; konut, villa ya da ticari yap\u0131 in\u015fa etmek isteyenler i\u00e7in idealdir. \u0130skele\u2019de Arsa Yat\u0131r\u0131m\u0131 Yapman\u0131n [&hellip;]<\/p>","protected":false},"author":1,"featured_media":0,"parent":0,"menu_order":0,"comment_status":"closed","ping_status":"closed","template":"template\/template-listing-grid-v5-fullwidth-3cols.php","meta":{"footnotes":""},"class_list":["post-149468","page","type-page","status-publish","hentry"],"_links":{"self":[{"href":"https:\/\/turkkocan.com\/ru\/wp-json\/wp\/v2\/pages\/149468","targetHints":{"allow":["GET"]}}],"collection":[{"href":"https:\/\/turkkocan.com\/ru\/wp-json\/wp\/v2\/pages"}],"about":[{"href":"https:\/\/turkkocan.com\/ru\/wp-json\/wp\/v2\/types\/page"}],"author":[{"embeddable":true,"href":"https:\/\/turkkocan.com\/ru\/wp-json\/wp\/v2\/users\/1"}],"replies":[{"embeddable":true,"href":"https:\/\/turkkocan.com\/ru\/wp-json\/wp\/v2\/comments?post=149468"}],"version-history":[{"count":0,"href":"https:\/\/turkkocan.com\/ru\/wp-json\/wp\/v2\/pages\/149468\/revisions"}],"wp:attachment":[{"href":"https:\/\/turkkocan.com\/ru\/wp-json\/wp\/v2\/media?parent=149468"}],"curies":[{"name":"wp","href":"https:\/\/api.w.org\/{rel}","templated":true}]}}