{"id":149093,"date":"2025-06-13T04:08:37","date_gmt":"2025-06-13T04:08:37","guid":{"rendered":"https:\/\/turkkocan.com\/?page_id=149093"},"modified":"2025-06-17T08:13:12","modified_gmt":"2025-06-17T08:13:12","slug":"villa-na-prodazhu-v-iskele","status":"publish","type":"page","link":"https:\/\/turkkocan.com\/ru\/villa-na-prodazhu-v-iskele\/","title":{"rendered":"\u0412\u0438\u043b\u043b\u044b \u043d\u0430 \u043f\u0440\u043e\u0434\u0430\u0436\u0443 \u0432 \u0418\u0441\u043a\u0435\u043b\u0435"},"content":{"rendered":"<h2 style=\"font-size: 20px;\">\ud83c\udfe1 \u0412\u0438\u043b\u043b\u044b \u043d\u0430 \u043f\u0440\u043e\u0434\u0430\u0436\u0443 \u0432 \u0418\u0441\u043a\u0435\u043b\u0435<\/h2>\n<p style=\"font-size: 16px;\">\u0418\u0441\u043a\u0435\u043b\u0435 \u2014 \u043e\u0434\u0438\u043d \u0438\u0437 \u0441\u0430\u043c\u044b\u0445 \u043f\u043e\u043f\u0443\u043b\u044f\u0440\u043d\u044b\u0445 \u0440\u0435\u0433\u0438\u043e\u043d\u043e\u0432 \u0421\u0435\u0432\u0435\u0440\u043d\u043e\u0433\u043e \u041a\u0438\u043f\u0440\u0430, \u0433\u0434\u0435 \u043f\u0440\u0438\u0431\u0440\u0435\u0436\u043d\u0430\u044f \u0436\u0438\u0437\u043d\u044c \u0441\u043e\u0447\u0435\u0442\u0430\u0435\u0442\u0441\u044f \u0441 \u0440\u043e\u0441\u043a\u043e\u0448\u044c\u044e. \u0412\u0438\u043b\u043b\u044b \u043d\u0430 \u043f\u0440\u043e\u0434\u0430\u0436\u0443 \u0440\u0430\u0441\u043f\u043e\u043b\u043e\u0436\u0435\u043d\u044b \u043d\u0435\u0434\u0430\u043b\u0435\u043a\u043e \u043e\u0442 \u043c\u043e\u0440\u044f, \u043e\u0441\u043d\u0430\u0449\u0435\u043d\u044b \u0447\u0430\u0441\u0442\u043d\u044b\u043c\u0438 \u0431\u0430\u0441\u0441\u0435\u0439\u043d\u0430\u043c\u0438, \u043e\u0442\u0434\u0435\u043b\u044c\u043d\u044b\u043c\u0438 \u0441\u0430\u0434\u0430\u043c\u0438 \u0438 \u0441\u043e\u0432\u0440\u0435\u043c\u0435\u043d\u043d\u043e\u0439 \u0430\u0440\u0445\u0438\u0442\u0435\u043a\u0442\u0443\u0440\u043e\u0439. \u042d\u0442\u043e \u0438\u0434\u0435\u0430\u043b\u044c\u043d\u044b\u0439 \u0432\u0430\u0440\u0438\u0430\u043d\u0442 \u043a\u0430\u043a \u0434\u043b\u044f \u043e\u0442\u0434\u044b\u0445\u0430, \u0442\u0430\u043a \u0438 \u0434\u043b\u044f \u043f\u043e\u0441\u0442\u043e\u044f\u043d\u043d\u043e\u0433\u043e \u043f\u0440\u043e\u0436\u0438\u0432\u0430\u043d\u0438\u044f.<\/p>\n\n<h3 style=\"font-size: 18px;\">\u041f\u0440\u0435\u0438\u043c\u0443\u0449\u0435\u0441\u0442\u0432\u0430 \u043f\u043e\u043a\u0443\u043f\u043a\u0438 \u0432\u0438\u043b\u043b\u044b \u0432 \u0418\u0441\u043a\u0435\u043b\u0435<\/h3>\n<p style=\"font-size: 16px;\">\u0412\u0438\u043b\u043b\u044b \u0432\u044b\u0431\u0438\u0440\u0430\u044e\u0442 \u0437\u0430 \u0443\u0435\u0434\u0438\u043d\u0451\u043d\u043d\u043e\u0441\u0442\u044c, \u043f\u0440\u043e\u0441\u0442\u043e\u0440\u043d\u044b\u0435 \u0432\u043d\u0443\u0442\u0440\u0435\u043d\u043d\u0438\u0435 \u0438 \u0432\u043d\u0435\u0448\u043d\u0438\u0435 \u0437\u043e\u043d\u044b, \u043a\u0430\u0447\u0435\u0441\u0442\u0432\u0435\u043d\u043d\u044b\u0435 \u0441\u0442\u0440\u043e\u0438\u0442\u0435\u043b\u044c\u043d\u044b\u0435 \u043c\u0430\u0442\u0435\u0440\u0438\u0430\u043b\u044b \u0438 \u043f\u0440\u0435\u0441\u0442\u0438\u0436\u043d\u044b\u0439 \u043e\u0431\u0440\u0430\u0437 \u0436\u0438\u0437\u043d\u0438. \u0412\u0438\u043b\u043b\u044b \u0432 \u0418\u0441\u043a\u0435\u043b\u0435 \u043e\u0431\u0435\u0441\u043f\u0435\u0447\u0438\u0432\u0430\u044e\u0442 \u0432\u044b\u0441\u043e\u043a\u0443\u044e \u0434\u043e\u0445\u043e\u0434\u043d\u043e\u0441\u0442\u044c \u043e\u0442 \u0430\u0440\u0435\u043d\u0434\u044b \u0438 \u0440\u043e\u0441\u0442 \u0441\u0442\u043e\u0438\u043c\u043e\u0441\u0442\u0438 \u0431\u043b\u0430\u0433\u043e\u0434\u0430\u0440\u044f \u0441\u043e\u0432\u0440\u0435\u043c\u0435\u043d\u043d\u043e\u043c\u0443 \u043a\u0430\u0447\u0435\u0441\u0442\u0432\u0443 \u0441\u0442\u0440\u043e\u0438\u0442\u0435\u043b\u044c\u0441\u0442\u0432\u0430 \u0438 \u0432\u044b\u0433\u043e\u0434\u043d\u043e\u043c\u0443 \u0440\u0430\u0441\u043f\u043e\u043b\u043e\u0436\u0435\u043d\u0438\u044e.<\/p>\n\n<h3 style=\"font-size: 18px;\">\u041a\u043e\u043c\u0443 \u043f\u043e\u0434\u0445\u043e\u0434\u0438\u0442 \u0442\u0430\u043a\u043e\u0439 \u0432\u0438\u0434 \u0438\u043d\u0432\u0435\u0441\u0442\u0438\u0446\u0438\u0439?<\/h3>\n<p style=\"font-size: 16px;\">\u041f\u043e\u043a\u0443\u043f\u043a\u0430 \u0432\u0438\u043b\u043b\u044b \u0432 \u0418\u0441\u043a\u0435\u043b\u0435 \u043e\u0431\u0435\u0441\u043f\u0435\u0447\u0438\u0432\u0430\u0435\u0442 \u0441\u0442\u0430\u0431\u0438\u043b\u044c\u043d\u044b\u0439 \u0434\u043e\u043b\u0433\u043e\u0441\u0440\u043e\u0447\u043d\u044b\u0439 \u0434\u043e\u0445\u043e\u0434 \u0434\u043b\u044f \u0441\u0435\u043c\u0435\u0439, \u043f\u0435\u043d\u0441\u0438\u043e\u043d\u0435\u0440\u043e\u0432, \u0438\u0449\u0443\u0449\u0438\u0445 \u0434\u0430\u0447\u0443, \u0438\u043b\u0438 \u0438\u043d\u0432\u0435\u0441\u0442\u043e\u0440\u043e\u0432, \u043e\u0440\u0438\u0435\u043d\u0442\u0438\u0440\u043e\u0432\u0430\u043d\u043d\u044b\u0445 \u043d\u0430 \u0434\u043e\u0445\u043e\u0434 \u0432 \u0438\u043d\u043e\u0441\u0442\u0440\u0430\u043d\u043d\u043e\u0439 \u0432\u0430\u043b\u044e\u0442\u0435. \u0410\u043a\u0442\u0438\u0432\u043d\u044b\u0439 \u0442\u0443\u0440\u0438\u0441\u0442\u0438\u0447\u0435\u0441\u043a\u0438\u0439 \u043f\u043e\u0442\u043e\u043a \u0432 \u0440\u0435\u0433\u0438\u043e\u043d\u0435 \u043f\u043e\u0434\u0434\u0435\u0440\u0436\u0438\u0432\u0430\u0435\u0442 \u0432\u044b\u0441\u043e\u043a\u0438\u0439 \u0441\u043f\u0440\u043e\u0441 \u043d\u0430 \u0430\u0440\u0435\u043d\u0434\u0443.<\/p>","protected":false},"excerpt":{"rendered":"<p>\ud83c\udfe1 \u0130skele Sat\u0131l\u0131k Villa \u0130lanlar\u0131 \u0130skele, Kuzey K\u0131br\u0131s\u2019ta sahil ya\u015fam\u0131n\u0131 l\u00fcksle bulu\u015fturan en pop\u00fcler b\u00f6lgelerden biridir. Sat\u0131l\u0131k villalar; denize y\u00fcr\u00fcme mesafesinde, \u00f6zel havuzlu, m\u00fcstakil bah\u00e7eli ve modern mimarili yap\u0131lar olarak \u00f6ne \u00e7\u0131kar. Hem tatil hem s\u00fcrekli ya\u015fam i\u00e7in ideal bir konut tipi sunar. \u0130skele\u2019de Villa Alman\u0131n Avantajlar\u0131 Villalar, mahremiyet, geni\u015f i\u00e7 ve d\u0131\u015f ya\u015fam alan\u0131, [&hellip;]<\/p>","protected":false},"author":1,"featured_media":0,"parent":0,"menu_order":0,"comment_status":"closed","ping_status":"closed","template":"template\/template-listing-grid-v5-fullwidth-3cols.php","meta":{"footnotes":""},"class_list":["post-149093","page","type-page","status-publish","hentry"],"_links":{"self":[{"href":"https:\/\/turkkocan.com\/ru\/wp-json\/wp\/v2\/pages\/149093","targetHints":{"allow":["GET"]}}],"collection":[{"href":"https:\/\/turkkocan.com\/ru\/wp-json\/wp\/v2\/pages"}],"about":[{"href":"https:\/\/turkkocan.com\/ru\/wp-json\/wp\/v2\/types\/page"}],"author":[{"embeddable":true,"href":"https:\/\/turkkocan.com\/ru\/wp-json\/wp\/v2\/users\/1"}],"replies":[{"embeddable":true,"href":"https:\/\/turkkocan.com\/ru\/wp-json\/wp\/v2\/comments?post=149093"}],"version-history":[{"count":0,"href":"https:\/\/turkkocan.com\/ru\/wp-json\/wp\/v2\/pages\/149093\/revisions"}],"wp:attachment":[{"href":"https:\/\/turkkocan.com\/ru\/wp-json\/wp\/v2\/media?parent=149093"}],"curies":[{"name":"wp","href":"https:\/\/api.w.org\/{rel}","templated":true}]}}