{"id":148999,"date":"2025-06-13T04:07:19","date_gmt":"2025-06-13T04:07:19","guid":{"rendered":"https:\/\/turkkocan.com\/?page_id=148999"},"modified":"2025-06-17T08:20:06","modified_gmt":"2025-06-17T08:20:06","slug":"kroshchnyy-domik-na-prodazhu-v-iskele","status":"publish","type":"page","link":"https:\/\/turkkocan.com\/ru\/kroshchnyy-domik-na-prodazhu-v-iskele\/","title":{"rendered":"\u0422\u0430\u0439\u043d\u0438-\u0434\u043e\u043c\u0430 \u043d\u0430 \u043f\u0440\u043e\u0434\u0430\u0436\u0443 \u0432 \u0418\u0441\u043a\u0435\u043b\u0435"},"content":{"rendered":"<h2 style=\"font-size: 20px;\">\u0422\u0430\u0439\u043d\u0438-\u0445\u0430\u0443\u0441\u044b \u043d\u0430 \u043f\u0440\u043e\u0434\u0430\u0436\u0443 \u0432 \u0418\u0441\u043a\u0435\u043b\u0435 \u2013 \u041f\u0440\u043e\u0441\u043c\u043e\u0442\u0440\u0435\u0442\u044c \u0432\u0441\u0435 \u043e\u0431\u044a\u044f\u0432\u043b\u0435\u043d\u0438\u044f<\/h2>\n<p style=\"font-size: 16px;\">\u0412\u0430\u0440\u0438\u0430\u043d\u0442\u044b \u0442\u0430\u0439\u043d\u0438-\u0445\u0430\u0443\u0441\u043e\u0432 \u043d\u0430 \u043f\u0440\u043e\u0434\u0430\u0436\u0443 \u0432 \u0418\u0441\u043a\u0435\u043b\u0435 \u0441\u0442\u0430\u043b\u0438 \u043f\u043e\u043f\u0443\u043b\u044f\u0440\u043d\u044b \u0441\u0440\u0435\u0434\u0438 \u0442\u0435\u0445, \u043a\u0442\u043e \u043f\u0440\u0438\u0434\u0435\u0440\u0436\u0438\u0432\u0430\u0435\u0442\u0441\u044f \u043c\u0438\u043d\u0438\u043c\u0430\u043b\u0438\u0441\u0442\u0438\u0447\u043d\u043e\u0433\u043e \u043e\u0431\u0440\u0430\u0437\u0430 \u0436\u0438\u0437\u043d\u0438 \u0438 \u0441\u0442\u0440\u0435\u043c\u0438\u0442\u0441\u044f \u043a \u0433\u0430\u0440\u043c\u043e\u043d\u0438\u0438 \u0441 \u043f\u0440\u0438\u0440\u043e\u0434\u043e\u0439. \u042d\u0442\u0438 \u043a\u043e\u043c\u043f\u0430\u043a\u0442\u043d\u044b\u0435, \u043d\u043e \u0444\u0443\u043d\u043a\u0446\u0438\u043e\u043d\u0430\u043b\u044c\u043d\u044b\u0435 \u0434\u043e\u043c\u0430 \u0438\u0434\u0435\u0430\u043b\u044c\u043d\u043e \u043f\u043e\u0434\u0445\u043e\u0434\u044f\u0442 \u0434\u043b\u044f \u043b\u044e\u0434\u0435\u0439, \u0438\u0449\u0443\u0449\u0438\u0445 \u0443\u0441\u0442\u043e\u0439\u0447\u0438\u0432\u043e\u0441\u0442\u044c, \u043f\u0440\u043e\u0441\u0442\u043e\u0442\u0443 \u0438 \u0434\u043e\u0441\u0442\u0443\u043f\u043d\u043e\u0441\u0442\u044c.<\/p>\n\n<h3 style=\"font-size: 18px;\">\u041f\u043e\u0447\u0435\u043c\u0443 \u0432\u044b\u0431\u0438\u0440\u0430\u044e\u0442 \u0442\u0430\u0439\u043d\u0438-\u0445\u0430\u0443\u0441\u044b?<\/h3>\n<p style=\"font-size: 16px;\">\u0422\u0430\u0439\u043d\u0438-\u0445\u0430\u0443\u0441\u044b \u0432\u044b\u0434\u0435\u043b\u044f\u044e\u0442\u0441\u044f \u043d\u0438\u0437\u043a\u0438\u043c\u0438 \u0440\u0430\u0441\u0445\u043e\u0434\u0430\u043c\u0438 \u043d\u0430 \u043f\u0440\u043e\u0436\u0438\u0432\u0430\u043d\u0438\u0435, \u043c\u043e\u0431\u0438\u043b\u044c\u043d\u043e\u0441\u0442\u044c\u044e \u0438 \u0433\u0430\u0440\u043c\u043e\u043d\u0438\u0435\u0439 \u0441 \u043f\u0440\u0438\u0440\u043e\u0434\u043e\u0439. \u0418\u0445 \u0432\u044b\u0431\u0438\u0440\u0430\u044e\u0442 \u0434\u043b\u044f \u043e\u0442\u0434\u044b\u0445\u0430, \u043a\u0440\u0430\u0442\u043a\u043e\u0441\u0440\u043e\u0447\u043d\u043e\u0439 \u0430\u0440\u0435\u043d\u0434\u044b \u0438\u043b\u0438 \u0432\u0435\u0434\u0435\u043d\u0438\u044f \u0430\u043b\u044c\u0442\u0435\u0440\u043d\u0430\u0442\u0438\u0432\u043d\u043e\u0433\u043e \u043e\u0431\u0440\u0430\u0437\u0430 \u0436\u0438\u0437\u043d\u0438. \u041a\u043e\u0440\u043e\u0442\u043a\u0438\u0439 \u0438 \u043d\u0435\u0434\u043e\u0440\u043e\u0433\u043e\u0439 \u043f\u0440\u043e\u0446\u0435\u0441\u0441 \u0441\u0442\u0440\u043e\u0438\u0442\u0435\u043b\u044c\u0441\u0442\u0432\u0430 \u2014 \u0435\u0449\u0451 \u043e\u0434\u043d\u043e \u0432\u0430\u0436\u043d\u043e\u0435 \u043f\u0440\u0435\u0438\u043c\u0443\u0449\u0435\u0441\u0442\u0432\u043e.<\/p>\n\n<h3 style=\"font-size: 18px;\">\u0418\u043d\u0432\u0435\u0441\u0442\u0438\u0446\u0438\u0438 \u0432 \u0442\u0430\u0439\u043d\u0438-\u0445\u0430\u0443\u0441\u044b \u0432 \u0418\u0441\u043a\u0435\u043b\u0435<\/h3>\n<p style=\"font-size: 16px;\">\u0411\u043b\u0438\u0437\u043e\u0441\u0442\u044c \u0418\u0441\u043a\u0435\u043b\u0435 \u043a \u043c\u043e\u0440\u044e \u0438 \u0435\u0433\u043e \u043f\u0440\u0438\u0440\u043e\u0434\u043d\u0430\u044f \u0441\u0440\u0435\u0434\u0430 \u0434\u0435\u043b\u0430\u044e\u0442 \u0440\u0435\u0433\u0438\u043e\u043d \u0438\u0434\u0435\u0430\u043b\u044c\u043d\u044b\u043c \u0434\u043b\u044f \u043f\u0440\u043e\u0435\u043a\u0442\u043e\u0432 \u0442\u0430\u0439\u043d\u0438-\u0445\u0430\u0443\u0441\u043e\u0432. \u041f\u043e\u0441\u0442\u0440\u043e\u0435\u043d\u043d\u044b\u0435 \u043d\u0430 \u0434\u043e\u0441\u0442\u0443\u043f\u043d\u044b\u0445 \u0443\u0447\u0430\u0441\u0442\u043a\u0430\u0445, \u0442\u0430\u043a\u0438\u0435 \u0434\u043e\u043c\u0430 \u043c\u043e\u0433\u0443\u0442 \u043f\u0440\u0438\u043d\u043e\u0441\u0438\u0442\u044c \u0441\u0442\u0430\u0431\u0438\u043b\u044c\u043d\u044b\u0439 \u0434\u043e\u0445\u043e\u0434 \u0438\u043d\u0432\u0435\u0441\u0442\u043e\u0440\u0430\u043c \u0437\u0430 \u0441\u0447\u0451\u0442 \u043a\u0440\u0430\u0442\u043a\u043e\u0441\u0440\u043e\u0447\u043d\u043e\u0439 \u0430\u0440\u0435\u043d\u0434\u044b. \u0421 \u0440\u043e\u0441\u0442\u043e\u043c \u043f\u043e\u043f\u0443\u043b\u044f\u0440\u043d\u043e\u0441\u0442\u0438 \u043c\u0438\u043d\u0438\u043c\u0430\u043b\u0438\u0441\u0442\u0438\u0447\u043d\u043e\u0433\u043e \u043e\u0431\u0440\u0430\u0437\u0430 \u0436\u0438\u0437\u043d\u0438 \u0438\u043d\u0442\u0435\u0440\u0435\u0441 \u043a \u0438\u043d\u0432\u0435\u0441\u0442\u0438\u0446\u0438\u044f\u043c \u0432 \u0442\u0430\u0439\u043d\u0438-\u0445\u0430\u0443\u0441\u044b \u043f\u043e\u0441\u0442\u043e\u044f\u043d\u043d\u043e \u0443\u0432\u0435\u043b\u0438\u0447\u0438\u0432\u0430\u0435\u0442\u0441\u044f.<\/p>","protected":false},"excerpt":{"rendered":"<p>\ud83c\udfe1 \u0130skele Sat\u0131l\u0131k Tiny House \u0130lanlar\u0131 \u0130skele\u2019de sat\u0131l\u0131k tiny house se\u00e7enekleri, minimal ya\u015fam anlay\u0131\u015f\u0131n\u0131 benimseyenler ve do\u011fayla uyumlu bir ya\u015fam alan\u0131 arayanlar i\u00e7in pop\u00fcler h\u00e2le gelmi\u015ftir. Az yer kaplayan ama i\u015flevsel alan sunan bu yap\u0131lar; s\u00fcrd\u00fcr\u00fclebilirlik, sade ya\u015fam ve uygun maliyet arayan bireyler i\u00e7in idealdir. Tiny House Neden Tercih Edilir? Tiny house evler, d\u00fc\u015f\u00fck ya\u015fam [&hellip;]<\/p>","protected":false},"author":1,"featured_media":0,"parent":0,"menu_order":0,"comment_status":"closed","ping_status":"closed","template":"template\/template-listing-grid-v5-fullwidth-3cols.php","meta":{"footnotes":""},"class_list":["post-148999","page","type-page","status-publish","hentry"],"_links":{"self":[{"href":"https:\/\/turkkocan.com\/ru\/wp-json\/wp\/v2\/pages\/148999","targetHints":{"allow":["GET"]}}],"collection":[{"href":"https:\/\/turkkocan.com\/ru\/wp-json\/wp\/v2\/pages"}],"about":[{"href":"https:\/\/turkkocan.com\/ru\/wp-json\/wp\/v2\/types\/page"}],"author":[{"embeddable":true,"href":"https:\/\/turkkocan.com\/ru\/wp-json\/wp\/v2\/users\/1"}],"replies":[{"embeddable":true,"href":"https:\/\/turkkocan.com\/ru\/wp-json\/wp\/v2\/comments?post=148999"}],"version-history":[{"count":0,"href":"https:\/\/turkkocan.com\/ru\/wp-json\/wp\/v2\/pages\/148999\/revisions"}],"wp:attachment":[{"href":"https:\/\/turkkocan.com\/ru\/wp-json\/wp\/v2\/media?parent=148999"}],"curies":[{"name":"wp","href":"https:\/\/api.w.org\/{rel}","templated":true}]}}