{"id":147853,"date":"2025-06-13T03:53:18","date_gmt":"2025-06-13T03:53:18","guid":{"rendered":"https:\/\/turkkocan.com\/?page_id=147853"},"modified":"2025-06-17T08:11:23","modified_gmt":"2025-06-17T08:11:23","slug":"kvartira-na-prodazhu-v-iskele","status":"publish","type":"page","link":"https:\/\/turkkocan.com\/ru\/kvartira-na-prodazhu-v-iskele\/","title":{"rendered":"\u041a\u0432\u0430\u0440\u0442\u0438\u0440\u044b \u043d\u0430 \u043f\u0440\u043e\u0434\u0430\u0436\u0443 \u0432 \u0418\u0441\u043a\u0435\u043b\u0435"},"content":{"rendered":"<h2 style=\"font-size: 20px;\">\ud83c\udfe2 \u041a\u0432\u0430\u0440\u0442\u0438\u0440\u044b \u043d\u0430 \u043f\u0440\u043e\u0434\u0430\u0436\u0443 \u0432 \u0418\u0441\u043a\u0435\u043b\u0435<\/h2>\n<p style=\"font-size: 16px;\">\u0418\u0441\u043a\u0435\u043b\u0435 \u2014 \u043e\u0434\u0438\u043d \u0438\u0437 \u0441\u0430\u043c\u044b\u0445 \u0431\u044b\u0441\u0442\u0440\u043e \u0440\u0430\u0437\u0432\u0438\u0432\u0430\u044e\u0449\u0438\u0445\u0441\u044f \u0440\u0435\u0433\u0438\u043e\u043d\u043e\u0432 \u0421\u0435\u0432\u0435\u0440\u043d\u043e\u0433\u043e \u041a\u0438\u043f\u0440\u0430, \u043f\u0440\u0435\u0434\u043b\u0430\u0433\u0430\u044e\u0449\u0438\u0439 \u0448\u0438\u0440\u043e\u043a\u0438\u0439 \u0432\u044b\u0431\u043e\u0440 \u043a\u0432\u0430\u0440\u0442\u0438\u0440 \u043d\u0430 \u043f\u0440\u043e\u0434\u0430\u0436\u0443. \u041a\u0432\u0430\u0440\u0442\u0438\u0440\u044b \u0441 \u0432\u0438\u0434\u043e\u043c \u043d\u0430 \u043c\u043e\u0440\u0435, \u0432 \u043f\u0435\u0448\u0435\u0439 \u0434\u043e\u0441\u0442\u0443\u043f\u043d\u043e\u0441\u0442\u0438 \u043e\u0442 \u043f\u043b\u044f\u0436\u0430, \u0432 \u0436\u0438\u043b\u044b\u0445 \u043a\u043e\u043c\u043f\u043b\u0435\u043a\u0441\u0430\u0445 \u0438\u043b\u0438 \u0440\u044f\u0434\u043e\u043c \u0441 \u0446\u0435\u043d\u0442\u0440\u043e\u043c \u0433\u043e\u0440\u043e\u0434\u0430 \u2014 \u0432\u0441\u0451 \u044d\u0442\u043e \u043e\u0442\u043b\u0438\u0447\u043d\u044b\u0435 \u0432\u0430\u0440\u0438\u0430\u043d\u0442\u044b \u043a\u0430\u043a \u0434\u043b\u044f \u043f\u0440\u043e\u0436\u0438\u0432\u0430\u043d\u0438\u044f, \u0442\u0430\u043a \u0438 \u0434\u043b\u044f \u0438\u043d\u0432\u0435\u0441\u0442\u0438\u0446\u0438\u0439.<\/p>\n\n<h3 style=\"font-size: 18px;\">\u041f\u0440\u0435\u0438\u043c\u0443\u0449\u0435\u0441\u0442\u0432\u0430 \u043f\u043e\u043a\u0443\u043f\u043a\u0438 \u043a\u0432\u0430\u0440\u0442\u0438\u0440\u044b \u0432 \u0418\u0441\u043a\u0435\u043b\u0435<\/h3>\n<p style=\"font-size: 16px;\">\u0416\u0438\u043b\u044b\u0435 \u043f\u0440\u043e\u0435\u043a\u0442\u044b \u0432 \u0440\u0435\u0433\u0438\u043e\u043d\u0435 \u0432\u044b\u0434\u0435\u043b\u044f\u044e\u0442\u0441\u044f \u0441\u043e\u0432\u0440\u0435\u043c\u0435\u043d\u043d\u043e\u0439 \u0430\u0440\u0445\u0438\u0442\u0435\u043a\u0442\u0443\u0440\u043e\u0439, \u0441\u043e\u0446\u0438\u0430\u043b\u044c\u043d\u043e\u0439 \u0438\u043d\u0444\u0440\u0430\u0441\u0442\u0440\u0443\u043a\u0442\u0443\u0440\u043e\u0439 \u0438 \u0443\u0434\u043e\u0431\u043d\u044b\u043c \u0442\u0440\u0430\u043d\u0441\u043f\u043e\u0440\u0442\u043d\u044b\u043c \u0441\u043e\u043e\u0431\u0449\u0435\u043d\u0438\u0435\u043c. \u0418\u0441\u043a\u0435\u043b\u0435 \u043e\u0441\u043e\u0431\u0435\u043d\u043d\u043e \u043f\u043e\u043f\u0443\u043b\u044f\u0440\u0435\u043d \u0441\u0440\u0435\u0434\u0438 \u0438\u043d\u043e\u0441\u0442\u0440\u0430\u043d\u043d\u044b\u0445 \u0438\u043d\u0432\u0435\u0441\u0442\u043e\u0440\u043e\u0432 \u0438 \u043e\u0441\u0442\u0430\u0451\u0442\u0441\u044f \u043e\u0434\u043d\u0438\u043c \u0438\u0437 \u043d\u0435\u043c\u043d\u043e\u0433\u0438\u0445 \u043f\u0440\u0438\u0431\u0440\u0435\u0436\u043d\u044b\u0445 \u0440\u0430\u0439\u043e\u043d\u043e\u0432 \u0441 \u0434\u043e\u0441\u0442\u0443\u043f\u043d\u044b\u043c\u0438 \u0446\u0435\u043d\u0430\u043c\u0438 \u043d\u0430 \u043a\u0432\u0430\u0440\u0442\u0438\u0440\u044b. \u0412\u044b\u0441\u043e\u043a\u0438\u0439 \u0430\u0440\u0435\u043d\u0434\u043d\u044b\u0439 \u043f\u043e\u0442\u0435\u043d\u0446\u0438\u0430\u043b \u0438 \u0434\u043e\u0445\u043e\u0434 \u0432 \u0438\u043d\u043e\u0441\u0442\u0440\u0430\u043d\u043d\u043e\u0439 \u0432\u0430\u043b\u044e\u0442\u0435 \u0434\u0435\u043b\u0430\u044e\u0442 \u0435\u0433\u043e \u0432\u044b\u0433\u043e\u0434\u043d\u044b\u043c \u043d\u0430\u043f\u0440\u0430\u0432\u043b\u0435\u043d\u0438\u0435\u043c.<\/p>\n\n<h3 style=\"font-size: 18px;\">\u041a\u043e\u043c\u0443 \u043f\u043e\u0434\u043e\u0439\u0434\u0451\u0442 \u044d\u0442\u043e\u0442 \u0432\u0430\u0440\u0438\u0430\u043d\u0442?<\/h3>\n<p style=\"font-size: 16px;\">\u0420\u044b\u043d\u043e\u043a \u043a\u0432\u0430\u0440\u0442\u0438\u0440 \u0432 \u0418\u0441\u043a\u0435\u043b\u0435 \u043e\u0441\u043e\u0431\u0435\u043d\u043d\u043e \u043f\u0440\u0438\u0432\u043b\u0435\u043a\u0430\u0442\u0435\u043b\u0435\u043d \u0434\u043b\u044f \u0438\u043d\u0432\u0435\u0441\u0442\u043e\u0440\u043e\u0432, \u0438\u0449\u0443\u0449\u0438\u0445 \u043b\u0435\u0442\u043d\u044e\u044e \u043d\u0435\u0434\u0432\u0438\u0436\u0438\u043c\u043e\u0441\u0442\u044c, \u0436\u0435\u043b\u0430\u044e\u0449\u0438\u0445 \u0441\u0434\u0430\u0432\u0430\u0442\u044c \u0436\u0438\u043b\u044c\u0451 \u043d\u0430 \u043a\u043e\u0440\u043e\u0442\u043a\u0438\u0439 \u0441\u0440\u043e\u043a \u0438 \u043b\u044e\u0431\u0438\u0442\u0435\u043b\u0435\u0439 \u0436\u0438\u0437\u043d\u0438 \u0443 \u043c\u043e\u0440\u044f. \u0411\u043b\u0430\u0433\u043e\u0434\u0430\u0440\u044f \u043d\u043e\u0432\u044b\u043c \u0436\u0438\u043b\u044b\u043c \u043f\u0440\u043e\u0435\u043a\u0442\u0430\u043c, \u0441\u0442\u043e\u0438\u043c\u043e\u0441\u0442\u044c \u043d\u0435\u0434\u0432\u0438\u0436\u0438\u043c\u043e\u0441\u0442\u0438 \u0432 \u0440\u0435\u0433\u0438\u043e\u043d\u0435 \u0435\u0436\u0435\u0433\u043e\u0434\u043d\u043e \u0440\u0430\u0441\u0442\u0451\u0442.<\/p>","protected":false},"excerpt":{"rendered":"<p>\ud83c\udfe2 \u0130skele Sat\u0131l\u0131k Daire \u0130lanlar\u0131 \u0130skele, Kuzey K\u0131br\u0131s\u2019\u0131n en h\u0131zl\u0131 geli\u015fen b\u00f6lgelerinden biri olarak sat\u0131l\u0131k daire arayanlar i\u00e7in bir\u00e7ok se\u00e7enek sunmaktad\u0131r. Deniz manzaral\u0131, plaja y\u00fcr\u00fcme mesafesinde, site i\u00e7inde ya da \u015fehir merkezine yak\u0131n daireler; hem ya\u015fam hem yat\u0131r\u0131m i\u00e7in ideal f\u0131rsatlar yarat\u0131r. \u0130skele\u2019de Sat\u0131l\u0131k Daire Alman\u0131n Avantajlar\u0131 B\u00f6lgedeki konut projeleri modern mimari, sosyal donat\u0131lar ve [&hellip;]<\/p>","protected":false},"author":1,"featured_media":0,"parent":0,"menu_order":0,"comment_status":"closed","ping_status":"closed","template":"template\/template-listing-grid-v5-fullwidth-3cols.php","meta":{"footnotes":""},"class_list":["post-147853","page","type-page","status-publish","hentry"],"_links":{"self":[{"href":"https:\/\/turkkocan.com\/ru\/wp-json\/wp\/v2\/pages\/147853","targetHints":{"allow":["GET"]}}],"collection":[{"href":"https:\/\/turkkocan.com\/ru\/wp-json\/wp\/v2\/pages"}],"about":[{"href":"https:\/\/turkkocan.com\/ru\/wp-json\/wp\/v2\/types\/page"}],"author":[{"embeddable":true,"href":"https:\/\/turkkocan.com\/ru\/wp-json\/wp\/v2\/users\/1"}],"replies":[{"embeddable":true,"href":"https:\/\/turkkocan.com\/ru\/wp-json\/wp\/v2\/comments?post=147853"}],"version-history":[{"count":0,"href":"https:\/\/turkkocan.com\/ru\/wp-json\/wp\/v2\/pages\/147853\/revisions"}],"wp:attachment":[{"href":"https:\/\/turkkocan.com\/ru\/wp-json\/wp\/v2\/media?parent=147853"}],"curies":[{"name":"wp","href":"https:\/\/api.w.org\/{rel}","templated":true}]}}