{"id":146033,"date":"2025-06-13T03:28:02","date_gmt":"2025-06-13T03:28:02","guid":{"rendered":"https:\/\/turkkocan.com\/?page_id=146033"},"modified":"2025-06-17T07:32:35","modified_gmt":"2025-06-17T07:32:35","slug":"kommercheskaya-nedvizhimost-na-prodazhu-v-girne","status":"publish","type":"page","link":"https:\/\/turkkocan.com\/ru\/kommercheskaya-nedvizhimost-na-prodazhu-v-girne\/","title":{"rendered":"\u041a\u043e\u043c\u043c\u0435\u0440\u0447\u0435\u0441\u043a\u0430\u044f \u043d\u0435\u0434\u0432\u0438\u0436\u0438\u043c\u043e\u0441\u0442\u044c \u0432 \u0413\u0438\u0440\u043d\u0435"},"content":{"rendered":"<h2 style=\"font-size: 20px;\">\ud83c\udfe2 \u041a\u043e\u043c\u043c\u0435\u0440\u0447\u0435\u0441\u043a\u0430\u044f \u043d\u0435\u0434\u0432\u0438\u0436\u0438\u043c\u043e\u0441\u0442\u044c \u043d\u0430 \u043f\u0440\u043e\u0434\u0430\u0436\u0443 \u0432 \u0413\u0438\u0440\u043d\u0435<\/h2>\n<p style=\"font-size: 16px;\">\u0413\u0438\u0440\u043d\u0435 \u2014 \u043e\u0434\u0438\u043d \u0438\u0437 \u0441\u0430\u043c\u044b\u0445 \u0430\u043a\u0442\u0438\u0432\u043d\u044b\u0445 \u0433\u043e\u0440\u043e\u0434\u043e\u0432 \u0421\u0435\u0432\u0435\u0440\u043d\u043e\u0433\u043e \u041a\u0438\u043f\u0440\u0430 \u0441 \u0442\u043e\u0447\u043a\u0438 \u0437\u0440\u0435\u043d\u0438\u044f \u044d\u043a\u043e\u043d\u043e\u043c\u0438\u043a\u0438 \u0438 \u0442\u043e\u0440\u0433\u043e\u0432\u043b\u0438. \u041a\u043e\u043c\u043c\u0435\u0440\u0447\u0435\u0441\u043a\u0430\u044f \u043d\u0435\u0434\u0432\u0438\u0436\u0438\u043c\u043e\u0441\u0442\u044c \u043d\u0430 \u043f\u0440\u043e\u0434\u0430\u0436\u0443 \u0432\u043a\u043b\u044e\u0447\u0430\u0435\u0442 \u043c\u0430\u0433\u0430\u0437\u0438\u043d\u044b, \u043e\u0444\u0438\u0441\u044b, \u0441\u043a\u043b\u0430\u0434\u044b \u0438 \u0434\u0440\u0443\u0433\u0438\u0435 \u043e\u0431\u044a\u0435\u043a\u0442\u044b, \u043f\u0440\u0435\u0434\u043b\u0430\u0433\u0430\u044f \u0438\u043d\u0432\u0435\u0441\u0442\u043e\u0440\u0430\u043c \u0448\u0438\u0440\u043e\u043a\u0438\u0439 \u0432\u044b\u0431\u043e\u0440. \u0426\u0435\u043d\u0442\u0440\u0430\u043b\u044c\u043d\u044b\u0435 \u0440\u0430\u0439\u043e\u043d\u044b \u0438 \u0440\u0430\u0437\u0432\u0438\u0432\u0430\u044e\u0449\u0438\u0435\u0441\u044f \u0437\u043e\u043d\u044b \u0441\u043e\u0437\u0434\u0430\u044e\u0442 \u043e\u0442\u043b\u0438\u0447\u043d\u044b\u0435 \u0432\u043e\u0437\u043c\u043e\u0436\u043d\u043e\u0441\u0442\u0438 \u0434\u043b\u044f \u0442\u0435\u0445, \u043a\u0442\u043e \u043e\u0440\u0438\u0435\u043d\u0442\u0438\u0440\u043e\u0432\u0430\u043d \u043d\u0430 \u0434\u043e\u043b\u0433\u043e\u0441\u0440\u043e\u0447\u043d\u044b\u0439 \u0434\u043e\u0445\u043e\u0434.<\/p>\n\n<h3 style=\"font-size: 18px;\">\u041f\u043e\u0447\u0435\u043c\u0443 \u0432\u044b\u0431\u0438\u0440\u0430\u044e\u0442 \u043a\u043e\u043c\u043c\u0435\u0440\u0447\u0435\u0441\u043a\u0443\u044e \u043d\u0435\u0434\u0432\u0438\u0436\u0438\u043c\u043e\u0441\u0442\u044c?<\/h3>\n<p style=\"font-size: 16px;\">\u041a\u043e\u043c\u043c\u0435\u0440\u0447\u0435\u0441\u043a\u0430\u044f \u043d\u0435\u0434\u0432\u0438\u0436\u0438\u043c\u043e\u0441\u0442\u044c \u0447\u0430\u0441\u0442\u043e \u0432\u044b\u0431\u0438\u0440\u0430\u0435\u0442\u0441\u044f \u0438\u043d\u0432\u0435\u0441\u0442\u043e\u0440\u0430\u043c\u0438 \u0431\u043b\u0430\u0433\u043e\u0434\u0430\u0440\u044f \u0441\u0442\u0430\u0431\u0438\u043b\u044c\u043d\u043e\u043c\u0443 \u0430\u0440\u0435\u043d\u0434\u043d\u043e\u043c\u0443 \u0434\u043e\u0445\u043e\u0434\u0443, \u043f\u043e\u0442\u0435\u043d\u0446\u0438\u0430\u043b\u0443 \u0440\u043e\u0441\u0442\u0430 \u0441\u0442\u043e\u0438\u043c\u043e\u0441\u0442\u0438 \u0438 \u0434\u043e\u043b\u0433\u043e\u0441\u0440\u043e\u0447\u043d\u043e\u0439 \u043f\u0440\u0438\u0431\u044b\u043b\u0438. \u0412 \u0442\u0430\u043a\u0438\u0445 \u0433\u043e\u0440\u043e\u0434\u0430\u0445, \u043a\u0430\u043a \u0413\u0438\u0440\u043d\u0435, \u0438\u0437\u0432\u0435\u0441\u0442\u043d\u044b\u0439 \u0442\u0443\u0440\u0438\u0437\u043c\u043e\u043c \u0438 \u0443\u043d\u0438\u0432\u0435\u0440\u0441\u0438\u0442\u0435\u0442\u0430\u043c\u0438, \u0438\u043d\u0432\u0435\u0441\u0442\u0438\u0446\u0438\u0438 \u0432 \u043a\u043e\u043c\u043c\u0435\u0440\u0447\u0435\u0441\u043a\u0443\u044e \u043d\u0435\u0434\u0432\u0438\u0436\u0438\u043c\u043e\u0441\u0442\u044c \u043e\u0431\u0435\u0441\u043f\u0435\u0447\u0438\u0432\u0430\u044e\u0442 \u0443\u0441\u0442\u043e\u0439\u0447\u0438\u0432\u044b\u0439 \u0434\u043e\u0445\u043e\u0434 \u043a\u0430\u043a \u0434\u043b\u044f \u043c\u0435\u0441\u0442\u043d\u044b\u0445, \u0442\u0430\u043a \u0438 \u0434\u043b\u044f \u0438\u043d\u043e\u0441\u0442\u0440\u0430\u043d\u043d\u044b\u0445 \u043f\u0440\u0435\u0434\u043f\u0440\u0438\u043d\u0438\u043c\u0430\u0442\u0435\u043b\u0435\u0439.<\/p>\n\n<h3 style=\"font-size: 18px;\">\u041f\u0440\u0435\u0438\u043c\u0443\u0449\u0435\u0441\u0442\u0432\u0430 \u043a\u043e\u043c\u043c\u0435\u0440\u0447\u0435\u0441\u043a\u0438\u0445 \u0438\u043d\u0432\u0435\u0441\u0442\u0438\u0446\u0438\u0439 \u0432 \u0413\u0438\u0440\u043d\u0435<\/h3>\n<p style=\"font-size: 16px;\">\u041f\u043e\u043a\u0443\u043f\u043a\u0430 \u043a\u043e\u043c\u043c\u0435\u0440\u0447\u0435\u0441\u043a\u043e\u0439 \u043d\u0435\u0434\u0432\u0438\u0436\u0438\u043c\u043e\u0441\u0442\u0438 \u0432 \u0413\u0438\u0440\u043d\u0435 \u043e\u0431\u0435\u0441\u043f\u0435\u0447\u0438\u0432\u0430\u0435\u0442 \u0432\u044b\u0441\u043e\u043a\u0443\u044e \u0437\u0430\u043f\u043e\u043b\u043d\u044f\u0435\u043c\u043e\u0441\u0442\u044c \u0431\u043b\u0430\u0433\u043e\u0434\u0430\u0440\u044f \u0434\u043e\u0445\u043e\u0434\u0443 \u0432 \u0438\u043d\u043e\u0441\u0442\u0440\u0430\u043d\u043d\u043e\u0439 \u0432\u0430\u043b\u044e\u0442\u0435, \u0430\u043a\u0442\u0438\u0432\u043d\u043e\u043c\u0443 \u0442\u0443\u0440\u0438\u0441\u0442\u0438\u0447\u0435\u0441\u043a\u043e\u043c\u0443 \u0441\u0435\u0437\u043e\u043d\u0443 \u0438 \u0431\u043e\u043b\u044c\u0448\u043e\u043c\u0443 \u043a\u043e\u043b\u0438\u0447\u0435\u0441\u0442\u0432\u0443 \u0441\u0442\u0443\u0434\u0435\u043d\u0442\u043e\u0432. \u0412\u0438\u0442\u0440\u0438\u043d\u043d\u044b\u0435 \u043c\u0430\u0433\u0430\u0437\u0438\u043d\u044b \u043d\u0430 \u0443\u043b\u0438\u0446\u0430\u0445, \u043e\u0444\u0438\u0441\u044b \u0432 \u0436\u0438\u043b\u044b\u0445 \u043a\u043e\u043c\u043f\u043b\u0435\u043a\u0441\u0430\u0445 \u0438 \u043c\u0430\u0433\u0430\u0437\u0438\u043d\u044b \u0432 \u0446\u0435\u043d\u0442\u0440\u0430\u043b\u044c\u043d\u044b\u0445 \u0440\u0430\u0439\u043e\u043d\u0430\u0445 \u043f\u043e\u0437\u0432\u043e\u043b\u044f\u044e\u0442 \u0438\u043d\u0432\u0435\u0441\u0442\u0438\u0446\u0438\u0438 \u0431\u044b\u0441\u0442\u0440\u043e \u0440\u0430\u0441\u0442\u0438 \u0432 \u0446\u0435\u043d\u0435.<\/p>","protected":false},"excerpt":{"rendered":"<p>\ud83c\udfe2 Girne Sat\u0131l\u0131k Ticari Gayrimenkuller Girne, Kuzey K\u0131br\u0131s\u2019\u0131n ekonomik ve ticari a\u00e7\u0131dan en hareketli \u015fehirlerinden biri olarak dikkat \u00e7eker. Sat\u0131l\u0131k ticari gayrimenkuller, d\u00fckkan, ofis, ma\u011faza, depo ve i\u015f yeri gibi farkl\u0131 se\u00e7eneklerle yat\u0131r\u0131mc\u0131lara geni\u015f bir portf\u00f6y sunar. Hem merkezi lokasyonlar hem de geli\u015fen b\u00f6lgeler, uzun vadeli gelir hedefleyen yat\u0131r\u0131mc\u0131lar i\u00e7in g\u00fc\u00e7l\u00fc f\u0131rsatlar yarat\u0131r. Neden Ticari [&hellip;]<\/p>","protected":false},"author":1,"featured_media":0,"parent":0,"menu_order":0,"comment_status":"closed","ping_status":"closed","template":"template\/template-listing-grid-v5-fullwidth-3cols.php","meta":{"footnotes":""},"class_list":["post-146033","page","type-page","status-publish","hentry"],"_links":{"self":[{"href":"https:\/\/turkkocan.com\/ru\/wp-json\/wp\/v2\/pages\/146033","targetHints":{"allow":["GET"]}}],"collection":[{"href":"https:\/\/turkkocan.com\/ru\/wp-json\/wp\/v2\/pages"}],"about":[{"href":"https:\/\/turkkocan.com\/ru\/wp-json\/wp\/v2\/types\/page"}],"author":[{"embeddable":true,"href":"https:\/\/turkkocan.com\/ru\/wp-json\/wp\/v2\/users\/1"}],"replies":[{"embeddable":true,"href":"https:\/\/turkkocan.com\/ru\/wp-json\/wp\/v2\/comments?post=146033"}],"version-history":[{"count":0,"href":"https:\/\/turkkocan.com\/ru\/wp-json\/wp\/v2\/pages\/146033\/revisions"}],"wp:attachment":[{"href":"https:\/\/turkkocan.com\/ru\/wp-json\/wp\/v2\/media?parent=146033"}],"curies":[{"name":"wp","href":"https:\/\/api.w.org\/{rel}","templated":true}]}}