{"id":146029,"date":"2025-06-13T03:25:00","date_gmt":"2025-06-13T03:25:00","guid":{"rendered":"https:\/\/turkkocan.com\/?page_id=146029"},"modified":"2025-06-17T07:31:29","modified_gmt":"2025-06-17T07:31:29","slug":"kroshchnyy-domik-na-prodazhu-v-girne","status":"publish","type":"page","link":"https:\/\/turkkocan.com\/ru\/kroshchnyy-domik-na-prodazhu-v-girne\/","title":{"rendered":"\u0422\u0430\u0439\u043d\u0438-\u0434\u043e\u043c\u0430 \u043d\u0430 \u043f\u0440\u043e\u0434\u0430\u0436\u0443 \u0432 \u0413\u0438\u0440\u043d\u0435"},"content":{"rendered":"<h2 style=\"font-size: 20px;\">\ud83c\udfe1 \u0422\u0430\u0439\u043d\u0438-\u0445\u0430\u0443\u0441\u044b \u043d\u0430 \u043f\u0440\u043e\u0434\u0430\u0436\u0443 \u0432 \u0413\u0438\u0440\u043d\u0435<\/h2>\n<p style=\"font-size: 16px;\">\u0422\u0430\u0439\u043d\u0438-\u0445\u0430\u0443\u0441\u044b \u043d\u0430 \u043f\u0440\u043e\u0434\u0430\u0436\u0443 \u0432 \u0413\u0438\u0440\u043d\u0435 \u2014 \u0438\u0434\u0435\u0430\u043b\u044c\u043d\u044b\u0439 \u0432\u044b\u0431\u043e\u0440 \u0434\u043b\u044f \u0442\u0435\u0445, \u043a\u0442\u043e \u0441\u0442\u0440\u0435\u043c\u0438\u0442\u0441\u044f \u043a \u043c\u0438\u043d\u0438\u043c\u0430\u043b\u0438\u0441\u0442\u0438\u0447\u043d\u043e\u043c\u0443 \u043e\u0431\u0440\u0430\u0437\u0443 \u0436\u0438\u0437\u043d\u0438 \u0438 \u0433\u0430\u0440\u043c\u043e\u043d\u0438\u0438 \u0441 \u043f\u0440\u0438\u0440\u043e\u0434\u043e\u0439. \u041d\u0435\u0441\u043c\u043e\u0442\u0440\u044f \u043d\u0430 \u043a\u043e\u043c\u043f\u0430\u043a\u0442\u043d\u044b\u0435 \u0440\u0430\u0437\u043c\u0435\u0440\u044b, \u0431\u043b\u0430\u0433\u043e\u0434\u0430\u0440\u044f \u0444\u0443\u043d\u043a\u0446\u0438\u043e\u043d\u0430\u043b\u044c\u043d\u043e\u0439 \u043f\u043b\u0430\u043d\u0438\u0440\u043e\u0432\u043a\u0435 \u043e\u043d\u0438 \u043e\u0431\u0435\u0441\u043f\u0435\u0447\u0438\u0432\u0430\u044e\u0442 \u0432\u0441\u0435 \u0431\u0430\u0437\u043e\u0432\u044b\u0435 \u043f\u043e\u0442\u0440\u0435\u0431\u043d\u043e\u0441\u0442\u0438. \u042d\u0442\u043e \u043e\u0442\u0440\u0430\u0436\u0435\u043d\u0438\u0435 \u0442\u0440\u0435\u043d\u0434\u0430 \u0443\u0441\u0442\u043e\u0439\u0447\u0438\u0432\u043e\u0439 \u0436\u0438\u0437\u043d\u0438 \u043d\u0430 \u0421\u0435\u0432\u0435\u0440\u043d\u043e\u043c \u041a\u0438\u043f\u0440\u0435.<\/p>\n\n<h3 style=\"font-size: 18px;\">\u041f\u043e\u0447\u0435\u043c\u0443 \u0432\u044b\u0431\u0438\u0440\u0430\u044e\u0442 \u0442\u0430\u0439\u043d\u0438-\u0445\u0430\u0443\u0441\u044b?<\/h3>\n<p style=\"font-size: 16px;\">\u0422\u0430\u0439\u043d\u0438-\u0445\u0430\u0443\u0441\u044b \u0432\u044b\u0431\u0438\u0440\u0430\u044e\u0442 \u0437\u0430 \u043d\u0438\u0437\u043a\u0438\u0435 \u0437\u0430\u0442\u0440\u0430\u0442\u044b \u043d\u0430 \u0441\u0442\u0440\u043e\u0438\u0442\u0435\u043b\u044c\u0441\u0442\u0432\u043e \u0438 \u0441\u043e\u0434\u0435\u0440\u0436\u0430\u043d\u0438\u0435, \u043c\u0438\u043d\u0438\u043c\u0430\u043b\u044c\u043d\u044b\u0435 \u0442\u0440\u0435\u0431\u043e\u0432\u0430\u043d\u0438\u044f \u043a \u043e\u0431\u0441\u043b\u0443\u0436\u0438\u0432\u0430\u043d\u0438\u044e \u0438 \u044d\u043a\u043e\u043b\u043e\u0433\u0438\u0447\u043d\u043e\u0441\u0442\u044c. \u041e\u043d\u0438 \u043f\u043e\u0434\u0445\u043e\u0434\u044f\u0442 \u043a\u0430\u043a \u0434\u043b\u044f \u043e\u0434\u0438\u043d\u043e\u0447\u043d\u043e\u0433\u043e \u043f\u0440\u043e\u0436\u0438\u0432\u0430\u043d\u0438\u044f, \u0442\u0430\u043a \u0438 \u0434\u043b\u044f \u043f\u0430\u0440, \u0430 \u0442\u0430\u043a\u0436\u0435 \u0434\u043b\u044f \u0441\u0435\u0437\u043e\u043d\u043d\u043e\u0433\u043e \u0438\u043b\u0438 \u0434\u0430\u0447\u043d\u043e\u0433\u043e \u0438\u0441\u043f\u043e\u043b\u044c\u0437\u043e\u0432\u0430\u043d\u0438\u044f. \u0412 \u0441\u043e\u0447\u0435\u0442\u0430\u043d\u0438\u0438 \u0441 \u043f\u043e\u043a\u0443\u043f\u043a\u043e\u0439 \u0443\u0447\u0430\u0441\u0442\u043a\u0430 \u0441\u0442\u0430\u043d\u043e\u0432\u044f\u0442\u0441\u044f \u044d\u043a\u043e\u043d\u043e\u043c\u0438\u0447\u043d\u043e\u0439 \u0430\u043b\u044c\u0442\u0435\u0440\u043d\u0430\u0442\u0438\u0432\u043e\u0439 \u0442\u0440\u0430\u0434\u0438\u0446\u0438\u043e\u043d\u043d\u043e\u043c\u0443 \u0436\u0438\u043b\u044c\u044e.<\/p>\n\n<h3 style=\"font-size: 18px;\">\u041f\u0440\u0435\u0438\u043c\u0443\u0449\u0435\u0441\u0442\u0432\u0430 \u0438\u043d\u0432\u0435\u0441\u0442\u0438\u0446\u0438\u0439 \u0432 \u0442\u0430\u0439\u043d\u0438-\u0445\u0430\u0443\u0441\u044b \u0432 \u0413\u0438\u0440\u043d\u0435<\/h3>\n<p style=\"font-size: 16px;\">\u041f\u0440\u0438\u0440\u043e\u0434\u043d\u043e\u0435 \u043e\u043a\u0440\u0443\u0436\u0435\u043d\u0438\u0435 \u0413\u0438\u0440\u043d\u0435, \u0430 \u0442\u0430\u043a\u0436\u0435 \u0440\u0430\u0439\u043e\u043d\u044b \u0441 \u0432\u0438\u0434\u043e\u043c \u043d\u0430 \u0433\u043e\u0440\u044b \u0438 \u043c\u043e\u0440\u0435 \u0441\u043e\u0437\u0434\u0430\u044e\u0442 \u0431\u043b\u0430\u0433\u043e\u043f\u0440\u0438\u044f\u0442\u043d\u044b\u0435 \u0443\u0441\u043b\u043e\u0432\u0438\u044f \u0434\u043b\u044f \u0440\u0430\u0437\u0432\u0438\u0442\u0438\u044f \u043a\u043e\u043d\u0446\u0435\u043f\u0446\u0438\u0438 \u0442\u0430\u0439\u043d\u0438-\u0445\u0430\u0443\u0441\u043e\u0432. \u0422\u0430\u043a\u0438\u0435 \u0434\u043e\u043c\u0430 \u043e\u0431\u0435\u0441\u043f\u0435\u0447\u0438\u0432\u0430\u044e\u0442 \u0432\u044b\u0441\u043e\u043a\u0438\u0439 \u0434\u043e\u0445\u043e\u0434 \u043f\u0440\u0438 \u043a\u0440\u0430\u0442\u043a\u043e\u0441\u0440\u043e\u0447\u043d\u043e\u0439 \u0430\u0440\u0435\u043d\u0434\u0435 \u0438 \u0441\u0442\u0430\u043d\u043e\u0432\u044f\u0442\u0441\u044f \u0432\u0441\u0451 \u0431\u043e\u043b\u0435\u0435 \u043f\u043e\u043f\u0443\u043b\u044f\u0440\u043d\u044b\u043c\u0438 \u0441\u0440\u0435\u0434\u0438 \u0438\u043d\u043e\u0441\u0442\u0440\u0430\u043d\u043d\u044b\u0445 \u043f\u043e\u043a\u0443\u043f\u0430\u0442\u0435\u043b\u0435\u0439, \u0432\u044b\u0431\u0438\u0440\u0430\u044e\u0449\u0438\u0445 \u0443\u0441\u0442\u043e\u0439\u0447\u0438\u0432\u044b\u0439 \u043e\u0431\u0440\u0430\u0437 \u0436\u0438\u0437\u043d\u0438.<\/p>","protected":false},"excerpt":{"rendered":"<p>\ud83c\udfe1 Girne Sat\u0131l\u0131k Tiny House \u0130lanlar\u0131 Girne\u2019de sat\u0131l\u0131k tiny house se\u00e7enekleri, minimal ya\u015fam tarz\u0131n\u0131 benimseyenler ve do\u011fayla uyumlu bir hayat kurmak isteyenler i\u00e7in ideal \u00e7\u00f6z\u00fcmler sunar. Kompakt yap\u0131s\u0131na ra\u011fmen fonksiyonel tasar\u0131m\u0131 sayesinde t\u00fcm temel ya\u015fam ihtiya\u00e7lar\u0131n\u0131 kar\u015f\u0131layan bu evler, s\u00fcrd\u00fcr\u00fclebilir ya\u015fam trendinin Kuzey K\u0131br\u0131s\u2019taki yans\u0131mas\u0131d\u0131r. Tiny House Neden Tercih Edilir? Tiny house evler, d\u00fc\u015f\u00fck in\u015faat [&hellip;]<\/p>","protected":false},"author":1,"featured_media":0,"parent":0,"menu_order":0,"comment_status":"closed","ping_status":"closed","template":"template\/template-listing-grid-v5-fullwidth-3cols.php","meta":{"footnotes":""},"class_list":["post-146029","page","type-page","status-publish","hentry"],"_links":{"self":[{"href":"https:\/\/turkkocan.com\/ru\/wp-json\/wp\/v2\/pages\/146029","targetHints":{"allow":["GET"]}}],"collection":[{"href":"https:\/\/turkkocan.com\/ru\/wp-json\/wp\/v2\/pages"}],"about":[{"href":"https:\/\/turkkocan.com\/ru\/wp-json\/wp\/v2\/types\/page"}],"author":[{"embeddable":true,"href":"https:\/\/turkkocan.com\/ru\/wp-json\/wp\/v2\/users\/1"}],"replies":[{"embeddable":true,"href":"https:\/\/turkkocan.com\/ru\/wp-json\/wp\/v2\/comments?post=146029"}],"version-history":[{"count":0,"href":"https:\/\/turkkocan.com\/ru\/wp-json\/wp\/v2\/pages\/146029\/revisions"}],"wp:attachment":[{"href":"https:\/\/turkkocan.com\/ru\/wp-json\/wp\/v2\/media?parent=146029"}],"curies":[{"name":"wp","href":"https:\/\/api.w.org\/{rel}","templated":true}]}}