{"id":146025,"date":"2025-06-13T03:16:30","date_gmt":"2025-06-13T03:16:30","guid":{"rendered":"https:\/\/turkkocan.com\/?page_id=146025"},"modified":"2025-06-17T07:26:33","modified_gmt":"2025-06-17T07:26:33","slug":"bungalo-na-prodazhu-v-girne","status":"publish","type":"page","link":"https:\/\/turkkocan.com\/ru\/bungalo-na-prodazhu-v-girne\/","title":{"rendered":"\u0411\u0443\u043d\u0433\u0430\u043b\u043e \u043d\u0430 \u043f\u0440\u043e\u0434\u0430\u0436\u0443 \u0432 \u0413\u0438\u0440\u043d\u0435"},"content":{"rendered":"<h2 style=\"font-size: 20px;\">\ud83c\udfe1 \u0411\u0443\u043d\u0433\u0430\u043b\u043e \u043d\u0430 \u043f\u0440\u043e\u0434\u0430\u0436\u0443 \u0432 \u0413\u0438\u0440\u043d\u0435\u202f<\/h2>\n<p style=\"font-size: 16px;\">\u0411\u0443\u043d\u0433\u0430\u043b\u043e \u043d\u0430 \u043f\u0440\u043e\u0434\u0430\u0436\u0443 \u0432 \u0413\u0438\u0440\u043d\u0435 \u043f\u0440\u0435\u0434\u043b\u0430\u0433\u0430\u044e\u0442 \u043a\u043e\u043c\u0444\u043e\u0440\u0442\u043d\u0443\u044e \u0438 \u0441\u043f\u043e\u043a\u043e\u0439\u043d\u0443\u044e \u0436\u0438\u0437\u043d\u044c \u0431\u043b\u0430\u0433\u043e\u0434\u0430\u0440\u044f \u043e\u0434\u043d\u043e\u044d\u0442\u0430\u0436\u043d\u043e\u0439 \u043f\u043b\u0430\u043d\u0438\u0440\u043e\u0432\u043a\u0435, \u043f\u0440\u043e\u0441\u0442\u043e\u0440\u043d\u044b\u043c \u0441\u0430\u0434\u0430\u043c \u0438 \u043b\u0430\u043a\u043e\u043d\u0438\u0447\u043d\u043e\u0439 \u0430\u0440\u0445\u0438\u0442\u0435\u043a\u0442\u0443\u0440\u0435. \u041e\u0431\u044b\u0447\u043d\u043e \u043e\u043d\u0438 \u0440\u0430\u0441\u043f\u043e\u043b\u043e\u0436\u0435\u043d\u044b \u0432 \u043e\u043a\u0440\u0443\u0436\u0435\u043d\u0438\u0438 \u043f\u0440\u0438\u0440\u043e\u0434\u044b \u0438 \u043e\u0441\u043e\u0431\u0435\u043d\u043d\u043e \u043f\u043e\u043f\u0443\u043b\u044f\u0440\u043d\u044b \u0441\u0440\u0435\u0434\u0438 \u0442\u0435\u0445, \u043a\u0442\u043e \u0438\u0449\u0435\u0442 \u0443\u0435\u0434\u0438\u043d\u0451\u043d\u043d\u044b\u0439 \u043e\u0431\u0440\u0430\u0437 \u0436\u0438\u0437\u043d\u0438 \u0438\u043b\u0438 \u0434\u0430\u0447\u043d\u044b\u0439 \u0434\u043e\u043c. \u042d\u0441\u0442\u0435\u0442\u0438\u0447\u043d\u0430\u044f \u0430\u0440\u0445\u0438\u0442\u0435\u043a\u0442\u0443\u0440\u0430 \u0438 \u0443\u0434\u043e\u0431\u043d\u044b\u0435 \u043f\u043b\u0430\u043d\u0438\u0440\u043e\u0432\u043a\u0438 \u0434\u0435\u043b\u0430\u044e\u0442 \u0438\u0445 \u043f\u0440\u0438\u0432\u043b\u0435\u043a\u0430\u0442\u0435\u043b\u044c\u043d\u044b\u043c\u0438 \u0434\u043b\u044f \u0432\u0441\u0435\u0445 \u0432\u043e\u0437\u0440\u0430\u0441\u0442\u043e\u0432.<\/p>\n\n<h3 style=\"font-size: 18px;\">\u041f\u043e\u0447\u0435\u043c\u0443 \u0432\u044b\u0431\u0438\u0440\u0430\u044e\u0442 \u0434\u043e\u043c\u0430-\u0431\u0443\u043d\u0433\u0430\u043b\u043e?<\/h3>\n<p style=\"font-size: 16px;\">\u0420\u0430\u0441\u043f\u043e\u043b\u043e\u0436\u0435\u043d\u0438\u0435 \u0432\u0441\u0435\u0445 \u0436\u0438\u043b\u044b\u0445 \u043f\u043e\u043c\u0435\u0449\u0435\u043d\u0438\u0439 \u043d\u0430 \u043e\u0434\u043d\u043e\u043c \u0443\u0440\u043e\u0432\u043d\u0435 \u0434\u0435\u043b\u0430\u0435\u0442 \u0434\u043e\u043c\u0430-\u0431\u0443\u043d\u0433\u0430\u043b\u043e \u043f\u0440\u0430\u043a\u0442\u0438\u0447\u043d\u044b\u043c\u0438 \u0438 \u0434\u043e\u0441\u0442\u0443\u043f\u043d\u044b\u043c\u0438. \u041e\u0442\u0441\u0443\u0442\u0441\u0442\u0432\u0438\u0435 \u043b\u0435\u0441\u0442\u043d\u0438\u0446 \u0434\u0435\u043b\u0430\u0435\u0442 \u0438\u0445 \u0443\u0434\u043e\u0431\u043d\u044b\u043c\u0438 \u0434\u043b\u044f \u043f\u043e\u0436\u0438\u043b\u044b\u0445 \u043b\u044e\u0434\u0435\u0439, \u0441\u0435\u043c\u0435\u0439 \u0441 \u0434\u0435\u0442\u044c\u043c\u0438 \u0438 \u043b\u044e\u0434\u0435\u0439 \u0441 \u043e\u0433\u0440\u0430\u043d\u0438\u0447\u0435\u043d\u043d\u044b\u043c\u0438 \u0432\u043e\u0437\u043c\u043e\u0436\u043d\u043e\u0441\u0442\u044f\u043c\u0438. \u041d\u0430\u043b\u0438\u0447\u0438\u0435 \u0441\u0430\u0434\u0430 \u043f\u043e\u0432\u044b\u0448\u0430\u0435\u0442 \u043a\u0430\u0447\u0435\u0441\u0442\u0432\u043e \u0436\u0438\u0437\u043d\u0438, \u043f\u0440\u0435\u0434\u043e\u0441\u0442\u0430\u0432\u043b\u044f\u044f \u0432\u043e\u0437\u043c\u043e\u0436\u043d\u043e\u0441\u0442\u044c \u043d\u0430\u0441\u043b\u0430\u0436\u0434\u0430\u0442\u044c\u0441\u044f \u0441\u0432\u0435\u0436\u0438\u043c \u0432\u043e\u0437\u0434\u0443\u0445\u043e\u043c \u0438 \u043f\u0440\u0438\u0440\u043e\u0434\u043e\u0439.<\/p>\n\n<h3 style=\"font-size: 18px;\">\u041f\u0440\u0435\u0438\u043c\u0443\u0449\u0435\u0441\u0442\u0432\u0430 \u0438\u043d\u0432\u0435\u0441\u0442\u0438\u0446\u0438\u0439 \u0432 \u0431\u0443\u043d\u0433\u0430\u043b\u043e \u0432 \u0413\u0438\u0440\u043d\u0435<\/h3>\n<p style=\"font-size: 16px;\">\u0412 \u0441\u043e\u0447\u0435\u0442\u0430\u043d\u0438\u0438 \u0441 \u043f\u0440\u0438\u0440\u043e\u0434\u043d\u043e\u0439 \u043a\u0440\u0430\u0441\u043e\u0442\u043e\u0439 \u0413\u0438\u0440\u043d\u0435, \u043c\u043e\u0440\u0441\u043a\u0438\u043c\u0438 \u0438 \u0433\u043e\u0440\u043d\u044b\u043c\u0438 \u043f\u0435\u0439\u0437\u0430\u0436\u0430\u043c\u0438, \u0434\u043e\u043c\u0430-\u0431\u0443\u043d\u0433\u0430\u043b\u043e \u0441\u0442\u0430\u043d\u043e\u0432\u044f\u0442\u0441\u044f \u043f\u0440\u0438\u0432\u043b\u0435\u043a\u0430\u0442\u0435\u043b\u044c\u043d\u044b\u043c \u0438\u043d\u0432\u0435\u0441\u0442\u0438\u0446\u0438\u043e\u043d\u043d\u044b\u043c \u0432\u044b\u0431\u043e\u0440\u043e\u043c. \u041e\u043d\u0438 \u043c\u043e\u0433\u0443\u0442 \u043f\u0440\u0438\u043d\u043e\u0441\u0438\u0442\u044c \u0432\u044b\u0441\u043e\u043a\u0438\u0439 \u0434\u043e\u0445\u043e\u0434 \u043e\u0442 \u0430\u0440\u0435\u043d\u0434\u044b \u0432 \u043a\u0443\u0440\u043e\u0440\u0442\u043d\u044b\u0439 \u0441\u0435\u0437\u043e\u043d \u0438 \u043f\u043e\u0434\u0445\u043e\u0434\u044f\u0442 \u0434\u043b\u044f \u043a\u0440\u0443\u0433\u043b\u043e\u0433\u043e\u0434\u0438\u0447\u043d\u043e\u0433\u043e \u043f\u0440\u043e\u0436\u0438\u0432\u0430\u043d\u0438\u044f. \u0411\u043b\u0430\u0433\u043e\u0434\u0430\u0440\u044f \u043e\u0433\u0440\u0430\u043d\u0438\u0447\u0435\u043d\u043d\u043e\u043c\u0443 \u043f\u0440\u0435\u0434\u043b\u043e\u0436\u0435\u043d\u0438\u044e \u0438 \u0440\u0430\u0441\u0442\u0443\u0449\u0435\u043c\u0443 \u0441\u043f\u0440\u043e\u0441\u0443, \u0442\u0430\u043a\u0438\u0435 \u043e\u0431\u044a\u0435\u043a\u0442\u044b \u043f\u0440\u043e\u0434\u043e\u043b\u0436\u0430\u044e\u0442 \u0440\u0430\u0441\u0442\u0438 \u0432 \u0446\u0435\u043d\u0435.<\/p>","protected":false},"excerpt":{"rendered":"<p>\ud83c\udfe1 Girne Sat\u0131l\u0131k Bungalow Evler Girne\u2019de sat\u0131l\u0131k bungalow evler, tek katl\u0131 yap\u0131lar\u0131, geni\u015f bah\u00e7eleri ve sade mimarileriyle konforlu ve huzurlu bir ya\u015fam sunar. Genellikle do\u011fa ile i\u00e7 i\u00e7e konumlanan bu evler, \u00f6zellikle sakin bir ya\u015fam tarz\u0131n\u0131 benimseyenler ve tatil evi arayanlar i\u00e7in tercih edilir. Estetik mimarisi ve kullan\u0131\u015fl\u0131 planlar\u0131yla her ya\u015f grubuna hitap eder. Bungalow [&hellip;]<\/p>","protected":false},"author":1,"featured_media":0,"parent":0,"menu_order":0,"comment_status":"closed","ping_status":"closed","template":"template\/template-listing-grid-v5-fullwidth-3cols.php","meta":{"footnotes":""},"class_list":["post-146025","page","type-page","status-publish","hentry"],"_links":{"self":[{"href":"https:\/\/turkkocan.com\/ru\/wp-json\/wp\/v2\/pages\/146025","targetHints":{"allow":["GET"]}}],"collection":[{"href":"https:\/\/turkkocan.com\/ru\/wp-json\/wp\/v2\/pages"}],"about":[{"href":"https:\/\/turkkocan.com\/ru\/wp-json\/wp\/v2\/types\/page"}],"author":[{"embeddable":true,"href":"https:\/\/turkkocan.com\/ru\/wp-json\/wp\/v2\/users\/1"}],"replies":[{"embeddable":true,"href":"https:\/\/turkkocan.com\/ru\/wp-json\/wp\/v2\/comments?post=146025"}],"version-history":[{"count":0,"href":"https:\/\/turkkocan.com\/ru\/wp-json\/wp\/v2\/pages\/146025\/revisions"}],"wp:attachment":[{"href":"https:\/\/turkkocan.com\/ru\/wp-json\/wp\/v2\/media?parent=146025"}],"curies":[{"name":"wp","href":"https:\/\/api.w.org\/{rel}","templated":true}]}}