{"id":143765,"date":"2025-06-13T02:46:30","date_gmt":"2025-06-13T02:46:30","guid":{"rendered":"https:\/\/turkkocan.com\/?page_id=143765"},"modified":"2025-06-28T23:56:48","modified_gmt":"2025-06-28T23:56:48","slug":"nedvizhimost-na-prodazhu-v-iskele","status":"publish","type":"page","link":"https:\/\/turkkocan.com\/ru\/nedvizhimost-na-prodazhu-v-iskele\/","title":{"rendered":"\u041d\u0435\u0434\u0432\u0438\u0436\u0438\u043c\u043e\u0441\u0442\u044c \u043d\u0430 \u043f\u0440\u043e\u0434\u0430\u0436\u0443 \u0432 \u0418\u0441\u043a\u0435\u043b\u0435"},"content":{"rendered":"<h2 style=\"font-size: 20px;\">\ud83c\udfd8\ufe0f \u041d\u0435\u0434\u0432\u0438\u0436\u0438\u043c\u043e\u0441\u0442\u044c \u043d\u0430 \u043f\u0440\u043e\u0434\u0430\u0436\u0443 \u0432 \u0418\u0441\u043a\u0435\u043b\u0435 \u2013 \u041a\u0432\u0430\u0440\u0442\u0438\u0440\u044b, \u0432\u0438\u043b\u043b\u044b, \u043a\u043e\u043c\u043c\u0435\u0440\u0446\u0438\u044f, \u0443\u0447\u0430\u0441\u0442\u043a\u0438 \u0438 \u0434\u0440\u0443\u0433\u043e\u0435<\/h2>\n<p style=\"font-size: 16px;\">\u0418\u0441\u043a\u0435\u043b\u0435 \u2014 \u043e\u0434\u0438\u043d \u0438\u0437 \u0440\u0430\u0437\u0432\u0438\u0432\u0430\u044e\u0449\u0438\u0445\u0441\u044f \u0438\u043d\u0432\u0435\u0441\u0442\u0438\u0446\u0438\u043e\u043d\u043d\u044b\u0445 \u0440\u0435\u0433\u0438\u043e\u043d\u043e\u0432 \u0421\u0435\u0432\u0435\u0440\u043d\u043e\u0433\u043e \u041a\u0438\u043f\u0440\u0430. \u041f\u0440\u043e\u0442\u044f\u0436\u0451\u043d\u043d\u0430\u044f \u0431\u0435\u0440\u0435\u0433\u043e\u0432\u0430\u044f \u043b\u0438\u043d\u0438\u044f, \u0441\u043e\u0432\u0440\u0435\u043c\u0435\u043d\u043d\u044b\u0435 \u0436\u0438\u043b\u044b\u0435 \u043f\u0440\u043e\u0435\u043a\u0442\u044b \u0438 \u0434\u043e\u0441\u0442\u0443\u043f\u043d\u044b\u0435 \u0446\u0435\u043d\u044b \u043d\u0430 \u043d\u0435\u0434\u0432\u0438\u0436\u0438\u043c\u043e\u0441\u0442\u044c \u043f\u0440\u0438\u0432\u043b\u0435\u043a\u0430\u044e\u0442 \u043a\u0430\u043a \u043c\u0435\u0441\u0442\u043d\u044b\u0445, \u0442\u0430\u043a \u0438 \u0438\u043d\u043e\u0441\u0442\u0440\u0430\u043d\u043d\u044b\u0445 \u0438\u043d\u0432\u0435\u0441\u0442\u043e\u0440\u043e\u0432. \u0412 \u043a\u0430\u0442\u0435\u0433\u043e\u0440\u0438\u0438 \u043f\u0440\u043e\u0434\u0430\u0436\u0438 \u043f\u0440\u0435\u0434\u0441\u0442\u0430\u0432\u043b\u0435\u043d\u044b \u043a\u0432\u0430\u0440\u0442\u0438\u0440\u044b, \u0432\u0438\u043b\u043b\u044b, \u0443\u0447\u0430\u0441\u0442\u043a\u0438 \u0438 \u043a\u043e\u043c\u043c\u0435\u0440\u0447\u0435\u0441\u043a\u0430\u044f \u043d\u0435\u0434\u0432\u0438\u0436\u0438\u043c\u043e\u0441\u0442\u044c, \u0447\u0442\u043e \u043f\u043e\u0437\u0432\u043e\u043b\u044f\u0435\u0442 \u0443\u0434\u043e\u0432\u043b\u0435\u0442\u0432\u043e\u0440\u0438\u0442\u044c \u043a\u0430\u043a \u043f\u043e\u0442\u0440\u0435\u0431\u043d\u043e\u0441\u0442\u0438 \u0432 \u0436\u0438\u043b\u044c\u0435, \u0442\u0430\u043a \u0438 \u0432 \u0434\u043e\u0445\u043e\u0434\u0435.<\/p>\n\n<h3 style=\"font-size: 18px;\">\u041f\u043e\u0447\u0435\u043c\u0443 \u0432\u044b\u0433\u043e\u0434\u043d\u043e \u043f\u043e\u043a\u0443\u043f\u0430\u0442\u044c \u043d\u0435\u0434\u0432\u0438\u0436\u0438\u043c\u043e\u0441\u0442\u044c \u0432 \u0418\u0441\u043a\u0435\u043b\u0435?<\/h3>\n<p style=\"font-size: 16px;\">\u041d\u043e\u0432\u044b\u0435 \u0436\u0438\u043b\u044b\u0435 \u043f\u0440\u043e\u0435\u043a\u0442\u044b, \u0432\u0438\u0434\u044b \u043d\u0430 \u043c\u043e\u0440\u0435 \u0438 \u0438\u043d\u0432\u0435\u0441\u0442\u0438\u0446\u0438\u043e\u043d\u043d\u044b\u0435 \u0443\u0447\u0430\u0441\u0442\u043a\u0438 \u0441 \u0440\u0430\u0437\u0440\u0435\u0448\u0435\u043d\u0438\u0435\u043c \u043d\u0430 \u0441\u0442\u0440\u043e\u0438\u0442\u0435\u043b\u044c\u0441\u0442\u0432\u043e \u0441\u043f\u043e\u0441\u043e\u0431\u0441\u0442\u0432\u0443\u044e\u0442 \u0431\u044b\u0441\u0442\u0440\u043e\u043c\u0443 \u0440\u0430\u0437\u0432\u0438\u0442\u0438\u044e \u0440\u0435\u0433\u0438\u043e\u043d\u0430 \u0418\u0441\u043a\u0435\u043b\u0435. \u0426\u0435\u043d\u044b \u043d\u0430 \u043d\u0435\u0434\u0432\u0438\u0436\u0438\u043c\u043e\u0441\u0442\u044c \u043f\u043e\u043a\u0430 \u043e\u0441\u0442\u0430\u044e\u0442\u0441\u044f \u0434\u043e\u0441\u0442\u0443\u043f\u043d\u044b\u043c\u0438, \u0447\u0442\u043e \u0443\u0432\u0435\u043b\u0438\u0447\u0438\u0432\u0430\u0435\u0442 \u043f\u043e\u0442\u0435\u043d\u0446\u0438\u0430\u043b \u0440\u043e\u0441\u0442\u0430 \u0438\u0445 \u0441\u0442\u043e\u0438\u043c\u043e\u0441\u0442\u0438 \u0432 \u0431\u0443\u0434\u0443\u0449\u0435\u043c. \u0412\u0441\u0451 \u044d\u0442\u043e \u0434\u0435\u043b\u0430\u0435\u0442 \u0418\u0441\u043a\u0435\u043b\u0435 \u043f\u0440\u0438\u0432\u043b\u0435\u043a\u0430\u0442\u0435\u043b\u044c\u043d\u044b\u043c \u043d\u0430\u043f\u0440\u0430\u0432\u043b\u0435\u043d\u0438\u0435\u043c \u0434\u043b\u044f \u0440\u0430\u043d\u043d\u0438\u0445 \u0438\u043d\u0432\u0435\u0441\u0442\u0438\u0446\u0438\u0439.<\/p>\n\n<h3 style=\"font-size: 18px;\">\u0414\u043b\u044f \u043a\u043e\u0433\u043e \u043f\u043e\u0434\u0445\u043e\u0434\u0438\u0442 \u044d\u0442\u043e\u0442 \u0440\u0430\u0439\u043e\u043d?<\/h3>\n<p style=\"font-size: 16px;\">\u0418\u0441\u043a\u0435\u043b\u0435 \u2014 \u043e\u0442\u043b\u0438\u0447\u043d\u044b\u0439 \u0432\u044b\u0431\u043e\u0440 \u0434\u043b\u044f \u0438\u043d\u0432\u0435\u0441\u0442\u043e\u0440\u043e\u0432, \u043c\u0435\u0447\u0442\u0430\u044e\u0449\u0438\u0445 \u0436\u0438\u0442\u044c \u0443 \u043c\u043e\u0440\u044f, \u0438 \u0432\u043b\u0430\u0434\u0435\u043b\u044c\u0446\u0435\u0432 \u043d\u0435\u0434\u0432\u0438\u0436\u0438\u043c\u043e\u0441\u0442\u0438, \u0440\u0430\u0441\u0441\u0447\u0438\u0442\u044b\u0432\u0430\u044e\u0449\u0438\u0445 \u043d\u0430 \u0432\u044b\u0441\u043e\u043a\u0438\u0439 \u0430\u0440\u0435\u043d\u0434\u043d\u044b\u0439 \u0434\u043e\u0445\u043e\u0434. \u0411\u043b\u0430\u0433\u043e\u0434\u0430\u0440\u044f \u0442\u0443\u0440\u0438\u0441\u0442\u0438\u0447\u0435\u0441\u043a\u043e\u043c\u0443 \u043f\u043e\u0442\u0435\u043d\u0446\u0438\u0430\u043b\u0443, \u0447\u0438\u0441\u043b\u0443 \u0441\u0442\u0443\u0434\u0435\u043d\u0442\u043e\u0432 \u0438 \u0440\u0430\u0441\u0442\u0443\u0449\u0435\u043c\u0443 \u0441\u043f\u0440\u043e\u0441\u0443 \u043d\u0430 \u0436\u0438\u043b\u044c\u0451, \u043d\u0435\u0434\u0432\u0438\u0436\u0438\u043c\u043e\u0441\u0442\u044c \u0432 \u044d\u0442\u043e\u043c \u0440\u0430\u0439\u043e\u043d\u0435 \u0431\u044b\u0441\u0442\u0440\u043e \u0440\u0430\u0441\u0442\u0451\u0442 \u0432 \u0446\u0435\u043d\u0435.<\/p>","protected":false},"excerpt":{"rendered":"<p>\ud83c\udfd8\ufe0f \u0130skele Sat\u0131l\u0131k Emlak, Daire, Villa, i\u015f Yeri, Arsa ve Fazlas\u0131 \u0130skele, Kuzey K\u0131br\u0131s\u2019\u0131n y\u00fckselen yat\u0131r\u0131m b\u00f6lgelerinden biridir. Geni\u015f sahil \u015feridi, modern konut projeleri ve uygun fiyatl\u0131 gayrimenkullerle yerli ve yabanc\u0131 yat\u0131r\u0131mc\u0131lar\u0131n ilgisini \u00e7ekmektedir. Sat\u0131l\u0131k emlak kategorisinde daire, villa, arsa ve ticari m\u00fclk gibi farkl\u0131 alternatifler sunan \u0130skele, hem ya\u015fam hem kazan\u00e7 odakl\u0131 beklentileri kar\u015f\u0131lar. [&hellip;]<\/p>","protected":false},"author":1,"featured_media":0,"parent":0,"menu_order":0,"comment_status":"closed","ping_status":"closed","template":"template\/template-listing-grid-v5-fullwidth-3cols.php","meta":{"footnotes":""},"class_list":["post-143765","page","type-page","status-publish","hentry"],"_links":{"self":[{"href":"https:\/\/turkkocan.com\/ru\/wp-json\/wp\/v2\/pages\/143765","targetHints":{"allow":["GET"]}}],"collection":[{"href":"https:\/\/turkkocan.com\/ru\/wp-json\/wp\/v2\/pages"}],"about":[{"href":"https:\/\/turkkocan.com\/ru\/wp-json\/wp\/v2\/types\/page"}],"author":[{"embeddable":true,"href":"https:\/\/turkkocan.com\/ru\/wp-json\/wp\/v2\/users\/1"}],"replies":[{"embeddable":true,"href":"https:\/\/turkkocan.com\/ru\/wp-json\/wp\/v2\/comments?post=143765"}],"version-history":[{"count":0,"href":"https:\/\/turkkocan.com\/ru\/wp-json\/wp\/v2\/pages\/143765\/revisions"}],"wp:attachment":[{"href":"https:\/\/turkkocan.com\/ru\/wp-json\/wp\/v2\/media?parent=143765"}],"curies":[{"name":"wp","href":"https:\/\/api.w.org\/{rel}","templated":true}]}}