{"id":489,"date":"2025-06-07T23:35:52","date_gmt":"2025-06-07T23:35:52","guid":{"rendered":"https:\/\/turkkocan.com\/?page_id=489"},"modified":"2025-06-29T00:07:50","modified_gmt":"2025-06-29T00:07:50","slug":"amlak-baraye-foroush-dar-kebleh-qybrs","status":"publish","type":"page","link":"https:\/\/turkkocan.com\/fa\/amlak-baraye-foroush-dar-kebleh-qybrs\/","title":{"rendered":"\u0627\u0645\u0644\u0627\u06a9 \u0642\u0628\u0631\u0633 \u0634\u0645\u0627\u0644\u06cc"},"content":{"rendered":"<h2 style=\"font-size: 20px;\">\ud83c\udfdd\ufe0f \u0627\u0645\u0644\u0627\u06a9 \u0648 \u0645\u0633\u062a\u063a\u0644\u0627\u062a \u0642\u0628\u0631\u0633 \u0634\u0645\u0627\u0644\u06cc \u0628\u0631\u0627\u06cc \u0641\u0631\u0648\u0634\u060c \u0622\u067e\u0627\u0631\u062a\u0645\u0627\u0646\u060c \u0648\u06cc\u0644\u0627\u060c \u062f\u0641\u062a\u0631 \u06a9\u0627\u0631\u060c \u0632\u0645\u06cc\u0646 \u0648 \u0645\u0648\u0627\u0631\u062f \u062f\u06cc\u06af\u0631 <\/h2>\n<p style=\"font-size: 16px;\">\u0642\u0628\u0631\u0633 \u0634\u0645\u0627\u0644\u06cc \u0628\u0627 \u0632\u06cc\u0628\u0627\u06cc\u06cc\u200c\u0647\u0627\u06cc \u0637\u0628\u06cc\u0639\u06cc\u060c \u0622\u0628\u200c\u0648\u200c\u0647\u0648\u0627\u06cc \u0622\u0641\u062a\u0627\u0628\u06cc \u062f\u0631 \u062a\u0645\u0627\u0645 \u0637\u0648\u0644 \u0633\u0627\u0644 \u0648 \u0627\u0645\u0644\u0627\u06a9 \u0645\u0642\u0631\u0648\u0646\u200c\u0628\u0647\u200c\u0635\u0631\u0641\u0647\u060c \u0628\u0627\u0632\u0627\u0631 \u0627\u0645\u0644\u0627\u06a9 \u062c\u0630\u0627\u0628\u06cc \u0628\u0631\u0627\u06cc \u0633\u0631\u0645\u0627\u06cc\u0647\u200c\u06af\u0630\u0627\u0631\u0627\u0646 \u062f\u0627\u062e\u0644\u06cc \u0648 \u062e\u0627\u0631\u062c\u06cc \u0641\u0631\u0627\u0647\u0645 \u06a9\u0631\u062f\u0647 \u0627\u0633\u062a. \u0627\u0632 \u0622\u067e\u0627\u0631\u062a\u0645\u0627\u0646\u200c\u0647\u0627\u06cc \u0641\u0631\u0648\u0634\u06cc \u06af\u0631\u0641\u062a\u0647 \u062a\u0627 \u0648\u06cc\u0644\u0627\u0647\u0627\u06cc \u0645\u0633\u062a\u0642\u0644\u060c \u062e\u0627\u0646\u0647\u200c\u0647\u0627\u06cc \u06cc\u06cc\u0644\u0627\u0642\u06cc \u062a\u0627 \u0627\u0645\u0644\u0627\u06a9 \u062a\u062c\u0627\u0631\u06cc\u060c \u0628\u0627\u0632\u0627\u0631 \u0627\u0645\u0644\u0627\u06a9 \u0642\u0628\u0631\u0633 \u0634\u0645\u0627\u0644\u06cc \u0641\u0631\u0635\u062a\u200c\u0647\u0627\u06cc \u0628\u06cc\u200c\u0646\u0638\u06cc\u0631\u06cc \u0628\u0631\u0627\u06cc \u0632\u0646\u062f\u06af\u06cc \u06cc\u0627 \u0633\u0631\u0645\u0627\u06cc\u0647\u200c\u06af\u0630\u0627\u0631\u06cc \u0627\u0631\u0627\u0626\u0647 \u0645\u06cc\u200c\u062f\u0647\u062f.<\/p>\n\n<h3 style=\"font-size: 18px;\">\u062f\u0631 \u06a9\u062f\u0627\u0645 \u0645\u0646\u0627\u0637\u0642 \u0645\u06cc\u200c\u062a\u0648\u0627\u0646 \u0645\u0644\u06a9 \u0641\u0631\u0648\u0634\u06cc \u067e\u06cc\u062f\u0627 \u06a9\u0631\u062f\u061f<\/h3>\n<p style=\"font-size: 16px;\">\u062f\u0631 \u0642\u0628\u0631\u0633 \u0634\u0645\u0627\u0644\u06cc\u060c \u0628\u0647\u200c\u0648\u06cc\u0698\u0647 \u062f\u0631 \u06af\u06cc\u0631\u0646\u0647\u060c \u063a\u0627\u0632\u06cc\u200c\u0645\u0627\u063a\u0648\u0633\u0627\u060c \u0627\u06cc\u0633\u06a9\u0644\u0647\u060c \u0644\u0641\u06a9\u0648\u0634\u0627\u060c \u0644\u0641\u06a9\u0647 \u0648 \u06af\u0648\u0632\u0644\u06cc\u200c\u06cc\u0648\u0631\u062a\u060c \u06af\u0632\u06cc\u0646\u0647\u200c\u0647\u0627\u06cc \u0645\u062a\u0646\u0648\u0639 \u0627\u0645\u0644\u0627\u06a9 \u0628\u0631\u0627\u06cc \u0647\u0631 \u0628\u0648\u062f\u062c\u0647\u200c\u0627\u06cc \u0648\u062c\u0648\u062f \u062f\u0627\u0631\u062f. \u0627\u0632 \u067e\u0631\u0648\u0698\u0647\u200c\u0647\u0627\u06cc \u0633\u0627\u062d\u0644\u06cc \u0648 \u0622\u067e\u0627\u0631\u062a\u0645\u0627\u0646\u200c\u0647\u0627\u06cc \u0646\u0632\u062f\u06cc\u06a9 \u0645\u0631\u06a9\u0632 \u0634\u0647\u0631 \u06af\u0631\u0641\u062a\u0647 \u062a\u0627 \u062e\u0627\u0646\u0647\u200c\u0647\u0627\u06cc \u0645\u0633\u062a\u0642\u0644 \u062f\u0631 \u062f\u0644 \u0637\u0628\u06cc\u0639\u062a \u0648 \u0639\u0645\u0627\u0631\u062a\u200c\u0647\u0627\u06cc \u0644\u0648\u06a9\u0633\u060c \u0647\u0645\u0647 \u0646\u06cc\u0627\u0632\u0647\u0627\u06cc \u0632\u0646\u062f\u06af\u06cc \u06cc\u0627 \u0633\u0631\u0645\u0627\u06cc\u0647\u200c\u06af\u0630\u0627\u0631\u06cc \u0634\u0645\u0627 \u0631\u0627 \u067e\u0648\u0634\u0634 \u0645\u06cc\u200c\u062f\u0647\u0646\u062f.<\/p>\n\n<h3 style=\"font-size: 18px;\">\u0645\u0632\u0627\u06cc\u0627\u06cc \u0633\u0631\u0645\u0627\u06cc\u0647\u200c\u06af\u0630\u0627\u0631\u06cc \u062f\u0631 \u0627\u0645\u0644\u0627\u06a9 \u0641\u0631\u0648\u0634\u06cc \u062f\u0631 \u0642\u0628\u0631\u0633 \u0634\u0645\u0627\u0644\u06cc<\/h3>\n<p style=\"font-size: 16px;\">\u0633\u0631\u0645\u0627\u06cc\u0647\u200c\u06af\u0630\u0627\u0631\u06cc \u062f\u0631 \u0627\u0645\u0644\u0627\u06a9 \u0641\u0631\u0648\u0634\u06cc \u062f\u0631 \u0642\u0628\u0631\u0633 \u0634\u0645\u0627\u0644\u06cc \u0645\u0632\u0627\u06cc\u0627\u06cc \u0632\u06cc\u0627\u062f\u06cc \u062f\u0627\u0631\u062f\u060c \u0627\u0632 \u062c\u0645\u0644\u0647 \u0647\u0632\u06cc\u0646\u0647 \u067e\u0627\u06cc\u06cc\u0646 \u0645\u0627\u0644\u06a9\u06cc\u062a\u060c \u0627\u0641\u0632\u0627\u06cc\u0634 \u0627\u0631\u0632\u0634 \u0628\u0631 \u067e\u0627\u06cc\u0647 \u0627\u0631\u0632 \u062e\u0627\u0631\u062c\u06cc\u060c \u0633\u0646\u062f \u0645\u0627\u0644\u06a9\u06cc\u062a \u0645\u0639\u062a\u0628\u0631 \u0648 \u062f\u0631\u0622\u0645\u062f \u0627\u062c\u0627\u0631\u0647\u200c\u0627\u06cc. \u0631\u0648\u0646\u062f \u0622\u0633\u0627\u0646 \u0627\u062e\u0630 \u0645\u0644\u06a9 \u0628\u0631\u0627\u06cc \u0633\u0631\u0645\u0627\u06cc\u0647\u200c\u06af\u0630\u0627\u0631\u0627\u0646 \u062e\u0627\u0631\u062c\u06cc\u060c \u0628\u0647\u200c\u0648\u06cc\u0698\u0647 \u0627\u0632 \u0627\u0631\u0648\u067e\u0627 \u0648 \u062e\u0627\u0648\u0631\u0645\u06cc\u0627\u0646\u0647\u060c \u062a\u0642\u0627\u0636\u0627\u06cc \u0632\u06cc\u0627\u062f\u06cc \u0627\u06cc\u062c\u0627\u062f \u06a9\u0631\u062f\u0647 \u0627\u0633\u062a. \u0632\u06cc\u0631\u0633\u0627\u062e\u062a\u200c\u0647\u0627\u06cc \u062f\u0631 \u062d\u0627\u0644 \u062a\u0648\u0633\u0639\u0647\u060c \u0631\u0634\u062f \u06af\u0631\u062f\u0634\u06af\u0631\u06cc \u0648 \u062d\u0636\u0648\u0631 \u062f\u0627\u0646\u0634\u06af\u0627\u0647\u200c\u0647\u0627 \u0628\u0627\u0639\u062b \u0627\u0641\u0632\u0627\u06cc\u0634 \u0645\u062f\u0627\u0648\u0645 \u0627\u0631\u0632\u0634 \u0627\u0645\u0644\u0627\u06a9 \u0645\u06cc\u200c\u0634\u0648\u0646\u062f.<\/p>\n\n\n\n<p><\/p>","protected":false},"excerpt":{"rendered":"<p>\ud83c\udfdd\ufe0f Kuzey K\u0131br\u0131s Sat\u0131l\u0131k Emlak, Daire, Villa, i\u015f Yeri, Arsa ve Fazlas\u0131 Kuzey K\u0131br\u0131s, do\u011fal g\u00fczellikleri, y\u0131l boyu s\u00fcren g\u00fcne\u015fli iklimi ve uygun fiyatl\u0131 gayrimenkulleriyle hem yerli hem yabanc\u0131 yat\u0131r\u0131mc\u0131lar i\u00e7in cazip bir emlak piyasas\u0131na sahiptir. Sat\u0131l\u0131k dairelerden m\u00fcstakil villalara, bungalov evlerden ticari m\u00fclklere kadar geni\u015f se\u00e7enekler sunan Kuzey K\u0131br\u0131s emlak pazar\u0131, ya\u015fam kurmak veya [&hellip;]<\/p>","protected":false},"author":1,"featured_media":0,"parent":0,"menu_order":0,"comment_status":"closed","ping_status":"closed","template":"template\/template-listing-grid-v5-fullwidth-3cols.php","meta":{"footnotes":""},"class_list":["post-489","page","type-page","status-publish","hentry"],"_links":{"self":[{"href":"https:\/\/turkkocan.com\/fa\/wp-json\/wp\/v2\/pages\/489","targetHints":{"allow":["GET"]}}],"collection":[{"href":"https:\/\/turkkocan.com\/fa\/wp-json\/wp\/v2\/pages"}],"about":[{"href":"https:\/\/turkkocan.com\/fa\/wp-json\/wp\/v2\/types\/page"}],"author":[{"embeddable":true,"href":"https:\/\/turkkocan.com\/fa\/wp-json\/wp\/v2\/users\/1"}],"replies":[{"embeddable":true,"href":"https:\/\/turkkocan.com\/fa\/wp-json\/wp\/v2\/comments?post=489"}],"version-history":[{"count":0,"href":"https:\/\/turkkocan.com\/fa\/wp-json\/wp\/v2\/pages\/489\/revisions"}],"wp:attachment":[{"href":"https:\/\/turkkocan.com\/fa\/wp-json\/wp\/v2\/media?parent=489"}],"curies":[{"name":"\u0648\u0631\u062f\u067e\u0631\u0633","href":"https:\/\/api.w.org\/{rel}","templated":true}]}}