{"id":334758,"date":"2025-07-03T07:11:43","date_gmt":"2025-07-03T07:11:43","guid":{"rendered":"https:\/\/turkkocan.com\/?page_id=334758"},"modified":"2025-09-17T21:49:27","modified_gmt":"2025-09-17T21:49:27","slug":"qebres-shomali-keraye-mashin","status":"publish","type":"page","link":"https:\/\/turkkocan.com\/fa\/qebres-shomali-keraye-mashin\/","title":{"rendered":"\u0627\u062c\u0627\u0631\u0647 \u062e\u0648\u062f\u0631\u0648 \u0642\u0628\u0631\u0633 \u0634\u0645\u0627\u0644\u06cc"},"content":{"rendered":"<div data-elementor-type=\"wp-page\" data-elementor-id=\"334758\" class=\"elementor elementor-334758\" data-elementor-post-type=\"page\">\n\t\t\t\t<div class=\"elementor-element elementor-element-f0d8f70 e-con-full e-flex e-con e-parent\" data-id=\"f0d8f70\" data-element_type=\"container\">\n\t\t\t\t<div class=\"elementor-element elementor-element-79ae0fc elementor-widget elementor-widget-image\" data-id=\"79ae0fc\" data-element_type=\"widget\" data-widget_type=\"image.default\">\n\t\t\t\t<div class=\"elementor-widget-container\">\n\t\t\t\t\t\t\t\t\t\t\t\t\t\t\t<img decoding=\"async\" src=\"https:\/\/depo.turkkocan.com\/elementor\/thumbs\/Rent-A-Car-Turkkocan-min-r87hugopemlxkmglsrjg1hu7ko6idur5ha8v1u5z34.webp\" title=\"Rent-A-Car-Turkkocan-min\" alt=\"Rent-A-Car-Turkkocan-min\" loading=\"lazy\" \/>\t\t\t\t\t\t\t\t\t\t\t\t\t\t\t<\/div>\n\t\t\t\t<\/div>\n\t\t\t\t<div class=\"elementor-element elementor-element-ed737d4 elementor-headline--style-highlight elementor-widget elementor-widget-animated-headline\" data-id=\"ed737d4\" data-element_type=\"widget\" data-settings=\"{&quot;highlighted_text&quot;:&quot;kalmay\\u0131n!&quot;,&quot;marker&quot;:&quot;underline&quot;,&quot;headline_style&quot;:&quot;highlight&quot;,&quot;loop&quot;:&quot;yes&quot;,&quot;highlight_animation_duration&quot;:1200,&quot;highlight_iteration_delay&quot;:8000}\" data-widget_type=\"animated-headline.default\">\n\t\t\t\t<div class=\"elementor-widget-container\">\n\t\t\t\t\t\t\t<h3 class=\"elementor-headline translation-block\"><span class=\"elementor-headline-plain-text elementor-headline-text-wrapper\">\u062f\u0631 \u062c\u0633\u062a\u062c\u0648\u06cc \u062e\u0627\u0646\u0647\u200c\u062a\u0627\u0646<br>\u067e\u0627\u06cc \u067e\u06cc\u0627\u062f\u0647 \u0646\u0645\u0627\u0646\u06cc\u062f<\/span>\n<span class=\"elementor-headline-dynamic-wrapper elementor-headline-text-wrapper\">\n  <span class=\"elementor-headline-dynamic-text elementor-headline-text-active\">!<\/span>\n  \n<\/span><\/h3>\n\t\t\t\t\t\t<\/div>\n\t\t\t\t<\/div>\n\t\t\t\t<\/div>\n\t\t<div class=\"elementor-element elementor-element-2c20e94 e-flex e-con-boxed e-con e-parent\" data-id=\"2c20e94\" data-element_type=\"container\" data-settings=\"{&quot;background_background&quot;:&quot;classic&quot;}\">\n\t\t\t\t\t<div class=\"e-con-inner\">\n\t\t\t\t<div class=\"elementor-element elementor-element-11ee87c elementor-widget elementor-widget-text-editor\" data-id=\"11ee87c\" data-element_type=\"widget\" data-widget_type=\"text-editor.default\">\n\t\t\t\t<div class=\"elementor-widget-container\">\n\t\t\t\t\t\t\t\t\t<p>\u0628\u0627 \u062a\u0634\u06a9\u0631 \u0627\u0632 \u06af\u0632\u06cc\u0646\u0647\u200c\u0647\u0627\u06cc \u06af\u0633\u062a\u0631\u062f\u0647 \u062e\u0648\u062f\u0631\u0648 \u06a9\u0647 \u0634\u0631\u06a9\u062a \u0639\u0636\u0648 \u0645\u0627 \u0627\u0631\u0627\u0626\u0647 \u0645\u06cc\u200c\u062f\u0647\u062f\u060c \u062f\u0631 \u0647\u0646\u06af\u0627\u0645 \u0645\u0634\u0627\u0647\u062f\u0647 \u0622\u06af\u0647\u06cc \u062e\u0648\u062f \u0645\u06cc\u200c\u062a\u0648\u0627\u0646\u06cc\u062f \u062a\u0646\u0647\u0627 \u0628\u0627 \u06cc\u06a9 \u06a9\u0644\u06cc\u06a9 \u062e\u0648\u062f\u0631\u0648\u06cc\u06cc \u0631\u0627 \u0627\u062c\u0627\u0631\u0647 \u06a9\u0646\u06cc\u062f \u06a9\u0647 \u0628\u0647\u062a\u0631\u06cc\u0646 \u067e\u0627\u0633\u062e \u0631\u0627 \u0628\u0647 \u0646\u06cc\u0627\u0632\u0647\u0627\u06cc \u0634\u0645\u0627 \u0645\u06cc\u200c\u062f\u0647\u062f \u0648 \u0628\u0627 \u0631\u0627\u0647\u200c\u062d\u0644\u200c\u0647\u0627\u06cc \u0631\u0627\u062d\u062a\u060c \u0642\u0627\u0628\u0644\u200c\u0627\u0639\u062a\u0645\u0627\u062f \u0648 \u0645\u0642\u0631\u0648\u0646\u200c\u0628\u0647\u200c\u0635\u0631\u0641\u0647 \u0628\u0647 \u06a9\u0634\u0641 \u0645\u0646\u0632\u0644 \u062c\u062f\u06cc\u062f\u062a\u0627\u0646 \u0628\u067e\u0631\u062f\u0627\u0632\u06cc\u062f.<\/p>\t\t\t\t\t\t\t\t<\/div>\n\t\t\t\t<\/div>\n\t\t\t\t<div class=\"elementor-element elementor-element-c4e5099 elementor-invisible elementor-widget elementor-widget-ucaddon_post_grid\" data-id=\"c4e5099\" data-element_type=\"widget\" data-settings=\"{&quot;_animation&quot;:&quot;lightSpeedIn&quot;}\" data-widget_type=\"ucaddon_post_grid.default\">\n\t\t\t\t<div class=\"elementor-widget-container\">\n\t\t\t\t\t\n<!-- start Post Grid -->\n\t\t<link id='font-awesome-css' href='https:\/\/turkkocan.com\/wp-content\/plugins\/unlimited-elements-for-elementor\/assets_libraries\/font-awesome6\/fontawesome-all.min.css' type='text\/css' rel='stylesheet' >\n\t\t<link id='font-awesome-4-shim-css' href='https:\/\/turkkocan.com\/wp-content\/plugins\/unlimited-elements-for-elementor\/assets_libraries\/font-awesome6\/fontawesome-v4-shims.min.css' type='text\/css' rel='stylesheet' >\n\n<style>\/* widget: Post Grid *\/\n\n\n\n#uc_post_grid_elementor_c4e5099{\n  min-height: 1px;\n}\n\n#uc_post_grid_elementor_c4e5099.uc_post_grid_style_one .uc_post_grid_style_one_wrap {\n   display:grid;\n}\n\n\n#uc_post_grid_elementor_c4e5099 .uc_post_grid_style_one_item{\n  position:relative;\n}\n\n#uc_post_grid_elementor_c4e5099 .uc_post_image{\n  transition:0.3s;\n  position:relative;\n  overflow:hidden;\n}\n\n#uc_post_grid_elementor_c4e5099 .uc_post_image img{\n  width:100%;\n  display:block;\n  transition:0.3s;\n}\n\n\t#uc_post_grid_elementor_c4e5099 .ue-item:hover .uc_post_image img    {\n      transform:scale(1.1,1.1);\n    }\n\t\n\n#uc_post_grid_elementor_c4e5099 .uc_post_image_overlay{\n  position:absolute;\n  top:0px;\n  left:0px;\n  height:100%;\n  width:100%;\n  transition:0.3s;\n}\n\n#uc_post_grid_elementor_c4e5099 .uc_more_btn-custom-field{\n  display:inline-block;\n  text-align:center;\n  text-decoration:none;\n  transition:0.3s;\n}\n\n#uc_post_grid_elementor_c4e5099 .uc_more_btn{\n  display:inline-block;\n  text-align:center;\n  text-decoration:none;\n  transition:0.3s;\n}\n\n.ue-grid-item-category a{\n  display:inline-block;\n  font-size:10px;\n  position: relative;\n  z-index: 1;\n}\n\n#uc_post_grid_elementor_c4e5099 .ue-grid-item-posttype{\n  display:inline-block;\n  position: relative;\n  z-index: 1;\n}\n\n\n.uc_post_title{\n  font-size:21px;\n}\n\n\n\n  #uc_post_grid_elementor_c4e5099:not(.ue-list-view) .ue_post_grid_item{\n    display:flex;\n    flex-direction:column;\n  }\n\n  #uc_post_grid_elementor_c4e5099.uc_post_grid_style_one:not(.ue-list-view) .uc_content{\n   flex-grow:1;\n  }\n\n  #uc_post_grid_elementor_c4e5099.uc_post_grid_style_one .uc_content > div{\n    height:100%;\n    display:flex;\n    flex-direction:column;\n      }\n\n  \n\n\n\n\n\n\n\n\n\n\n\n\n\/*  for grid\/list layout switcher*\/\n\t#uc_post_grid_elementor_c4e5099.ue-list-view .uc_post_grid_style_one_item {\n     display:flex;  \n     flex-direction:row;\n    }\n    #uc_post_grid_elementor_c4e5099.ue-list-view .uc_post_grid_style_one_item > div{\n     width:50%;\n    }\n   \n    #uc_post_grid_elementor_c4e5099.ue-list-view .uc_content    {\n      display:flex;\n      flex-direction:column;\n      justify-content:center;\n    }\n \n\/*  for grid\/list layout switcher*\/\n\n#uc_post_grid_elementor_c4e5099 .ue-meta-data{  \n  display:flex !important;\n  flex-wrap: wrap;\n  line-height:1em;\n}\n\n#uc_post_grid_elementor_c4e5099 .ue-grid-item-meta-data{\n  display:inline-flex;\n  align-items:center;\n}\n\n#uc_post_grid_elementor_c4e5099 .ue-grid-item-meta-data a{\n  color:inherit;\n}\n\n.ue-grid-item-meta-data{\n  font-size:12px;\n}\n\n#uc_post_grid_elementor_c4e5099 .ue-grid-item-meta-data-icon{\n  line-height:1em;\n}\n\n#uc_post_grid_elementor_c4e5099 .ue-grid-item-meta-data-icon svg{\n  width:1em;\n  height:1em;\n}\n\n#uc_post_grid_elementor_c4e5099 .ue-debug-meta{\n  padding:10px;\n  border:1px solid red;\n  position:relative;\n  line-height:1.5em;\n  font-size:11px;\n  width:100%;\n}\n\n#uc_post_grid_elementor_c4e5099 .uc_btn_inner{\n  display:inline-flex;\n  align-items:center;\n  pointer-events:none;\n}\n\n#uc_post_grid_elementor_c4e5099 .uc_btn_inner svg{\n  width:1em;\n  height:1em;\n}\n#uc_post_grid_elementor_c4e5099 .ue_p_title{\n  pointer-events:none;\n}\n\n\n#uc_post_grid_elementor_c4e5099 .uc_content_inner{\n  width: 100%;\n}\n\n\n#uc_post_grid_elementor_c4e5099 .view-switcher-button{\n  display: flex;\n  align-items: center;\n}\n\n#uc_post_grid_elementor_c4e5099 .view-switcher-icon{\n  display: flex;\n  align-items: center;\n  line-height: 1;\n  cursor: pointer;\n  transition: all .3s ease;\n}\n\n#uc_post_grid_elementor_c4e5099 .view-switcher-icon svg{\n  height:1em;\n  width:1em;\n}\n\n#uc_post_grid_elementor_c4e5099 .view-switcher-icon.ue-hidden{\n  display: none;\n}\n\n\n#uc_post_grid_elementor_c4e5099_item1 [href=\"javascript:void(0)\"]{\n  cursor: unset;\n}\n\n\n<\/style>\n\n<div class=\"uc_post_grid_style_one\" id=\"uc_post_grid_elementor_c4e5099\"  >\n  \t\n  <div class=\"uc_post_grid_style_one_wrap ue_post_grid uc-items-wrapper ue-woo-grid\">\n\t\t\t\n\n\n\n<div id=\"uc_post_grid_elementor_c4e5099_item1\" class=\"uc_post_grid_style_one_item ue_post_grid_item ue-item\">\n  \n      <a class=\"uc_post_grid_style_one_image\" href='https:\/\/turkkocan.com\/fa\/%d9%86%d8%a7%d9%88%da%af%d8%a7%d9%86-szc\/' target=\"_self\">\n     <div class=\"uc_post_image\">\n       <img fetchpriority=\"high\" decoding=\"async\" src=\"https:\/\/depo.turkkocan.com\/2025\/07\/szc-filo-min-scaled.webp?wsr\" alt=\"\u0627\u062c\u0627\u0631\u0647 \u0646\u0627\u0648\u06af\u0627\u0646 SZC\" width=\"2560\" height=\"1280\" title=\"\">\n       <div class=\"uc_post_image_overlay\"><\/div>\n     <\/div>\n    <\/a>\n   \n  <div class=\"uc_content\">\n    <div class=\"uc_content_inner\">\n      <div class=\"uc_content-info-wrapper\" >\n        \n\n               \n       \n              \n\n            \t\t\t<div class=\"uc_post_title\"><a class=\"\" href='https:\/\/turkkocan.com\/fa\/%d9%86%d8%a7%d9%88%da%af%d8%a7%d9%86-szc\/' target=\"_self\"><div class=\"ue_p_title\">\u0646\u0627\u0648\u06af\u0627\u0646 SZC \/ \u0627\u062c\u0627\u0631\u0647 \u062e\u0648\u062f\u0631\u0648<\/div><\/a><\/div>\n      \t\n                      \n       \n        <div class=\"ue-meta-data\">\n            \n                \t    \n                \n        \n\t\n                \n                \n                \n                \n    \t\t\t\n      \n            \n  <\/div>\t\n           \n                 \n                            \n                                  \n     <\/div>                      \n                           \n \t<\/div>  <\/div>      \n        \n<\/div>\n\n\t\t<\/div>\n\t<\/div>\n\n\n\n  <div id=\"uc_post_grid_elementor_c4e5099_empty_message\" class=\"ue-no-posts-found\"  style=\"display:none\" >No posts found<\/div>\n\n\n<!-- end Post Grid -->\t\t\t\t<\/div>\n\t\t\t\t<\/div>\n\t\t\t\t<div class=\"elementor-element elementor-element-c85ba9c elementor-widget elementor-widget-text-editor\" data-id=\"c85ba9c\" data-element_type=\"widget\" data-widget_type=\"text-editor.default\">\n\t\t\t\t<div class=\"elementor-widget-container\">\n\t\t\t\t\t\t\t\t\t<p class=\"translation-block\">\u0622\u06cc\u0627 \u0645\u0627\u06cc\u0644\u06cc\u062f \u0628\u0627 \u0627\u0641\u0632\u0648\u062f\u0646 \u0634\u0631\u06a9\u062a \u062e\u0648\u062f \u062f\u0631 \u0627\u06cc\u0646\u062c\u0627\u060c \u0622\u0646 \u0631\u0627 \u0628\u06cc\u0634\u062a\u0631 \u0642\u0627\u0628\u0644 \u0645\u0634\u0627\u0647\u062f\u0647 \u06a9\u0646\u06cc\u062f\u061f \u0628\u0631\u0627\u06cc \u067e\u06cc\u0648\u0633\u062a\u0646 \u0628\u0647 \u062e\u0627\u0646\u0648\u0627\u062f\u0647 Turkko\u00e7an.com Rent A Car \u0648 \u0628\u0647\u0631\u0647\u200c\u0645\u0646\u062f\u06cc \u0627\u0632 \u0645\u0632\u0627\u06cc\u0627\u06cc \u062a\u0628\u0644\u06cc\u063a\u0627\u062a\u06cc\u060c <a style=\"color: #007bff;text-decoration: none\" href=\"https:\/\/estatepanel.com\/rent-a-car-tanitim-paketleri\/\" rel=\"nofollow noopener\" target=\"_blank\">\u0628\u0627 \u0645\u0627 \u062a\u0645\u0627\u0633 \u0628\u06af\u06cc\u0631\u06cc\u062f<\/a>!<\/p>\t\t\t\t\t\t\t\t<\/div>\n\t\t\t\t<\/div>\n\t\t\t\t\t<\/div>\n\t\t\t\t<\/div>\n\t\t\t\t<\/div>","protected":false},"excerpt":{"rendered":"<p>Evinizi ararken yaya kalmay\u0131n! \u00dcye\u00a0 firmam\u0131z\u0131n sundu\u011fu zengin ara\u00e7 se\u00e7enekleri sayesinde; ilan\u0131n\u0131za g\u00f6z atarken, ihtiya\u00e7lar\u0131n\u0131za en uygun arac\u0131 da tek t\u0131kla kiralayabilir; konforlu, g\u00fcvenilir ve b\u00fct\u00e7enize uygun \u00e7\u00f6z\u00fcmlerle yeni evinizi ke\u015ffe \u00e7\u0131kabilirsiniz. SZC F\u0130LO \/ Ara\u00e7 Kiralama No posts found \u00a0Firman\u0131z\u0131 buraya ekleyerek firman\u0131z\u0131 daha g\u00f6r\u00fcn\u00fcr k\u0131lmak ister misiniz? Turkkocan.com Rent A Car ailesine kat\u0131lmak [&hellip;]<\/p>","protected":false},"author":1,"featured_media":0,"parent":0,"menu_order":0,"comment_status":"closed","ping_status":"closed","template":"elementor_header_footer","meta":{"footnotes":""},"class_list":["post-334758","page","type-page","status-publish","hentry"],"_links":{"self":[{"href":"https:\/\/turkkocan.com\/fa\/wp-json\/wp\/v2\/pages\/334758","targetHints":{"allow":["GET"]}}],"collection":[{"href":"https:\/\/turkkocan.com\/fa\/wp-json\/wp\/v2\/pages"}],"about":[{"href":"https:\/\/turkkocan.com\/fa\/wp-json\/wp\/v2\/types\/page"}],"author":[{"embeddable":true,"href":"https:\/\/turkkocan.com\/fa\/wp-json\/wp\/v2\/users\/1"}],"replies":[{"embeddable":true,"href":"https:\/\/turkkocan.com\/fa\/wp-json\/wp\/v2\/comments?post=334758"}],"version-history":[{"count":0,"href":"https:\/\/turkkocan.com\/fa\/wp-json\/wp\/v2\/pages\/334758\/revisions"}],"wp:attachment":[{"href":"https:\/\/turkkocan.com\/fa\/wp-json\/wp\/v2\/media?parent=334758"}],"curies":[{"name":"\u0648\u0631\u062f\u067e\u0631\u0633","href":"https:\/\/api.w.org\/{rel}","templated":true}]}}