{"id":3,"date":"2025-05-15T13:03:46","date_gmt":"2025-05-15T13:03:46","guid":{"rendered":"https:\/\/turkkocan.com\/?page_id=3"},"modified":"2025-07-06T06:43:09","modified_gmt":"2025-07-06T06:43:09","slug":"privacy-policy","status":"publish","type":"page","link":"https:\/\/turkkocan.com\/fa\/privacy-policy\/","title":{"rendered":"\u0633\u06cc\u0627\u0633\u062a \u062d\u0631\u06cc\u0645 \u062e\u0635\u0648\u0635\u06cc"},"content":{"rendered":"<div data-elementor-type=\"wp-page\" data-elementor-id=\"3\" class=\"elementor elementor-3\" data-elementor-post-type=\"page\">\n\t\t\t\t<div class=\"elementor-element elementor-element-7b4e6df e-flex e-con-boxed e-con e-parent\" data-id=\"7b4e6df\" data-element_type=\"container\">\n\t\t\t\t\t<div class=\"e-con-inner\">\n\t\t\t\t<div class=\"elementor-element elementor-element-aba3542 elementor-widget elementor-widget-text-editor\" data-id=\"aba3542\" data-element_type=\"widget\" data-widget_type=\"text-editor.default\">\n\t\t\t\t<div class=\"elementor-widget-container\">\n\t\t\t\t\t\t\t\t\t<h3><strong>\u0633\u06cc\u0627\u0633\u062a \u062d\u0631\u06cc\u0645 \u062e\u0635\u0648\u0635\u06cc<\/strong><\/h3><p class=\"translation-block\">\u0645\u0641\u0627\u062f \u06a9\u0644\u06cc<br>\u0628\u0647\u200c\u0639\u0646\u0648\u0627\u0646 \u06cc\u06a9 \u067e\u0644\u062a\u0641\u0631\u0645 \u0622\u06af\u0647\u06cc \u0627\u0645\u0644\u0627\u06a9\u060c T\u00fcrkKo\u00e7an.com (\u00ab\u0633\u0627\u06cc\u062a\u00bb) \u0627\u0647\u0645\u06cc\u062a \u0632\u06cc\u0627\u062f\u06cc \u0628\u0631\u0627\u06cc \u062d\u0641\u0627\u0638\u062a \u0627\u0632 \u062f\u0627\u062f\u0647\u200c\u0647\u0627\u06cc \u0634\u062e\u0635\u06cc \u06a9\u0627\u0631\u0628\u0631\u0627\u0646 \u062e\u0648\u062f \u0642\u0627\u0626\u0644 \u0627\u0633\u062a. \u0627\u06cc\u0646 \u0633\u06cc\u0627\u0633\u062a \u062d\u0641\u0638 \u062d\u0631\u06cc\u0645 \u062e\u0635\u0648\u0635\u06cc \u062a\u0648\u0636\u06cc\u062d \u0645\u06cc\u200c\u062f\u0647\u062f \u0686\u0647 \u0646\u0648\u0639 \u0627\u0637\u0644\u0627\u0639\u0627\u062a\u06cc \u0631\u0627 \u0647\u0646\u06af\u0627\u0645 \u062f\u0633\u062a\u0631\u0633\u06cc \u0628\u0647 \u0633\u0627\u06cc\u062a \u062c\u0645\u0639\u200c\u0622\u0648\u0631\u06cc \u0645\u06cc\u200c\u06a9\u0646\u06cc\u0645 \u0648 \u0686\u06af\u0648\u0646\u0647 \u0627\u06cc\u0646 \u0627\u0637\u0644\u0627\u0639\u0627\u062a \u0631\u0627 \u0627\u0633\u062a\u0641\u0627\u062f\u0647\u060c \u0628\u0647 \u0627\u0634\u062a\u0631\u0627\u06a9 \u0648 \u0630\u062e\u06cc\u0631\u0647 \u0645\u06cc\u200c\u06a9\u0646\u06cc\u0645. \u0645\u0627 \u0645\u0637\u0627\u0628\u0642 \u0628\u0627 \u0642\u0627\u0646\u0648\u0646 \u062d\u0641\u0627\u0638\u062a \u0627\u0632 \u062f\u0627\u062f\u0647\u200c\u0647\u0627\u06cc \u0634\u062e\u0635\u06cc \u062a\u0631\u06a9\u06cc\u0647 (KVKK\u060c \u0642\u0627\u0646\u0648\u0646 \u0634\u0645\u0627\u0631\u0647 \u06f6\u06f6\u06f9\u06f8) \u0648 \u0633\u0627\u06cc\u0631 \u0645\u0642\u0631\u0631\u0627\u062a \u0645\u0631\u062a\u0628\u0637 \u0639\u0645\u0644 \u0645\u06cc\u200c\u06a9\u0646\u06cc\u0645.<\/p><p class=\"translation-block\">2. \u062f\u0627\u062f\u0647\u200c\u0647\u0627\u06cc \u0634\u062e\u0635\u06cc \u06a9\u0647 \u062c\u0645\u0639\u200c\u0622\u0648\u0631\u06cc \u0645\u06cc\u200c\u06a9\u0646\u06cc\u0645<br>\u0647\u0646\u06af\u0627\u0645 \u0627\u0633\u062a\u0641\u0627\u062f\u0647 \u0627\u0632 \u0633\u0627\u06cc\u062a\u060c \u0645\u0645\u06a9\u0646 \u0627\u0633\u062a \u0627\u0646\u0648\u0627\u0639 \u0632\u06cc\u0631 \u0627\u0632 \u062f\u0627\u062f\u0647\u200c\u0647\u0627 \u0631\u0627 \u062c\u0645\u0639\u200c\u0622\u0648\u0631\u06cc \u06a9\u0646\u06cc\u0645:<\/p><p>\u0627\u0637\u0644\u0627\u0639\u0627\u062a \u0647\u0648\u06cc\u062a\u06cc: \u0646\u0627\u0645\u060c \u0646\u0627\u0645 \u062e\u0627\u0646\u0648\u0627\u062f\u06af\u06cc\u060c \u0634\u0645\u0627\u0631\u0647 \u0634\u0646\u0627\u0633\u0646\u0627\u0645\u0647 \u062a\u0631\u06a9\u06cc\u0647 (\u0641\u0642\u0637 \u062f\u0631 \u0645\u0648\u0627\u0631\u062f \u0636\u0631\u0648\u0631\u06cc)<\/p><p>\u0627\u0637\u0644\u0627\u0639\u0627\u062a \u062a\u0645\u0627\u0633: \u0622\u062f\u0631\u0633 \u0627\u06cc\u0645\u06cc\u0644\u060c \u0634\u0645\u0627\u0631\u0647 \u062a\u0644\u0641\u0646<\/p><p>\u062f\u0627\u062f\u0647\u200c\u0647\u0627\u06cc \u0641\u0646\u06cc: \u0622\u062f\u0631\u0633 IP\u060c \u0646\u0648\u0639 \u0648 \u0646\u0633\u062e\u0647 \u0645\u0631\u0648\u0631\u06af\u0631\u060c \u0633\u06cc\u0633\u062a\u0645\u200c\u0639\u0627\u0645\u0644\u060c \u0627\u0637\u0644\u0627\u0639\u0627\u062a \u062a\u0627\u0631\u06cc\u062e \u0648 \u0632\u0645\u0627\u0646 \u0628\u0627\u0632\u062f\u06cc\u062f<\/p><p>\u0627\u0637\u0644\u0627\u0639\u0627\u062a \u0645\u0648\u0642\u0639\u06cc\u062a: \u0627\u0637\u0644\u0627\u0639\u0627\u062a \u06a9\u0644\u06cc \u0645\u0648\u0642\u0639\u06cc\u062a (\u0628\u0631\u0627\u0633\u0627\u0633 \u062f\u0627\u062f\u0647\u200c\u0647\u0627\u06cc ISP)<\/p><p>\u062f\u0627\u062f\u0647\u200c\u0647\u0627\u06cc \u06a9\u0648\u06a9\u06cc \u0648 \u0631\u062f\u06cc\u0627\u0628\u06cc: \u06a9\u0648\u06a9\u06cc\u200c\u0647\u0627\u060c \u0648\u0628 \u0628\u06cc\u06a9\u0646\u200c\u0647\u0627 (web beacons) \u0648 \u0627\u0637\u0644\u0627\u0639\u0627\u062a \u0628\u0647\u200c\u062f\u0633\u062a\u200c\u0622\u0645\u062f\u0647 \u0627\u0632 \u0637\u0631\u06cc\u0642 \u0627\u0628\u0632\u0627\u0631\u0647\u0627\u06cc \u062a\u062d\u0644\u06cc\u0644\u06cc<\/p><p>3. \u0631\u0648\u0634\u200c\u0647\u0627\u06cc \u062c\u0645\u0639\u200c\u0622\u0648\u0631\u06cc \u062f\u0627\u062f\u0647\u200c\u0647\u0627<\/p><p>\u062f\u0627\u062f\u0647\u200c\u0647\u0627\u06cc \u0645\u0633\u062a\u0642\u06cc\u0645\u0627\u064b \u0627\u0631\u0627\u0626\u0647\u200c\u0634\u062f\u0647: \u0627\u0637\u0644\u0627\u0639\u0627\u062a\u06cc \u06a9\u0647 \u0647\u0646\u06af\u0627\u0645 \u062b\u0628\u062a\u200c\u0646\u0627\u0645\u060c \u067e\u0631\u06a9\u0631\u062f\u0646 \u0641\u0631\u0645\u060c \u0627\u0631\u0633\u0627\u0644 \u062f\u0631\u062e\u0648\u0627\u0633\u062a \u06cc\u0627 \u062f\u0631\u062e\u0648\u0627\u0633\u062a \u062a\u0645\u0627\u0633 \u0627\u0632 \u0634\u0645\u0627 \u062f\u0631\u06cc\u0627\u0641\u062a \u0645\u06cc\u200c\u0634\u0648\u062f.<\/p><p>\u062f\u0627\u062f\u0647\u200c\u0647\u0627\u06cc \u062c\u0645\u0639\u200c\u0622\u0648\u0631\u06cc\u200c\u0634\u062f\u0647 \u0628\u0647\u200c\u0635\u0648\u0631\u062a \u062e\u0648\u062f\u06a9\u0627\u0631: \u0627\u0637\u0644\u0627\u0639\u0627\u062a \u0641\u0646\u06cc \u0648 \u0627\u0633\u062a\u0641\u0627\u062f\u0647\u200c\u0627\u06cc \u06a9\u0647 \u0628\u0647\u200c\u0637\u0648\u0631 \u062e\u0648\u062f\u06a9\u0627\u0631 \u0627\u0632 \u0637\u0631\u06cc\u0642 \u06a9\u0648\u06a9\u06cc\u200c\u0647\u0627 \u0648 \u0641\u0646\u0627\u0648\u0631\u06cc\u200c\u0647\u0627\u06cc \u0645\u0634\u0627\u0628\u0647 \u062c\u0645\u0639\u200c\u0622\u0648\u0631\u06cc \u0645\u06cc\u200c\u0634\u0648\u062f.<\/p><p>\u0645\u0646\u0627\u0628\u0639 \u0634\u062e\u0635 \u062b\u0627\u0644\u062b: \u06af\u0632\u0627\u0631\u0634\u200c\u0647\u0627\u06cc \u0646\u0627\u0634\u0646\u0627\u0633\u200c\u0634\u062f\u0647 \u0627\u0632 \u0627\u0631\u0627\u0626\u0647\u200c\u062f\u0647\u0646\u062f\u06af\u0627\u0646 \u0627\u0628\u0632\u0627\u0631\u0647\u0627\u06cc \u062a\u062d\u0644\u06cc\u0644 (\u0645\u0627\u0646\u0646\u062f Google Analytics)\u060c \u067e\u0644\u062a\u0641\u0631\u0645\u200c\u0647\u0627\u06cc \u0634\u0628\u06a9\u0647\u200c\u0647\u0627\u06cc \u0627\u062c\u062a\u0645\u0627\u0639\u06cc \u06cc\u0627 \u0634\u0631\u06a9\u0627\u06cc \u062a\u062c\u0627\u0631\u06cc.<\/p><p class=\"translation-block\">4. \u06a9\u0648\u06a9\u06cc\u200c\u0647\u0627 \u0648 \u0641\u0646\u0627\u0648\u0631\u06cc\u200c\u0647\u0627\u06cc \u0631\u062f\u06cc\u0627\u0628\u06cc<br>\u0633\u0627\u06cc\u062a \u0627\u0632 \u06a9\u0648\u06a9\u06cc\u200c\u0647\u0627 \u0628\u0631\u0627\u06cc \u0628\u0647\u0628\u0648\u062f \u062a\u062c\u0631\u0628\u0647 \u06a9\u0627\u0631\u0628\u0631\u06cc \u0648 \u062a\u062c\u0632\u06cc\u0647 \u0648 \u062a\u062d\u0644\u06cc\u0644 \u062a\u0631\u0627\u0641\u06cc\u06a9 \u0633\u0627\u06cc\u062a \u0627\u0633\u062a\u0641\u0627\u062f\u0647 \u0645\u06cc\u200c\u06a9\u0646\u062f.<\/p><p>\u06a9\u0648\u06a9\u06cc\u200c\u0647\u0627\u06cc \u0644\u0627\u0632\u0645: \u0628\u0631\u0627\u06cc \u0639\u0645\u0644\u06a9\u0631\u062f \u0633\u0627\u06cc\u062a \u0636\u0631\u0648\u0631\u06cc \u0647\u0633\u062a\u0646\u062f.<\/p><p>\u06a9\u0648\u06a9\u06cc\u200c\u0647\u0627\u06cc \u0639\u0645\u0644\u06a9\u0631\u062f: \u0631\u0641\u062a\u0627\u0631 \u0628\u0627\u0632\u062f\u06cc\u062f\u06a9\u0646\u0646\u062f\u06af\u0627\u0646 \u0631\u0627 \u062a\u062d\u0644\u06cc\u0644 \u0645\u06cc\u200c\u06a9\u0646\u0646\u062f<\/p><p>\u06a9\u0648\u06a9\u06cc\u200c\u0647\u0627\u06cc \u0628\u0627\u0632\u0627\u0631\u06cc\u0627\u0628\u06cc: \u0628\u0631\u0627\u06cc \u0627\u0631\u0627\u0626\u0647 \u062a\u0628\u0644\u06cc\u063a\u0627\u062a\u06cc \u0645\u062a\u0646\u0627\u0633\u0628 \u0628\u0627 \u0639\u0644\u0627\u06cc\u0642 \u0634\u0645\u0627 \u0627\u0633\u062a\u0641\u0627\u062f\u0647 \u0645\u06cc\u200c\u0634\u0648\u0646\u062f.<\/p><p>\u0634\u0645\u0627 \u0645\u06cc\u200c\u062a\u0648\u0627\u0646\u06cc\u062f \u062a\u0646\u0638\u06cc\u0645\u0627\u062a \u06a9\u0648\u06a9\u06cc\u200c\u0647\u0627\u06cc \u062e\u0648\u062f \u0631\u0627 \u0627\u0632 \u0637\u0631\u06cc\u0642 \u062a\u0646\u0638\u06cc\u0645\u0627\u062a \u0645\u0631\u0648\u0631\u06af\u0631 \u0645\u062f\u06cc\u0631\u06cc\u062a \u06a9\u0631\u062f\u0647 \u0648 \u062f\u0631 \u0647\u0631 \u0632\u0645\u0627\u0646 \u0622\u0646\u200c\u0647\u0627 \u0631\u0627 \u0631\u062f \u06a9\u0646\u06cc\u062f. \u0628\u0627 \u0627\u06cc\u0646 \u062d\u0627\u0644\u060c \u063a\u06cc\u0631\u0641\u0639\u0627\u0644\u200c\u06a9\u0631\u062f\u0646 \u06a9\u0648\u06a9\u06cc\u200c\u0647\u0627 \u0645\u0645\u06a9\u0646 \u0627\u0633\u062a \u0645\u0646\u062c\u0631 \u0628\u0647 \u0645\u062d\u062f\u0648\u062f\u06cc\u062a \u062f\u0631 \u0639\u0645\u0644\u06a9\u0631\u062f \u0633\u0627\u06cc\u062a \u0634\u0648\u062f.<\/p><p class=\"translation-block\">5. \u0627\u0647\u062f\u0627\u0641 \u0627\u0633\u062a\u0641\u0627\u062f\u0647 \u0627\u0632 \u062f\u0627\u062f\u0647\u200c\u0647\u0627\u06cc \u0634\u062e\u0635\u06cc<br>\u062f\u0627\u062f\u0647\u200c\u0647\u0627\u06cc\u06cc \u06a9\u0647 \u062c\u0645\u0639\u200c\u0622\u0648\u0631\u06cc \u0645\u06cc\u200c\u06a9\u0646\u06cc\u0645;<\/p><p>\u0628\u0631\u0627\u06cc \u0627\u0631\u0627\u0626\u0647 \u062e\u062f\u0645\u0627\u062a \u0633\u0627\u06cc\u062a\u060c \u0627\u0646\u062c\u0627\u0645 \u0646\u06af\u0647\u062f\u0627\u0631\u06cc \u0648 \u0627\u062c\u0631\u0627\u06cc \u0628\u0647\u0628\u0648\u062f\u0647\u0627\u060c<\/p><p>\u0628\u0647 \u062f\u0631\u062e\u0648\u0627\u0633\u062a\u200c\u0647\u0627\u06cc \u0634\u0645\u0627 \u067e\u0627\u0633\u062e \u062f\u0627\u062f\u0647 \u0648 \u0631\u0627\u0647\u200c\u062d\u0644\u200c\u0647\u0627\u06cc\u06cc \u0645\u062a\u0646\u0627\u0633\u0628 \u0628\u0627 \u0646\u06cc\u0627\u0632\u0647\u0627\u06cc \u0634\u0645\u0627 \u0627\u0631\u0627\u0626\u0647 \u06a9\u0646\u06cc\u0645\u060c<\/p><p>\u0634\u0646\u0627\u0633\u0627\u06cc\u06cc \u0648 \u0631\u0641\u0639 \u0645\u0634\u06a9\u0644\u0627\u062a \u0641\u0646\u06cc\u060c<\/p><p>\u062a\u062c\u0632\u06cc\u0647 \u0648 \u062a\u062d\u0644\u06cc\u0644 \u062a\u0631\u0627\u0641\u06cc\u06a9 \u0648\u0628\u200c\u0633\u0627\u06cc\u062a \u0648 \u062a\u062f\u0648\u06cc\u0646 \u0627\u0633\u062a\u0631\u0627\u062a\u0698\u06cc\u200c\u0647\u0627\u06cc \u0628\u0627\u0632\u0627\u0631\u06cc\u0627\u0628\u06cc\u060c<\/p><p>\u0628\u0631\u0627\u06cc \u0627\u0646\u062c\u0627\u0645 \u062a\u0639\u0647\u062f\u0627\u062a \u0642\u0627\u0646\u0648\u0646\u06cc \u0645\u0627 \u0627\u0633\u062a\u0641\u0627\u062f\u0647 \u062e\u0648\u0627\u0647\u062f \u0634\u062f.<\/p><p class=\"translation-block\">6. \u0627\u0634\u062a\u0631\u0627\u06a9\u200c\u06af\u0630\u0627\u0631\u06cc \u062f\u0627\u062f\u0647\u200c\u0647\u0627<br>\u0627\u0637\u0644\u0627\u0639\u0627\u062a \u0634\u062e\u0635\u06cc \u0634\u0645\u0627 \u0628\u0627 \u0627\u0634\u062e\u0627\u0635 \u062b\u0627\u0644\u062b \u0628\u0647 \u062c\u0632 \u062f\u0631 \u0645\u0648\u0627\u0631\u062f \u0632\u06cc\u0631 \u0628\u0647 \u0627\u0634\u062a\u0631\u0627\u06a9 \u06af\u0630\u0627\u0634\u062a\u0647 \u0646\u0645\u06cc\u200c\u0634\u0648\u062f:<\/p><p>\u062a\u0639\u0647\u062f\u0627\u062a \u0642\u0627\u0646\u0648\u0646\u06cc: \u0645\u0637\u0627\u0628\u0642 \u062f\u0631\u062e\u0648\u0627\u0633\u062a\u200c\u0647\u0627\u06cc \u062f\u0627\u062f\u06af\u0627\u0647\u060c \u062f\u0627\u062f\u0633\u0631\u0627 \u06cc\u0627 \u0646\u0647\u0627\u062f\u0647\u0627 \u0648 \u0633\u0627\u0632\u0645\u0627\u0646\u200c\u0647\u0627\u06cc \u062f\u0648\u0644\u062a\u06cc \u0645\u0631\u0628\u0648\u0637\u0647\u060c<\/p><p>\u0627\u0631\u0627\u0626\u0647\u200c\u062f\u0647\u0646\u062f\u06af\u0627\u0646 \u062e\u062f\u0645\u0627\u062a: \u0628\u0647 \u0634\u0631\u06a9\u0627\u06cc \u0632\u06cc\u0631\u0633\u0627\u062e\u062a\u060c \u0645\u06cc\u0632\u0628\u0627\u0646\u06cc\u060c \u0641\u0646\u0627\u0648\u0631\u06cc \u0648 \u0628\u0627\u0632\u0627\u0631\u06cc\u0627\u0628\u06cc \u06a9\u0647 \u0628\u0631\u0627\u06cc \u0639\u0645\u0644\u06a9\u0631\u062f \u0648 \u062a\u062d\u0644\u06cc\u0644\u200c\u0647\u0627\u06cc \u0633\u0627\u06cc\u062a \u0627\u0633\u062a\u0641\u0627\u062f\u0647 \u0645\u06cc\u200c\u06a9\u0646\u06cc\u0645\u061b<\/p><p>\u0628\u0627 \u0631\u0636\u0627\u06cc\u062a \u0634\u0645\u0627: \u062f\u0631 \u0645\u0648\u0627\u0631\u062f \u062e\u0627\u0635 \u06a9\u0647 \u0631\u0636\u0627\u06cc\u062a \u0635\u0631\u06cc\u062d \u062e\u0648\u062f \u0631\u0627 \u0627\u0639\u0644\u0627\u0645 \u06a9\u0631\u062f\u0647\u200c\u0627\u06cc\u062f.<\/p><p>\u0628\u0647 \u0627\u0634\u062a\u0631\u0627\u06a9\u200c\u06af\u0630\u0627\u0631\u06cc \u062f\u0627\u062f\u0647\u200c\u0647\u0627 \u0628\u0627 \u0627\u0634\u062e\u0627\u0635 \u062b\u0627\u0644\u062b \u0635\u0631\u0641\u0627\u064b \u0627\u0632 \u0637\u0631\u06cc\u0642 \u062a\u0639\u0647\u062f\u0627\u062a \u0642\u0631\u0627\u0631\u062f\u0627\u062f\u06cc \u0645\u0631\u0628\u0648\u0637 \u0628\u0647 \u0627\u0645\u0646\u06cc\u062a \u062f\u0627\u062f\u0647\u200c\u0647\u0627 \u0645\u062d\u0627\u0641\u0638\u062a \u0645\u06cc\u200c\u0634\u0648\u062f.<\/p><p class=\"translation-block\">7. \u0627\u0645\u0646\u06cc\u062a \u062f\u0627\u062f\u0647\u200c\u0647\u0627\n\u0628\u0631\u0627\u06cc \u0627\u0645\u0646\u06cc\u062a \u062f\u0627\u062f\u0647\u200c\u0647\u0627\u06cc \u0634\u0645\u0627\u061b<\/p><p>\u0631\u0648\u0634\u200c\u0647\u0627\u06cc \u0631\u0645\u0632\u06af\u0630\u0627\u0631\u06cc \u0627\u0633\u062a\u0627\u0646\u062f\u0627\u0631\u062f \u0635\u0646\u0639\u062a\u06cc (SSL\/TLS)\u060c<\/p><p>\u0641\u0627\u06cc\u0631\u0648\u0627\u0644\u200c\u0647\u0627 \u0648 \u06a9\u0646\u062a\u0631\u0644\u200c\u0647\u0627\u06cc \u062f\u0633\u062a\u0631\u0633\u06cc \u0628\u0631\u0627\u06cc \u062c\u0644\u0648\u06af\u06cc\u0631\u06cc \u0627\u0632 \u062f\u0633\u062a\u0631\u0633\u06cc \u063a\u06cc\u0631\u0645\u062c\u0627\u0632\u060c<\/p><p>\u0622\u0632\u0645\u0648\u0646\u200c\u0647\u0627\u06cc \u0645\u0646\u0638\u0645 \u0627\u0645\u0646\u06cc\u062a\u06cc \u0648 \u0628\u0647\u200c\u0631\u0648\u0632\u0631\u0633\u0627\u0646\u06cc\u200c\u0647\u0627\u060c<\/p><p class=\"translation-block\">\u0622\u0645\u0648\u0632\u0634 \u06a9\u0627\u0631\u06a9\u0646\u0627\u0646 \u0648 \u062a\u0648\u0627\u0641\u0642\u200c\u0646\u0627\u0645\u0647\u200c\u0647\u0627\u06cc \u062d\u0641\u0638 \u062d\u0631\u06cc\u0645 \u062e\u0635\u0648\u0635\u06cc<br>\u0648 \u0627\u0642\u062f\u0627\u0645\u0627\u062a \u0645\u0634\u0627\u0628\u0647 \u0627\u062c\u0631\u0627 \u0645\u06cc\u200c\u0634\u0648\u0646\u062f.<\/p><p class=\"translation-block\">8. \u0645\u062f\u062a \u0646\u06af\u0647\u062f\u0627\u0631\u06cc \u062f\u0627\u062f\u0647\u200c\u0647\u0627<br>\u062f\u0627\u062f\u0647\u200c\u0647\u0627\u06cc \u0634\u062e\u0635\u06cc \u0634\u0645\u0627 \u0628\u0647 \u0645\u062f\u062a\u200c \u0632\u0645\u0627\u0646\u200c\u0647\u0627\u06cc \u062a\u0639\u06cc\u06cc\u0646\u200c\u0634\u062f\u0647 \u062f\u0631 \u0645\u0642\u0631\u0631\u0627\u062a \u0645\u0631\u0628\u0648\u0637\u0647 \u0648\/\u06cc\u0627 \u0628\u0647 \u0645\u062f\u062a \u0644\u0627\u0632\u0645 \u0628\u0631\u0627\u06cc \u0647\u062f\u0641 \u062c\u0645\u0639\u200c\u0622\u0648\u0631\u06cc \u062f\u0627\u062f\u0647\u200c\u0647\u0627 \u0646\u06af\u0647\u062f\u0627\u0631\u06cc \u0645\u06cc\u200c\u0634\u0648\u0646\u062f. \u067e\u0633 \u0627\u0632 \u067e\u0627\u06cc\u0627\u0646 \u0645\u062f\u062a \u0646\u06af\u0647\u062f\u0627\u0631\u06cc\u060c \u062f\u0627\u062f\u0647\u200c\u0647\u0627\u06cc \u0634\u0645\u0627 \u0646\u0627\u0634\u0646\u0627\u0633\u200c\u0633\u0627\u0632\u06cc \u0634\u062f\u0647 \u0648 \u0628\u0627\u06cc\u06af\u0627\u0646\u06cc \u06cc\u0627 \u062d\u0630\u0641 \u0645\u06cc\u200c\u06af\u0631\u062f\u0646\u062f.<\/p><p class=\"translation-block\">9. \u062d\u0642\u0648\u0642 \u06a9\u0627\u0631\u0628\u0631\u0627\u0646\n\u0637\u0628\u0642 \u0645\u0627\u062f\u0647 11 \u0642\u0627\u0646\u0648\u0646 KVKK;<\/p><p>\u062d\u0642 \u062f\u0633\u062a\u0631\u0633\u06cc: \u0622\u06af\u0627\u0647\u06cc \u0627\u0632 \u0627\u06cc\u0646 \u06a9\u0647 \u0622\u06cc\u0627 \u062f\u0627\u062f\u0647\u200c\u0647\u0627\u06cc \u0634\u062e\u0635\u06cc \u0634\u0645\u0627 \u062f\u0631 \u062d\u0627\u0644 \u067e\u0631\u062f\u0627\u0632\u0634 \u0647\u0633\u062a\u0646\u062f\u060c<\/p><p>\u062d\u0642 \u0627\u0635\u0644\u0627\u062d: \u062f\u0631\u062e\u0648\u0627\u0633\u062a \u0627\u0635\u0644\u0627\u062d \u062f\u0627\u062f\u0647\u200c\u0647\u0627\u06cc \u0646\u0627\u0642\u0635 \u06cc\u0627 \u0646\u0627\u062f\u0631\u0633\u062a \u067e\u0631\u062f\u0627\u0632\u0634\u200c\u0634\u062f\u0647\u060c<\/p><p>\u062d\u0642 \u062d\u0630\u0641\/\u0627\u0632\u0628\u06cc\u0646\u200c\u0633\u0627\u0632\u06cc: \u062f\u0631\u062e\u0648\u0627\u0633\u062a \u062d\u0630\u0641 \u06cc\u0627 \u0627\u0632 \u0628\u06cc\u0646 \u0628\u0631\u062f\u0646 \u062f\u0627\u062f\u0647\u200c\u0647\u0627\u06cc \u0634\u0645\u0627 \u062a\u062d\u062a \u0634\u0631\u0627\u06cc\u0637 \u062e\u0627\u0635\u060c<\/p><p>\u062d\u0642 \u0627\u0646\u062a\u0642\u0627\u0644 \u062f\u0627\u062f\u0647\u200c\u0647\u0627: \u062f\u0631\u06cc\u0627\u0641\u062a \u062f\u0627\u062f\u0647\u200c\u0647\u0627\u06cc \u062e\u0648\u062f \u062f\u0631 \u0642\u0627\u0644\u0628\u06cc \u0633\u0627\u062e\u062a\u0627\u0631\u0645\u0646\u062f \u0648 \u0628\u0647\u200c\u0637\u0648\u0631 \u06af\u0633\u062a\u0631\u062f\u0647 \u0627\u0633\u062a\u0641\u0627\u062f\u0647\u200c\u0634\u062f\u0647\u060c<\/p><p>\u062d\u0642 \u0627\u0639\u062a\u0631\u0627\u0636: \u0646\u0633\u0628\u062a \u0628\u0647 \u0641\u0639\u0627\u0644\u06cc\u062a\u200c\u0647\u0627\u06cc \u067e\u0631\u062f\u0627\u0632\u0634 \u0627\u0639\u062a\u0631\u0627\u0636 \u06a9\u0631\u062f\u0646\u060c<\/p><p class=\"translation-block\">\u062d\u0642 \u0627\u0637\u0644\u0627\u0639\u200c\u0631\u0633\u0627\u0646\u06cc: \u0634\u0645\u0627 \u062d\u0642 \u062f\u0631\u062e\u0648\u0627\u0633\u062a \u0627\u0637\u0644\u0627\u0639\u0627\u062a \u062f\u0631\u0628\u0627\u0631\u0647 \u0641\u0639\u0627\u0644\u06cc\u062a\u200c\u0647\u0627\u06cc \u067e\u0631\u062f\u0627\u0632\u0634 \u062f\u0627\u062f\u0647\u200c\u0647\u0627 \u0631\u0627 \u062f\u0627\u0631\u06cc\u062f<br>\u0645\u06cc\u200c\u062a\u0648\u0627\u0646\u06cc\u062f \u062f\u0631\u062e\u0648\u0627\u0633\u062a\u200c\u0647\u0627\u06cc \u062e\u0648\u062f \u0631\u0627 \u0628\u0647 info@turkkocan.com \u0627\u0631\u0633\u0627\u0644 \u06a9\u0646\u06cc\u062f. \u062f\u0631\u062e\u0648\u0627\u0633\u062a\u200c\u0647\u0627\u06cc \u0634\u0645\u0627 \u062d\u062f\u0627\u06a9\u062b\u0631 \u0638\u0631\u0641 \u06f3\u06f0 \u0631\u0648\u0632 \u067e\u0627\u0633\u062e \u062f\u0627\u062f\u0647 \u0645\u06cc\u200c\u0634\u0648\u0646\u062f.<\/p><p class=\"translation-block\">10. \u062a\u063a\u06cc\u06cc\u0631\u0627\u062a \u0633\u06cc\u0627\u0633\u062a<br>\u0627\u06cc\u0646 \u0633\u06cc\u0627\u0633\u062a \u062d\u0641\u0638 \u062d\u0631\u06cc\u0645 \u062e\u0635\u0648\u0635\u06cc \u0645\u0645\u06a9\u0646 \u0627\u0633\u062a \u0628\u0647\u200c\u062f\u0644\u06cc\u0644 \u067e\u06cc\u0634\u0631\u0641\u062a\u200c\u0647\u0627\u06cc \u0641\u0646\u0627\u0648\u0631\u06cc\u060c \u062a\u063a\u06cc\u06cc\u0631\u0627\u062a \u0642\u0627\u0646\u0648\u0646\u06cc \u06cc\u0627 \u0628\u0647\u200c\u0631\u0648\u0632\u0631\u0633\u0627\u0646\u06cc\u200c\u0647\u0627\u06cc \u062e\u062f\u0645\u0627\u062a \u0633\u0627\u06cc\u062a \u0645\u0627 \u0628\u0647\u200c\u0631\u0648\u0632 \u0634\u0648\u062f. \u062a\u0627\u0631\u06cc\u062e \u0628\u0647\u200c\u0631\u0648\u0632\u0631\u0633\u0627\u0646\u06cc \u062f\u0631 \u0628\u0627\u0644\u0627\u06cc \u0635\u0641\u062d\u0647 \u062f\u0631\u062c \u0645\u06cc\u200c\u0634\u0648\u062f\u061b \u062f\u0631 \u0635\u0648\u0631\u062a \u0648\u062c\u0648\u062f \u062a\u063a\u06cc\u06cc\u0631\u0627\u062a \u0645\u0647\u0645\u060c \u06a9\u0627\u0631\u0628\u0631\u0627\u0646 \u0631\u0627 \u0628\u0647\u200c\u0637\u0648\u0631 \u062c\u062f\u0627\u06af\u0627\u0646\u0647 \u0627\u0632 \u0637\u0631\u06cc\u0642 \u0627\u06cc\u0645\u06cc\u0644 \u06cc\u0627 \u0627\u0639\u0644\u0627\u0646\u200c\u0647\u0627\u06cc \u062f\u0631\u0648\u0646\u200c\u0633\u0627\u06cc\u062a \u0645\u0637\u0644\u0639 \u062e\u0648\u0627\u0647\u06cc\u0645 \u06a9\u0631\u062f.<\/p><p class=\"translation-block\">11. \u0627\u0631\u062a\u0628\u0627\u0637<br>\u0628\u0631\u0627\u06cc \u0647\u0631\u06af\u0648\u0646\u0647 \u0633\u0624\u0627\u0644\u060c \u062f\u0631\u062e\u0648\u0627\u0633\u062a \u06cc\u0627 \u0628\u0627\u0632\u062e\u0648\u0631\u062f\u060c \u0645\u06cc\u200c\u062a\u0648\u0627\u0646\u06cc\u062f \u0627\u0632 \u0637\u0631\u06cc\u0642 \u06a9\u0627\u0646\u0627\u0644\u200c\u0647\u0627\u06cc \u0632\u06cc\u0631 \u0628\u0627 \u0645\u0627 \u062a\u0645\u0627\u0633 \u0628\u06af\u06cc\u0631\u06cc\u062f:<\/p><p class=\"translation-block\">\u0627\u06cc\u0645\u06cc\u0644: info@turkko\u00e7an.com<br>\u0622\u062f\u0631\u0633: \u0628\u0644\u0648\u0627\u0631 \u0645\u0627\u0646\u0627\u0633\u060c \u0645\u062d\u0644\u0647 \u0639\u062f\u0627\u0644\u062a\u060c \u0628\u0631\u062c Folkart A \u067e\u0644\u0627\u06a9 47\u060c \u0637\u0628\u0642\u0647 28\u060c \u0648\u0627\u062d\u062f 2809-2810\u060c \u0628\u0627\u06cc\u0631\u0627\u06a9\u0644\u06cc \/ \u0627\u0632\u0645\u06cc\u0631 \/ \u062a\u0631\u06a9\u06cc\u0647<br>\u062a\u0644\u0641\u0646: +90 539 820 34 13<\/p><p>\u062a\u0627\u0631\u06cc\u062e \u0627\u062c\u0631\u0627\u06cc \u0633\u06cc\u0627\u0633\u062a: \u06f1 \u0698\u0648\u0626\u06cc\u0647 \u06f2\u06f0\u06f2\u06f5<\/p>\t\t\t\t\t\t\t\t<\/div>\n\t\t\t\t<\/div>\n\t\t\t\t\t<\/div>\n\t\t\t\t<\/div>\n\t\t\t\t<\/div>","protected":false},"excerpt":{"rendered":"<p>Gizlilik Politikas\u0131 1. Genel H\u00fck\u00fcmlerT\u00fcrkKo\u00e7an.com (\u201cSite\u201d) olarak, kullan\u0131c\u0131lar\u0131m\u0131z\u0131n ki\u015fisel verilerinin korunmas\u0131na b\u00fcy\u00fck \u00f6nem veriyoruz. Bu Gizlilik Politikas\u0131; Site\u2019ye eri\u015fiminiz s\u0131ras\u0131nda toplad\u0131\u011f\u0131m\u0131z bilgilerin t\u00fcr\u00fcn\u00fc, bu bilgileri nas\u0131l kulland\u0131\u011f\u0131m\u0131z\u0131, payla\u015ft\u0131\u011f\u0131m\u0131z\u0131 ve saklad\u0131\u011f\u0131m\u0131z\u0131 a\u00e7\u0131klar. KVKK (6698 say\u0131l\u0131 Ki\u015fisel Verilerin Korunmas\u0131 Kanunu) ve ilgili di\u011fer mevzuata uygun hareket etmekteyiz. 2. Toplad\u0131\u011f\u0131m\u0131z Ki\u015fisel VerilerSite\u2019yi kullanman\u0131z s\u0131ras\u0131nda a\u015fa\u011f\u0131daki t\u00fcrde verileri toplayabiliriz: [&hellip;]<\/p>","protected":false},"author":1,"featured_media":0,"parent":0,"menu_order":0,"comment_status":"closed","ping_status":"open","template":"elementor_header_footer","meta":{"footnotes":""},"class_list":["post-3","page","type-page","status-publish","hentry"],"_links":{"self":[{"href":"https:\/\/turkkocan.com\/fa\/wp-json\/wp\/v2\/pages\/3","targetHints":{"allow":["GET"]}}],"collection":[{"href":"https:\/\/turkkocan.com\/fa\/wp-json\/wp\/v2\/pages"}],"about":[{"href":"https:\/\/turkkocan.com\/fa\/wp-json\/wp\/v2\/types\/page"}],"author":[{"embeddable":true,"href":"https:\/\/turkkocan.com\/fa\/wp-json\/wp\/v2\/users\/1"}],"replies":[{"embeddable":true,"href":"https:\/\/turkkocan.com\/fa\/wp-json\/wp\/v2\/comments?post=3"}],"version-history":[{"count":0,"href":"https:\/\/turkkocan.com\/fa\/wp-json\/wp\/v2\/pages\/3\/revisions"}],"wp:attachment":[{"href":"https:\/\/turkkocan.com\/fa\/wp-json\/wp\/v2\/media?parent=3"}],"curies":[{"name":"\u0648\u0631\u062f\u067e\u0631\u0633","href":"https:\/\/api.w.org\/{rel}","templated":true}]}}