{"id":162948,"date":"2025-06-13T11:18:12","date_gmt":"2025-06-13T11:18:12","guid":{"rendered":"https:\/\/turkkocan.com\/?page_id=162948"},"modified":"2025-06-17T09:24:16","modified_gmt":"2025-06-17T09:24:16","slug":"villa-baraye-foroush-dar-guzelyurt","status":"publish","type":"page","link":"https:\/\/turkkocan.com\/fa\/villa-baraye-foroush-dar-guzelyurt\/","title":{"rendered":"\u0648\u06cc\u0644\u0627\u0647\u0627\u06cc \u0641\u0631\u0648\u0634\u06cc \u062f\u0631 \u06af\u0648\u0632\u0644\u06cc\u200c\u06cc\u0648\u0631\u062a"},"content":{"rendered":"<h2 style=\"font-size: 20px;\">\ud83c\udfe1 \u0648\u06cc\u0644\u0627\u0647\u0627\u06cc \u0641\u0631\u0648\u0634\u06cc \u062f\u0631 \u06af\u0648\u0632\u0644\u06cc\u200c\u06cc\u0648\u0631\u062a \u2013 \u0645\u0634\u0627\u0647\u062f\u0647 \u0647\u0645\u0647 \u0622\u06af\u0647\u06cc\u200c\u0647\u0627<\/h2>\n<p style=\"font-size: 16px;\">\u0648\u06cc\u0644\u0627\u0647\u0627\u06cc \u0641\u0631\u0648\u0634\u06cc \u062f\u0631 \u06af\u0648\u0632\u0644\u06cc\u200c\u06cc\u0648\u0631\u062a \u062f\u0631 \u063a\u0631\u0628 \u0642\u0628\u0631\u0633 \u0634\u0645\u0627\u0644\u06cc\u060c \u06af\u0632\u06cc\u0646\u0647\u200c\u0627\u06cc \u0627\u06cc\u062f\u0647\u200c\u0622\u0644 \u0628\u0631\u0627\u06cc \u0627\u0641\u0631\u0627\u062f\u06cc \u0647\u0633\u062a\u0646\u062f \u06a9\u0647 \u0628\u0647 \u062f\u0646\u0628\u0627\u0644 \u0632\u0646\u062f\u06af\u06cc \u0622\u0631\u0627\u0645 \u0648 \u0647\u0645\u0627\u0647\u0646\u06af \u0628\u0627 \u0637\u0628\u06cc\u0639\u062a \u0647\u0633\u062a\u0646\u062f. \u0627\u06cc\u0646 \u062e\u0627\u0646\u0647\u200c\u0647\u0627\u06cc \u0645\u0633\u062a\u0642\u0644 \u0628\u0627 \u062d\u06cc\u0627\u0637 \u0648 \u0641\u0636\u0627\u06cc \u0648\u0633\u06cc\u0639\u060c \u0631\u0627\u062d\u062a\u06cc \u0648 \u062d\u0631\u06cc\u0645 \u062e\u0635\u0648\u0635\u06cc \u0631\u0627 \u0647\u0645\u0632\u0645\u0627\u0646 \u0641\u0631\u0627\u0647\u0645 \u0645\u06cc\u200c\u06a9\u0646\u0646\u062f.<\/p>\n\n<h3 style=\"font-size: 18px;\">\u0645\u0632\u0627\u06cc\u0627\u06cc \u062e\u0631\u06cc\u062f \u0648\u06cc\u0644\u0627 \u062f\u0631 \u06af\u0648\u0632\u0644\u06cc\u200c\u06cc\u0648\u0631\u062a<\/h3>\n<p style=\"font-size: 16px;\">\u0628\u0647 \u0644\u0637\u0641 \u062a\u0631\u0627\u06a9\u0645 \u062c\u0645\u0639\u06cc\u062a\u06cc \u067e\u0627\u06cc\u06cc\u0646\u060c \u0647\u0648\u0627\u06cc \u067e\u0627\u06a9 \u0648 \u0632\u0645\u06cc\u0646\u200c\u0647\u0627\u06cc \u0648\u0633\u06cc\u0639\u060c \u0648\u06cc\u0644\u0627\u0647\u0627\u06cc \u06af\u0648\u0632\u0644\u06cc\u200c\u06cc\u0648\u0631\u062a \u0633\u0628\u06a9 \u0632\u0646\u062f\u06af\u06cc \u0622\u0631\u0627\u0645 \u0648 \u062f\u0644\u0628\u0627\u0632\u06cc \u0631\u0627 \u0627\u0631\u0627\u0626\u0647 \u0645\u06cc\u200c\u062f\u0647\u0646\u062f. \u0627\u06cc\u0646 \u0645\u0646\u0637\u0642\u0647 \u0628\u0631\u0627\u06cc \u062e\u0627\u0646\u0648\u0627\u062f\u0647\u200c\u0647\u0627\u06cc\u06cc \u06a9\u0647 \u0628\u0647 \u062f\u0646\u0628\u0627\u0644 \u0632\u0646\u062f\u06af\u06cc \u062f\u0631 \u062f\u0644 \u0637\u0628\u06cc\u0639\u062a \u0648 \u062f\u0648\u0631 \u0627\u0632 \u0634\u0644\u0648\u063a\u06cc \u0634\u0647\u0631 \u0647\u0633\u062a\u0646\u062f\u060c \u0628\u0633\u06cc\u0627\u0631 \u0645\u0646\u0627\u0633\u0628 \u0627\u0633\u062a. \u0627\u06a9\u0646\u0648\u0646 \u0628\u0647\u062a\u0631\u06cc\u0646 \u0632\u0645\u0627\u0646 \u0628\u0631\u0627\u06cc \u0633\u0631\u0645\u0627\u06cc\u0647\u200c\u06af\u0630\u0627\u0631\u06cc \u062f\u0631 \u062e\u0627\u0646\u0647\u200c\u0647\u0627\u06cc \u0645\u0633\u062a\u0642\u0644 \u0628\u0627 \u0642\u06cc\u0645\u062a \u0645\u0646\u0627\u0633\u0628 \u0627\u0633\u062a.<\/p>\n\n<h3 style=\"font-size: 18px;\">\u0645\u0646\u0627\u0633\u0628 \u0686\u0647 \u06a9\u0633\u0627\u0646\u06cc \u0627\u0633\u062a\u061f<\/h3>\n<p style=\"font-size: 16px;\">\u0648\u06cc\u0644\u0627\u0647\u0627\u06cc \u0641\u0631\u0648\u0634\u06cc \u062f\u0631 \u06af\u0648\u0632\u0644\u06cc\u200c\u06cc\u0648\u0631\u062a \u0641\u0631\u0635\u062a \u0645\u0646\u062d\u0635\u0631\u0628\u0647\u200c\u0641\u0631\u062f\u06cc \u0631\u0627 \u0628\u0631\u0627\u06cc \u0627\u0641\u0631\u0627\u062f\u06cc \u0641\u0631\u0627\u0647\u0645 \u0645\u06cc\u200c\u06a9\u0646\u0646\u062f \u06a9\u0647 \u0628\u0647 \u062f\u0646\u0628\u0627\u0644 \u0632\u0646\u062f\u06af\u06cc \u062f\u0631 \u062f\u0644 \u0637\u0628\u06cc\u0639\u062a \u0628\u0627 \u062e\u0627\u0646\u0648\u0627\u062f\u0647\u060c \u062e\u0627\u0646\u0647\u200c\u0627\u06cc \u0645\u0633\u062a\u0642\u0644 \u06cc\u0627 \u0641\u0636\u0627\u06cc \u0632\u0646\u062f\u06af\u06cc \u0648\u0633\u06cc\u0639 \u0647\u0633\u062a\u0646\u062f. \u0647\u0645\u0686\u0646\u06cc\u0646 \u0628\u0647 \u062f\u0644\u06cc\u0644 \u067e\u062a\u0627\u0646\u0633\u06cc\u0644 \u0627\u062c\u0627\u0631\u0647 \u0628\u0627\u0644\u0627\u060c \u0628\u0631\u0627\u06cc \u0633\u0631\u0645\u0627\u06cc\u0647\u200c\u06af\u0630\u0627\u0631\u0627\u0646 \u0646\u06cc\u0632 \u06af\u0632\u06cc\u0646\u0647\u200c\u0627\u06cc \u062c\u0630\u0627\u0628 \u0645\u062d\u0633\u0648\u0628 \u0645\u06cc\u200c\u0634\u0648\u0646\u062f.<\/p>","protected":false},"excerpt":{"rendered":"<p>\ud83c\udfe1 G\u00fczelyurt Sat\u0131l\u0131k Villa \u0130lanlar\u0131 G\u00fczelyurt\u2019ta sat\u0131l\u0131k villalar, Kuzey K\u0131br\u0131s\u2019\u0131n bat\u0131s\u0131nda, do\u011fayla uyumlu ve sakin ya\u015fam alanlar\u0131 arayanlar i\u00e7in ideal konut se\u00e7enekleri aras\u0131nda yer al\u0131r. Bah\u00e7eli, geni\u015f metrekareli, m\u00fcstakil yap\u0131lar; hem konfor hem de mahremiyet sunar. G\u00fczelyurt\u2019ta Villa Alman\u0131n Avantajlar\u0131 G\u00fczelyurt\u2019un d\u00fc\u015f\u00fck n\u00fcfus yo\u011funlu\u011fu, temiz havas\u0131 ve geni\u015f arazileri sayesinde villalar, ferah ve huzurlu bir [&hellip;]<\/p>","protected":false},"author":1,"featured_media":0,"parent":0,"menu_order":0,"comment_status":"closed","ping_status":"closed","template":"template\/template-listing-grid-v5-fullwidth-3cols.php","meta":{"footnotes":""},"class_list":["post-162948","page","type-page","status-publish","hentry"],"_links":{"self":[{"href":"https:\/\/turkkocan.com\/fa\/wp-json\/wp\/v2\/pages\/162948","targetHints":{"allow":["GET"]}}],"collection":[{"href":"https:\/\/turkkocan.com\/fa\/wp-json\/wp\/v2\/pages"}],"about":[{"href":"https:\/\/turkkocan.com\/fa\/wp-json\/wp\/v2\/types\/page"}],"author":[{"embeddable":true,"href":"https:\/\/turkkocan.com\/fa\/wp-json\/wp\/v2\/users\/1"}],"replies":[{"embeddable":true,"href":"https:\/\/turkkocan.com\/fa\/wp-json\/wp\/v2\/comments?post=162948"}],"version-history":[{"count":0,"href":"https:\/\/turkkocan.com\/fa\/wp-json\/wp\/v2\/pages\/162948\/revisions"}],"wp:attachment":[{"href":"https:\/\/turkkocan.com\/fa\/wp-json\/wp\/v2\/media?parent=162948"}],"curies":[{"name":"\u0648\u0631\u062f\u067e\u0631\u0633","href":"https:\/\/api.w.org\/{rel}","templated":true}]}}