{"id":162847,"date":"2025-06-13T11:17:08","date_gmt":"2025-06-13T11:17:08","guid":{"rendered":"https:\/\/turkkocan.com\/?page_id=162847"},"modified":"2025-06-17T09:33:13","modified_gmt":"2025-06-17T09:33:13","slug":"khaneye-kuchak-baraye-foroush-dar-guzelyurt","status":"publish","type":"page","link":"https:\/\/turkkocan.com\/fa\/khaneye-kuchak-baraye-foroush-dar-guzelyurt\/","title":{"rendered":"\u062e\u0627\u0646\u0647\u200c\u0647\u0627\u06cc \u06a9\u0648\u0686\u06a9 \u0641\u0631\u0648\u0634\u06cc \u062f\u0631 \u06af\u0648\u0632\u0644\u06cc\u200c\u06cc\u0648\u0631\u062a"},"content":{"rendered":"<h2 style=\"font-size: 20px;\">\ud83c\udfe1 \u062e\u0627\u0646\u0647\u200c\u0647\u0627\u06cc \u06a9\u0648\u0686\u06a9 \u0641\u0631\u0648\u0634\u06cc \u062f\u0631 \u06af\u0648\u0632\u0644\u06cc\u200c\u06cc\u0648\u0631\u062a \u2013 \u0645\u0634\u0627\u0647\u062f\u0647 \u0647\u0645\u0647 \u0622\u06af\u0647\u06cc\u200c\u0647\u0627<\/h2>\n<p style=\"font-size: 16px;\">\u062e\u0627\u0646\u0647\u200c\u0647\u0627\u06cc \u06a9\u0648\u0686\u06a9 \u0642\u0627\u0628\u0644 \u0641\u0631\u0648\u0634 \u062f\u0631 \u06af\u0648\u0632\u0644\u06cc\u200c\u06cc\u0648\u0631\u062a\u060c \u06af\u0632\u06cc\u0646\u0647\u200c\u0627\u06cc \u0627\u06cc\u062f\u0647\u200c\u0622\u0644 \u0628\u0631\u0627\u06cc \u0627\u0641\u0631\u0627\u062f\u06cc \u0647\u0633\u062a\u0646\u062f \u06a9\u0647 \u0628\u0647 \u062f\u0646\u0628\u0627\u0644 \u0633\u0628\u06a9 \u0632\u0646\u062f\u06af\u06cc \u0633\u0627\u062f\u0647\u060c \u067e\u0627\u06cc\u062f\u0627\u0631 \u0648 \u0645\u0642\u0631\u0648\u0646\u200c\u0628\u0647\u200c\u0635\u0631\u0641\u0647 \u0645\u06cc\u200c\u0628\u0627\u0634\u0646\u062f. \u0627\u06cc\u0646 \u062e\u0627\u0646\u0647\u200c\u0647\u0627 \u0628\u0627 \u0633\u0627\u062e\u062a\u0627\u0631 \u0642\u0627\u0628\u0644 \u062d\u0645\u0644 \u0648 \u0647\u0632\u06cc\u0646\u0647 \u067e\u0627\u06cc\u06cc\u0646\u060c \u0647\u0645 \u0628\u0631\u0627\u06cc \u0627\u0633\u062a\u0641\u0627\u062f\u0647 \u0634\u062e\u0635\u06cc \u0648 \u0647\u0645 \u0628\u0647 \u0639\u0646\u0648\u0627\u0646 \u0633\u0631\u0645\u0627\u06cc\u0647\u200c\u06af\u0630\u0627\u0631\u06cc \u0645\u0648\u0631\u062f \u062a\u0648\u062c\u0647 \u0642\u0631\u0627\u0631 \u06af\u0631\u0641\u062a\u0647\u200c\u0627\u0646\u062f.<\/p>\n\n<h3 style=\"font-size: 18px;\">\u0645\u0632\u0627\u06cc\u0627\u06cc \u0627\u0646\u062a\u062e\u0627\u0628 \u062e\u0627\u0646\u0647\u200c\u0647\u0627\u06cc \u06a9\u0648\u0686\u06a9<\/h3>\n<p style=\"font-size: 16px;\">\u062e\u0627\u0646\u0647\u200c\u0647\u0627\u06cc \u06a9\u0648\u0686\u06a9 \u0628\u0627 \u0637\u0631\u0627\u062d\u06cc \u062c\u0645\u0639\u200c\u0648\u062c\u0648\u0631\u060c \u0645\u0635\u0631\u0641 \u0627\u0646\u0631\u0698\u06cc \u067e\u0627\u06cc\u06cc\u0646 \u0648 \u06a9\u0627\u0631\u0628\u0631\u06cc \u0639\u0645\u0644\u06cc\u060c \u06af\u0632\u06cc\u0646\u0647\u200c\u0627\u06cc \u0639\u0627\u0644\u06cc \u0628\u0631\u0627\u06cc \u0627\u0641\u0631\u0627\u062f\u06cc \u0647\u0633\u062a\u0646\u062f \u06a9\u0647 \u0633\u0628\u06a9 \u0632\u0646\u062f\u06af\u06cc \u0645\u06cc\u0646\u06cc\u0645\u0627\u0644\u06cc\u0633\u062a\u06cc \u0631\u0627 \u062a\u0631\u062c\u06cc\u062d \u0645\u06cc\u200c\u062f\u0647\u0646\u062f. \u0627\u0641\u0631\u0627\u062f\u06cc \u06a9\u0647 \u0628\u0647 \u062f\u0646\u0628\u0627\u0644 \u0632\u0646\u062f\u06af\u06cc \u062f\u0631 \u0647\u0645\u0627\u0647\u0646\u06af\u06cc \u0628\u0627 \u0637\u0628\u06cc\u0639\u062a \u0647\u0633\u062a\u0646\u062f\u060c \u0645\u06cc\u200c\u062a\u0648\u0627\u0646\u0646\u062f \u062f\u0631 \u0641\u0636\u0627\u06cc \u0622\u0631\u0627\u0645 \u06af\u0648\u0632\u0644\u06cc\u200c\u06cc\u0648\u0631\u062a\u060c \u0628\u0627 \u0645\u0641\u0647\u0648\u0645 \u062e\u0627\u0646\u0647\u200c\u0647\u0627\u06cc \u06a9\u0648\u0686\u06a9 \u0628\u0647 \u0622\u0631\u0627\u0645\u0634 \u0628\u0631\u0633\u0646\u062f.<\/p>\n\n<h3 style=\"font-size: 18px;\">\u0633\u0631\u0645\u0627\u06cc\u0647\u200c\u06af\u0630\u0627\u0631\u06cc \u062f\u0631 \u062e\u0627\u0646\u0647\u200c\u0647\u0627\u06cc \u06a9\u0648\u0686\u06a9 \u062f\u0631 \u06af\u0648\u0632\u0644\u06cc\u200c\u06cc\u0648\u0631\u062a<\/h3>\n<p style=\"font-size: 16px;\">\u06af\u0648\u0632\u0644\u06cc\u200c\u06cc\u0648\u0631\u062a \u0628\u0627 \u062f\u0627\u0631\u0627 \u0628\u0648\u062f\u0646 \u0627\u0631\u0627\u0636\u06cc \u0648\u0633\u06cc\u0639 \u0648 \u0642\u0637\u0639\u0627\u062a \u0632\u0645\u06cc\u0646 \u0628\u0627 \u06a9\u0627\u0631\u0628\u0631\u06cc \u0645\u0633\u06a9\u0648\u0646\u06cc \u0628\u0627 \u0642\u06cc\u0645\u062a \u0645\u0646\u0627\u0633\u0628\u060c \u0645\u0646\u0637\u0642\u0647\u200c\u0627\u06cc \u0628\u0633\u06cc\u0627\u0631 \u0645\u0646\u0627\u0633\u0628 \u0628\u0631\u0627\u06cc \u0633\u0631\u0645\u0627\u06cc\u0647\u200c\u06af\u0630\u0627\u0631\u06cc \u062f\u0631 \u062e\u0627\u0646\u0647\u200c\u0647\u0627\u06cc \u06a9\u0648\u0686\u06a9 \u0627\u0633\u062a. \u0627\u06cc\u0646 \u062e\u0627\u0646\u0647\u200c\u0647\u0627 \u0628\u0631\u0627\u06cc \u0627\u062c\u0627\u0631\u0647 \u06a9\u0648\u062a\u0627\u0647\u200c\u0645\u062f\u062a\u060c \u067e\u0631\u0648\u0698\u0647\u200c\u0647\u0627\u06cc \u0631\u0648\u0633\u062a\u0627\u0647\u0627\u06cc \u0627\u06a9\u0648\u0644\u0648\u0698\u06cc\u06a9 \u06cc\u0627 \u0627\u06cc\u062c\u0627\u062f \u0641\u0636\u0627\u06cc \u0632\u0646\u062f\u06af\u06cc \u0634\u062e\u0635\u06cc \u0628\u0633\u06cc\u0627\u0631 \u06a9\u0627\u0631\u0628\u0631\u062f\u06cc \u0647\u0633\u062a\u0646\u062f.<\/p>","protected":false},"excerpt":{"rendered":"<p>\ud83c\udfe1 G\u00fczelyurt Sat\u0131l\u0131k Tiny House \u0130lanlar\u0131 G\u00fczelyurt\u2019ta sat\u0131l\u0131k tiny house se\u00e7enekleri, sade, s\u00fcrd\u00fcr\u00fclebilir ve ekonomik bir ya\u015fam tarz\u0131 arayanlar i\u00e7in ideal konut modelleri aras\u0131nda yer al\u0131r. Ta\u015f\u0131nabilir yap\u0131lar\u0131 ve d\u00fc\u015f\u00fck maliyetleri ile tiny house evler hem ki\u015fisel kullan\u0131m hem de yat\u0131r\u0131m ama\u00e7l\u0131 tercih edilmektedir. Tiny House Tercih Etmenin Avantajlar\u0131 Tiny house yap\u0131lar; kompakt tasar\u0131m\u0131, d\u00fc\u015f\u00fck [&hellip;]<\/p>","protected":false},"author":1,"featured_media":0,"parent":0,"menu_order":0,"comment_status":"closed","ping_status":"closed","template":"template\/template-listing-grid-v5-fullwidth-3cols.php","meta":{"footnotes":""},"class_list":["post-162847","page","type-page","status-publish","hentry"],"_links":{"self":[{"href":"https:\/\/turkkocan.com\/fa\/wp-json\/wp\/v2\/pages\/162847","targetHints":{"allow":["GET"]}}],"collection":[{"href":"https:\/\/turkkocan.com\/fa\/wp-json\/wp\/v2\/pages"}],"about":[{"href":"https:\/\/turkkocan.com\/fa\/wp-json\/wp\/v2\/types\/page"}],"author":[{"embeddable":true,"href":"https:\/\/turkkocan.com\/fa\/wp-json\/wp\/v2\/users\/1"}],"replies":[{"embeddable":true,"href":"https:\/\/turkkocan.com\/fa\/wp-json\/wp\/v2\/comments?post=162847"}],"version-history":[{"count":0,"href":"https:\/\/turkkocan.com\/fa\/wp-json\/wp\/v2\/pages\/162847\/revisions"}],"wp:attachment":[{"href":"https:\/\/turkkocan.com\/fa\/wp-json\/wp\/v2\/media?parent=162847"}],"curies":[{"name":"\u0648\u0631\u062f\u067e\u0631\u0633","href":"https:\/\/api.w.org\/{rel}","templated":true}]}}