{"id":162766,"date":"2025-06-13T11:15:46","date_gmt":"2025-06-13T11:15:46","guid":{"rendered":"https:\/\/turkkocan.com\/?page_id=162766"},"modified":"2025-06-17T09:34:46","modified_gmt":"2025-06-17T09:34:46","slug":"amlak-tejari-baraye-foroush-dar-guzelyurt","status":"publish","type":"page","link":"https:\/\/turkkocan.com\/fa\/amlak-tejari-baraye-foroush-dar-guzelyurt\/","title":{"rendered":"\u0627\u0645\u0644\u0627\u06a9 \u062a\u062c\u0627\u0631\u06cc \u0641\u0631\u0648\u0634\u06cc \u062f\u0631 \u06af\u0648\u0632\u0644\u06cc\u200c\u06cc\u0648\u0631\u062a"},"content":{"rendered":"<h2 style=\"font-size: 20px;\">\ud83c\udfe2 \u0622\u06af\u0647\u06cc\u200c\u0647\u0627\u06cc \u0641\u0631\u0648\u0634 \u0627\u0645\u0644\u0627\u06a9 \u062a\u062c\u0627\u0631\u06cc \u062f\u0631 \u06af\u0648\u0632\u0644\u06cc\u200c\u06cc\u0648\u0631\u062a \u2013 Explore All Listings<\/h2>\n<p style=\"font-size: 16px;\">\u0627\u0645\u0644\u0627\u06a9 \u062a\u062c\u0627\u0631\u06cc \u0641\u0631\u0648\u0634\u06cc \u062f\u0631 \u06af\u0648\u0632\u0644\u06cc\u200c\u06cc\u0648\u0631\u062a \u0641\u0631\u0635\u062a\u200c\u0647\u0627\u06cc \u0642\u0627\u0628\u0644 \u062a\u0648\u062c\u0647\u06cc \u0628\u0631\u0627\u06cc \u0633\u0631\u0645\u0627\u06cc\u0647\u200c\u06af\u0630\u0627\u0631\u0627\u0646\u06cc \u0641\u0631\u0627\u0647\u0645 \u0645\u06cc\u200c\u06a9\u0646\u0646\u062f \u06a9\u0647 \u0628\u0647 \u062f\u0646\u0628\u0627\u0644 \u0645\u062d\u0644 \u06a9\u0627\u0631 \u0628\u0627 \u0647\u0632\u06cc\u0646\u0647 \u067e\u0627\u06cc\u06cc\u0646 \u062f\u0631 \u0645\u0646\u0627\u0637\u0642 \u062f\u0631 \u062d\u0627\u0644 \u062a\u0648\u0633\u0639\u0647 \u0647\u0633\u062a\u0646\u062f. \u0627\u0645\u0644\u0627\u06a9\u06cc \u0628\u0627 \u06a9\u0627\u0631\u0628\u0631\u06cc\u200c\u0647\u0627\u06cc \u0645\u062e\u062a\u0644\u0641 \u0627\u0632 \u062c\u0645\u0644\u0647 \u06a9\u0627\u0641\u0647\u060c \u062f\u0641\u062a\u0631\u060c \u0641\u0631\u0648\u0634\u06af\u0627\u0647 \u06cc\u0627 \u062a\u0648\u0644\u06cc\u062f\u0627\u062a \u06a9\u0648\u0686\u06a9\u060c \u0628\u0627 \u0631\u0634\u062f \u0641\u0639\u0627\u0644\u06cc\u062a\u200c\u0647\u0627\u06cc \u0627\u0642\u062a\u0635\u0627\u062f\u06cc \u0645\u0646\u0637\u0642\u0647 \u062f\u0631 \u062d\u0627\u0644 \u0627\u0641\u0632\u0627\u06cc\u0634 \u0627\u0631\u0632\u0634 \u0647\u0633\u062a\u0646\u062f.<\/p>\n\n<h3 style=\"font-size: 18px;\">\u0645\u0632\u0627\u06cc\u0627\u06cc \u062e\u0631\u06cc\u062f \u0627\u0645\u0644\u0627\u06a9 \u062a\u062c\u0627\u0631\u06cc<\/h3>\n<p style=\"font-size: 16px;\">\u062f\u0631\u0622\u0645\u062f \u0627\u062c\u0627\u0631\u0647\u200c\u0627\u06cc \u0645\u0646\u0638\u0645\u060c \u0631\u06cc\u0633\u06a9 \u067e\u0627\u06cc\u06cc\u0646 \u0648 \u0627\u0641\u0632\u0627\u06cc\u0634 \u0627\u0631\u0632\u0634 \u062f\u0631 \u0628\u0644\u0646\u062f\u0645\u062f\u062a \u0627\u0632 \u0645\u0632\u0627\u06cc\u0627\u06cc \u0627\u0635\u0644\u06cc \u0633\u0631\u0645\u0627\u06cc\u0647\u200c\u06af\u0630\u0627\u0631\u06cc \u062f\u0631 \u0627\u0645\u0644\u0627\u06a9 \u062a\u062c\u0627\u0631\u06cc \u0647\u0633\u062a\u0646\u062f. \u0645\u0627\u0644\u06a9\u06cc\u062a \u06cc\u06a9 \u0645\u0644\u06a9 \u062a\u062c\u0627\u0631\u06cc \u062f\u0631 \u0645\u0646\u0637\u0642\u0647\u200c\u0627\u06cc \u0645\u0627\u0646\u0646\u062f \u06af\u0648\u0632\u0644\u06cc\u200c\u06cc\u0648\u0631\u062a \u06a9\u0647 \u0637\u0628\u06cc\u0639\u062a \u0631\u0627 \u0628\u0627 \u0632\u06cc\u0631\u0633\u0627\u062e\u062a\u200c\u0647\u0627\u06cc \u062f\u0631 \u062d\u0627\u0644 \u062a\u0648\u0633\u0639\u0647 \u062a\u0631\u06a9\u06cc\u0628 \u0645\u06cc\u200c\u06a9\u0646\u062f\u060c \u062a\u0635\u0645\u06cc\u0645\u06cc \u0647\u0648\u0634\u0645\u0646\u062f\u0627\u0646\u0647 \u0628\u0631\u0627\u06cc \u0633\u06a9\u0648\u0646\u062a \u0648 \u0633\u0631\u0645\u0627\u06cc\u0647\u200c\u06af\u0630\u0627\u0631\u06cc \u0627\u0633\u062a.<\/p>\n\n<h3 style=\"font-size: 18px;\">\u0645\u0646\u0627\u0633\u0628 \u0628\u0631\u0627\u06cc \u0686\u0647 \u06a9\u0633\u0627\u0646\u06cc \u0627\u0633\u062a\u061f<\/h3>\n<p style=\"font-size: 16px;\">\u0627\u0645\u0644\u0627\u06a9 \u062a\u062c\u0627\u0631\u06cc \u0641\u0631\u0648\u0634\u06cc \u062f\u0631 \u06af\u0648\u0632\u0644\u06cc\u200c\u06cc\u0648\u0631\u062a \u0641\u0631\u0635\u062a \u0633\u0631\u0645\u0627\u06cc\u0647\u200c\u06af\u0630\u0627\u0631\u06cc \u0642\u0627\u0628\u0644 \u062f\u0633\u062a\u0631\u0633 \u0648 \u067e\u0627\u06cc\u062f\u0627\u0631\u06cc \u0631\u0627 \u0628\u0631\u0627\u06cc \u0635\u0627\u062d\u0628\u0627\u0646 \u06a9\u0633\u0628\u200c\u0648\u06a9\u0627\u0631\u0647\u0627\u06cc \u0645\u062d\u0644\u06cc\u060c \u06a9\u0627\u0631\u0622\u0641\u0631\u06cc\u0646\u0627\u0646 \u06a9\u0648\u0686\u06a9\u060c \u0633\u0631\u0645\u0627\u06cc\u0647\u200c\u06af\u0630\u0627\u0631\u0627\u0646\u06cc \u06a9\u0647 \u0628\u0647 \u062f\u0646\u0628\u0627\u0644 \u062f\u0631\u0622\u0645\u062f \u0627\u062c\u0627\u0631\u0647\u200c\u0627\u06cc \u0647\u0633\u062a\u0646\u062f \u0648 \u0627\u0641\u0631\u0627\u062f\u06cc \u06a9\u0647 \u0642\u0635\u062f \u062f\u0627\u0631\u0646\u062f \u0641\u0639\u0627\u0644\u06cc\u062a\u200c\u0647\u0627\u06cc \u062a\u062c\u0627\u0631\u06cc \u062e\u0648\u062f \u0631\u0627 \u062f\u0631 \u0622\u06cc\u0646\u062f\u0647 \u06af\u0633\u062a\u0631\u0634 \u062f\u0647\u0646\u062f\u060c \u0641\u0631\u0627\u0647\u0645 \u0645\u06cc\u200c\u06a9\u0646\u062f.<\/p>","protected":false},"excerpt":{"rendered":"<p>\ud83c\udfe2 G\u00fczelyurt Sat\u0131l\u0131k Ticari Gayrimenkul \u0130lanlar\u0131 G\u00fczelyurt\u2019ta sat\u0131l\u0131k ticari gayrimenkuller, geli\u015fmekte olan b\u00f6lgelerde d\u00fc\u015f\u00fck maliyetli i\u015f yeri sahibi olmak isteyen yat\u0131r\u0131mc\u0131lar i\u00e7in \u00f6nemli f\u0131rsatlar sunar. Kafe, ofis, d\u00fckk\u00e2n veya k\u00fc\u00e7\u00fck \u00e7apl\u0131 \u00fcretim alanlar\u0131 gibi farkl\u0131 kullan\u0131m ama\u00e7lar\u0131na uygun m\u00fclkler, b\u00f6lgedeki ekonomik hareketlilikle birlikte de\u011fer kazanmaktad\u0131r. Ticari Gayrimenkul Alman\u0131n Avantajlar\u0131 D\u00fczenli kira getirisi, d\u00fc\u015f\u00fck risk ve [&hellip;]<\/p>","protected":false},"author":1,"featured_media":0,"parent":0,"menu_order":0,"comment_status":"closed","ping_status":"closed","template":"template\/template-listing-grid-v5-fullwidth-3cols.php","meta":{"footnotes":""},"class_list":["post-162766","page","type-page","status-publish","hentry"],"_links":{"self":[{"href":"https:\/\/turkkocan.com\/fa\/wp-json\/wp\/v2\/pages\/162766","targetHints":{"allow":["GET"]}}],"collection":[{"href":"https:\/\/turkkocan.com\/fa\/wp-json\/wp\/v2\/pages"}],"about":[{"href":"https:\/\/turkkocan.com\/fa\/wp-json\/wp\/v2\/types\/page"}],"author":[{"embeddable":true,"href":"https:\/\/turkkocan.com\/fa\/wp-json\/wp\/v2\/users\/1"}],"replies":[{"embeddable":true,"href":"https:\/\/turkkocan.com\/fa\/wp-json\/wp\/v2\/comments?post=162766"}],"version-history":[{"count":0,"href":"https:\/\/turkkocan.com\/fa\/wp-json\/wp\/v2\/pages\/162766\/revisions"}],"wp:attachment":[{"href":"https:\/\/turkkocan.com\/fa\/wp-json\/wp\/v2\/media?parent=162766"}],"curies":[{"name":"\u0648\u0631\u062f\u067e\u0631\u0633","href":"https:\/\/api.w.org\/{rel}","templated":true}]}}