{"id":162704,"date":"2025-06-13T11:14:43","date_gmt":"2025-06-13T11:14:43","guid":{"rendered":"https:\/\/turkkocan.com\/?page_id=162704"},"modified":"2025-06-17T09:28:08","modified_gmt":"2025-06-17T09:28:08","slug":"khane-mostaghel-baraye-foroush-dar-guzelyurt","status":"publish","type":"page","link":"https:\/\/turkkocan.com\/fa\/khane-mostaghel-baraye-foroush-dar-guzelyurt\/","title":{"rendered":"\u062e\u0627\u0646\u0647\u200c\u0647\u0627\u06cc \u0641\u0631\u0648\u0634\u06cc \u062f\u0631 \u06af\u0648\u0632\u0644\u06cc\u200c\u06cc\u0648\u0631\u062a"},"content":{"rendered":"<h2 style=\"font-size: 20px;\">\ud83c\udfe1 \u062e\u0627\u0646\u0647\u200c\u0647\u0627\u06cc \u0645\u0633\u062a\u0642\u0644 \u0641\u0631\u0648\u0634\u06cc \u062f\u0631 \u06af\u0648\u0632\u0644\u06cc\u200c\u06cc\u0648\u0631\u062a \u2013 \u0645\u0634\u0627\u0647\u062f\u0647 \u0647\u0645\u0647 \u0622\u06af\u0647\u06cc\u200c\u0647\u0627<\/h2>\n<p style=\"font-size: 16px;\">\u062e\u0627\u0646\u0647\u200c\u0647\u0627\u06cc \u0645\u0633\u062a\u0642\u0644 \u0641\u0631\u0648\u0634\u06cc \u062f\u0631 \u06af\u0648\u0632\u0644\u06cc\u200c\u06cc\u0648\u0631\u062a \u0627\u0646\u062a\u062e\u0627\u0628\u06cc \u0639\u0627\u0644\u06cc \u0628\u0631\u0627\u06cc \u06a9\u0633\u0627\u0646\u06cc \u0647\u0633\u062a\u0646\u062f \u06a9\u0647 \u0628\u0647 \u062f\u0646\u0628\u0627\u0644 \u0632\u0646\u062f\u06af\u06cc \u0622\u0631\u0627\u0645\u060c \u0627\u06cc\u0645\u0646 \u0648 \u062f\u0631 \u062f\u0644 \u0637\u0628\u06cc\u0639\u062a \u0645\u06cc\u200c\u0628\u0627\u0634\u0646\u062f. \u0627\u06cc\u0646 \u062e\u0627\u0646\u0647\u200c\u0647\u0627 \u0628\u0627 \u0641\u0636\u0627\u06cc \u062f\u0627\u062e\u0644\u06cc \u0648\u0633\u06cc\u0639 \u0648 \u0628\u0627\u063a \u062e\u0635\u0648\u0635\u06cc\u060c \u0631\u0627\u062d\u062a\u06cc \u0648 \u0622\u0631\u0627\u0645\u0634 \u0631\u0627 \u0647\u0645\u200c\u0632\u0645\u0627\u0646 \u0627\u0631\u0627\u0626\u0647 \u0645\u06cc\u200c\u062f\u0647\u0646\u062f.<\/p>\n\n<h3 style=\"font-size: 18px;\">\u0645\u0632\u0627\u06cc\u0627\u06cc \u0627\u0646\u062a\u062e\u0627\u0628 \u062e\u0627\u0646\u0647 \u0645\u0633\u062a\u0642\u0644<\/h3>\n<p style=\"font-size: 16px;\">\u062f\u0631 \u0645\u0642\u0627\u06cc\u0633\u0647 \u0628\u0627 \u0622\u067e\u0627\u0631\u062a\u0645\u0627\u0646\u200c\u0646\u0634\u06cc\u0646\u06cc\u060c \u062e\u0627\u0646\u0647\u200c\u0647\u0627\u06cc \u0645\u0633\u062a\u0642\u0644 \u062d\u0631\u06cc\u0645 \u062e\u0635\u0648\u0635\u06cc \u0628\u06cc\u0634\u062a\u0631\u060c \u0622\u0631\u0627\u0645\u0634 \u0648 \u0641\u0636\u0627\u06cc \u0642\u0627\u0628\u0644 \u0634\u062e\u0635\u06cc\u200c\u0633\u0627\u0632\u06cc \u0631\u0627 \u0641\u0631\u0627\u0647\u0645 \u0645\u06cc\u200c\u06a9\u0646\u0646\u062f. \u0639\u0646\u0627\u0635\u0631\u06cc \u0645\u0627\u0646\u0646\u062f \u0628\u0627\u063a\u060c \u062a\u0631\u0627\u0633 \u06cc\u0627 \u0641\u0636\u0627\u06cc \u0633\u0631\u06af\u0631\u0645\u06cc \u062f\u0631 \u06a9\u0646\u0627\u0631 \u0641\u0636\u0627\u06cc \u0637\u0628\u06cc\u0639\u06cc \u06af\u0648\u0632\u0644\u06cc\u200c\u06cc\u0648\u0631\u062a\u060c \u0633\u0628\u06a9 \u0632\u0646\u062f\u06af\u06cc \u0645\u0646\u062d\u0635\u0631\u0628\u0647\u200c\u0641\u0631\u062f\u06cc \u0631\u0627 \u0628\u0647 \u0627\u0631\u0645\u063a\u0627\u0646 \u0645\u06cc\u200c\u0622\u0648\u0631\u062f.<\/p>\n\n<h3 style=\"font-size: 18px;\">\u0645\u0646\u0627\u0633\u0628 \u0628\u0631\u0627\u06cc \u0686\u0647 \u06a9\u0633\u0627\u0646\u06cc \u0627\u0633\u062a\u061f<\/h3>\n<p style=\"font-size: 16px;\">\u062e\u0627\u0646\u0647\u200c\u0647\u0627\u06cc \u0645\u0633\u062a\u0642\u0644 \u0628\u0631\u0627\u06cc \u0627\u0641\u0631\u0627\u062f\u06cc \u0648 \u062e\u0627\u0646\u0648\u0627\u062f\u0647\u200c\u0647\u0627\u06cc\u06cc \u06a9\u0647 \u0628\u0647 \u062f\u0646\u0628\u0627\u0644 \u0632\u0646\u062f\u06af\u06cc \u0622\u0631\u0627\u0645 \u062f\u0631 \u062f\u0644 \u0637\u0628\u06cc\u0639\u062a \u0647\u0633\u062a\u0646\u062f \u0628\u0633\u06cc\u0627\u0631 \u0645\u0646\u0627\u0633\u0628\u200c\u0627\u0646\u062f. \u062f\u0631 \u06af\u0648\u0632\u0644\u06cc\u200c\u06cc\u0648\u0631\u062a \u0646\u06cc\u0632 \u0627\u06cc\u0646 \u062e\u0627\u0646\u0647\u200c\u0647\u0627 \u067e\u062a\u0627\u0646\u0633\u06cc\u0644 \u0628\u0627\u0644\u0627\u06cc\u06cc \u0628\u0631\u0627\u06cc \u0627\u0641\u0632\u0627\u06cc\u0634 \u0627\u0631\u0632\u0634 \u062f\u0631 \u0628\u0644\u0646\u062f\u0645\u062f\u062a \u062f\u0627\u0631\u0646\u062f.<\/p>","protected":false},"excerpt":{"rendered":"<p>\ud83c\udfe1 G\u00fczelyurt Sat\u0131l\u0131k M\u00fcstakil Ev \u0130lanlar\u0131 G\u00fczelyurt\u2019ta sat\u0131l\u0131k m\u00fcstakil evler, do\u011fayla ba\u015f ba\u015fa, sessiz ve g\u00fcvenli bir ya\u015fam s\u00fcrmek isteyenler i\u00e7in birebir. Ba\u011f\u0131ms\u0131z ya\u015fam alanlar\u0131, \u00f6zel bah\u00e7e kullan\u0131m\u0131 ve geni\u015f i\u00e7 hacimleriyle bu evler hem konfor hem de huzur sunar. M\u00fcstakil Ev Tercih Etmenin Avantajlar\u0131 M\u00fcstakil evler, apartman hayat\u0131na g\u00f6re \u00e7ok daha fazla mahremiyet, sessizlik [&hellip;]<\/p>","protected":false},"author":1,"featured_media":0,"parent":0,"menu_order":0,"comment_status":"closed","ping_status":"closed","template":"template\/template-listing-grid-v5-fullwidth-3cols.php","meta":{"footnotes":""},"class_list":["post-162704","page","type-page","status-publish","hentry"],"_links":{"self":[{"href":"https:\/\/turkkocan.com\/fa\/wp-json\/wp\/v2\/pages\/162704","targetHints":{"allow":["GET"]}}],"collection":[{"href":"https:\/\/turkkocan.com\/fa\/wp-json\/wp\/v2\/pages"}],"about":[{"href":"https:\/\/turkkocan.com\/fa\/wp-json\/wp\/v2\/types\/page"}],"author":[{"embeddable":true,"href":"https:\/\/turkkocan.com\/fa\/wp-json\/wp\/v2\/users\/1"}],"replies":[{"embeddable":true,"href":"https:\/\/turkkocan.com\/fa\/wp-json\/wp\/v2\/comments?post=162704"}],"version-history":[{"count":0,"href":"https:\/\/turkkocan.com\/fa\/wp-json\/wp\/v2\/pages\/162704\/revisions"}],"wp:attachment":[{"href":"https:\/\/turkkocan.com\/fa\/wp-json\/wp\/v2\/media?parent=162704"}],"curies":[{"name":"\u0648\u0631\u062f\u067e\u0631\u0633","href":"https:\/\/api.w.org\/{rel}","templated":true}]}}