{"id":162625,"date":"2025-06-13T11:13:19","date_gmt":"2025-06-13T11:13:19","guid":{"rendered":"https:\/\/turkkocan.com\/?page_id=162625"},"modified":"2025-06-17T09:29:39","modified_gmt":"2025-06-17T09:29:39","slug":"kakh-baraye-foroush-dar-guzelyurt","status":"publish","type":"page","link":"https:\/\/turkkocan.com\/fa\/kakh-baraye-foroush-dar-guzelyurt\/","title":{"rendered":"\u0639\u0645\u0627\u0631\u062a\u200c\u0647\u0627\u06cc \u0641\u0631\u0648\u0634\u06cc \u062f\u0631 \u06af\u0648\u0632\u0644\u06cc\u200c\u06cc\u0648\u0631\u062a"},"content":{"rendered":"<h2 style=\"font-size: 20px;\">\ud83c\udfdb\ufe0f \u0639\u0645\u0627\u0631\u062a\u200c\u0647\u0627\u06cc \u0641\u0631\u0648\u0634\u06cc \u062f\u0631 \u06af\u0648\u0632\u0644\u06cc\u200c\u06cc\u0648\u0631\u062a \u2013 \u0645\u0634\u0627\u0647\u062f\u0647 \u0647\u0645\u0647 \u0622\u06af\u0647\u06cc\u200c\u0647\u0627<\/h2>\n<p style=\"font-size: 16px;\">\u0639\u0645\u0627\u0631\u062a\u200c\u0647\u0627\u06cc \u0641\u0631\u0648\u0634\u06cc \u062f\u0631 \u06af\u0648\u0632\u0644\u06cc\u200c\u06cc\u0648\u0631\u062a \u0641\u0631\u0635\u062a\u200c\u0647\u0627\u06cc \u0645\u0646\u062d\u0635\u0631\u0628\u0647\u200c\u0641\u0631\u062f\u06cc \u0631\u0627 \u0628\u0631\u0627\u06cc \u0627\u0641\u0631\u0627\u062f\u06cc \u06a9\u0647 \u0628\u0647 \u062f\u0646\u0628\u0627\u0644 \u0632\u0646\u062f\u06af\u06cc \u0644\u0648\u06a9\u0633 \u0648 \u062e\u0627\u0635 \u062f\u0631 \u0645\u062d\u06cc\u0637\u06cc \u0637\u0628\u06cc\u0639\u06cc \u0648 \u0622\u0631\u0627\u0645 \u062f\u0631 \u0642\u0628\u0631\u0633 \u0634\u0645\u0627\u0644\u06cc \u0647\u0633\u062a\u0646\u062f \u0641\u0631\u0627\u0647\u0645 \u0645\u06cc\u200c\u06a9\u0646\u062f. \u0627\u06cc\u0646 \u0627\u0645\u0644\u0627\u06a9 \u0628\u0627 \u0632\u0645\u06cc\u0646\u200c\u0647\u0627\u06cc \u0648\u0633\u06cc\u0639\u060c \u0627\u0633\u062a\u062e\u0631\u0647\u0627\u06cc \u062e\u0635\u0648\u0635\u06cc \u0648 \u0627\u062a\u0627\u0642\u200c\u0647\u0627\u06cc \u0645\u062a\u0639\u062f\u062f \u0628\u0631\u0627\u06cc \u0627\u0641\u0631\u0627\u062f \u0628\u0627 \u0633\u0628\u06a9 \u0632\u0646\u062f\u06af\u06cc \u0633\u0637\u062d \u0628\u0627\u0644\u0627 \u0628\u0633\u06cc\u0627\u0631 \u0645\u0646\u0627\u0633\u0628\u200c\u0627\u0646\u062f.<\/p>\n\n<h3 style=\"font-size: 18px;\">\u0645\u0632\u0627\u06cc\u0627\u06cc \u062e\u0631\u06cc\u062f \u0639\u0645\u0627\u0631\u062a<\/h3>\n<p style=\"font-size: 16px;\">\u0639\u0645\u0627\u0631\u062a\u200c\u0647\u0627 \u0628\u0627 \u062d\u0631\u06cc\u0645 \u062e\u0635\u0648\u0635\u06cc \u0628\u0627\u0644\u0627\u060c \u0645\u062a\u0631\u0627\u0698 \u0648\u0633\u06cc\u0639 \u0648 \u0641\u0636\u0627\u0647\u0627\u06cc \u0642\u0627\u0628\u0644 \u0634\u062e\u0635\u06cc\u200c\u0633\u0627\u0632\u06cc \u0645\u062a\u0645\u0627\u06cc\u0632 \u0647\u0633\u062a\u0646\u062f. \u0648\u0642\u062a\u06cc \u0627\u06cc\u0646 \u0648\u06cc\u0698\u06af\u06cc\u200c\u0647\u0627 \u0628\u0627 \u0622\u0631\u0627\u0645\u0634 \u0648 \u0637\u0628\u06cc\u0639\u062a \u0628\u06a9\u0631 \u06af\u0648\u0632\u0644\u06cc\u200c\u06cc\u0648\u0631\u062a \u062a\u0631\u06a9\u06cc\u0628 \u0645\u06cc\u200c\u0634\u0648\u0646\u062f\u060c \u0632\u0646\u062f\u06af\u06cc \u062f\u0631 \u0639\u0645\u0627\u0631\u062a \u062a\u0646\u0647\u0627 \u0644\u0648\u06a9\u0633 \u0646\u06cc\u0633\u062a\u060c \u0628\u0644\u06a9\u0647 \u0622\u0631\u0627\u0645\u0634 \u0630\u0647\u0646\u06cc \u0646\u06cc\u0632 \u0628\u0647 \u0647\u0645\u0631\u0627\u0647 \u062f\u0627\u0631\u062f. \u0647\u0645\u0686\u0646\u06cc\u0646 \u0627\u06cc\u0646 \u0627\u0645\u0644\u0627\u06a9 \u0645\u06cc\u200c\u062a\u0648\u0627\u0646\u0646\u062f \u0628\u0647 \u0639\u0646\u0648\u0627\u0646 \u0647\u062a\u0644 \u0628\u0648\u062a\u06cc\u06a9 \u06cc\u0627 \u0645\u06a9\u0627\u0646 \u0628\u0631\u06af\u0632\u0627\u0631\u06cc \u0631\u0648\u06cc\u062f\u0627\u062f\u0647\u0627 \u0646\u06cc\u0632 \u0645\u0648\u0631\u062f \u0627\u0633\u062a\u0641\u0627\u062f\u0647 \u0642\u0631\u0627\u0631 \u06af\u06cc\u0631\u0646\u062f.<\/p>\n\n<h3 style=\"font-size: 18px;\">\u0633\u0631\u0645\u0627\u06cc\u0647\u200c\u06af\u0630\u0627\u0631\u06cc \u062f\u0631 \u0639\u0645\u0627\u0631\u062a\u200c\u0647\u0627\u06cc \u06af\u0648\u0632\u0644\u06cc\u200c\u06cc\u0648\u0631\u062a<\/h3>\n<p style=\"font-size: 16px;\">\u0639\u0645\u0627\u0631\u062a\u200c\u0647\u0627\u06cc\u06cc \u06a9\u0647 \u062f\u0631 \u0645\u0646\u0627\u0637\u0642 \u062f\u0631 \u062d\u0627\u0644 \u062a\u0648\u0633\u0639\u0647 \u06af\u0648\u0632\u0644\u06cc\u200c\u06cc\u0648\u0631\u062a \u0642\u0631\u0627\u0631 \u062f\u0627\u0631\u0646\u062f\u060c \u0628\u0647 \u062f\u0644\u06cc\u0644 \u0639\u0631\u0636\u0647 \u0645\u062d\u062f\u0648\u062f \u062f\u0627\u0631\u0627\u06cc \u067e\u062a\u0627\u0646\u0633\u06cc\u0644 \u0633\u0631\u0645\u0627\u06cc\u0647\u200c\u06af\u0630\u0627\u0631\u06cc \u0628\u0627\u0644\u0627\u06cc\u06cc \u0647\u0633\u062a\u0646\u062f. \u0628\u0627 \u0686\u0634\u0645\u200c\u0627\u0646\u062f\u0627\u0632 \u0627\u0641\u0632\u0627\u06cc\u0634 \u0627\u0631\u0632\u0634 \u062f\u0631 \u0628\u0644\u0646\u062f\u0645\u062f\u062a \u0648 \u062f\u0631\u0622\u0645\u062f \u0627\u062c\u0627\u0631\u0647\u200c\u0627\u06cc \u0627\u0631\u0632\u06cc\u060c \u0627\u06cc\u0646 \u0627\u0645\u0644\u0627\u06a9 \u06af\u0632\u06cc\u0646\u0647\u200c\u0627\u06cc \u067e\u0631\u0633\u062a\u06cc\u0698\u062f\u0627\u0631 \u0648 \u0633\u0648\u062f\u0622\u0648\u0631 \u0645\u062d\u0633\u0648\u0628 \u0645\u06cc\u200c\u0634\u0648\u0646\u062f.<\/p>","protected":false},"excerpt":{"rendered":"<p>\ud83c\udfdb\ufe0f G\u00fczelyurt Sat\u0131l\u0131k Malikane \u0130lanlar\u0131 G\u00fczelyurt\u2019ta sat\u0131l\u0131k malikaneler, Kuzey K\u0131br\u0131s\u2019\u0131n do\u011fal ve sakin yap\u0131s\u0131nda l\u00fcks ve ayr\u0131cal\u0131kl\u0131 ya\u015fam arayanlar i\u00e7in \u00f6zel f\u0131rsatlar sunar. Geni\u015f arsal\u0131, \u00f6zel havuzlu ve \u00e7ok odal\u0131 bu yap\u0131lar; prestijli ya\u015fam tarz\u0131n\u0131 benimseyenlere hitap eder. Malikhane Alman\u0131n Avantajlar\u0131 Malikaneler, y\u00fcksek mahremiyet, b\u00fcy\u00fck metrekare ve ki\u015fiselle\u015ftirilebilir ya\u015fam alanlar\u0131yla \u00f6ne \u00e7\u0131kar. G\u00fczelyurt\u2019un sessizli\u011fi ve [&hellip;]<\/p>","protected":false},"author":1,"featured_media":0,"parent":0,"menu_order":0,"comment_status":"closed","ping_status":"closed","template":"template\/template-listing-grid-v5-fullwidth-3cols.php","meta":{"footnotes":""},"class_list":["post-162625","page","type-page","status-publish","hentry"],"_links":{"self":[{"href":"https:\/\/turkkocan.com\/fa\/wp-json\/wp\/v2\/pages\/162625","targetHints":{"allow":["GET"]}}],"collection":[{"href":"https:\/\/turkkocan.com\/fa\/wp-json\/wp\/v2\/pages"}],"about":[{"href":"https:\/\/turkkocan.com\/fa\/wp-json\/wp\/v2\/types\/page"}],"author":[{"embeddable":true,"href":"https:\/\/turkkocan.com\/fa\/wp-json\/wp\/v2\/users\/1"}],"replies":[{"embeddable":true,"href":"https:\/\/turkkocan.com\/fa\/wp-json\/wp\/v2\/comments?post=162625"}],"version-history":[{"count":0,"href":"https:\/\/turkkocan.com\/fa\/wp-json\/wp\/v2\/pages\/162625\/revisions"}],"wp:attachment":[{"href":"https:\/\/turkkocan.com\/fa\/wp-json\/wp\/v2\/media?parent=162625"}],"curies":[{"name":"\u0648\u0631\u062f\u067e\u0631\u0633","href":"https:\/\/api.w.org\/{rel}","templated":true}]}}