{"id":162517,"date":"2025-06-13T11:11:19","date_gmt":"2025-06-13T11:11:19","guid":{"rendered":"https:\/\/turkkocan.com\/?page_id=162517"},"modified":"2025-06-17T09:21:50","modified_gmt":"2025-06-17T09:21:50","slug":"aparteman-baraye-foroush-dar-guzelyurt","status":"publish","type":"page","link":"https:\/\/turkkocan.com\/fa\/aparteman-baraye-foroush-dar-guzelyurt\/","title":{"rendered":"\u0622\u067e\u0627\u0631\u062a\u0645\u0627\u0646\u200c\u0647\u0627\u06cc \u0641\u0631\u0648\u0634\u06cc \u062f\u0631 \u06af\u0648\u0632\u0644\u06cc\u200c\u06cc\u0648\u0631\u062a"},"content":{"rendered":"<h2 style=\"font-size: 20px;\">\ud83c\udfe2 \u0622\u067e\u0627\u0631\u062a\u0645\u0627\u0646\u200c\u0647\u0627\u06cc \u0641\u0631\u0648\u0634\u06cc \u062f\u0631 \u06af\u0648\u0632\u0644\u06cc\u200c\u06cc\u0648\u0631\u062a \u2013 \u0645\u0634\u0627\u0647\u062f\u0647 \u0647\u0645\u0647 \u0622\u06af\u0647\u06cc\u200c\u0647\u0627<\/h2>\n<p style=\"font-size: 16px;\">\u0622\u067e\u0627\u0631\u062a\u0645\u0627\u0646\u200c\u0647\u0627\u06cc \u0641\u0631\u0648\u0634\u06cc \u062f\u0631 \u06af\u0648\u0632\u0644\u06cc\u200c\u06cc\u0648\u0631\u062a\u060c \u06af\u0632\u06cc\u0646\u0647\u200c\u0647\u0627\u06cc\u06cc \u0627\u06cc\u062f\u0647\u200c\u0622\u0644 \u0628\u0631\u0627\u06cc \u06a9\u0633\u0627\u0646\u06cc \u0647\u0633\u062a\u0646\u062f \u06a9\u0647 \u0628\u0647 \u062f\u0646\u0628\u0627\u0644 \u0632\u0646\u062f\u06af\u06cc \u0622\u0631\u0627\u0645 \u0648 \u0627\u06cc\u0645\u0646 \u062f\u0631 \u062f\u0644 \u0637\u0628\u06cc\u0639\u062a \u0647\u0633\u062a\u0646\u062f. \u0642\u06cc\u0645\u062a \u0645\u0646\u0627\u0633\u0628 \u0627\u06cc\u0646 \u0622\u067e\u0627\u0631\u062a\u0645\u0627\u0646\u200c\u0647\u0627 \u0641\u0631\u0635\u062a\u200c\u0647\u0627\u06cc\u06cc \u062c\u0630\u0627\u0628 \u0628\u0631\u0627\u06cc \u062e\u0631\u06cc\u062f\u0627\u0631\u0627\u0646 \u0646\u062e\u0633\u062a\u06cc\u0646 \u062e\u0627\u0646\u0647 \u0648 \u0633\u0631\u0645\u0627\u06cc\u0647\u200c\u06af\u0630\u0627\u0631\u0627\u0646 \u0641\u0631\u0627\u0647\u0645 \u0645\u06cc\u200c\u06a9\u0646\u062f.<\/p>\n\n<h3 style=\"font-size: 18px;\">\u0645\u0632\u0627\u06cc\u0627\u06cc \u062e\u0631\u06cc\u062f \u0622\u067e\u0627\u0631\u062a\u0645\u0627\u0646 \u062f\u0631 \u06af\u0648\u0632\u0644\u06cc\u200c\u06cc\u0648\u0631\u062a<\/h3>\n<p style=\"font-size: 16px;\">\u06af\u0648\u0632\u0644\u06cc\u200c\u06cc\u0648\u0631\u062a \u0628\u0647\u200c\u0639\u0646\u0648\u0627\u0646 \u0645\u0646\u0637\u0642\u0647\u200c\u0627\u06cc \u0642\u0627\u0628\u0644\u200c\u0633\u06a9\u0648\u0646\u062a \u0648 \u062f\u0648\u0633\u062a\u062f\u0627\u0631 \u0645\u062d\u06cc\u0637 \u0632\u06cc\u0633\u062a \u06a9\u0647 \u0627\u0632 \u0633\u0627\u062e\u062a\u200c\u0648\u0633\u0627\u0632\u0647\u0627\u06cc \u067e\u0631\u062a\u0631\u0627\u06a9\u0645 \u062f\u0648\u0631 \u0627\u0633\u062a\u060c \u0628\u0631\u062c\u0633\u062a\u0647 \u0645\u06cc\u200c\u0634\u0648\u062f. \u0646\u0632\u062f\u06cc\u06a9\u06cc \u0628\u0647 \u062f\u0627\u0646\u0634\u06af\u0627\u0647\u200c\u0647\u0627 \u0648 \u0645\u0624\u0633\u0633\u0627\u062a \u0622\u0645\u0648\u0632\u0634\u06cc\u060c \u067e\u062a\u0627\u0646\u0633\u06cc\u0644 \u0627\u062c\u0627\u0631\u0647\u200c \u0628\u0631\u0627\u06cc \u062f\u0627\u0646\u0634\u062c\u0648\u06cc\u0627\u0646 \u0631\u0627 \u0627\u06cc\u062c\u0627\u062f \u06a9\u0631\u062f\u0647 \u0648 \u0628\u0631\u0627\u06cc \u0633\u0627\u06a9\u0646\u0627\u0646 \u0645\u062d\u0644\u06cc \u0632\u0646\u062f\u06af\u06cc \u0622\u0631\u0627\u0645 \u0648 \u0645\u0642\u0631\u0648\u0646\u200c\u0628\u0647\u200c\u0635\u0631\u0641\u0647\u200c\u0627\u06cc \u0641\u0631\u0627\u0647\u0645 \u0645\u06cc\u200c\u06a9\u0646\u062f.<\/p>\n\n<h3 style=\"font-size: 18px;\">\u0645\u0646\u0627\u0633\u0628 \u0686\u0647 \u06a9\u0633\u0627\u0646\u06cc \u0627\u0633\u062a\u061f<\/h3>\n<p style=\"font-size: 16px;\">\u0622\u067e\u0627\u0631\u062a\u0645\u0627\u0646\u200c\u0647\u0627\u06cc \u0641\u0631\u0648\u0634\u06cc \u062f\u0631 \u06af\u0648\u0632\u0644\u06cc\u200c\u06cc\u0648\u0631\u062a \u0628\u0631\u0627\u06cc \u062e\u0627\u0646\u0648\u0627\u062f\u0647\u200c\u0647\u0627\u06cc\u06cc \u06a9\u0647 \u0628\u0647 \u062f\u0646\u0628\u0627\u0644 \u0645\u0633\u06a9\u0646 \u0645\u0642\u0631\u0648\u0646\u200c\u0628\u0647\u200c\u0635\u0631\u0641\u0647 \u0647\u0633\u062a\u0646\u062f\u060c \u0627\u0641\u0631\u0627\u062f\u06cc \u06a9\u0647 \u062f\u0648\u0631\u0627\u0646 \u0628\u0627\u0632\u0646\u0634\u0633\u062a\u06af\u06cc \u0622\u0631\u0627\u0645\u06cc \u0645\u06cc\u200c\u062e\u0648\u0627\u0647\u0646\u062f \u0648 \u0633\u0631\u0645\u0627\u06cc\u0647\u200c\u06af\u0630\u0627\u0631\u0627\u0646\u06cc \u06a9\u0647 \u0628\u0647 \u062f\u0631\u0622\u0645\u062f \u0627\u062c\u0627\u0631\u0647 \u0641\u06a9\u0631 \u0645\u06cc\u200c\u06a9\u0646\u0646\u062f\u060c \u0628\u0633\u06cc\u0627\u0631 \u0645\u0646\u0627\u0633\u0628 \u0627\u0633\u062a. \u0647\u0645\u0686\u0646\u06cc\u0646 \u0628\u0631\u0627\u06cc \u062f\u0627\u0646\u0634\u062c\u0648\u06cc\u0627\u0646 \u0646\u06cc\u0632 \u0627\u0646\u062a\u062e\u0627\u0628\u06cc \u0645\u0646\u0637\u0642\u06cc \u0645\u062d\u0633\u0648\u0628 \u0645\u06cc\u200c\u0634\u0648\u062f.<\/p>\n\n\n\n\n<p><\/p>","protected":false},"excerpt":{"rendered":"<p>\ud83c\udfe2 G\u00fczelyurt Sat\u0131l\u0131k Daire \u0130lanlar\u0131 G\u00fczelyurt\u2019ta sat\u0131l\u0131k daireler, do\u011fa ile i\u00e7 i\u00e7e, sessiz ve g\u00fcvenli bir ya\u015fam arayanlar i\u00e7in \u00f6ne \u00e7\u0131kan konut alternatifleri sunar. B\u00f6lgedeki uygun fiyatl\u0131 daire se\u00e7enekleri, hem ilk evini alacaklar hem de yat\u0131r\u0131m yapmak isteyenler i\u00e7in cazip f\u0131rsatlar bar\u0131nd\u0131r\u0131r. G\u00fczelyurt\u2019ta Daire Alman\u0131n Avantajlar\u0131 G\u00fczelyurt, yo\u011fun yap\u0131la\u015fmadan uzak, ya\u015fanabilir ve \u00e7evreci bir yerle\u015fim [&hellip;]<\/p>","protected":false},"author":1,"featured_media":0,"parent":0,"menu_order":0,"comment_status":"closed","ping_status":"closed","template":"template\/template-listing-grid-v5-fullwidth-3cols.php","meta":{"footnotes":""},"class_list":["post-162517","page","type-page","status-publish","hentry"],"_links":{"self":[{"href":"https:\/\/turkkocan.com\/fa\/wp-json\/wp\/v2\/pages\/162517","targetHints":{"allow":["GET"]}}],"collection":[{"href":"https:\/\/turkkocan.com\/fa\/wp-json\/wp\/v2\/pages"}],"about":[{"href":"https:\/\/turkkocan.com\/fa\/wp-json\/wp\/v2\/types\/page"}],"author":[{"embeddable":true,"href":"https:\/\/turkkocan.com\/fa\/wp-json\/wp\/v2\/users\/1"}],"replies":[{"embeddable":true,"href":"https:\/\/turkkocan.com\/fa\/wp-json\/wp\/v2\/comments?post=162517"}],"version-history":[{"count":0,"href":"https:\/\/turkkocan.com\/fa\/wp-json\/wp\/v2\/pages\/162517\/revisions"}],"wp:attachment":[{"href":"https:\/\/turkkocan.com\/fa\/wp-json\/wp\/v2\/media?parent=162517"}],"curies":[{"name":"\u0648\u0631\u062f\u067e\u0631\u0633","href":"https:\/\/api.w.org\/{rel}","templated":true}]}}