{"id":162240,"date":"2025-06-13T11:06:45","date_gmt":"2025-06-13T11:06:45","guid":{"rendered":"https:\/\/turkkocan.com\/?page_id=162240"},"modified":"2025-06-17T09:18:40","modified_gmt":"2025-06-17T09:18:40","slug":"zamin-baraye-foroush-dar-guzelyurt","status":"publish","type":"page","link":"https:\/\/turkkocan.com\/fa\/zamin-baraye-foroush-dar-guzelyurt\/","title":{"rendered":"\u0632\u0645\u06cc\u0646\u200c\u0647\u0627\u06cc \u0641\u0631\u0648\u0634\u06cc \u062f\u0631 \u06af\u0648\u0632\u0644\u06cc\u200c\u06cc\u0648\u0631\u062a"},"content":{"rendered":"<h2 style=\"font-size: 20px;\">\ud83c\udf3f \u0622\u06af\u0647\u06cc\u200c\u0647\u0627\u06cc \u0641\u0631\u0648\u0634 \u0632\u0645\u06cc\u0646 \u062f\u0631 \u06af\u0648\u0632\u0644\u06cc\u200c\u06cc\u0648\u0631\u062a \u2013 Explore All Listings<\/h2>\n<p style=\"font-size: 16px;\">\u0632\u0645\u06cc\u0646\u200c\u0647\u0627\u06cc \u0641\u0631\u0648\u0634\u06cc \u062f\u0631 \u06af\u0648\u0632\u0644\u06cc\u200c\u06cc\u0648\u0631\u062a \u0641\u0631\u0635\u062a\u200c\u0647\u0627\u06cc\u06cc \u0628\u06cc\u200c\u0646\u0638\u06cc\u0631 \u0628\u0631\u0627\u06cc \u0627\u0641\u0631\u0627\u062f\u06cc \u0641\u0631\u0627\u0647\u0645 \u0645\u06cc\u200c\u06a9\u0646\u0646\u062f \u06a9\u0647 \u0645\u06cc\u200c\u062e\u0648\u0627\u0647\u0646\u062f \u062f\u0631 \u0645\u0646\u0627\u0637\u0642 \u0637\u0628\u06cc\u0639\u06cc \u0648 \u062d\u0627\u0635\u0644\u062e\u06cc\u0632 \u0642\u0628\u0631\u0633 \u0634\u0645\u0627\u0644\u06cc \u0633\u0631\u0645\u0627\u06cc\u0647\u200c\u06af\u0630\u0627\u0631\u06cc \u06a9\u0646\u0646\u062f. \u06af\u0648\u0632\u0644\u06cc\u200c\u06cc\u0648\u0631\u062a \u06a9\u0647 \u0647\u0646\u0648\u0632 \u0628\u0647\u200c\u0637\u0648\u0631 \u06a9\u0627\u0645\u0644 \u062a\u0648\u0633\u0639\u0647 \u0646\u06cc\u0627\u0641\u062a\u0647\u060c \u0645\u0646\u0637\u0642\u0647\u200c\u0627\u06cc \u0627\u06cc\u062f\u0647\u200c\u0622\u0644 \u0628\u0631\u0627\u06cc \u062e\u0631\u06cc\u062f\u0627\u0631\u0627\u0646\u06cc \u0627\u0633\u062a \u06a9\u0647 \u0628\u0647 \u062f\u0646\u0628\u0627\u0644 \u0633\u0631\u0645\u0627\u06cc\u0647\u200c\u06af\u0630\u0627\u0631\u06cc \u0645\u0642\u0631\u0648\u0646\u200c\u0628\u0647\u200c\u0635\u0631\u0641\u0647 \u062f\u0631 \u0632\u0645\u06cc\u0646 \u0647\u0633\u062a\u0646\u062f.<\/p>\n\n<h3 style=\"font-size: 18px;\">\u0645\u0632\u0627\u06cc\u0627\u06cc \u062e\u0631\u06cc\u062f \u0632\u0645\u06cc\u0646 \u062f\u0631 \u06af\u0648\u0632\u0644\u06cc\u200c\u06cc\u0648\u0631\u062a<\/h3>\n<p style=\"font-size: 16px;\">\u06af\u0648\u0632\u0644\u06cc\u200c\u06cc\u0648\u0631\u062a \u0628\u0627 \u062f\u0627\u0634\u062a\u0646 \u0632\u0645\u06cc\u0646\u200c\u0647\u0627\u06cc \u06a9\u0634\u0627\u0648\u0631\u0632\u06cc \u0641\u0631\u0627\u0648\u0627\u0646\u060c \u0633\u0628\u06a9 \u0632\u0646\u062f\u06af\u06cc \u0622\u0631\u0627\u0645 \u0648 \u0645\u0646\u0627\u0637\u0642 \u0645\u0633\u062a\u0639\u062f \u062a\u0648\u0633\u0639\u0647\u060c \u0628\u0633\u062a\u0631 \u0645\u0646\u0627\u0633\u0628\u06cc \u0628\u0631\u0627\u06cc \u067e\u0631\u0648\u0698\u0647\u200c\u0647\u0627\u06cc \u0645\u0633\u06a9\u0648\u0646\u06cc \u0648 \u062a\u062c\u0627\u0631\u06cc \u0641\u0631\u0627\u0647\u0645 \u0645\u06cc\u200c\u06a9\u0646\u062f. \u0632\u0645\u06cc\u0646\u200c\u0647\u0627\u06cc \u062f\u0627\u0631\u0627\u06cc \u0645\u062c\u0648\u0632 \u0633\u0627\u062e\u062a\u060c \u0641\u0631\u0622\u06cc\u0646\u062f \u062f\u0631\u06cc\u0627\u0641\u062a \u067e\u0631\u0648\u0627\u0646\u0647 \u0631\u0627 \u0622\u0633\u0627\u0646\u200c\u062a\u0631 \u0645\u06cc\u200c\u0633\u0627\u0632\u0646\u062f \u0648 \u0633\u0631\u0645\u0627\u06cc\u0647\u200c\u06af\u0630\u0627\u0631\u06cc \u0631\u0627 \u0627\u06cc\u0645\u0646\u200c\u062a\u0631 \u0648 \u0633\u0631\u06cc\u0639\u200c\u062a\u0631 \u0645\u06cc\u200c\u06a9\u0646\u0646\u062f. \u0632\u0645\u06cc\u0646\u200c\u0647\u0627\u06cc\u06cc \u06a9\u0647 \u062f\u0631 \u0645\u0631\u0627\u062d\u0644 \u0627\u0628\u062a\u062f\u0627\u06cc\u06cc \u062e\u0631\u06cc\u062f\u0627\u0631\u06cc \u0645\u06cc\u200c\u0634\u0648\u0646\u062f\u060c \u0645\u06cc\u200c\u062a\u0648\u0627\u0646\u0646\u062f \u062f\u0631 \u0637\u0648\u0644 \u0632\u0645\u0627\u0646 \u0628\u0647\u200c\u0637\u0648\u0631 \u0642\u0627\u0628\u0644 \u062a\u0648\u062c\u0647\u06cc \u0627\u0631\u0632\u0634\u0645\u0646\u062f\u062a\u0631 \u0634\u0648\u0646\u062f.<\/p>\n\n<h3 style=\"font-size: 18px;\">\u0645\u0646\u0627\u0633\u0628 \u0686\u0647 \u06a9\u0633\u0627\u0646\u06cc \u0627\u0633\u062a\u061f<\/h3>\n<p style=\"font-size: 16px;\">\u0628\u0631\u0627\u06cc \u0627\u0641\u0631\u0627\u062f\u06cc \u06a9\u0647 \u0642\u0635\u062f \u0633\u0627\u062e\u062a \u062e\u0627\u0646\u0647 \u0634\u062e\u0635\u06cc \u062f\u0627\u0631\u0646\u062f\u060c \u06a9\u0627\u0631\u0622\u0641\u0631\u06cc\u0646\u0627\u0646\u06cc \u06a9\u0647 \u067e\u0631\u0648\u0698\u0647\u200c\u0647\u0627\u06cc \u0633\u0627\u062e\u062a\u0645\u0627\u0646\u06cc \u06a9\u0648\u0686\u06a9 \u0628\u0631\u0646\u0627\u0645\u0647\u200c\u0631\u06cc\u0632\u06cc \u0645\u06cc\u200c\u06a9\u0646\u0646\u062f \u0648 \u06a9\u0633\u0627\u0646\u06cc \u06a9\u0647 \u0628\u0647 \u062f\u0646\u0628\u0627\u0644 \u0633\u0631\u0645\u0627\u06cc\u0647\u200c\u06af\u0630\u0627\u0631\u06cc \u0628\u0644\u0646\u062f\u0645\u062f\u062a \u0647\u0633\u062a\u0646\u062f\u060c \u0632\u0645\u06cc\u0646\u200c\u0647\u0627\u06cc \u0641\u0631\u0648\u0634\u06cc \u062f\u0631 \u06af\u0648\u0632\u0644\u06cc\u200c\u06cc\u0648\u0631\u062a \u0627\u0646\u062a\u062e\u0627\u0628\u06cc \u0627\u0642\u062a\u0635\u0627\u062f\u06cc \u0648 \u0627\u0633\u062a\u0631\u0627\u062a\u0698\u06cc\u06a9 \u0645\u062d\u0633\u0648\u0628 \u0645\u06cc\u200c\u0634\u0648\u0646\u062f.<\/p>","protected":false},"excerpt":{"rendered":"<p>\ud83c\udf3f G\u00fczelyurt Sat\u0131l\u0131k Arsa \u0130lanlar\u0131 G\u00fczelyurt\u2019ta sat\u0131l\u0131k arsalar, Kuzey K\u0131br\u0131s\u2019\u0131n do\u011fal ve verimli b\u00f6lgelerinde yat\u0131r\u0131m yapmak isteyenler i\u00e7in ka\u00e7\u0131r\u0131lmayacak f\u0131rsatlar sunar. Hen\u00fcz tam anlam\u0131yla yap\u0131la\u015fmam\u0131\u015f olan G\u00fczelyurt, uygun fiyatl\u0131 arsa yat\u0131r\u0131m\u0131 yapmak isteyen al\u0131c\u0131lar i\u00e7in ideal bir b\u00f6lgedir. G\u00fczelyurt\u2019ta Arsa Alman\u0131n Avantajlar\u0131 Tar\u0131m alanlar\u0131n\u0131n bollu\u011fu, sakin ya\u015fam yap\u0131s\u0131 ve geli\u015fime a\u00e7\u0131k b\u00f6lgeleriyle G\u00fczelyurt, konut ve [&hellip;]<\/p>","protected":false},"author":1,"featured_media":0,"parent":0,"menu_order":0,"comment_status":"closed","ping_status":"closed","template":"template\/template-listing-grid-v5-fullwidth-3cols.php","meta":{"footnotes":""},"class_list":["post-162240","page","type-page","status-publish","hentry"],"_links":{"self":[{"href":"https:\/\/turkkocan.com\/fa\/wp-json\/wp\/v2\/pages\/162240","targetHints":{"allow":["GET"]}}],"collection":[{"href":"https:\/\/turkkocan.com\/fa\/wp-json\/wp\/v2\/pages"}],"about":[{"href":"https:\/\/turkkocan.com\/fa\/wp-json\/wp\/v2\/types\/page"}],"author":[{"embeddable":true,"href":"https:\/\/turkkocan.com\/fa\/wp-json\/wp\/v2\/users\/1"}],"replies":[{"embeddable":true,"href":"https:\/\/turkkocan.com\/fa\/wp-json\/wp\/v2\/comments?post=162240"}],"version-history":[{"count":0,"href":"https:\/\/turkkocan.com\/fa\/wp-json\/wp\/v2\/pages\/162240\/revisions"}],"wp:attachment":[{"href":"https:\/\/turkkocan.com\/fa\/wp-json\/wp\/v2\/media?parent=162240"}],"curies":[{"name":"\u0648\u0631\u062f\u067e\u0631\u0633","href":"https:\/\/api.w.org\/{rel}","templated":true}]}}