{"id":161835,"date":"2025-06-13T11:00:44","date_gmt":"2025-06-13T11:00:44","guid":{"rendered":"https:\/\/turkkocan.com\/?page_id=161835"},"modified":"2025-06-17T09:46:50","modified_gmt":"2025-06-17T09:46:50","slug":"villa-baraye-foroush-dar-lefkosa","status":"publish","type":"page","link":"https:\/\/turkkocan.com\/fa\/villa-baraye-foroush-dar-lefkosa\/","title":{"rendered":"\u0648\u06cc\u0644\u0627\u0647\u0627\u06cc \u0641\u0631\u0648\u0634\u06cc \u062f\u0631 \u0644\u0641\u06a9\u0648\u0634\u0627"},"content":{"rendered":"<h2 style=\"font-size: 20px;\">\ud83c\udfe1 \u0622\u06af\u0647\u06cc\u200c\u0647\u0627\u06cc \u0641\u0631\u0648\u0634 \u0648\u06cc\u0644\u0627 \u062f\u0631 \u0644\u0641\u06a9\u0648\u0634\u0627 \u2013 \u0645\u0634\u0627\u0647\u062f\u0647 \u0647\u0645\u0647 \u0622\u06af\u0647\u06cc\u200c\u0647\u0627<\/h2>\n<p style=\"font-size: 16px;\">\u0648\u06cc\u0644\u0627\u0647\u0627\u06cc \u0641\u0631\u0648\u0634\u06cc \u062f\u0631 \u0644\u0641\u06a9\u0648\u0634\u0627\u060c \u0632\u0646\u062f\u06af\u06cc \u0644\u0648\u06a9\u0633 \u0648 \u0645\u0633\u062a\u0642\u0644 \u0631\u0627 \u0628\u0631\u0627\u06cc \u06a9\u0633\u0627\u0646\u06cc \u06a9\u0647 \u0628\u0647 \u062f\u0646\u0628\u0627\u0644 \u0631\u0641\u0627\u0647 \u0628\u06cc\u0634\u062a\u0631 \u062f\u0631 \u067e\u0627\u06cc\u062a\u062e\u062a \u0647\u0633\u062a\u0646\u062f\u060c \u0641\u0631\u0627\u0647\u0645 \u0645\u06cc\u200c\u06a9\u0646\u0646\u062f. \u0646\u0632\u062f\u06cc\u06a9\u06cc \u0628\u0647 \u0645\u0631\u06a9\u0632 \u0634\u0647\u0631 \u0648 \u0627\u0645\u06a9\u0627\u0646\u0627\u062a \u0627\u062c\u062a\u0645\u0627\u0639\u06cc\u060c \u0627\u06cc\u0646 \u0648\u06cc\u0644\u0627\u0647\u0627 \u0631\u0627 \u0628\u0647 \u06af\u0632\u06cc\u0646\u0647\u200c\u0627\u06cc \u0645\u0639\u062a\u0628\u0631 \u0628\u0631\u0627\u06cc \u062e\u0627\u0646\u0648\u0627\u062f\u0647\u200c\u0647\u0627 \u0648 \u0633\u0631\u0645\u0627\u06cc\u0647\u200c\u06af\u0630\u0627\u0631\u0627\u0646 \u062a\u0628\u062f\u06cc\u0644 \u06a9\u0631\u062f\u0647 \u0627\u0633\u062a.<\/p>\n\n<h3 style=\"font-size: 18px;\">\u0645\u0632\u0627\u06cc\u0627\u06cc \u062e\u0631\u06cc\u062f \u0648\u06cc\u0644\u0627 \u062f\u0631 \u0644\u0641\u06a9\u0648\u0634\u0627<\/h3>\n<p style=\"font-size: 16px;\">\u0648\u06cc\u0644\u0627\u0647\u0627\u06cc\u06cc \u0628\u0627 \u0628\u0627\u063a\u060c \u0645\u062a\u0631\u0627\u0698 \u0628\u0627\u0644\u0627 \u0648 \u0627\u0633\u062a\u0627\u0646\u062f\u0627\u0631\u062f\u0647\u0627\u06cc \u0628\u0627\u0644\u0627\u060c \u062d\u0631\u06cc\u0645 \u062e\u0635\u0648\u0635\u06cc\u060c \u0622\u0633\u0627\u06cc\u0634 \u0648 \u0627\u0645\u0646\u06cc\u062a \u0631\u0627 \u062f\u0631 \u0633\u0637\u062d\u06cc \u0639\u0627\u0644\u06cc \u0641\u0631\u0627\u0647\u0645 \u0645\u06cc\u200c\u06a9\u0646\u0646\u062f. \u0648\u06cc\u0644\u0627\u0647\u0627\u06cc \u0648\u0627\u0642\u0639 \u062f\u0631 \u067e\u0627\u06cc\u062a\u062e\u062a\u060c \u0647\u0645 \u0627\u0632 \u0646\u0638\u0631 \u0622\u0631\u0627\u0645\u0634 \u0631\u0648\u0632\u0645\u0631\u0647 \u0648 \u0647\u0645 \u0627\u0632 \u0646\u0638\u0631 \u0627\u0631\u0632\u0634 \u0633\u0631\u0645\u0627\u06cc\u0647\u200c\u06af\u0630\u0627\u0631\u06cc \u0628\u0644\u0646\u062f\u0645\u062f\u062a \u0686\u0634\u0645\u06af\u06cc\u0631 \u0647\u0633\u062a\u0646\u062f.<\/p>\n\n<h3 style=\"font-size: 18px;\">\u0645\u0646\u0627\u0633\u0628 \u0686\u0647 \u06a9\u0633\u0627\u0646\u06cc \u0627\u0633\u062a\u061f<\/h3>\n<p style=\"font-size: 16px;\">\u0648\u06cc\u0644\u0627\u0647\u0627\u06cc \u0641\u0631\u0648\u0634\u06cc \u062f\u0631 \u0644\u0641\u06a9\u0648\u0634\u0627 \u06af\u0632\u06cc\u0646\u0647\u200c\u0627\u06cc \u0627\u06cc\u062f\u0647\u200c\u0622\u0644 \u0628\u0631\u0627\u06cc \u062e\u0627\u0646\u0648\u0627\u062f\u0647\u200c\u0647\u0627\u06cc \u067e\u0631\u062c\u0645\u0639\u06cc\u062a\u060c \u062d\u0631\u0641\u0647\u200c\u0627\u06cc\u200c\u0647\u0627\u06cc\u06cc \u06a9\u0647 \u0628\u0647 \u062f\u0646\u0628\u0627\u0644 \u062a\u0639\u0627\u062f\u0644 \u0628\u06cc\u0646 \u06a9\u0627\u0631 \u0648 \u0632\u0646\u062f\u06af\u06cc \u0631\u0627\u062d\u062a \u0647\u0633\u062a\u0646\u062f \u0648 \u06a9\u0633\u0627\u0646\u06cc \u06a9\u0647 \u0645\u06cc\u200c\u062e\u0648\u0627\u0647\u0646\u062f \u062f\u0631 \u0645\u0644\u06a9\u06cc \u0627\u0631\u0632\u0634\u0645\u0646\u062f \u0633\u0631\u0645\u0627\u06cc\u0647\u200c\u06af\u0630\u0627\u0631\u06cc \u06a9\u0646\u0646\u062f.<\/p>\n\n\n\n\n<p><\/p>","protected":false},"excerpt":{"rendered":"<p>\ud83c\udfe1 Lefko\u015fa Sat\u0131l\u0131k Villa \u0130lanlar\u0131 Lefko\u015fa\u2019da sat\u0131l\u0131k villalar, ba\u015fkentte ya\u015fam konforunu art\u0131rmak isteyenler i\u00e7in l\u00fcks ve m\u00fcstakil ya\u015fam f\u0131rsatlar\u0131 sunar. \u015eehir merkezine ve t\u00fcm sosyal olanaklara yak\u0131n lokasyonlarda yer alan villalar, hem aileler hem de yat\u0131r\u0131mc\u0131lar i\u00e7in prestijli bir konut se\u00e7ene\u011fidir. Lefko\u015fa\u2019da Villa Alman\u0131n Avantajlar\u0131 Bah\u00e7eli, geni\u015f metrekareli ve y\u00fcksek standartl\u0131 villa se\u00e7enekleri; mahremiyet, konfor [&hellip;]<\/p>","protected":false},"author":1,"featured_media":0,"parent":0,"menu_order":0,"comment_status":"closed","ping_status":"closed","template":"template\/template-listing-grid-v5-fullwidth-3cols.php","meta":{"footnotes":""},"class_list":["post-161835","page","type-page","status-publish","hentry"],"_links":{"self":[{"href":"https:\/\/turkkocan.com\/fa\/wp-json\/wp\/v2\/pages\/161835","targetHints":{"allow":["GET"]}}],"collection":[{"href":"https:\/\/turkkocan.com\/fa\/wp-json\/wp\/v2\/pages"}],"about":[{"href":"https:\/\/turkkocan.com\/fa\/wp-json\/wp\/v2\/types\/page"}],"author":[{"embeddable":true,"href":"https:\/\/turkkocan.com\/fa\/wp-json\/wp\/v2\/users\/1"}],"replies":[{"embeddable":true,"href":"https:\/\/turkkocan.com\/fa\/wp-json\/wp\/v2\/comments?post=161835"}],"version-history":[{"count":0,"href":"https:\/\/turkkocan.com\/fa\/wp-json\/wp\/v2\/pages\/161835\/revisions"}],"wp:attachment":[{"href":"https:\/\/turkkocan.com\/fa\/wp-json\/wp\/v2\/media?parent=161835"}],"curies":[{"name":"\u0648\u0631\u062f\u067e\u0631\u0633","href":"https:\/\/api.w.org\/{rel}","templated":true}]}}