{"id":161831,"date":"2025-06-13T10:58:19","date_gmt":"2025-06-13T10:58:19","guid":{"rendered":"https:\/\/turkkocan.com\/?page_id=161831"},"modified":"2025-06-17T10:02:03","modified_gmt":"2025-06-17T10:02:03","slug":"amlak-tejari-baraye-foroush-dar-lefkosa","status":"publish","type":"page","link":"https:\/\/turkkocan.com\/fa\/amlak-tejari-baraye-foroush-dar-lefkosa\/","title":{"rendered":"\u0627\u0645\u0644\u0627\u06a9 \u062a\u062c\u0627\u0631\u06cc \u0641\u0631\u0648\u0634\u06cc \u062f\u0631 \u0644\u0641\u06a9\u0648\u0634\u0627"},"content":{"rendered":"<h2 style=\"font-size: 20px;\">\ud83c\udfe2 \u0622\u06af\u0647\u06cc\u200c\u0647\u0627\u06cc \u0641\u0631\u0648\u0634 \u0627\u0645\u0644\u0627\u06a9 \u062a\u062c\u0627\u0631\u06cc \u062f\u0631 \u0644\u0641\u06a9\u0648\u0634\u0627 \u2013 \u0645\u0634\u0627\u0647\u062f\u0647 \u0647\u0645\u0647 \u0622\u06af\u0647\u06cc\u200c\u0647\u0627<\/h2>\n<p style=\"font-size: 16px;\">\u0627\u0645\u0644\u0627\u06a9 \u062a\u062c\u0627\u0631\u06cc \u0641\u0631\u0648\u0634\u06cc \u062f\u0631 \u0644\u0641\u06a9\u0648\u0634\u0627 \u0628\u0631\u0627\u06cc \u0633\u0631\u0645\u0627\u06cc\u0647\u200c\u06af\u0630\u0627\u0631\u0627\u0646\u06cc \u06a9\u0647 \u0645\u06cc\u200c\u062e\u0648\u0627\u0647\u0646\u062f \u062f\u0631 \u0642\u0644\u0628 \u062f\u0646\u06cc\u0627\u06cc \u06a9\u0633\u0628\u200c\u0648\u06a9\u0627\u0631 \u0628\u0627\u0634\u0646\u062f\u060c \u067e\u062a\u0627\u0646\u0633\u06cc\u0644 \u0628\u0627\u0644\u0627\u06cc\u06cc \u062f\u0627\u0631\u062f. \u062f\u0641\u0627\u062a\u0631\u060c \u0641\u0631\u0648\u0634\u06af\u0627\u0647\u200c\u0647\u0627 \u0648 \u0645\u063a\u0627\u0632\u0647\u200c\u0647\u0627\u06cc\u06cc \u06a9\u0647 \u062f\u0631 \u0646\u0632\u062f\u06cc\u06a9\u06cc \u0645\u0631\u06a9\u0632 \u0634\u0647\u0631\u060c \u0646\u0647\u0627\u062f\u0647\u0627\u06cc \u062f\u0648\u0644\u062a\u06cc \u0648 \u0645\u0646\u0627\u0637\u0642 \u067e\u0631\u062a\u0631\u062f\u062f \u0642\u0631\u0627\u0631 \u062f\u0627\u0631\u0646\u062f\u060c \u0628\u0631\u0627\u06cc \u062f\u0631\u06cc\u0627\u0641\u062a \u062f\u0631\u0622\u0645\u062f \u0627\u062c\u0627\u0631\u0647\u200c\u0627\u06cc \u0645\u0646\u0638\u0645 \u0627\u06cc\u062f\u0647\u200c\u0622\u0644 \u0647\u0633\u062a\u0646\u062f.<\/p>\n\n<h3 style=\"font-size: 18px;\">\u0645\u0632\u0627\u06cc\u0627\u06cc \u062e\u0631\u06cc\u062f \u0627\u0645\u0644\u0627\u06a9 \u062a\u062c\u0627\u0631\u06cc<\/h3>\n<p style=\"font-size: 16px;\">\u0627\u0645\u0644\u0627\u06a9 \u062a\u062c\u0627\u0631\u06cc \u0646\u0633\u0628\u062a \u0628\u0647 \u0627\u0645\u0644\u0627\u06a9 \u0645\u0633\u06a9\u0648\u0646\u06cc \u067e\u062a\u0627\u0646\u0633\u06cc\u0644 \u0628\u0627\u0632\u062f\u0647\u06cc \u0628\u0627\u0644\u0627\u062a\u0631\u06cc \u062f\u0627\u0631\u0646\u062f \u0648 \u0645\u06cc\u200c\u062a\u0648\u0627\u0646\u0646\u062f \u0627\u0632 \u0637\u0631\u06cc\u0642 \u0642\u0631\u0627\u0631\u062f\u0627\u062f\u0647\u0627\u06cc \u0628\u0644\u0646\u062f\u0645\u062f\u062a\u060c \u062f\u0631\u0622\u0645\u062f \u0627\u062c\u0627\u0631\u0647\u200c\u0627\u06cc \u067e\u0627\u06cc\u062f\u0627\u0631 \u0627\u06cc\u062c\u0627\u062f \u06a9\u0646\u0646\u062f. \u0645\u0627\u0644\u06a9\u06cc\u062a \u0645\u0644\u06a9 \u062a\u062c\u0627\u0631\u06cc \u062f\u0631 \u0634\u0647\u0631\u06cc \u067e\u0631\u062a\u062d\u0631\u06a9 \u0645\u0627\u0646\u0646\u062f \u0644\u0641\u06a9\u0648\u0634\u0627 \u0627\u0632 \u0646\u0638\u0631 \u062f\u0631\u0622\u0645\u062f \u0648 \u0627\u0641\u0632\u0627\u06cc\u0634 \u0627\u0631\u0632\u0634 \u0633\u0631\u0645\u0627\u06cc\u0647\u200c\u06af\u0630\u0627\u0631\u06cc\u060c \u0628\u0633\u06cc\u0627\u0631 \u0633\u0648\u062f\u0645\u0646\u062f \u0627\u0633\u062a.<\/p>\n\n<h3 style=\"font-size: 18px;\">\u0645\u0646\u0627\u0633\u0628 \u0628\u0631\u0627\u06cc \u0686\u0647 \u06a9\u0633\u0627\u0646\u06cc \u0627\u0633\u062a\u061f<\/h3>\n<p style=\"font-size: 16px;\">\u0627\u0645\u0644\u0627\u06a9 \u062a\u062c\u0627\u0631\u06cc \u0641\u0631\u0648\u0634\u06cc \u062f\u0631 \u0644\u0641\u06a9\u0648\u0634\u0627 \u0645\u062f\u0644 \u062f\u0631\u0622\u0645\u062f\u06cc \u067e\u0627\u06cc\u062f\u0627\u0631\u06cc \u0628\u0631\u0627\u06cc \u0633\u0631\u0645\u0627\u06cc\u0647\u200c\u06af\u0630\u0627\u0631\u0627\u0646\u060c \u06a9\u0627\u0631\u0622\u0641\u0631\u06cc\u0646\u0627\u0646\u060c \u0627\u0641\u0631\u0627\u062f\u06cc \u06a9\u0647 \u0645\u06cc\u200c\u062e\u0648\u0627\u0647\u0646\u062f \u06a9\u0633\u0628\u200c\u0648\u06a9\u0627\u0631 \u062e\u0648\u062f \u0631\u0627 \u0631\u0627\u0647\u200c\u0627\u0646\u062f\u0627\u0632\u06cc \u06a9\u0646\u0646\u062f \u0648 \u06a9\u0633\u0627\u0646\u06cc \u06a9\u0647 \u0642\u0635\u062f \u06af\u0633\u062a\u0631\u0634 \u0633\u0628\u062f \u0627\u0645\u0644\u0627\u06a9 \u062a\u062c\u0627\u0631\u06cc \u062e\u0648\u062f \u0631\u0627 \u062f\u0627\u0631\u0646\u062f\u060c \u0641\u0631\u0627\u0647\u0645 \u0645\u06cc\u200c\u06a9\u0646\u062f.<\/p>\n\n\n\n\n<p><\/p>","protected":false},"excerpt":{"rendered":"<p>\ud83c\udfe2 Lefko\u015fa Sat\u0131l\u0131k Ticari Gayrimenkul \u0130lanlar\u0131 Lefko\u015fa\u2019da sat\u0131l\u0131k ticari gayrimenkuller, i\u015f d\u00fcnyas\u0131n\u0131n kalbinde yer almak isteyen yat\u0131r\u0131mc\u0131lar i\u00e7in y\u00fcksek potansiyel sunar. \u015eehir merkezine, kamu kurumlar\u0131na ve yo\u011fun insan trafi\u011fine yak\u0131n lokasyonlardaki ofis, ma\u011faza ve d\u00fckkanlar, d\u00fczenli kira geliri sa\u011flamak i\u00e7in idealdir. Ticari M\u00fclk Alman\u0131n Avantajlar\u0131 Ticari m\u00fclkler, konutlara g\u00f6re daha y\u00fcksek getiri potansiyeline sahip olup, [&hellip;]<\/p>","protected":false},"author":1,"featured_media":0,"parent":0,"menu_order":0,"comment_status":"closed","ping_status":"closed","template":"template\/template-listing-grid-v5-fullwidth-3cols.php","meta":{"footnotes":""},"class_list":["post-161831","page","type-page","status-publish","hentry"],"_links":{"self":[{"href":"https:\/\/turkkocan.com\/fa\/wp-json\/wp\/v2\/pages\/161831","targetHints":{"allow":["GET"]}}],"collection":[{"href":"https:\/\/turkkocan.com\/fa\/wp-json\/wp\/v2\/pages"}],"about":[{"href":"https:\/\/turkkocan.com\/fa\/wp-json\/wp\/v2\/types\/page"}],"author":[{"embeddable":true,"href":"https:\/\/turkkocan.com\/fa\/wp-json\/wp\/v2\/users\/1"}],"replies":[{"embeddable":true,"href":"https:\/\/turkkocan.com\/fa\/wp-json\/wp\/v2\/comments?post=161831"}],"version-history":[{"count":0,"href":"https:\/\/turkkocan.com\/fa\/wp-json\/wp\/v2\/pages\/161831\/revisions"}],"wp:attachment":[{"href":"https:\/\/turkkocan.com\/fa\/wp-json\/wp\/v2\/media?parent=161831"}],"curies":[{"name":"\u0648\u0631\u062f\u067e\u0631\u0633","href":"https:\/\/api.w.org\/{rel}","templated":true}]}}