{"id":161827,"date":"2025-06-13T10:56:12","date_gmt":"2025-06-13T10:56:12","guid":{"rendered":"https:\/\/turkkocan.com\/?page_id=161827"},"modified":"2025-06-17T09:51:47","modified_gmt":"2025-06-17T09:51:47","slug":"kakh-baraye-foroush-dar-lefkosa","status":"publish","type":"page","link":"https:\/\/turkkocan.com\/fa\/kakh-baraye-foroush-dar-lefkosa\/","title":{"rendered":"\u0639\u0645\u0627\u0631\u062a\u200c\u0647\u0627\u06cc \u0641\u0631\u0648\u0634\u06cc \u062f\u0631 \u0644\u0641\u06a9\u0648\u0634\u0627"},"content":{"rendered":"<h2 style=\"font-size: 20px;\">\ud83c\udfdb\ufe0f \u0622\u06af\u0647\u06cc\u200c\u0647\u0627\u06cc \u0641\u0631\u0648\u0634 \u0639\u0645\u0627\u0631\u062a \u062f\u0631 \u0644\u0641\u06a9\u0648\u0634\u0627 \u2013 \u0645\u0634\u0627\u0647\u062f\u0647 \u0647\u0645\u0647 \u0622\u06af\u0647\u06cc\u200c\u0647\u0627<\/h2>\n<p style=\"font-size: 16px;\">\u0639\u0645\u0627\u0631\u062a\u200c\u0647\u0627\u06cc \u0641\u0631\u0648\u0634\u06cc \u062f\u0631 \u0644\u0641\u06a9\u0648\u0634\u0627 \u0628\u0627 \u0648\u062c\u0648\u062f \u0646\u0632\u062f\u06cc\u06a9\u06cc \u0628\u0647 \u0645\u0631\u06a9\u0632 \u0634\u0647\u0631\u060c \u0641\u0636\u0627\u06cc \u0632\u0646\u062f\u06af\u06cc \u06af\u0633\u062a\u0631\u062f\u0647 \u0648 \u0645\u062c\u0644\u0644\u06cc \u0631\u0627 \u062f\u0631 \u0645\u062d\u06cc\u0637\u06cc \u062e\u0635\u0648\u0635\u06cc \u0641\u0631\u0627\u0647\u0645 \u0645\u06cc\u200c\u06a9\u0646\u0646\u062f. \u0628\u0627 \u0627\u0645\u06a9\u0627\u0646\u0627\u062a \u0644\u0648\u06a9\u0633\u060c \u0628\u0627\u063a\u200c\u0647\u0627\u06cc \u0628\u0632\u0631\u06af\u060c \u0627\u0633\u062a\u062e\u0631\u0647\u0627\u06cc \u0627\u062e\u062a\u0635\u0627\u0635\u06cc \u0648 \u0627\u0633\u062a\u0627\u0646\u062f\u0627\u0631\u062f\u0647\u0627\u06cc \u0628\u0627\u0644\u0627\u060c \u0627\u06cc\u0646 \u0627\u0645\u0644\u0627\u06a9 \u0627\u0646\u062a\u062e\u0627\u0628\u06cc \u0633\u0637\u062d \u0628\u0627\u0644\u0627 \u0628\u0631\u0627\u06cc \u0632\u0646\u062f\u06af\u06cc \u0648 \u0633\u0631\u0645\u0627\u06cc\u0647\u200c\u06af\u0630\u0627\u0631\u06cc \u0647\u0633\u062a\u0646\u062f.<\/p>\n\n<h3 style=\"font-size: 18px;\">\u0645\u0632\u0627\u06cc\u0627\u06cc \u062e\u0631\u06cc\u062f \u0639\u0645\u0627\u0631\u062a<\/h3>\n<p style=\"font-size: 16px;\">\u0639\u0645\u0627\u0631\u062a\u200c\u0647\u0627 \u0628\u0627 \u062d\u0631\u06cc\u0645 \u062e\u0635\u0648\u0635\u06cc \u0628\u0627\u0644\u0627\u060c \u0641\u0636\u0627\u0647\u0627\u06cc \u0634\u062e\u0635\u06cc\u200c\u0633\u0627\u0632\u06cc\u200c\u0634\u062f\u0647\u060c \u0641\u0636\u0627\u06cc \u062f\u0627\u062e\u0644\u06cc \u0648\u0633\u06cc\u0639 \u0648 \u0647\u0645\u0627\u0647\u0646\u06af\u06cc \u0628\u0627 \u0645\u062d\u06cc\u0637 \u0637\u0628\u06cc\u0639\u06cc \u0628\u0631\u062c\u0633\u062a\u0647 \u0647\u0633\u062a\u0646\u062f. \u062f\u0627\u0634\u062a\u0646 \u06cc\u06a9 \u0639\u0645\u0627\u0631\u062a \u062f\u0631 \u0645\u0648\u0642\u0639\u06cc\u062a\u06cc \u0627\u0633\u062a\u0631\u0627\u062a\u0698\u06cc\u06a9 \u0645\u0627\u0646\u0646\u062f \u0644\u0641\u06a9\u0648\u0634\u0627\u060c \u0647\u0645\u200c\u0632\u0645\u0627\u0646 \u0628\u0627 \u0632\u0646\u062f\u06af\u06cc \u0644\u0648\u06a9\u0633\u060c \u0628\u0647 \u0645\u0639\u0646\u0627\u06cc \u062f\u0627\u0634\u062a\u0646 \u06cc\u06a9 \u062f\u0627\u0631\u0627\u06cc\u06cc \u0627\u0631\u0632\u0634\u0645\u0646\u062f \u0627\u0633\u062a.<\/p>\n\n<h3 style=\"font-size: 18px;\">\u0645\u0646\u0627\u0633\u0628 \u0686\u0647 \u06a9\u0633\u0627\u0646\u06cc \u0627\u0633\u062a\u061f<\/h3>\n<p style=\"font-size: 16px;\">\u0639\u0645\u0627\u0631\u062a\u200c\u0647\u0627\u06cc\u06cc \u06a9\u0647 \u0628\u0631\u0627\u06cc \u0642\u0634\u0631 \u067e\u0631\u062f\u0631\u0622\u0645\u062f \u0637\u0631\u0627\u062d\u06cc \u0634\u062f\u0647\u200c\u0627\u0646\u062f\u060c \u0628\u0631\u0627\u06cc \u0627\u0641\u0631\u0627\u062f\u06cc \u06a9\u0647 \u0628\u0647 \u062f\u0646\u0628\u0627\u0644 \u062d\u0631\u06cc\u0645 \u062e\u0635\u0648\u0635\u06cc \u0647\u0633\u062a\u0646\u062f\u060c \u062e\u0627\u0646\u0648\u0627\u062f\u0647\u200c\u0647\u0627 \u06cc\u0627 \u06a9\u0627\u0631\u0622\u0641\u0631\u06cc\u0646\u0627\u0646\u06cc \u06a9\u0647 \u0642\u0635\u062f \u0627\u0631\u0627\u0626\u0647 \u062e\u062f\u0645\u0627\u062a \u0627\u0642\u0627\u0645\u062a\u06cc \u0644\u0648\u06a9\u0633 \u062f\u0627\u0631\u0646\u062f\u060c \u0645\u0646\u0627\u0633\u0628\u200c\u0627\u0646\u062f. \u0647\u0645\u0686\u0646\u06cc\u0646 \u0628\u0627 \u062f\u0631\u0622\u0645\u062f \u0627\u062c\u0627\u0631\u0647\u200c\u0627\u06cc \u0627\u0631\u0632\u06cc\u060c \u06af\u0632\u06cc\u0646\u0647\u200c\u0627\u06cc \u062c\u0630\u0627\u0628 \u0628\u0631\u0627\u06cc \u0633\u0631\u0645\u0627\u06cc\u0647\u200c\u06af\u0630\u0627\u0631\u0627\u0646 \u0645\u062d\u0633\u0648\u0628 \u0645\u06cc\u200c\u0634\u0648\u0646\u062f.<\/p>","protected":false},"excerpt":{"rendered":"<p>\ud83c\udfdb\ufe0f Lefko\u015fa Sat\u0131l\u0131k Malikane \u0130lanlar\u0131 Lefko\u015fa\u2019da sat\u0131l\u0131k malikaneler, \u015fehrin merkezine yak\u0131n ama kendi i\u00e7inde izole, geni\u015f ve prestijli ya\u015fam alanlar\u0131 sunan m\u00fclkler aras\u0131nda yer al\u0131r. L\u00fcks donan\u0131m\u0131, b\u00fcy\u00fck bah\u00e7eleri, \u00f6zel havuzlar\u0131 ve y\u00fcksek standartlar\u0131yla malikhaneler, hem ya\u015fam hem yat\u0131r\u0131m anlam\u0131nda \u00fcst d\u00fczey bir tercihtir. Malikhane Alman\u0131n Avantajlar\u0131 Malikaneler; y\u00fcksek mahremiyet, ki\u015fiselle\u015ftirilmi\u015f alanlar, geni\u015f i\u00e7 hacim [&hellip;]<\/p>","protected":false},"author":1,"featured_media":0,"parent":0,"menu_order":0,"comment_status":"closed","ping_status":"closed","template":"template\/template-listing-grid-v5-fullwidth-3cols.php","meta":{"footnotes":""},"class_list":["post-161827","page","type-page","status-publish","hentry"],"_links":{"self":[{"href":"https:\/\/turkkocan.com\/fa\/wp-json\/wp\/v2\/pages\/161827","targetHints":{"allow":["GET"]}}],"collection":[{"href":"https:\/\/turkkocan.com\/fa\/wp-json\/wp\/v2\/pages"}],"about":[{"href":"https:\/\/turkkocan.com\/fa\/wp-json\/wp\/v2\/types\/page"}],"author":[{"embeddable":true,"href":"https:\/\/turkkocan.com\/fa\/wp-json\/wp\/v2\/users\/1"}],"replies":[{"embeddable":true,"href":"https:\/\/turkkocan.com\/fa\/wp-json\/wp\/v2\/comments?post=161827"}],"version-history":[{"count":0,"href":"https:\/\/turkkocan.com\/fa\/wp-json\/wp\/v2\/pages\/161827\/revisions"}],"wp:attachment":[{"href":"https:\/\/turkkocan.com\/fa\/wp-json\/wp\/v2\/media?parent=161827"}],"curies":[{"name":"\u0648\u0631\u062f\u067e\u0631\u0633","href":"https:\/\/api.w.org\/{rel}","templated":true}]}}