{"id":161823,"date":"2025-06-13T10:54:17","date_gmt":"2025-06-13T10:54:17","guid":{"rendered":"https:\/\/turkkocan.com\/?page_id=161823"},"modified":"2025-06-17T09:41:28","modified_gmt":"2025-06-17T09:41:28","slug":"aparteman-baraye-foroush-dar-lefkosa","status":"publish","type":"page","link":"https:\/\/turkkocan.com\/fa\/aparteman-baraye-foroush-dar-lefkosa\/","title":{"rendered":"\u0622\u067e\u0627\u0631\u062a\u0645\u0627\u0646\u200c\u0647\u0627\u06cc \u0641\u0631\u0648\u0634\u06cc \u062f\u0631 \u0644\u0641\u06a9\u0648\u0634\u0627"},"content":{"rendered":"<h2 style=\"font-size: 20px;\">+\ud83c\udfe2 \u0622\u06af\u0647\u06cc\u200c\u0647\u0627\u06cc \u0641\u0631\u0648\u0634 \u0622\u067e\u0627\u0631\u062a\u0645\u0627\u0646 \u062f\u0631 \u0644\u0641\u06a9\u0648\u0634\u0627 \u2013 \u0645\u0634\u0627\u0647\u062f\u0647 \u0647\u0645\u0647 \u0622\u06af\u0647\u06cc\u200c\u0647\u0627<\/h2>\n<p style=\"font-size: 16px;\">\u0622\u067e\u0627\u0631\u062a\u0645\u0627\u0646\u200c\u0647\u0627\u06cc \u0641\u0631\u0648\u0634\u06cc \u062f\u0631 \u0644\u0641\u06a9\u0648\u0634\u0627\u060c \u0645\u062c\u0645\u0648\u0639\u0647 \u06af\u0633\u062a\u0631\u062f\u0647\u200c\u0627\u06cc \u0628\u0631\u0627\u06cc \u0627\u0641\u0631\u0627\u062f\u06cc \u06a9\u0647 \u0642\u0635\u062f \u0632\u0646\u062f\u06af\u06cc \u06cc\u0627 \u0633\u0631\u0645\u0627\u06cc\u0647\u200c\u06af\u0630\u0627\u0631\u06cc \u062f\u0631 \u067e\u0627\u06cc\u062a\u062e\u062a \u062f\u0627\u0631\u0646\u062f \u0627\u0631\u0627\u0626\u0647 \u0645\u06cc\u200c\u062f\u0647\u0646\u062f. \u0627\u06cc\u0646 \u0622\u067e\u0627\u0631\u062a\u0645\u0627\u0646\u200c\u0647\u0627 \u0628\u0627 \u0645\u0648\u0642\u0639\u06cc\u062a \u0645\u06a9\u0627\u0646\u06cc \u0646\u0632\u062f\u06cc\u06a9 \u0628\u0647 \u062f\u0627\u0646\u0634\u06af\u0627\u0647\u200c\u0647\u0627\u060c \u0645\u0631\u0627\u06a9\u0632 \u062a\u062c\u0627\u0631\u06cc \u0648 \u0627\u062f\u0627\u0631\u0627\u062a \u062f\u0648\u0644\u062a\u06cc\u060c \u062f\u0633\u062a\u0631\u0633\u06cc \u0622\u0633\u0627\u0646 \u0628\u0647 \u062a\u0645\u0627\u0645\u06cc \u0646\u06cc\u0627\u0632\u0647\u0627\u06cc \u0631\u0648\u0632\u0645\u0631\u0647 \u0631\u0627 \u0641\u0631\u0627\u0647\u0645 \u0645\u06cc\u200c\u06a9\u0646\u0646\u062f.<\/p>\n\n<h3 style=\"font-size: 18px;\">\u0645\u0632\u0627\u06cc\u0627\u06cc \u062e\u0631\u06cc\u062f \u0622\u067e\u0627\u0631\u062a\u0645\u0627\u0646 \u062f\u0631 \u0644\u0641\u06a9\u0648\u0634\u0627<\/h3>\n<p style=\"font-size: 16px;\">\u0622\u067e\u0627\u0631\u062a\u0645\u0627\u0646\u200c\u0647\u0627\u06cc \u0641\u0631\u0648\u0634\u06cc \u062f\u0631 \u0645\u0631\u06a9\u0632 \u0634\u0647\u0631 \u0628\u0627 \u0628\u0627\u0632\u062f\u0647\u06cc \u0628\u0627\u0644\u0627\u06cc \u0627\u062c\u0627\u0631\u0647\u200c\u0627\u06cc \u0634\u0646\u0627\u062e\u062a\u0647 \u0645\u06cc\u200c\u0634\u0648\u0646\u062f. \u062a\u0642\u0627\u0636\u0627 \u0628\u0631\u0627\u06cc \u0627\u062c\u0627\u0631\u0647\u060c \u0628\u0647 \u0648\u06cc\u0698\u0647 \u0627\u0632 \u0633\u0648\u06cc \u062f\u0627\u0646\u0634\u062c\u0648\u06cc\u0627\u0646 \u0648 \u06a9\u0627\u0631\u0645\u0646\u062f\u0627\u0646 \u062f\u0648\u0644\u062a\u06cc\u060c \u0647\u0645\u0648\u0627\u0631\u0647 \u0628\u0627\u0644\u0627 \u0627\u0633\u062a. \u0647\u0645\u0686\u0646\u06cc\u0646\u060c \u0622\u067e\u0627\u0631\u062a\u0645\u0627\u0646\u200c\u0647\u0627\u06cc \u0648\u0627\u0642\u0639 \u062f\u0631 \u0645\u0646\u0627\u0637\u0642 \u0645\u0631\u06a9\u0632\u06cc \u062f\u0627\u0631\u0627\u06cc \u067e\u062a\u0627\u0646\u0633\u06cc\u0644 \u0628\u0627\u0644\u0627\u06cc\u06cc \u0628\u0631\u0627\u06cc \u0627\u0641\u0632\u0627\u06cc\u0634 \u0627\u0631\u0632\u0634 \u0647\u0633\u062a\u0646\u062f.<\/p>\n\n<h3 style=\"font-size: 18px;\">\u0645\u0646\u0627\u0633\u0628 \u0686\u0647 \u06a9\u0633\u0627\u0646\u06cc \u0627\u0633\u062a\u061f<\/h3>\n<p style=\"font-size: 16px;\">\u0622\u067e\u0627\u0631\u062a\u0645\u0627\u0646\u200c\u0647\u0627\u06cc \u0641\u0631\u0648\u0634\u06cc \u062f\u0631 \u0644\u0641\u06a9\u0648\u0634\u0627 \u0628\u0631\u0627\u06cc \u062e\u0627\u0646\u0648\u0627\u062f\u0647\u200c\u0647\u0627\u06cc\u06cc \u06a9\u0647 \u0642\u0635\u062f \u0632\u0646\u062f\u06af\u06cc \u062f\u0631 \u0642\u0628\u0631\u0633 \u0634\u0645\u0627\u0644\u06cc \u0631\u0627 \u062f\u0627\u0631\u0646\u062f\u060c \u0627\u0641\u0631\u0627\u062f\u06cc \u06a9\u0647 \u0628\u0647 \u062f\u0646\u0628\u0627\u0644 \u06a9\u0633\u0628 \u062f\u0631\u0622\u0645\u062f \u0627\u0632 \u0637\u0631\u06cc\u0642 \u0633\u0631\u0645\u0627\u06cc\u0647\u200c\u06af\u0630\u0627\u0631\u06cc \u0647\u0633\u062a\u0646\u062f \u0648 \u0633\u0631\u0645\u0627\u06cc\u0647\u200c\u06af\u0630\u0627\u0631\u0627\u0646\u06cc \u06a9\u0647 \u0645\u06cc\u200c\u062e\u0648\u0627\u0647\u0646\u062f \u0628\u0647 \u062f\u0627\u0646\u0634\u062c\u0648\u06cc\u0627\u0646 \u0627\u062c\u0627\u0631\u0647 \u062f\u0647\u0646\u062f\u060c \u0628\u0633\u06cc\u0627\u0631 \u0645\u0646\u0627\u0633\u0628 \u0647\u0633\u062a\u0646\u062f.<\/p>","protected":false},"excerpt":{"rendered":"<p>\ud83c\udfe2 Lefko\u015fa Sat\u0131l\u0131k Daire \u0130lanlar\u0131 Lefko\u015fa\u2019da sat\u0131l\u0131k daire se\u00e7enekleri, ba\u015fkentte ya\u015famak veya yat\u0131r\u0131m yapmak isteyenler i\u00e7in geni\u015f bir portf\u00f6y sunar. \u00dcniversitelere, i\u015f merkezlerine ve devlet kurumlar\u0131na yak\u0131n konumda yer alan daireler, g\u00fcnl\u00fck ya\u015fam\u0131n t\u00fcm ihtiya\u00e7lar\u0131na eri\u015fimi kolayla\u015ft\u0131r\u0131r. Lefko\u015fa\u2019da Daire Alman\u0131n Avantajlar\u0131 \u015eehir merkezinde bulunan sat\u0131l\u0131k daireler, y\u00fcksek kira getirisiyle \u00f6ne \u00e7\u0131kar. \u00d6zellikle \u00f6\u011frenciler ve memurlar [&hellip;]<\/p>","protected":false},"author":1,"featured_media":0,"parent":0,"menu_order":0,"comment_status":"closed","ping_status":"closed","template":"template\/template-listing-grid-v5-fullwidth-3cols.php","meta":{"footnotes":""},"class_list":["post-161823","page","type-page","status-publish","hentry"],"_links":{"self":[{"href":"https:\/\/turkkocan.com\/fa\/wp-json\/wp\/v2\/pages\/161823","targetHints":{"allow":["GET"]}}],"collection":[{"href":"https:\/\/turkkocan.com\/fa\/wp-json\/wp\/v2\/pages"}],"about":[{"href":"https:\/\/turkkocan.com\/fa\/wp-json\/wp\/v2\/types\/page"}],"author":[{"embeddable":true,"href":"https:\/\/turkkocan.com\/fa\/wp-json\/wp\/v2\/users\/1"}],"replies":[{"embeddable":true,"href":"https:\/\/turkkocan.com\/fa\/wp-json\/wp\/v2\/comments?post=161823"}],"version-history":[{"count":0,"href":"https:\/\/turkkocan.com\/fa\/wp-json\/wp\/v2\/pages\/161823\/revisions"}],"wp:attachment":[{"href":"https:\/\/turkkocan.com\/fa\/wp-json\/wp\/v2\/media?parent=161823"}],"curies":[{"name":"\u0648\u0631\u062f\u067e\u0631\u0633","href":"https:\/\/api.w.org\/{rel}","templated":true}]}}