{"id":161819,"date":"2025-06-13T10:51:57","date_gmt":"2025-06-13T10:51:57","guid":{"rendered":"https:\/\/turkkocan.com\/?page_id=161819"},"modified":"2025-06-17T10:03:56","modified_gmt":"2025-06-17T10:03:56","slug":"zamin-baraye-foroush-dar-lefkosa","status":"publish","type":"page","link":"https:\/\/turkkocan.com\/fa\/zamin-baraye-foroush-dar-lefkosa\/","title":{"rendered":"\u0632\u0645\u06cc\u0646\u200c\u0647\u0627\u06cc \u0641\u0631\u0648\u0634\u06cc \u062f\u0631 \u0644\u0641\u06a9\u0648\u0634\u0627"},"content":{"rendered":"<h2 style=\"font-size: 20px;\">\ud83c\udf3f \u0622\u06af\u0647\u06cc\u200c\u0647\u0627\u06cc \u0641\u0631\u0648\u0634 \u0632\u0645\u06cc\u0646 \u062f\u0631 \u0644\u0641\u06a9\u0648\u0634\u0627 \u2013 \u0645\u0634\u0627\u0647\u062f\u0647 \u0647\u0645\u0647 \u0622\u06af\u0647\u06cc\u200c\u0647\u0627<\/h2>\n<p style=\"font-size: 16px;\">\u0632\u0645\u06cc\u0646\u200c\u0647\u0627\u06cc \u0641\u0631\u0648\u0634\u06cc \u062f\u0631 \u0644\u0641\u06a9\u0648\u0634\u0627 \u0628\u0631\u0627\u06cc \u0627\u0641\u0631\u0627\u062f\u06cc \u06a9\u0647 \u0642\u0635\u062f \u0633\u0631\u0645\u0627\u06cc\u0647\u200c\u06af\u0630\u0627\u0631\u06cc \u062f\u0631 \u067e\u0627\u06cc\u062a\u062e\u062a \u0642\u0628\u0631\u0633 \u0634\u0645\u0627\u0644\u06cc \u0631\u0627 \u062f\u0627\u0631\u0646\u062f\u060c \u0647\u0645 \u0645\u0648\u0642\u0639\u06cc\u062a \u0645\u0631\u06a9\u0632\u06cc \u0648 \u0647\u0645 \u067e\u062a\u0627\u0646\u0633\u06cc\u0644 \u0633\u0648\u062f\u0622\u0648\u0631\u06cc \u0628\u0627\u0644\u0627 \u0631\u0627 \u0627\u0631\u0627\u0626\u0647 \u0645\u06cc\u200c\u062f\u0647\u0646\u062f. \u0686\u0647 \u0628\u0631\u0627\u06cc \u067e\u0631\u0648\u0698\u0647\u200c\u0647\u0627\u06cc \u0645\u0633\u06a9\u0648\u0646\u06cc\u060c \u062a\u062c\u0627\u0631\u06cc \u06cc\u0627 \u062a\u0631\u06a9\u06cc\u0628\u06cc\u060c \u0632\u0645\u06cc\u0646\u200c\u0647\u0627\u06cc \u062f\u0627\u0631\u0627\u06cc \u0633\u0646\u062f \u0631\u0633\u0645\u06cc \u0648 \u0645\u062c\u0648\u0632 \u0633\u0627\u062e\u062a\u060c \u0628\u0631\u0627\u06cc \u0647\u0645\u0647 \u0646\u0648\u0639 \u0633\u0631\u0645\u0627\u06cc\u0647\u200c\u06af\u0630\u0627\u0631 \u0645\u0646\u0627\u0633\u0628 \u0647\u0633\u062a\u0646\u062f.<\/p>\n\n<h3 style=\"font-size: 18px;\">\u0645\u0632\u0627\u06cc\u0627\u06cc \u062e\u0631\u06cc\u062f \u0632\u0645\u06cc\u0646<\/h3>\n<p style=\"font-size: 16px;\">\u0632\u0645\u06cc\u0646\u200c\u0647\u0627 \u0628\u0647 \u062f\u0644\u06cc\u0644 \u0634\u0631\u0648\u0639 \u06a9\u0645\u200c\u0647\u0632\u06cc\u0646\u0647 \u0648 \u067e\u062a\u0627\u0646\u0633\u06cc\u0644 \u0628\u0627\u0644\u0627\u06cc \u0627\u0641\u0632\u0627\u06cc\u0634 \u0627\u0631\u0632\u0634 \u062f\u0631 \u0622\u06cc\u0646\u062f\u0647\u060c \u0627\u0646\u062a\u062e\u0627\u0628 \u0645\u062d\u0628\u0648\u0628 \u0633\u0631\u0645\u0627\u06cc\u0647\u200c\u06af\u0630\u0627\u0631\u0627\u0646 \u0628\u0644\u0646\u062f\u0645\u062f\u062a \u0647\u0633\u062a\u0646\u062f. \u0628\u0647\u200c\u0648\u06cc\u0698\u0647 \u062f\u0631 \u0645\u0646\u0627\u0637\u0642\u06cc \u0645\u0627\u0646\u0646\u062f \u0644\u0641\u06a9\u0648\u0634\u0627 \u06a9\u0647 \u062c\u0645\u0639\u06cc\u062a \u062f\u0631 \u062d\u0627\u0644 \u0627\u0641\u0632\u0627\u06cc\u0634 \u0648 \u0633\u0627\u062e\u062a\u200c\u0648\u0633\u0627\u0632 \u062f\u0631 \u062d\u0627\u0644 \u06af\u0633\u062a\u0631\u0634 \u0627\u0633\u062a\u060c \u0633\u0631\u0645\u0627\u06cc\u0647\u200c\u06af\u0630\u0627\u0631\u06cc \u062f\u0631 \u0632\u0645\u06cc\u0646 \u0645\u06cc\u200c\u062a\u0648\u0627\u0646\u062f \u0628\u0627 \u06af\u0630\u0634\u062a \u0632\u0645\u0627\u0646 \u0633\u0648\u062f \u0642\u0627\u0628\u0644 \u062a\u0648\u062c\u0647\u06cc \u0628\u0647 \u0647\u0645\u0631\u0627\u0647 \u062f\u0627\u0634\u062a\u0647 \u0628\u0627\u0634\u062f.<\/p>\n\n<h3 style=\"font-size: 18px;\">\u0645\u0646\u0627\u0633\u0628 \u0686\u0647 \u06a9\u0633\u0627\u0646\u06cc \u0627\u0633\u062a\u061f<\/h3>\n<p style=\"font-size: 16px;\">\u0632\u0645\u06cc\u0646\u200c\u0647\u0627\u06cc \u0641\u0631\u0648\u0634\u06cc \u062f\u0631 \u0644\u0641\u06a9\u0648\u0634\u0627 \u0641\u0631\u0635\u062a\u200c\u0647\u0627\u06cc \u0628\u0633\u06cc\u0627\u0631 \u062c\u0630\u0627\u0628\u06cc \u0631\u0627 \u0628\u0631\u0627\u06cc \u0627\u0641\u0631\u0627\u062f\u06cc \u06a9\u0647 \u0642\u0635\u062f \u0633\u0627\u062e\u062a \u062e\u0627\u0646\u0647 \u062f\u0627\u0631\u0646\u062f\u060c \u0634\u0631\u06a9\u062a\u200c\u0647\u0627\u06cc\u06cc \u06a9\u0647 \u0628\u0647 \u062f\u0646\u0628\u0627\u0644 \u062a\u0648\u0633\u0639\u0647 \u067e\u0631\u0648\u0698\u0647 \u0647\u0633\u062a\u0646\u062f \u0648 \u0633\u0631\u0645\u0627\u06cc\u0647\u200c\u06af\u0630\u0627\u0631\u0627\u0646\u06cc \u06a9\u0647 \u0628\u0631\u0646\u0627\u0645\u0647\u200c\u0631\u06cc\u0632\u06cc \u0628\u0631\u0627\u06cc \u062e\u0631\u06cc\u062f \u0632\u0645\u06cc\u0646 \u062f\u0631 \u0622\u06cc\u0646\u062f\u0647 \u062f\u0627\u0631\u0646\u062f\u060c \u0641\u0631\u0627\u0647\u0645 \u0645\u06cc\u200c\u06a9\u0646\u0646\u062f.<\/p>","protected":false},"excerpt":{"rendered":"<p>\ud83c\udf3f Lefko\u015fa Sat\u0131l\u0131k Arsa \u0130lanlar\u0131 Lefko\u015fa\u2019da sat\u0131l\u0131k arsalar, Kuzey K\u0131br\u0131s\u2019\u0131n ba\u015fkentinde arsa yat\u0131r\u0131m\u0131 yapmak isteyenler i\u00e7in hem merkezi konum hem de y\u00fcksek getiri potansiyeli sunar. \u0130ster konut, ister ticari, ister karma projeler i\u00e7in d\u00fc\u015f\u00fcn\u00fcls\u00fcn; imarl\u0131 ve tapulu arsa se\u00e7enekleri her yat\u0131r\u0131mc\u0131ya hitap eder. Arsa Alman\u0131n Avantajlar\u0131 Arsalar, d\u00fc\u015f\u00fck maliyetli ba\u015flang\u0131\u00e7 sunmas\u0131 ve gelecekte y\u00fcksek de\u011fer [&hellip;]<\/p>","protected":false},"author":1,"featured_media":0,"parent":0,"menu_order":0,"comment_status":"closed","ping_status":"closed","template":"template\/template-listing-grid-v5-fullwidth-3cols.php","meta":{"footnotes":""},"class_list":["post-161819","page","type-page","status-publish","hentry"],"_links":{"self":[{"href":"https:\/\/turkkocan.com\/fa\/wp-json\/wp\/v2\/pages\/161819","targetHints":{"allow":["GET"]}}],"collection":[{"href":"https:\/\/turkkocan.com\/fa\/wp-json\/wp\/v2\/pages"}],"about":[{"href":"https:\/\/turkkocan.com\/fa\/wp-json\/wp\/v2\/types\/page"}],"author":[{"embeddable":true,"href":"https:\/\/turkkocan.com\/fa\/wp-json\/wp\/v2\/users\/1"}],"replies":[{"embeddable":true,"href":"https:\/\/turkkocan.com\/fa\/wp-json\/wp\/v2\/comments?post=161819"}],"version-history":[{"count":0,"href":"https:\/\/turkkocan.com\/fa\/wp-json\/wp\/v2\/pages\/161819\/revisions"}],"wp:attachment":[{"href":"https:\/\/turkkocan.com\/fa\/wp-json\/wp\/v2\/media?parent=161819"}],"curies":[{"name":"\u0648\u0631\u062f\u067e\u0631\u0633","href":"https:\/\/api.w.org\/{rel}","templated":true}]}}