{"id":161804,"date":"2025-06-13T10:43:01","date_gmt":"2025-06-13T10:43:01","guid":{"rendered":"https:\/\/turkkocan.com\/?page_id=161804"},"modified":"2025-06-17T09:05:03","modified_gmt":"2025-06-17T09:05:03","slug":"amlak-tejari-baraye-foroush-dar-lefke","status":"publish","type":"page","link":"https:\/\/turkkocan.com\/fa\/amlak-tejari-baraye-foroush-dar-lefke\/","title":{"rendered":"\u0627\u0645\u0644\u0627\u06a9 \u062a\u062c\u0627\u0631\u06cc \u0641\u0631\u0648\u0634\u06cc \u062f\u0631 \u0644\u0641\u06a9\u0647"},"content":{"rendered":"<h2 style=\"font-size: 20px;\">\ud83c\udfe2 \u0627\u0645\u0644\u0627\u06a9 \u062a\u062c\u0627\u0631\u06cc \u0641\u0631\u0648\u0634\u06cc \u062f\u0631 \u0644\u0641\u06a9\u0647 \u2013 \u0645\u0634\u0627\u0647\u062f\u0647 \u0647\u0645\u0647 \u0622\u06af\u0647\u06cc\u200c\u0647\u0627<\/h2>\n<p style=\"font-size: 16px;\">\u0627\u0645\u0644\u0627\u06a9 \u062a\u062c\u0627\u0631\u06cc \u0641\u0631\u0648\u0634\u06cc \u062f\u0631 \u0644\u0641\u06a9\u0647 \u0628\u0627 \u062a\u0648\u062c\u0647 \u0628\u0647 \u0637\u0628\u06cc\u0639\u062a \u0645\u0646\u0637\u0642\u0647 \u0648 \u067e\u062a\u0627\u0646\u0633\u06cc\u0644 \u0631\u0648 \u0628\u0647 \u0631\u0634\u062f \u0622\u0646\u060c \u0641\u0631\u0635\u062a\u200c\u0647\u0627\u06cc\u06cc \u062c\u0630\u0627\u0628 \u0628\u0631\u0627\u06cc \u0633\u0631\u0645\u0627\u06cc\u0647\u200c\u06af\u0630\u0627\u0631\u06cc \u0628\u0644\u0646\u062f\u0645\u062f\u062a \u0648 \u06a9\u0645\u200c\u0631\u06cc\u0633\u06a9 \u0627\u0631\u0627\u0626\u0647 \u0645\u06cc\u200c\u062f\u0647\u062f. \u06af\u0632\u06cc\u0646\u0647\u200c\u0647\u0627\u06cc\u06cc \u0645\u0646\u0627\u0633\u0628 \u0628\u0631\u0627\u06cc \u06a9\u0633\u0628\u200c\u0648\u06a9\u0627\u0631\u0647\u0627\u06cc \u06a9\u0648\u0686\u06a9\u060c \u0641\u0631\u0648\u0634\u06af\u0627\u0647\u200c\u0647\u0627\u06cc \u0628\u0648\u062a\u06cc\u06a9 \u0648 \u062e\u062f\u0645\u0627\u062a \u0645\u062d\u0644\u06cc \u062f\u0631 \u062f\u0633\u062a\u0631\u0633 \u0627\u0633\u062a.<\/p>\n\n<h3 style=\"font-size: 18px;\">\u0645\u0632\u0627\u06cc\u0627\u06cc \u0627\u0646\u062a\u062e\u0627\u0628 \u0627\u0645\u0644\u0627\u06a9 \u062a\u062c\u0627\u0631\u06cc<\/h3>\n<p style=\"font-size: 16px;\">\u0627\u0645\u0644\u0627\u06a9 \u062a\u062c\u0627\u0631\u06cc\u060c \u0627\u0628\u0632\u0627\u0631 \u0633\u0631\u0645\u0627\u06cc\u0647\u200c\u06af\u0630\u0627\u0631\u06cc \u0628\u0627 \u062f\u0631\u0622\u0645\u062f \u0627\u062c\u0627\u0631\u0647\u200c\u0627\u06cc \u0645\u0646\u0638\u0645\u060c \u0638\u0631\u0641\u06cc\u062a \u06a9\u0633\u0628\u200c\u0648\u06a9\u0627\u0631 \u0648 \u0627\u0641\u0632\u0627\u06cc\u0634 \u0627\u0631\u0632\u0634 \u062f\u0631 \u0628\u0644\u0646\u062f\u0645\u062f\u062a \u0647\u0633\u062a\u0646\u062f. \u062f\u0631 \u0645\u0646\u0627\u0637\u0642\u06cc \u0645\u0627\u0646\u0646\u062f \u0644\u0641\u06a9\u0647 \u06a9\u0647 \u0622\u0631\u0627\u0645 \u0648\u0644\u06cc \u062f\u0631 \u062d\u0627\u0644 \u062a\u0648\u0633\u0639\u0647\u200c\u0627\u0646\u062f\u060c \u0627\u06cc\u0646 \u0627\u0645\u0644\u0627\u06a9 \u0628\u0627 \u0631\u0642\u0627\u0628\u062a \u06a9\u0645 \u0648 \u0642\u06cc\u0645\u062a \u0645\u0646\u0627\u0633\u0628 \u0634\u0646\u0627\u062e\u062a\u0647 \u0645\u06cc\u200c\u0634\u0648\u0646\u062f.<\/p>\n\n<h3 style=\"font-size: 18px;\">\u0633\u0631\u0645\u0627\u06cc\u0647\u200c\u06af\u0630\u0627\u0631\u06cc \u062a\u062c\u0627\u0631\u06cc \u062f\u0631 \u0644\u0641\u06a9\u0647 \u0628\u0631\u0627\u06cc \u0686\u0647 \u06a9\u0633\u0627\u0646\u06cc \u0645\u0646\u0627\u0633\u0628 \u0627\u0633\u062a\u061f<\/h3>\n<p style=\"font-size: 16px;\">\u0628\u0631\u0627\u06cc \u06a9\u0627\u0631\u0622\u0641\u0631\u06cc\u0646\u0627\u0646 \u0645\u062d\u0644\u06cc\u060c \u0627\u0641\u0631\u0627\u062f\u06cc \u06a9\u0647 \u0642\u0635\u062f \u0631\u0627\u0647\u200c\u0627\u0646\u062f\u0627\u0632\u06cc \u06a9\u0627\u0641\u0647 \u06cc\u0627 \u0628\u0648\u062a\u06cc\u06a9 \u062f\u0627\u0631\u0646\u062f\u060c \u0648 \u0633\u0631\u0645\u0627\u06cc\u0647\u200c\u06af\u0630\u0627\u0631\u0627\u0646\u06cc \u06a9\u0647 \u0628\u0647 \u062f\u0646\u0628\u0627\u0644 \u062a\u0646\u0648\u0639 \u062f\u0631 \u067e\u0631\u062a\u0641\u0648\u06cc \u062a\u062c\u0627\u0631\u06cc \u062e\u0648\u062f \u0647\u0633\u062a\u0646\u062f\u060c \u062e\u0631\u06cc\u062f \u0627\u0645\u0644\u0627\u06a9 \u062a\u062c\u0627\u0631\u06cc \u062f\u0631 \u0644\u0641\u06a9\u0647 \u06cc\u06a9 \u06af\u0632\u06cc\u0646\u0647 \u0633\u0631\u0645\u0627\u06cc\u0647\u200c\u06af\u0630\u0627\u0631\u06cc \u067e\u0627\u06cc\u062f\u0627\u0631 \u0648 \u0642\u0627\u0628\u0644 \u062f\u0633\u062a\u0631\u0633 \u0645\u062d\u0633\u0648\u0628 \u0645\u06cc\u200c\u0634\u0648\u062f. \u0627\u0645\u0644\u0627\u06a9\u06cc \u06a9\u0647 \u062f\u0631 \u0645\u0648\u0642\u0639\u06cc\u062a \u0645\u0646\u0627\u0633\u0628 \u062e\u0631\u06cc\u062f\u0627\u0631\u06cc \u0634\u0648\u0646\u062f\u060c \u0628\u0627 \u06af\u0630\u0634\u062a \u0632\u0645\u0627\u0646 \u0627\u0631\u0632\u0634 \u0642\u0627\u0628\u0644 \u062a\u0648\u062c\u0647\u06cc \u067e\u06cc\u062f\u0627 \u062e\u0648\u0627\u0647\u0646\u062f \u06a9\u0631\u062f.<\/p>","protected":false},"excerpt":{"rendered":"<p>\ud83c\udfe2 Lefke Sat\u0131l\u0131k Ticari Gayrimenkul \u0130lanlar\u0131 Lefke\u2019de sat\u0131l\u0131k ticari gayrimenkuller, b\u00f6lgenin do\u011fal yap\u0131s\u0131 ve geli\u015fen potansiyeliyle birlikte uzun vadeli, d\u00fc\u015f\u00fck riskli yat\u0131r\u0131m arayanlar i\u00e7in cazip f\u0131rsatlar sunar. K\u00fc\u00e7\u00fck \u00f6l\u00e7ekli i\u015fletmeler, butik ma\u011fazalar veya yerel hizmet veren ticari birimler i\u00e7in uygun se\u00e7enekler mevcuttur. Ticari Gayrimenkul Tercih Etmenin Avantajlar\u0131 Ticari m\u00fclkler; d\u00fczenli kira geliri, i\u015f potansiyeli ve [&hellip;]<\/p>","protected":false},"author":1,"featured_media":0,"parent":0,"menu_order":0,"comment_status":"closed","ping_status":"closed","template":"template\/template-listing-grid-v5-fullwidth-3cols.php","meta":{"footnotes":""},"class_list":["post-161804","page","type-page","status-publish","hentry"],"_links":{"self":[{"href":"https:\/\/turkkocan.com\/fa\/wp-json\/wp\/v2\/pages\/161804","targetHints":{"allow":["GET"]}}],"collection":[{"href":"https:\/\/turkkocan.com\/fa\/wp-json\/wp\/v2\/pages"}],"about":[{"href":"https:\/\/turkkocan.com\/fa\/wp-json\/wp\/v2\/types\/page"}],"author":[{"embeddable":true,"href":"https:\/\/turkkocan.com\/fa\/wp-json\/wp\/v2\/users\/1"}],"replies":[{"embeddable":true,"href":"https:\/\/turkkocan.com\/fa\/wp-json\/wp\/v2\/comments?post=161804"}],"version-history":[{"count":0,"href":"https:\/\/turkkocan.com\/fa\/wp-json\/wp\/v2\/pages\/161804\/revisions"}],"wp:attachment":[{"href":"https:\/\/turkkocan.com\/fa\/wp-json\/wp\/v2\/media?parent=161804"}],"curies":[{"name":"\u0648\u0631\u062f\u067e\u0631\u0633","href":"https:\/\/api.w.org\/{rel}","templated":true}]}}