{"id":161800,"date":"2025-06-13T10:41:11","date_gmt":"2025-06-13T10:41:11","guid":{"rendered":"https:\/\/turkkocan.com\/?page_id=161800"},"modified":"2025-06-17T08:55:45","modified_gmt":"2025-06-17T08:55:45","slug":"kakh-baraye-foroush-dar-lefke","status":"publish","type":"page","link":"https:\/\/turkkocan.com\/fa\/kakh-baraye-foroush-dar-lefke\/","title":{"rendered":"\u0639\u0645\u0627\u0631\u062a\u200c\u0647\u0627\u06cc \u0641\u0631\u0648\u0634\u06cc \u062f\u0631 \u0644\u0641\u06a9\u0647"},"content":{"rendered":"<h2 style=\"font-size: 20px;\">\ud83c\udfdb\ufe0f \u0639\u0645\u0627\u0631\u062a\u200c\u0647\u0627\u06cc \u0641\u0631\u0648\u0634\u06cc \u062f\u0631 \u0644\u0641\u06a9\u0647 \u2013 \u0645\u0634\u0627\u0647\u062f\u0647 \u0647\u0645\u0647 \u0622\u06af\u0647\u06cc\u200c\u0647\u0627<\/h2>\n<p style=\"font-size: 16px;\">\u0639\u0645\u0627\u0631\u062a\u200c\u0647\u0627\u06cc \u0641\u0631\u0648\u0634\u06cc \u062f\u0631 \u0644\u0641\u06a9\u0647 \u0641\u0631\u0635\u062a \u0645\u0646\u062d\u0635\u0631\u0628\u0647\u200c\u0641\u0631\u062f\u06cc \u0628\u0631\u0627\u06cc \u06a9\u0633\u0627\u0646\u06cc \u0627\u0633\u062a \u06a9\u0647 \u0628\u0647\u200c\u062f\u0646\u0628\u0627\u0644 \u0632\u0646\u062f\u06af\u06cc\u200c\u0627\u06cc \u0622\u0631\u0627\u0645\u060c \u0644\u0648\u06a9\u0633 \u0648 \u0647\u0645\u0631\u0627\u0647 \u0628\u0627 \u0637\u0628\u06cc\u0639\u062a \u062f\u0631 \u0642\u0628\u0631\u0633 \u0634\u0645\u0627\u0644\u06cc \u0647\u0633\u062a\u0646\u062f. \u0627\u06cc\u0646 \u0627\u0645\u0644\u0627\u06a9 \u0628\u0627 \u0628\u0627\u063a\u200c\u0647\u0627\u06cc \u0648\u0633\u06cc\u0639\u060c \u0637\u0631\u0627\u062d\u06cc \u0686\u0646\u062f \u0627\u062a\u0627\u0642\u0647\u060c \u0627\u0633\u062a\u062e\u0631 \u062e\u0635\u0648\u0635\u06cc \u0648 \u0641\u0636\u0627\u0647\u0627\u06cc \u0645\u0633\u062a\u0642\u0644\u060c \u062f\u0631 \u0631\u062f\u0647 \u0627\u0645\u0644\u0627\u06a9 \u0644\u0648\u06a9\u0633 \u0642\u0631\u0627\u0631 \u062f\u0627\u0631\u0646\u062f \u0648 \u0647\u0645 \u0627\u0632 \u0646\u0638\u0631 \u0631\u0627\u062d\u062a\u06cc \u0648 \u0647\u0645 \u0627\u0631\u0632\u0634 \u0633\u0631\u0645\u0627\u06cc\u0647\u200c\u06af\u0630\u0627\u0631\u06cc\u060c \u062f\u0631 \u0633\u0637\u062d \u0628\u0627\u0644\u0627 \u0627\u0631\u0632\u06cc\u0627\u0628\u06cc \u0645\u06cc\u200c\u0634\u0648\u0646\u062f.<\/p>\n\n<h3 style=\"font-size: 18px;\">\u0645\u0632\u0627\u06cc\u0627\u06cc \u0645\u0627\u0644\u06a9\u06cc\u062a \u06cc\u06a9 \u0639\u0645\u0627\u0631\u062a<\/h3>\n<p style=\"font-size: 16px;\">\u0639\u0645\u0627\u0631\u062a\u200c\u0647\u0627 \u0633\u0637\u062d \u0628\u0627\u0644\u0627\u06cc\u06cc \u0627\u0632 \u062d\u0631\u06cc\u0645 \u062e\u0635\u0648\u0635\u06cc\u060c \u0633\u0628\u06a9 \u0632\u0646\u062f\u06af\u06cc \u062e\u0627\u0635 \u0648 \u0622\u0632\u0627\u062f\u06cc \u062f\u0631 \u0627\u0633\u062a\u0641\u0627\u062f\u0647 \u0627\u0632 \u0641\u0636\u0627 \u0631\u0627 \u0627\u0631\u0627\u0626\u0647 \u0645\u06cc\u200c\u062f\u0647\u0646\u062f. \u062f\u0627\u0634\u062a\u0646 \u06cc\u06a9 \u0639\u0645\u0627\u0631\u062a \u062f\u0631 \u0645\u0646\u0637\u0642\u0647\u200c\u0627\u06cc \u0622\u0631\u0627\u0645 \u0648 \u0637\u0628\u06cc\u0639\u06cc \u0645\u0627\u0646\u0646\u062f \u0644\u0641\u06a9\u0647\u060c \u0628\u0631\u0627\u06cc \u06a9\u0633\u0627\u0646\u06cc \u06a9\u0647 \u0645\u06cc\u200c\u062e\u0648\u0627\u0647\u0646\u062f \u0627\u0632 \u0627\u0633\u062a\u0631\u0633 \u0634\u0647\u0631\u06cc \u0641\u0627\u0635\u0644\u0647 \u0628\u06af\u06cc\u0631\u0646\u062f\u060c \u0633\u0628\u06a9\u06cc \u0645\u0646\u062d\u0635\u0631\u0628\u0647\u200c\u0641\u0631\u062f \u0627\u0632 \u0632\u0646\u062f\u06af\u06cc \u0631\u0627 \u0641\u0631\u0627\u0647\u0645 \u0645\u06cc\u200c\u06a9\u0646\u062f. \u0627\u06cc\u0646 \u0627\u0645\u0644\u0627\u06a9 \u0628\u0631\u0627\u06cc \u0628\u0631\u06af\u0632\u0627\u0631\u06cc \u0631\u0648\u06cc\u062f\u0627\u062f\u0647\u0627\u06cc \u062e\u0627\u0635 \u06cc\u0627 \u0627\u0642\u0627\u0645\u062a\u06af\u0627\u0647\u200c\u0647\u0627\u06cc \u0628\u0648\u062a\u06cc\u06a9\u06cc \u0646\u06cc\u0632 \u0645\u0646\u0627\u0633\u0628 \u0647\u0633\u062a\u0646\u062f.<\/p>\n\n<h3 style=\"font-size: 18px;\">\u0633\u0631\u0645\u0627\u06cc\u0647\u200c\u06af\u0630\u0627\u0631\u06cc \u062f\u0631 \u0639\u0645\u0627\u0631\u062a\u200c\u0647\u0627\u06cc \u0644\u0641\u06a9\u0647<\/h3>\n<p style=\"font-size: 16px;\">\u0633\u0631\u0645\u0627\u06cc\u0647\u200c\u06af\u0630\u0627\u0631\u06cc \u062f\u0631 \u0639\u0645\u0627\u0631\u062a\u200c\u0647\u0627\u06cc \u0644\u0641\u06a9\u0647 \u0628\u0647\u200c\u062f\u0644\u06cc\u0644 \u0646\u0627\u062f\u0631 \u0628\u0648\u062f\u0646 \u0627\u06cc\u0646 \u0646\u0648\u0639 \u0627\u0645\u0644\u0627\u06a9 \u0644\u0648\u06a9\u0633\u060c \u062f\u0627\u0631\u0627\u06cc \u067e\u062a\u0627\u0646\u0633\u06cc\u0644 \u0633\u0648\u062f\u062f\u0647\u06cc \u0628\u0644\u0646\u062f\u0645\u062f\u062a \u0628\u0627\u0644\u0627\u06cc\u06cc \u0627\u0633\u062a. \u0628\u0627 \u062f\u0627\u0634\u062a\u0646 \u0645\u0646\u0627\u0628\u0639 \u0637\u0628\u06cc\u0639\u06cc \u063a\u0646\u06cc \u0648 \u0632\u06cc\u0631\u0633\u0627\u062e\u062a\u200c\u0647\u0627\u06cc \u062f\u0631 \u062d\u0627\u0644 \u062a\u0648\u0633\u0639\u0647\u060c \u0627\u06cc\u0646 \u0645\u0646\u0637\u0642\u0647 \u06cc\u06a9\u06cc \u0627\u0632 \u0622\u06cc\u0646\u062f\u0647\u200c\u062f\u0627\u0631\u062a\u0631\u06cc\u0646 \u0645\u0646\u0627\u0637\u0642 \u0628\u0631\u0627\u06cc \u0633\u0631\u0645\u0627\u06cc\u0647\u200c\u06af\u0630\u0627\u0631\u06cc \u062f\u0631 \u0627\u0645\u0644\u0627\u06a9 \u0644\u0648\u06a9\u0633 \u0628\u0647\u200c\u0634\u0645\u0627\u0631 \u0645\u06cc\u200c\u0631\u0648\u062f.<\/p>","protected":false},"excerpt":{"rendered":"<p>\ud83c\udfdb\ufe0f Lefke Sat\u0131l\u0131k Malikane \u0130lanlar\u0131 Lefke\u2019de sat\u0131l\u0131k malikaneler, Kuzey K\u0131br\u0131s\u2019\u0131n do\u011fayla i\u00e7 i\u00e7e, sessiz ve prestijli ya\u015fam alanlar\u0131 arayanlar i\u00e7in e\u015fsiz f\u0131rsatlar sunar. Geni\u015f bah\u00e7eler, \u00e7ok odal\u0131 tasar\u0131mlar, \u00f6zel havuz ve ba\u011f\u0131ms\u0131z kullan\u0131m alanlar\u0131yla bu yap\u0131lar hem ya\u015fam konforu hem de yat\u0131r\u0131m de\u011feri a\u00e7\u0131s\u0131ndan \u00fcst segment m\u00fclkler aras\u0131nda yer al\u0131r. Malikhane Sahibi Olman\u0131n Avantajlar\u0131 Malikaneler; [&hellip;]<\/p>","protected":false},"author":1,"featured_media":0,"parent":0,"menu_order":0,"comment_status":"closed","ping_status":"closed","template":"template\/template-listing-grid-v5-fullwidth-3cols.php","meta":{"footnotes":""},"class_list":["post-161800","page","type-page","status-publish","hentry"],"_links":{"self":[{"href":"https:\/\/turkkocan.com\/fa\/wp-json\/wp\/v2\/pages\/161800","targetHints":{"allow":["GET"]}}],"collection":[{"href":"https:\/\/turkkocan.com\/fa\/wp-json\/wp\/v2\/pages"}],"about":[{"href":"https:\/\/turkkocan.com\/fa\/wp-json\/wp\/v2\/types\/page"}],"author":[{"embeddable":true,"href":"https:\/\/turkkocan.com\/fa\/wp-json\/wp\/v2\/users\/1"}],"replies":[{"embeddable":true,"href":"https:\/\/turkkocan.com\/fa\/wp-json\/wp\/v2\/comments?post=161800"}],"version-history":[{"count":0,"href":"https:\/\/turkkocan.com\/fa\/wp-json\/wp\/v2\/pages\/161800\/revisions"}],"wp:attachment":[{"href":"https:\/\/turkkocan.com\/fa\/wp-json\/wp\/v2\/media?parent=161800"}],"curies":[{"name":"\u0648\u0631\u062f\u067e\u0631\u0633","href":"https:\/\/api.w.org\/{rel}","templated":true}]}}