{"id":161798,"date":"2025-06-13T10:39:34","date_gmt":"2025-06-13T10:39:34","guid":{"rendered":"https:\/\/turkkocan.com\/?page_id=161798"},"modified":"2025-06-29T00:03:04","modified_gmt":"2025-06-29T00:03:04","slug":"amlak-baraye-foroush-dar-lefke","status":"publish","type":"page","link":"https:\/\/turkkocan.com\/fa\/amlak-baraye-foroush-dar-lefke\/","title":{"rendered":"\u0627\u0645\u0644\u0627\u06a9 \u0641\u0631\u0648\u0634\u06cc \u062f\u0631 \u0644\u0641\u06a9\u0647"},"content":{"rendered":"<h2 style=\"font-size: 20px;\">\ud83c\udfd8\ufe0f \u0627\u0645\u0644\u0627\u06a9 \u0641\u0631\u0648\u0634\u06cc \u062f\u0631 \u0644\u0650\u0641\u06a9\u0647 \u2013 \u0622\u067e\u0627\u0631\u062a\u0645\u0627\u0646\u060c \u0648\u06cc\u0644\u0627\u060c \u0632\u0645\u06cc\u0646 \u0648 \u0645\u0648\u0627\u0631\u062f \u0628\u06cc\u0634\u062a\u0631<\/h2>\n<p style=\"font-size: 16px;\">\u0644\u0641\u06a9\u0647 \u062f\u0631 \u063a\u0631\u0628 \u0642\u0628\u0631\u0633 \u0634\u0645\u0627\u0644\u06cc \u0642\u0631\u0627\u0631 \u062f\u0627\u0631\u062f \u0648 \u0628\u0647\u200c\u0639\u0646\u0648\u0627\u0646 \u0645\u0646\u0637\u0642\u0647\u200c\u0627\u06cc \u0622\u0631\u0627\u0645 \u0648 \u0646\u0632\u062f\u06cc\u06a9 \u0628\u0647 \u0637\u0628\u06cc\u0639\u062a \u0634\u0646\u0627\u062e\u062a\u0647 \u0645\u06cc\u200c\u0634\u0648\u062f. \u0628\u0627 \u062a\u0648\u0633\u0639\u0647 \u0632\u06cc\u0631\u0633\u0627\u062e\u062a\u200c\u0647\u0627 \u0648 \u0627\u0641\u0632\u0627\u06cc\u0634 \u062a\u0642\u0627\u0636\u0627\u06cc \u0627\u0645\u0644\u0627\u06a9 \u062f\u0631 \u0633\u0627\u0644\u200c\u0647\u0627\u06cc \u0627\u062e\u06cc\u0631\u060c \u062a\u0648\u062c\u0647 \u0633\u0631\u0645\u0627\u06cc\u0647\u200c\u06af\u0630\u0627\u0631\u0627\u0646 \u0631\u0627 \u0628\u0647 \u062e\u0648\u062f \u062c\u0644\u0628 \u06a9\u0631\u062f\u0647 \u0627\u0633\u062a. \u06af\u0632\u06cc\u0646\u0647\u200c\u0647\u0627\u06cc \u0645\u0644\u06a9\u06cc \u0641\u0631\u0648\u0634\u06cc \u062f\u0631 \u0644\u0641\u06a9\u0647 \u0634\u0627\u0645\u0644 \u0622\u067e\u0627\u0631\u062a\u0645\u0627\u0646\u060c \u0648\u06cc\u0644\u0627\u060c \u0632\u0645\u06cc\u0646 \u0648 \u0627\u0645\u0644\u0627\u06a9 \u062a\u062c\u0627\u0631\u06cc \u0645\u06cc\u200c\u0628\u0627\u0634\u062f.<\/p>\n\n<h3 style=\"font-size: 18px;\">\u0645\u0632\u0627\u06cc\u0627\u06cc \u062e\u0631\u06cc\u062f \u0645\u0644\u06a9 \u062f\u0631 \u0644\u0641\u06a9\u0647<\/h3>\n<p style=\"font-size: 16px;\">\u0644\u0641\u06a9\u0647 \u0628\u0627 \u0637\u0628\u06cc\u0639\u062a \u0633\u0631\u0633\u0628\u0632\u060c \u0686\u0634\u0645\u200c\u0627\u0646\u062f\u0627\u0632 \u06a9\u0648\u0647 \u0648 \u062f\u0631\u06cc\u0627\u060c \u062a\u0631\u0627\u06a9\u0645 \u062c\u0645\u0639\u06cc\u062a\u06cc \u067e\u0627\u06cc\u06cc\u0646 \u0648 \u0642\u06cc\u0645\u062a \u0645\u0646\u0627\u0633\u0628 \u0627\u0645\u0644\u0627\u06a9\u060c \u06af\u0632\u06cc\u0646\u0647\u200c\u0627\u06cc \u0627\u06cc\u062f\u0647\u200c\u0622\u0644 \u0628\u0631\u0627\u06cc \u0632\u0646\u062f\u06af\u06cc \u0622\u0631\u0627\u0645 \u0627\u0633\u062a. \u06af\u0632\u06cc\u0646\u0647\u200c\u0647\u0627\u06cc \u0645\u0644\u06a9\u06cc \u0645\u0642\u0631\u0648\u0646\u200c\u0628\u0647\u200c\u0635\u0631\u0641\u0647\u060c \u0646\u0642\u0637\u0647 \u0634\u0631\u0648\u0639\u06cc \u0645\u0646\u0627\u0633\u0628 \u0628\u0631\u0627\u06cc \u0633\u0631\u0645\u0627\u06cc\u0647\u200c\u06af\u0630\u0627\u0631\u0627\u0646 \u0645\u062d\u0633\u0648\u0628 \u0645\u06cc\u200c\u0634\u0648\u062f. \u0648\u062c\u0648\u062f \u062f\u0627\u0646\u0634\u06af\u0627\u0647 \u0648 \u0641\u0639\u0627\u0644\u06cc\u062a\u200c\u0647\u0627\u06cc \u06a9\u0634\u0627\u0648\u0631\u0632\u06cc \u0646\u06cc\u0632 \u0627\u0631\u0632\u0634 \u0645\u0646\u0637\u0642\u0647 \u0631\u0627 \u0627\u0641\u0632\u0627\u06cc\u0634 \u0645\u06cc\u200c\u062f\u0647\u062f.<\/p>\n\n<h3 style=\"font-size: 18px;\">\u0645\u0646\u0627\u0633\u0628 \u0686\u0647 \u06a9\u0633\u0627\u0646\u06cc \u0627\u0633\u062a\u061f<\/h3>\n<p style=\"font-size: 16px;\">\u0627\u0645\u0644\u0627\u06a9 \u0641\u0631\u0648\u0634\u06cc \u062f\u0631 \u0644\u0641\u06a9\u0647 \u0628\u0631\u0627\u06cc \u06a9\u0633\u0627\u0646\u06cc \u06a9\u0647 \u0628\u0647 \u062f\u0646\u0628\u0627\u0644 \u0632\u0646\u062f\u06af\u06cc \u0622\u0631\u0627\u0645 \u0648 \u0646\u0632\u062f\u06cc\u06a9 \u0628\u0647 \u0637\u0628\u06cc\u0639\u062a \u0647\u0633\u062a\u0646\u062f\u060c \u0633\u0631\u0645\u0627\u06cc\u0647\u200c\u06af\u0630\u0627\u0631\u0627\u0646 \u062e\u0631\u062f\u060c \u062e\u0627\u0646\u0648\u0627\u062f\u0647\u200c\u0647\u0627\u06cc \u062c\u0648\u0627\u0646 \u0628\u0627 \u0628\u0648\u062f\u062c\u0647 \u0645\u062d\u062f\u0648\u062f \u0648 \u0627\u0641\u0631\u0627\u062f\u06cc \u06a9\u0647 \u0645\u0627\u06cc\u0644 \u0628\u0647 \u0633\u0631\u0645\u0627\u06cc\u0647\u200c\u06af\u0630\u0627\u0631\u06cc \u062f\u0631 \u0645\u0646\u0637\u0642\u0647\u200c\u0627\u06cc \u0628\u0627 \u067e\u062a\u0627\u0646\u0633\u06cc\u0644 \u0631\u0634\u062f \u0628\u0627\u0644\u0627 \u0647\u0633\u062a\u0646\u062f\u060c \u06af\u0632\u06cc\u0646\u0647\u200c\u0627\u06cc \u0627\u06cc\u062f\u0647\u200c\u0622\u0644 \u0628\u0647 \u0634\u0645\u0627\u0631 \u0645\u06cc\u200c\u0631\u0648\u062f.<\/p>","protected":false},"excerpt":{"rendered":"<p>\ud83c\udfd8\ufe0f Lefke Sat\u0131l\u0131k Emlak, Daire, Villa, Arsa ve Fazlas\u0131 Lefke, Kuzey K\u0131br\u0131s\u2019\u0131n bat\u0131s\u0131nda yer alan, do\u011fayla i\u00e7 i\u00e7e, sakin ya\u015fam\u0131n adresi olan bir b\u00f6lgedir. Son y\u0131llarda geli\u015fen altyap\u0131s\u0131 ve artan emlak talebiyle yat\u0131r\u0131mc\u0131lar\u0131n dikkatini \u00e7eken Lefke\u2019de sat\u0131l\u0131k emlak se\u00e7enekleri aras\u0131nda daire, villa, arsa ve ticari m\u00fclkler yer almaktad\u0131r. Lefke\u2019de Emlak Alman\u0131n Avantajlar\u0131 Lefke; ye\u015fil do\u011fas\u0131, [&hellip;]<\/p>","protected":false},"author":1,"featured_media":0,"parent":0,"menu_order":0,"comment_status":"closed","ping_status":"closed","template":"template\/template-listing-grid-v5-fullwidth-3cols.php","meta":{"footnotes":""},"class_list":["post-161798","page","type-page","status-publish","hentry"],"_links":{"self":[{"href":"https:\/\/turkkocan.com\/fa\/wp-json\/wp\/v2\/pages\/161798","targetHints":{"allow":["GET"]}}],"collection":[{"href":"https:\/\/turkkocan.com\/fa\/wp-json\/wp\/v2\/pages"}],"about":[{"href":"https:\/\/turkkocan.com\/fa\/wp-json\/wp\/v2\/types\/page"}],"author":[{"embeddable":true,"href":"https:\/\/turkkocan.com\/fa\/wp-json\/wp\/v2\/users\/1"}],"replies":[{"embeddable":true,"href":"https:\/\/turkkocan.com\/fa\/wp-json\/wp\/v2\/comments?post=161798"}],"version-history":[{"count":0,"href":"https:\/\/turkkocan.com\/fa\/wp-json\/wp\/v2\/pages\/161798\/revisions"}],"wp:attachment":[{"href":"https:\/\/turkkocan.com\/fa\/wp-json\/wp\/v2\/media?parent=161798"}],"curies":[{"name":"\u0648\u0631\u062f\u067e\u0631\u0633","href":"https:\/\/api.w.org\/{rel}","templated":true}]}}