{"id":161794,"date":"2025-06-13T10:35:52","date_gmt":"2025-06-13T10:35:52","guid":{"rendered":"https:\/\/turkkocan.com\/?page_id=161794"},"modified":"2025-06-17T08:58:07","modified_gmt":"2025-06-17T08:58:07","slug":"bangaloo-baraye-foroush-dar-lefke","status":"publish","type":"page","link":"https:\/\/turkkocan.com\/fa\/bangaloo-baraye-foroush-dar-lefke\/","title":{"rendered":"\u0628\u0646\u0627\u063a\u0644\u0648\u0647\u0627\u06cc \u0641\u0631\u0648\u0634\u06cc \u062f\u0631 \u0644\u0641\u06a9\u0647"},"content":{"rendered":"<h2 style=\"font-size: 20px;\">\ud83c\udfe1 \u062e\u0627\u0646\u0647\u200c\u0647\u0627\u06cc \u0628\u0648\u0646\u06af\u0627\u0644\u0648 \u0641\u0631\u0648\u0634\u06cc \u062f\u0631 \u0644\u0641\u06a9\u0647<\/h2>\n<p style=\"font-size: 16px;\">\u062e\u0627\u0646\u0647\u200c\u0647\u0627\u06cc \u0628\u0648\u0646\u06af\u0627\u0644\u0648\u06cc \u0641\u0631\u0648\u0634\u06cc \u062f\u0631 \u0644\u0641\u06a9\u0647 \u0628\u0631\u0627\u06cc \u06a9\u0633\u0627\u0646\u06cc \u06a9\u0647 \u0628\u0647\u200c\u062f\u0646\u0628\u0627\u0644 \u0632\u0646\u062f\u06af\u06cc\u200c\u0627\u06cc \u0633\u0627\u062f\u0647\u060c \u0631\u0627\u062d\u062a \u0648 \u0647\u0645\u0627\u0647\u0646\u06af \u0628\u0627 \u0637\u0628\u06cc\u0639\u062a \u0647\u0633\u062a\u0646\u062f\u060c \u0627\u0646\u062a\u062e\u0627\u0628\u06cc \u0639\u0627\u0644\u06cc \u0628\u0647\u200c\u0634\u0645\u0627\u0631 \u0645\u06cc\u200c\u0631\u0648\u0646\u062f. \u0627\u06cc\u0646 \u062e\u0627\u0646\u0647\u200c\u0647\u0627 \u0645\u0639\u0645\u0648\u0644\u0627\u064b \u06cc\u06a9\u200c\u0637\u0628\u0642\u0647 \u0648 \u062f\u0627\u0631\u0627\u06cc \u0628\u0627\u063a \u0628\u0632\u0631\u06af \u0647\u0633\u062a\u0646\u062f \u0648 \u0647\u0645 \u0628\u0631\u0627\u06cc \u0633\u06a9\u0648\u0646\u062a \u062f\u0627\u0626\u0645 \u0648 \u0647\u0645 \u0628\u0647\u200c\u0639\u0646\u0648\u0627\u0646 \u062e\u0627\u0646\u0647 \u062a\u0627\u0628\u0633\u062a\u0627\u0646\u06cc \u0645\u0646\u0627\u0633\u0628\u200c\u0627\u0646\u062f.<\/p>\n\n<h3 style=\"font-size: 18px;\">\u0645\u0632\u0627\u06cc\u0627\u06cc \u0627\u0646\u062a\u062e\u0627\u0628 \u062e\u0627\u0646\u0647 \u0628\u0648\u0646\u06af\u0627\u0644\u0648<\/h3>\n<p style=\"font-size: 16px;\">\u062e\u0627\u0646\u0647\u200c\u0647\u0627\u06cc \u0628\u0648\u0646\u06af\u0627\u0644\u0648 \u0628\u0627 \u0642\u0631\u0627\u0631\u06af\u06cc\u0631\u06cc \u062a\u0645\u0627\u0645 \u0641\u0636\u0627\u0647\u0627\u06cc \u0632\u0646\u062f\u06af\u06cc \u062f\u0631 \u06cc\u06a9 \u0637\u0628\u0642\u0647\u060c \u06a9\u0627\u0631\u0628\u0631\u06cc \u0622\u0633\u0627\u0646\u06cc \u062f\u0627\u0631\u0646\u062f. \u0628\u0631\u0627\u06cc \u062e\u0627\u0646\u0648\u0627\u062f\u0647\u200c\u0647\u0627\u06cc \u062f\u0627\u0631\u0627\u06cc \u0641\u0631\u0632\u0646\u062f\u060c \u0633\u0627\u0644\u0645\u0646\u062f\u0627\u0646 \u0648 \u0639\u0644\u0627\u0642\u0647\u200c\u0645\u0646\u062f\u0627\u0646 \u0628\u0647 \u0633\u0628\u06a9 \u0632\u0646\u062f\u06af\u06cc \u0637\u0628\u06cc\u0639\u062a\u200c\u0645\u062d\u0648\u0631 \u0628\u0633\u06cc\u0627\u0631 \u0645\u0646\u0627\u0633\u0628\u200c\u0627\u0646\u062f. \u0647\u0645\u0686\u0646\u06cc\u0646 \u0628\u0627 \u0647\u0632\u06cc\u0646\u0647 \u0646\u06af\u0647\u062f\u0627\u0631\u06cc \u067e\u0627\u06cc\u06cc\u0646 \u0648 \u0637\u0631\u0627\u062d\u06cc \u0633\u0627\u062f\u0647\u060c \u06af\u0632\u06cc\u0646\u0647\u200c\u0627\u06cc \u0627\u0642\u062a\u0635\u0627\u062f\u06cc \u0645\u062d\u0633\u0648\u0628 \u0645\u06cc\u200c\u0634\u0648\u0646\u062f.<\/p>\n\n<h3 style=\"font-size: 18px;\">\u0633\u0631\u0645\u0627\u06cc\u0647\u200c\u06af\u0630\u0627\u0631\u06cc \u062f\u0631 \u062e\u0627\u0646\u0647\u200c\u0647\u0627\u06cc \u0628\u0648\u0646\u06af\u0627\u0644\u0648 \u062f\u0631 \u0644\u0641\u06a9\u0647<\/h3>\n<p style=\"font-size: 16px;\">\u0641\u0636\u0627\u06cc \u0622\u0631\u0627\u0645 \u0648 \u0637\u0628\u06cc\u0639\u062a \u0628\u06a9\u0631 \u0644\u0641\u06a9\u0647\u060c \u0628\u0633\u062a\u0631 \u0645\u0646\u0627\u0633\u0628\u06cc \u0628\u0631\u0627\u06cc \u0633\u0628\u06a9 \u0632\u0646\u062f\u06af\u06cc \u0628\u0648\u0646\u06af\u0627\u0644\u0648 \u0641\u0631\u0627\u0647\u0645 \u0645\u06cc\u200c\u06a9\u0646\u062f. \u0627\u06cc\u0646 \u062e\u0627\u0646\u0647\u200c\u0647\u0627 \u0647\u0645 \u0628\u0631\u0627\u06cc \u0633\u06a9\u0648\u0646\u062a \u0648 \u0647\u0645 \u0627\u062c\u0627\u0631\u0647 \u06a9\u0648\u062a\u0627\u0647\u200c\u0645\u062f\u062a\u060c \u0628\u0627\u0632\u062f\u0647\u06cc \u0645\u0646\u0627\u0633\u0628\u06cc \u0628\u0631\u0627\u06cc \u0633\u0631\u0645\u0627\u06cc\u0647\u200c\u06af\u0630\u0627\u0631\u0627\u0646 \u062f\u0627\u0631\u0646\u062f. \u0642\u06cc\u0645\u062a \u0645\u0646\u0627\u0633\u0628 \u0646\u06cc\u0632 \u0627\u0632 \u062f\u06cc\u06af\u0631 \u0645\u0632\u0627\u06cc\u0627\u06cc \u0622\u0646\u200c\u0647\u0627\u0633\u062a.<\/p>","protected":false},"excerpt":{"rendered":"<p>\ud83c\udfe1 Lefke Sat\u0131l\u0131k Bungalow Evler Lefke\u2019de sat\u0131l\u0131k bungalow evler, do\u011fa ile i\u00e7 i\u00e7e, sade ve konforlu bir ya\u015fam arayanlar i\u00e7in m\u00fckemmel se\u00e7enekler sunar. Genellikle tek katl\u0131 ve geni\u015f bah\u00e7eli olarak in\u015fa edilen bu yap\u0131lar, hem kal\u0131c\u0131 konut hem de yazl\u0131k olarak tercih edilmektedir. Bungalow Ev Tercih Etmenin Avantajlar\u0131 Bungalow tipi evler, ya\u015fam alanlar\u0131n\u0131n tamam\u0131n\u0131n tek [&hellip;]<\/p>","protected":false},"author":1,"featured_media":0,"parent":0,"menu_order":0,"comment_status":"closed","ping_status":"closed","template":"template\/template-listing-grid-v5-fullwidth-3cols.php","meta":{"footnotes":""},"class_list":["post-161794","page","type-page","status-publish","hentry"],"_links":{"self":[{"href":"https:\/\/turkkocan.com\/fa\/wp-json\/wp\/v2\/pages\/161794","targetHints":{"allow":["GET"]}}],"collection":[{"href":"https:\/\/turkkocan.com\/fa\/wp-json\/wp\/v2\/pages"}],"about":[{"href":"https:\/\/turkkocan.com\/fa\/wp-json\/wp\/v2\/types\/page"}],"author":[{"embeddable":true,"href":"https:\/\/turkkocan.com\/fa\/wp-json\/wp\/v2\/users\/1"}],"replies":[{"embeddable":true,"href":"https:\/\/turkkocan.com\/fa\/wp-json\/wp\/v2\/comments?post=161794"}],"version-history":[{"count":0,"href":"https:\/\/turkkocan.com\/fa\/wp-json\/wp\/v2\/pages\/161794\/revisions"}],"wp:attachment":[{"href":"https:\/\/turkkocan.com\/fa\/wp-json\/wp\/v2\/media?parent=161794"}],"curies":[{"name":"\u0648\u0631\u062f\u067e\u0631\u0633","href":"https:\/\/api.w.org\/{rel}","templated":true}]}}