{"id":161775,"date":"2025-06-13T10:26:10","date_gmt":"2025-06-13T10:26:10","guid":{"rendered":"https:\/\/turkkocan.com\/?page_id=161775"},"modified":"2025-06-17T08:32:10","modified_gmt":"2025-06-17T08:32:10","slug":"khane-mostaghel-baraye-foroush-dar-famagusta","status":"publish","type":"page","link":"https:\/\/turkkocan.com\/fa\/khane-mostaghel-baraye-foroush-dar-famagusta\/","title":{"rendered":"\u062e\u0627\u0646\u0647\u200c\u0647\u0627\u06cc \u0641\u0631\u0648\u0634\u06cc \u062f\u0631 \u0641\u0627\u0645\u0627\u06af\u0648\u0633\u062a\u0627"},"content":{"rendered":"<h2 style=\"font-size: 20px;\">\ud83c\udfe1 \u0622\u06af\u0647\u06cc \u0641\u0631\u0648\u0634 \u062e\u0627\u0646\u0647 \u0645\u0633\u062a\u0642\u0644 \u062f\u0631 \u063a\u0627\u0632\u06cc\u200c\u0645\u0627\u06af\u0648\u0633\u0627 \u2013 \u0645\u0634\u0627\u0647\u062f\u0647 \u0647\u0645\u0647 \u0622\u06af\u0647\u06cc\u200c\u0647\u0627<\/h2>\n<p style=\"font-size: 16px;\">\u062e\u0627\u0646\u0647\u200c\u0647\u0627\u06cc \u0645\u0633\u062a\u0642\u0644 \u0641\u0631\u0648\u0634\u06cc \u062f\u0631 \u063a\u0627\u0632\u06cc\u200c\u0645\u0627\u06af\u0648\u0633\u0627 \u0628\u0627 \u0641\u0636\u0627\u06cc \u0632\u0646\u062f\u06af\u06cc \u0645\u0633\u062a\u0642\u0644\u060c \u0627\u0633\u062a\u0641\u0627\u062f\u0647 \u0627\u0632 \u0628\u0627\u063a \u0648 \u0645\u062a\u0631\u0627\u0698 \u0628\u0627\u0644\u0627\u060c \u06af\u0632\u06cc\u0646\u0647\u200c\u0627\u06cc \u0627\u06cc\u062f\u0647\u200c\u0622\u0644 \u0628\u0631\u0627\u06cc \u062e\u0627\u0646\u0648\u0627\u062f\u0647\u200c\u0647\u0627 \u0648 \u0633\u0631\u0645\u0627\u06cc\u0647\u200c\u06af\u0630\u0627\u0631\u0627\u0646 \u0647\u0633\u062a\u0646\u062f. \u0627\u06cc\u0646 \u062e\u0627\u0646\u0647\u200c\u0647\u0627 \u0632\u0646\u062f\u06af\u06cc \u0646\u0632\u062f\u06cc\u06a9 \u0628\u0647 \u0637\u0628\u06cc\u0639\u062a \u0631\u0627 \u0628\u062f\u0648\u0646 \u0641\u0627\u0635\u0644\u0647 \u0632\u06cc\u0627\u062f \u0627\u0632 \u0634\u0647\u0631 \u0645\u0645\u06a9\u0646 \u0645\u06cc\u200c\u0633\u0627\u0632\u0646\u062f.<\/p>\n\n<h3 style=\"font-size: 18px;\">\u0645\u0632\u0627\u06cc\u0627\u06cc \u062e\u0631\u06cc\u062f \u062e\u0627\u0646\u0647 \u0645\u0633\u062a\u0642\u0644<\/h3>\n<p style=\"font-size: 16px;\">\u062e\u0627\u0646\u0647\u200c\u0647\u0627\u06cc \u0645\u0633\u062a\u0642\u0644 \u0645\u0632\u0627\u06cc\u0627\u06cc\u06cc \u0645\u0627\u0646\u0646\u062f \u0641\u0636\u0627\u06cc \u0634\u062e\u0635\u06cc\u060c \u0633\u06a9\u0648\u062a\u060c \u067e\u0627\u0631\u06a9\u06cc\u0646\u06af \u0627\u062e\u062a\u0635\u0627\u0635\u06cc \u0648 \u0628\u0627\u063a \u0628\u0632\u0631\u06af \u0631\u0627 \u0627\u0631\u0627\u0626\u0647 \u0645\u06cc\u200c\u062f\u0647\u0646\u062f. \u0686\u0647 \u0628\u0631\u0627\u06cc \u0632\u0646\u062f\u06af\u06cc \u062f\u0627\u0626\u0645 \u0648 \u0686\u0647 \u0628\u0631\u0627\u06cc \u0627\u0633\u062a\u0641\u0627\u062f\u0647 \u0628\u0647\u200c\u0639\u0646\u0648\u0627\u0646 \u062e\u0627\u0646\u0647\u200c \u062a\u0639\u0637\u06cc\u0644\u0627\u062a\u060c \u0627\u06cc\u0646 \u062e\u0627\u0646\u0647\u200c\u0647\u0627 \u0633\u0628\u06a9 \u0632\u0646\u062f\u06af\u06cc \u0631\u0627\u062d\u062a \u0648 \u0622\u0632\u0627\u062f\u0627\u0646\u0647\u200c\u0627\u06cc \u0641\u0631\u0627\u0647\u0645 \u0645\u06cc\u200c\u06a9\u0646\u0646\u062f.<\/p>\n\n<h3 style=\"font-size: 18px;\">\u0633\u0631\u0645\u0627\u06cc\u0647\u200c\u06af\u0630\u0627\u0631\u06cc \u062f\u0631 \u062e\u0627\u0646\u0647\u200c\u0647\u0627\u06cc \u0645\u0633\u062a\u0642\u0644 \u062f\u0631 \u063a\u0627\u0632\u06cc\u200c\u0645\u0627\u06af\u0648\u0633\u0627<\/h3>\n<p style=\"font-size: 16px;\">\u063a\u0627\u0632\u06cc\u200c\u0645\u0627\u06af\u0648\u0633\u0627 \u0628\u0647 \u062f\u0644\u06cc\u0644 \u0646\u0632\u062f\u06cc\u06a9\u06cc \u0628\u0647 \u0645\u0631\u06a9\u0632 \u0634\u0647\u0631 \u0648 \u0631\u0634\u062f \u0645\u062d\u0644\u0647\u200c\u0647\u0627\u06cc \u0627\u0637\u0631\u0627\u0641\u060c \u0641\u0631\u0635\u062a\u200c\u0647\u0627\u06cc \u062c\u0630\u0627\u0628\u06cc \u0628\u0631\u0627\u06cc \u0633\u0631\u0645\u0627\u06cc\u0647\u200c\u06af\u0630\u0627\u0631\u06cc \u062f\u0631 \u062e\u0627\u0646\u0647\u200c\u0647\u0627\u06cc \u0645\u0633\u062a\u0642\u0644 \u0641\u0631\u0627\u0647\u0645 \u0645\u06cc\u200c\u06a9\u0646\u062f. \u0628\u0627\u0632\u062f\u0647 \u0628\u0627\u0644\u0627\u06cc \u0627\u062c\u0627\u0631\u0647 \u0648 \u0627\u0641\u0632\u0627\u06cc\u0634 \u0627\u0631\u0632\u0634 \u0645\u0644\u06a9 \u062f\u0631 \u0628\u0644\u0646\u062f\u0645\u062f\u062a\u060c \u0627\u06cc\u0646 \u0627\u0645\u0644\u0627\u06a9 \u0631\u0627 \u0628\u0647 \u06af\u0632\u06cc\u0646\u0647\u200c\u0627\u06cc \u0642\u0648\u06cc \u0628\u0631\u0627\u06cc \u0633\u0631\u0645\u0627\u06cc\u0647\u200c\u06af\u0630\u0627\u0631\u0627\u0646 \u062a\u0628\u062f\u06cc\u0644 \u0645\u06cc\u200c\u06a9\u0646\u062f.<\/p>","protected":false},"excerpt":{"rendered":"<p>\ud83c\udfe1 Gazima\u011fusa Sat\u0131l\u0131k M\u00fcstakil Ev \u0130lanlar\u0131 Gazima\u011fusa\u2019da sat\u0131l\u0131k m\u00fcstakil evler, ba\u011f\u0131ms\u0131z ya\u015fam alan\u0131, bah\u00e7e kullan\u0131m avantaj\u0131 ve geni\u015f metrekare sunan yap\u0131s\u0131yla aileler ve yat\u0131r\u0131mc\u0131lar i\u00e7in ideal konut tiplerinden biridir. \u015eehirden \u00e7ok uzakla\u015fmadan do\u011fayla i\u00e7 i\u00e7e bir ya\u015fam sunar. M\u00fcstakil Ev Alman\u0131n Avantajlar\u0131 M\u00fcstakil evler; ki\u015fisel alan, sessizlik, otopark ve geni\u015f bah\u00e7e gibi avantajlar sunar. \u0130ster [&hellip;]<\/p>","protected":false},"author":1,"featured_media":0,"parent":0,"menu_order":0,"comment_status":"closed","ping_status":"closed","template":"template\/template-listing-grid-v5-fullwidth-3cols.php","meta":{"footnotes":""},"class_list":["post-161775","page","type-page","status-publish","hentry"],"_links":{"self":[{"href":"https:\/\/turkkocan.com\/fa\/wp-json\/wp\/v2\/pages\/161775","targetHints":{"allow":["GET"]}}],"collection":[{"href":"https:\/\/turkkocan.com\/fa\/wp-json\/wp\/v2\/pages"}],"about":[{"href":"https:\/\/turkkocan.com\/fa\/wp-json\/wp\/v2\/types\/page"}],"author":[{"embeddable":true,"href":"https:\/\/turkkocan.com\/fa\/wp-json\/wp\/v2\/users\/1"}],"replies":[{"embeddable":true,"href":"https:\/\/turkkocan.com\/fa\/wp-json\/wp\/v2\/comments?post=161775"}],"version-history":[{"count":0,"href":"https:\/\/turkkocan.com\/fa\/wp-json\/wp\/v2\/pages\/161775\/revisions"}],"wp:attachment":[{"href":"https:\/\/turkkocan.com\/fa\/wp-json\/wp\/v2\/media?parent=161775"}],"curies":[{"name":"\u0648\u0631\u062f\u067e\u0631\u0633","href":"https:\/\/api.w.org\/{rel}","templated":true}]}}