{"id":161767,"date":"2025-06-13T10:19:30","date_gmt":"2025-06-13T10:19:30","guid":{"rendered":"https:\/\/turkkocan.com\/?page_id=161767"},"modified":"2025-06-17T08:37:32","modified_gmt":"2025-06-17T08:37:32","slug":"bangaloo-baraye-foroush-dar-famagusta","status":"publish","type":"page","link":"https:\/\/turkkocan.com\/fa\/bangaloo-baraye-foroush-dar-famagusta\/","title":{"rendered":"\u0628\u0646\u0627\u063a\u0644\u0648\u0647\u0627\u06cc \u0641\u0631\u0648\u0634\u06cc \u062f\u0631 \u0641\u0627\u0645\u0627\u06af\u0648\u0633\u062a\u0627"},"content":{"rendered":"<h2 style=\"font-size: 20px;\">\ud83c\udfe1 \u062e\u0627\u0646\u0647\u200c\u0647\u0627\u06cc \u0628\u0646\u06af\u0644\u0648 \u0641\u0631\u0648\u0634\u06cc \u062f\u0631 \u063a\u0627\u0632\u06cc\u200c\u0645\u0627\u0642\u0648\u0633\u0627<\/h2>\n<p style=\"font-size: 16px;\">\u062e\u0627\u0646\u0647\u200c\u0647\u0627\u06cc \u0628\u0646\u06af\u0644\u0648 \u0641\u0631\u0648\u0634\u06cc \u062f\u0631 \u063a\u0627\u0632\u06cc\u200c\u0645\u0627\u0642\u0648\u0633\u0627 \u0628\u0631\u0627\u06cc \u06a9\u0633\u0627\u0646\u06cc \u06a9\u0647 \u0628\u0647 \u062f\u0646\u0628\u0627\u0644 \u0632\u0646\u062f\u06af\u06cc \u0633\u0627\u062f\u0647 \u0648 \u0631\u0627\u062d\u062a \u0647\u0633\u062a\u0646\u062f\u060c \u0627\u0646\u062a\u062e\u0627\u0628\u06cc \u0627\u06cc\u062f\u0647\u200c\u0622\u0644 \u0645\u062d\u0633\u0648\u0628 \u0645\u06cc\u200c\u0634\u0648\u0646\u062f. \u0627\u06cc\u0646 \u062e\u0627\u0646\u0647\u200c\u0647\u0627 \u0628\u0627 \u0637\u0631\u0627\u062d\u06cc \u06cc\u06a9\u200c\u0637\u0628\u0642\u0647\u060c \u0628\u0627\u063a\u200c\u0647\u0627\u06cc \u0648\u0633\u06cc\u0639 \u0648 \u067e\u0644\u0627\u0646 \u062f\u0627\u062e\u0644\u06cc \u06a9\u0627\u0631\u0628\u0631\u062f\u06cc\u060c \u0647\u0645 \u0628\u0631\u0627\u06cc \u0633\u06a9\u0648\u0646\u062a \u062f\u0627\u0626\u0645\u06cc \u0648 \u0647\u0645 \u0628\u0647\u200c\u0639\u0646\u0648\u0627\u0646 \u0648\u06cc\u0644\u0627\u06cc \u062a\u0627\u0628\u0633\u062a\u0627\u0646\u06cc \u0645\u0646\u0627\u0633\u0628\u200c\u0627\u0646\u062f.<\/p>\n\n<h3 style=\"font-size: 18px;\">\u0645\u0632\u0627\u06cc\u0627\u06cc \u062e\u0631\u06cc\u062f \u062e\u0627\u0646\u0647 \u0628\u0646\u06af\u0644\u0648<\/h3>\n<p style=\"font-size: 16px;\">\u0628\u0646\u06af\u0644\u0648\u0647\u0627 \u0628\u0627 \u0632\u0646\u062f\u06af\u06cc \u0628\u062f\u0648\u0646 \u067e\u0644\u0647\u060c \u062d\u06cc\u0627\u0637 \u062e\u0635\u0648\u0635\u06cc \u0648 \u0637\u0631\u0627\u062d\u06cc \u0646\u0632\u062f\u06cc\u06a9 \u0628\u0647 \u0637\u0628\u06cc\u0639\u062a\u060c \u0628\u0631\u0627\u06cc \u0633\u0627\u0644\u0645\u0646\u062f\u0627\u0646\u060c \u062e\u0627\u0646\u0648\u0627\u062f\u0647\u200c\u0647\u0627\u06cc \u062f\u0627\u0631\u0627\u06cc \u0641\u0631\u0632\u0646\u062f \u0648 \u0639\u0644\u0627\u0642\u0647\u200c\u0645\u0646\u062f\u0627\u0646 \u0628\u0647 \u0632\u0646\u062f\u06af\u06cc \u0645\u06cc\u0646\u06cc\u0645\u0627\u0644\u06cc\u0633\u062a\u06cc \u0628\u0633\u06cc\u0627\u0631 \u0645\u0646\u0627\u0633\u0628\u200c\u0627\u0646\u062f. \u0647\u0632\u06cc\u0646\u0647 \u0646\u06af\u0647\u062f\u0627\u0631\u06cc \u067e\u0627\u06cc\u06cc\u0646 \u0648 \u067e\u062a\u0627\u0646\u0633\u06cc\u0644 \u0628\u0627\u0644\u0627\u06cc \u0627\u062c\u0627\u0631\u0647\u060c \u0622\u0646\u200c\u0647\u0627 \u0631\u0627 \u0627\u0632 \u0646\u0638\u0631 \u0633\u0631\u0645\u0627\u06cc\u0647\u200c\u06af\u0630\u0627\u0631\u06cc \u0646\u06cc\u0632 \u0627\u0631\u0632\u0634\u0645\u0646\u062f \u0645\u06cc\u200c\u06a9\u0646\u062f.<\/p>\n\n<h3 style=\"font-size: 18px;\">\u0633\u0631\u0645\u0627\u06cc\u0647\u200c\u06af\u0630\u0627\u0631\u06cc \u062f\u0631 \u062e\u0627\u0646\u0647\u200c\u0647\u0627\u06cc \u0628\u0646\u06af\u0644\u0648 \u062f\u0631 \u063a\u0627\u0632\u06cc\u200c\u0645\u0627\u0642\u0648\u0633\u0627<\/h3>\n<p style=\"font-size: 16px;\">\u0645\u0646\u0627\u0637\u0642 \u0646\u0632\u062f\u06cc\u06a9 \u0628\u0647 \u062f\u0631\u06cc\u0627 \u0648 \u0645\u062d\u0644\u0647\u200c\u0647\u0627\u06cc \u0622\u0631\u0627\u0645 \u062f\u0631 \u063a\u0627\u0632\u06cc\u200c\u0645\u0627\u0642\u0648\u0633\u0627 \u0628\u0631\u0627\u06cc \u062e\u0627\u0646\u0647\u200c\u0647\u0627\u06cc \u0628\u0646\u06af\u0644\u0648 \u0628\u0633\u06cc\u0627\u0631 \u0645\u0646\u0627\u0633\u0628 \u0647\u0633\u062a\u0646\u062f. \u062f\u0631 \u0645\u0646\u0627\u0637\u0642\u06cc \u06a9\u0647 \u0633\u0627\u062e\u062a\u200c\u0648\u0633\u0627\u0632 \u06a9\u0645\u200c\u0637\u0628\u0642\u0647 \u062a\u0634\u0648\u06cc\u0642 \u0645\u06cc\u200c\u0634\u0648\u062f\u060c \u0627\u06cc\u0646 \u0646\u0648\u0639 \u0627\u0645\u0644\u0627\u06a9 \u0647\u0645 \u0627\u0632 \u0646\u0638\u0631 \u06a9\u06cc\u0641\u06cc\u062a \u0632\u0646\u062f\u06af\u06cc \u0648 \u0647\u0645 \u0627\u0632 \u0644\u062d\u0627\u0638 \u0627\u0631\u0632\u0634 \u0633\u0631\u0645\u0627\u06cc\u0647\u200c\u06af\u0630\u0627\u0631\u06cc \u0628\u0631\u062c\u0633\u062a\u0647 \u0647\u0633\u062a\u0646\u062f.<\/p>","protected":false},"excerpt":{"rendered":"<p>\ud83c\udfe1 Gazima\u011fusa Sat\u0131l\u0131k Bungalow Evler Gazima\u011fusa\u2019da sat\u0131l\u0131k bungalow evler, sade ve konforlu ya\u015fam tarz\u0131n\u0131 benimseyenler i\u00e7in ideal se\u00e7enekler aras\u0131nda yer al\u0131r. Tek katl\u0131 yap\u0131s\u0131, geni\u015f bah\u00e7esi ve kullan\u0131\u015fl\u0131 i\u00e7 plan\u0131yla bu evler, hem kal\u0131c\u0131 ya\u015fam hem de yazl\u0131k konut ihtiyac\u0131na hitap eder. Bungalow Ev Alman\u0131n Avantajlar\u0131 Merdivensiz ya\u015fam alan\u0131, \u00f6zel bah\u00e7e kullan\u0131m\u0131 ve do\u011faya yak\u0131n [&hellip;]<\/p>","protected":false},"author":1,"featured_media":0,"parent":0,"menu_order":0,"comment_status":"closed","ping_status":"closed","template":"template\/template-listing-grid-v5-fullwidth-3cols.php","meta":{"footnotes":""},"class_list":["post-161767","page","type-page","status-publish","hentry"],"_links":{"self":[{"href":"https:\/\/turkkocan.com\/fa\/wp-json\/wp\/v2\/pages\/161767","targetHints":{"allow":["GET"]}}],"collection":[{"href":"https:\/\/turkkocan.com\/fa\/wp-json\/wp\/v2\/pages"}],"about":[{"href":"https:\/\/turkkocan.com\/fa\/wp-json\/wp\/v2\/types\/page"}],"author":[{"embeddable":true,"href":"https:\/\/turkkocan.com\/fa\/wp-json\/wp\/v2\/users\/1"}],"replies":[{"embeddable":true,"href":"https:\/\/turkkocan.com\/fa\/wp-json\/wp\/v2\/comments?post=161767"}],"version-history":[{"count":0,"href":"https:\/\/turkkocan.com\/fa\/wp-json\/wp\/v2\/pages\/161767\/revisions"}],"wp:attachment":[{"href":"https:\/\/turkkocan.com\/fa\/wp-json\/wp\/v2\/media?parent=161767"}],"curies":[{"name":"\u0648\u0631\u062f\u067e\u0631\u0633","href":"https:\/\/api.w.org\/{rel}","templated":true}]}}