{"id":160626,"date":"2025-06-13T10:18:18","date_gmt":"2025-06-13T10:18:18","guid":{"rendered":"https:\/\/turkkocan.com\/?page_id=160626"},"modified":"2025-06-17T08:42:48","modified_gmt":"2025-06-17T08:42:48","slug":"gazimagusa-arzaye-foroush","status":"publish","type":"page","link":"https:\/\/turkkocan.com\/fa\/gazimagusa-arzaye-foroush\/","title":{"rendered":"\u0632\u0645\u06cc\u0646\u200c\u0647\u0627\u06cc \u0641\u0631\u0648\u0634\u06cc \u062f\u0631 \u0641\u0627\u0645\u0627\u06af\u0648\u0633\u062a\u0627"},"content":{"rendered":"<h2 style=\"font-size: 20px;\">\ud83c\udf3f \u0632\u0645\u06cc\u0646\u200c\u0647\u0627\u06cc \u0641\u0631\u0648\u0634\u06cc \u062f\u0631 \u063a\u0627\u0632\u06cc\u200c\u0645\u0627\u0642\u0648\u0633\u0627 \u2013 \u0645\u0634\u0627\u0647\u062f\u0647 \u0647\u0645\u0647 \u0622\u06af\u0647\u06cc\u200c\u0647\u0627<\/h2>\n<p style=\"font-size: 16px;\">\u0632\u0645\u06cc\u0646\u200c\u0647\u0627\u06cc \u0641\u0631\u0648\u0634\u06cc \u062f\u0631 \u063a\u0627\u0632\u06cc\u200c\u0645\u0627\u0642\u0648\u0633\u0627\u060c \u0628\u0631\u0627\u06cc \u067e\u0631\u0648\u0698\u0647\u200c\u0647\u0627\u06cc \u0645\u0633\u06a9\u0648\u0646\u06cc \u0648 \u062a\u062c\u0627\u0631\u06cc \u0627\u0632 \u067e\u062a\u0627\u0646\u0633\u06cc\u0644 \u0628\u0627\u0644\u0627\u06cc \u0633\u0631\u0645\u0627\u06cc\u0647\u200c\u06af\u0630\u0627\u0631\u06cc \u0628\u0631\u062e\u0648\u0631\u062f\u0627\u0631\u0646\u062f. \u0645\u0646\u0627\u0637\u0642 \u062f\u0631 \u062d\u0627\u0644 \u062a\u0648\u0633\u0639\u0647\u060c \u0646\u0632\u062f\u06cc\u06a9\u06cc \u0628\u0647 \u0633\u0627\u062d\u0644 \u0648 \u062f\u0633\u062a\u0631\u0633\u06cc \u0622\u0633\u0627\u0646 \u0628\u0647 \u0645\u0631\u06a9\u0632 \u0634\u0647\u0631\u060c \u0633\u0631\u0645\u0627\u06cc\u0647\u200c\u06af\u0630\u0627\u0631\u06cc \u062f\u0631 \u0632\u0645\u06cc\u0646 \u0631\u0627 \u062c\u0630\u0627\u0628\u200c\u062a\u0631 \u0645\u06cc\u200c\u06a9\u0646\u062f. \u062f\u0627\u0634\u062a\u0646 \u06a9\u0627\u0631\u0628\u0631\u06cc \u0642\u0627\u0646\u0648\u0646\u06cc\u060c \u0641\u0631\u0627\u06cc\u0646\u062f \u062f\u0631\u06cc\u0627\u0641\u062a \u0645\u062c\u0648\u0632 \u0633\u0627\u062e\u062a \u0648 \u0634\u0631\u0648\u0639 \u067e\u0631\u0648\u0698\u0647 \u0631\u0627 \u0633\u0631\u06cc\u0639\u200c\u062a\u0631 \u0648 \u0645\u0637\u0645\u0626\u0646\u200c\u062a\u0631 \u0645\u06cc\u200c\u0633\u0627\u0632\u062f.<\/p>\n\n<h3 style=\"font-size: 18px;\">\u0645\u0632\u0627\u06cc\u0627\u06cc \u062e\u0631\u06cc\u062f \u0632\u0645\u06cc\u0646 \u062f\u0631 \u063a\u0627\u0632\u06cc\u200c\u0645\u0627\u0642\u0648\u0633\u0627<\/h3>\n<p style=\"font-size: 16px;\">\u0633\u0631\u0645\u0627\u06cc\u0647\u200c\u06af\u0630\u0627\u0631\u06cc \u062f\u0631 \u0632\u0645\u06cc\u0646\u060c \u06cc\u06a9\u06cc \u0627\u0632 \u0627\u0646\u0648\u0627\u0639 \u0627\u0645\u0644\u0627\u06a9 \u0628\u0627 \u0628\u0627\u0632\u062f\u0647\u06cc \u0628\u0644\u0646\u062f\u0645\u062f\u062a \u0628\u0627\u0644\u0627 \u0648 \u0646\u06cc\u0627\u0632 \u0646\u06af\u0647\u062f\u0627\u0631\u06cc \u067e\u0627\u06cc\u06cc\u0646 \u0627\u0633\u062a. \u0627\u0641\u0632\u0627\u06cc\u0634 \u062c\u0645\u0639\u06cc\u062a \u062f\u0631 \u063a\u0627\u0632\u06cc\u200c\u0645\u0627\u0642\u0648\u0633\u0627 \u0628\u0627\u0639\u062b \u0631\u0634\u062f \u0645\u062f\u0627\u0648\u0645 \u062a\u0642\u0627\u0636\u0627\u06cc \u0645\u0633\u06a9\u0646 \u0648 \u062f\u0631 \u0646\u062a\u06cc\u062c\u0647 \u0627\u0641\u0632\u0627\u06cc\u0634 \u0627\u0631\u0632\u0634 \u0632\u0645\u06cc\u0646 \u0645\u06cc\u200c\u0634\u0648\u062f. \u0632\u0645\u06cc\u0646\u06cc \u06a9\u0647 \u062f\u0631 \u0645\u0648\u0642\u0639\u06cc\u062a \u0645\u0646\u0627\u0633\u0628 \u062e\u0631\u06cc\u062f\u0627\u0631\u06cc \u0634\u0648\u062f\u060c \u0645\u06cc\u200c\u062a\u0648\u0627\u0646\u062f \u062f\u0631 \u0645\u062f\u062a \u06a9\u0648\u062a\u0627\u0647\u06cc \u0627\u0631\u0632\u0634\u0645\u0646\u062f\u062a\u0631 \u0634\u0648\u062f.<\/p>\n\n<h3 style=\"font-size: 18px;\">\u0645\u0646\u0627\u0633\u0628 \u0686\u0647 \u06a9\u0633\u0627\u0646\u06cc \u0627\u0633\u062a\u061f<\/h3>\n<p style=\"font-size: 16px;\">\u0632\u0645\u06cc\u0646\u200c\u0647\u0627\u06cc \u063a\u0627\u0632\u06cc\u200c\u0645\u0627\u0642\u0648\u0633\u0627 \u0628\u0631\u0627\u06cc \u0637\u06cc\u0641 \u06af\u0633\u062a\u0631\u062f\u0647\u200c\u0627\u06cc \u0627\u0632 \u0633\u0631\u0645\u0627\u06cc\u0647\u200c\u06af\u0630\u0627\u0631\u0627\u0646 \u0645\u0646\u0627\u0633\u0628\u200c\u0627\u0646\u062f\u061b \u0627\u0632 \u0627\u0641\u0631\u0627\u062f\u06cc \u06a9\u0647 \u0642\u0635\u062f \u0633\u0627\u062e\u062a \u062e\u0627\u0646\u0647 \u0634\u062e\u0635\u06cc \u062f\u0627\u0631\u0646\u062f \u062a\u0627 \u067e\u06cc\u0645\u0627\u0646\u06a9\u0627\u0631\u0627\u0646 \u0648 \u062a\u0648\u0633\u0639\u0647\u200c\u062f\u0647\u0646\u062f\u06af\u0627\u0646 \u067e\u0631\u0648\u0698\u0647. \u0647\u0645\u0686\u0646\u06cc\u0646 \u0628\u0631\u0627\u06cc \u06a9\u0633\u0627\u0646\u06cc \u06a9\u0647 \u0628\u0647 \u062f\u0646\u0628\u0627\u0644 \u0633\u0631\u0645\u0627\u06cc\u0647\u200c\u06af\u0630\u0627\u0631\u06cc \u0628\u0644\u0646\u062f\u0645\u062f\u062a \u0647\u0633\u062a\u0646\u062f\u060c \u0641\u0631\u0635\u062a\u200c\u0647\u0627\u06cc \u0627\u0631\u0632\u0646\u062f\u0647\u200c\u0627\u06cc \u0641\u0631\u0627\u0647\u0645 \u0645\u06cc\u200c\u06a9\u0646\u0646\u062f.<\/p>","protected":false},"excerpt":{"rendered":"<p>\ud83c\udf3f Gazima\u011fusa Sat\u0131l\u0131k Arsa \u0130lanlar\u0131 Gazima\u011fusa\u2019da sat\u0131l\u0131k arsalar, hem konut hem de ticari projeler i\u00e7in yat\u0131r\u0131m potansiyeli y\u00fcksek se\u00e7enekler sunar. Geli\u015fen b\u00f6lgeler, sahile yak\u0131n konumlar ve \u015fehir merkezine kolay ula\u015f\u0131m imkan\u0131, arsa yat\u0131r\u0131mlar\u0131n\u0131 cazip h\u00e2le getirir. \u0130marl\u0131 arsalar sayesinde yap\u0131 ruhsat\u0131 ve in\u015faat s\u00fcreci daha g\u00fcvenli ve h\u0131zl\u0131 ilerler. Gazima\u011fusa\u2019da Arsa Alman\u0131n Avantajlar\u0131 Arsa yat\u0131r\u0131m\u0131, [&hellip;]<\/p>","protected":false},"author":1,"featured_media":0,"parent":0,"menu_order":0,"comment_status":"closed","ping_status":"closed","template":"template\/template-listing-grid-v5-fullwidth-3cols.php","meta":{"footnotes":""},"class_list":["post-160626","page","type-page","status-publish","hentry"],"_links":{"self":[{"href":"https:\/\/turkkocan.com\/fa\/wp-json\/wp\/v2\/pages\/160626","targetHints":{"allow":["GET"]}}],"collection":[{"href":"https:\/\/turkkocan.com\/fa\/wp-json\/wp\/v2\/pages"}],"about":[{"href":"https:\/\/turkkocan.com\/fa\/wp-json\/wp\/v2\/types\/page"}],"author":[{"embeddable":true,"href":"https:\/\/turkkocan.com\/fa\/wp-json\/wp\/v2\/users\/1"}],"replies":[{"embeddable":true,"href":"https:\/\/turkkocan.com\/fa\/wp-json\/wp\/v2\/comments?post=160626"}],"version-history":[{"count":0,"href":"https:\/\/turkkocan.com\/fa\/wp-json\/wp\/v2\/pages\/160626\/revisions"}],"wp:attachment":[{"href":"https:\/\/turkkocan.com\/fa\/wp-json\/wp\/v2\/media?parent=160626"}],"curies":[{"name":"\u0648\u0631\u062f\u067e\u0631\u0633","href":"https:\/\/api.w.org\/{rel}","templated":true}]}}