{"id":149093,"date":"2025-06-13T04:08:37","date_gmt":"2025-06-13T04:08:37","guid":{"rendered":"https:\/\/turkkocan.com\/?page_id=149093"},"modified":"2025-06-17T08:13:12","modified_gmt":"2025-06-17T08:13:12","slug":"villa-baraye-foroush-dar-iskele","status":"publish","type":"page","link":"https:\/\/turkkocan.com\/fa\/villa-baraye-foroush-dar-iskele\/","title":{"rendered":"\u0648\u06cc\u0644\u0627\u0647\u0627\u06cc \u0641\u0631\u0648\u0634\u06cc \u062f\u0631 \u0627\u06cc\u0633\u06a9\u0644\u0647"},"content":{"rendered":"<h2 style=\"font-size: 20px;\">\ud83c\udfe1 \u0622\u06af\u0647\u06cc \u0641\u0631\u0648\u0634 \u0648\u06cc\u0644\u0627 \u062f\u0631 \u0627\u06cc\u0633\u06a9\u0644\u0647<\/h2>\n<p style=\"font-size: 16px;\">\u0627\u06cc\u0633\u06a9\u0644\u0647 \u06cc\u06a9\u06cc \u0627\u0632 \u0645\u062d\u0628\u0648\u0628\u200c\u062a\u0631\u06cc\u0646 \u0645\u0646\u0627\u0637\u0642 \u0642\u0628\u0631\u0633 \u0634\u0645\u0627\u0644\u06cc \u0627\u0633\u062a \u06a9\u0647 \u0632\u0646\u062f\u06af\u06cc \u0633\u0627\u062d\u0644\u06cc \u0631\u0627 \u0628\u0627 \u0633\u0628\u06a9 \u0632\u0646\u062f\u06af\u06cc \u0644\u0648\u06a9\u0633 \u062a\u0631\u06a9\u06cc\u0628 \u06a9\u0631\u062f\u0647 \u0627\u0633\u062a. \u0648\u06cc\u0644\u0627\u0647\u0627\u06cc \u0641\u0631\u0648\u0634\u06cc \u062f\u0631 \u0627\u06cc\u0646 \u0645\u0646\u0637\u0642\u0647 \u0628\u0627 \u062f\u0633\u062a\u0631\u0633\u06cc \u0646\u0632\u062f\u06cc\u06a9 \u0628\u0647 \u062f\u0631\u06cc\u0627\u060c \u0627\u0633\u062a\u062e\u0631 \u062e\u0635\u0648\u0635\u06cc\u060c \u0628\u0627\u063a \u0645\u0633\u062a\u0642\u0644 \u0648 \u0645\u0639\u0645\u0627\u0631\u06cc \u0645\u062f\u0631\u0646\u060c \u06af\u0632\u06cc\u0646\u0647\u200c\u0627\u06cc \u0627\u06cc\u062f\u0647\u200c\u0622\u0644 \u0628\u0631\u0627\u06cc \u0632\u0646\u062f\u06af\u06cc \u062f\u0627\u0626\u0645\u06cc \u06cc\u0627 \u062a\u0639\u0637\u06cc\u0644\u0627\u062a \u0628\u0647\u200c\u0634\u0645\u0627\u0631 \u0645\u06cc\u200c\u0631\u0648\u0646\u062f.<\/p>\n\n<h3 style=\"font-size: 18px;\">\u0645\u0632\u0627\u06cc\u0627\u06cc \u062e\u0631\u06cc\u062f \u0648\u06cc\u0644\u0627 \u062f\u0631 \u0627\u06cc\u0633\u06a9\u0644\u0647<\/h3>\n<p style=\"font-size: 16px;\">\u0648\u06cc\u0644\u0627\u0647\u0627 \u0628\u0647\u200c\u062f\u0644\u06cc\u0644 \u062d\u0641\u0638 \u062d\u0631\u06cc\u0645 \u062e\u0635\u0648\u0635\u06cc\u060c \u0641\u0636\u0627\u06cc \u0648\u0633\u06cc\u0639 \u062f\u0627\u062e\u0644\u06cc \u0648 \u062e\u0627\u0631\u062c\u06cc\u060c \u0645\u0635\u0627\u0644\u062d \u0633\u0627\u062e\u062a\u0645\u0627\u0646\u06cc \u0628\u0627\u06a9\u06cc\u0641\u06cc\u062a \u0648 \u0633\u0628\u06a9 \u0632\u0646\u062f\u06af\u06cc \u0644\u0648\u06a9\u0633\u060c \u06af\u0632\u06cc\u0646\u0647\u200c\u0627\u06cc \u067e\u0631\u0637\u0631\u0641\u062f\u0627\u0631 \u0647\u0633\u062a\u0646\u062f. \u067e\u0631\u0648\u0698\u0647\u200c\u0647\u0627\u06cc \u0648\u06cc\u0644\u0627\u06cc\u06cc \u062f\u0631 \u0627\u06cc\u0633\u06a9\u0644\u0647 \u0628\u0647\u200c\u062f\u0644\u06cc\u0644 \u06a9\u06cc\u0641\u06cc\u062a \u0633\u0627\u062e\u062a \u062c\u062f\u06cc\u062f \u0648 \u0645\u0648\u0642\u0639\u06cc\u062a \u0645\u06a9\u0627\u0646\u06cc \u0645\u0646\u0627\u0633\u0628\u060c \u0628\u0627\u0632\u062f\u0647 \u0627\u062c\u0627\u0631\u0647\u200c\u0627\u06cc \u0628\u0627\u0644\u0627 \u0648 \u0627\u0641\u0632\u0627\u06cc\u0634 \u0627\u0631\u0632\u0634 \u0631\u0627 \u0628\u0647 \u0647\u0645\u0631\u0627\u0647 \u062f\u0627\u0631\u0646\u062f.<\/p>\n\n<h3 style=\"font-size: 18px;\">\u0627\u06cc\u0646 \u0646\u0648\u0639 \u0633\u0631\u0645\u0627\u06cc\u0647\u200c\u06af\u0630\u0627\u0631\u06cc \u0628\u0631\u0627\u06cc \u0686\u0647 \u06a9\u0633\u0627\u0646\u06cc \u0645\u0646\u0627\u0633\u0628 \u0627\u0633\u062a\u061f<\/h3>\n<p style=\"font-size: 16px;\">\u0645\u0627\u0644\u06a9\u06cc\u062a \u0648\u06cc\u0644\u0627 \u062f\u0631 \u0627\u06cc\u0633\u06a9\u0644\u0647 \u0628\u0631\u0627\u06cc \u062e\u0627\u0646\u0648\u0627\u062f\u0647\u200c\u0647\u0627\u060c \u0628\u0627\u0632\u0646\u0634\u0633\u062a\u06af\u0627\u0646\u060c \u0645\u062a\u0642\u0627\u0636\u06cc\u0627\u0646 \u062e\u0627\u0646\u0647\u200c\u0647\u0627\u06cc \u062a\u0639\u0637\u06cc\u0644\u0627\u062a\u06cc \u06cc\u0627 \u0633\u0631\u0645\u0627\u06cc\u0647\u200c\u06af\u0630\u0627\u0631\u0627\u0646\u06cc \u06a9\u0647 \u0628\u0647\u200c\u062f\u0646\u0628\u0627\u0644 \u062f\u0631\u0622\u0645\u062f \u0627\u0631\u0632\u06cc \u0647\u0633\u062a\u0646\u062f\u060c \u0633\u0648\u062f\u0622\u0648\u0631\u06cc \u0628\u0644\u0646\u062f\u0645\u062f\u062a \u0628\u0647\u200c\u0647\u0645\u0631\u0627\u0647 \u062f\u0627\u0631\u062f. \u06af\u0631\u062f\u0634\u06af\u0631\u06cc \u0641\u0639\u0627\u0644 \u062f\u0631 \u0645\u0646\u0637\u0642\u0647\u060c \u062a\u0642\u0627\u0636\u0627\u06cc \u0627\u062c\u0627\u0631\u0647 \u0631\u0627 \u0647\u0645\u0648\u0627\u0631\u0647 \u062f\u0631 \u0633\u0637\u062d \u0628\u0627\u0644\u0627 \u0646\u06af\u0647 \u0645\u06cc\u200c\u062f\u0627\u0631\u062f.<\/p>","protected":false},"excerpt":{"rendered":"<p>\ud83c\udfe1 \u0130skele Sat\u0131l\u0131k Villa \u0130lanlar\u0131 \u0130skele, Kuzey K\u0131br\u0131s\u2019ta sahil ya\u015fam\u0131n\u0131 l\u00fcksle bulu\u015fturan en pop\u00fcler b\u00f6lgelerden biridir. Sat\u0131l\u0131k villalar; denize y\u00fcr\u00fcme mesafesinde, \u00f6zel havuzlu, m\u00fcstakil bah\u00e7eli ve modern mimarili yap\u0131lar olarak \u00f6ne \u00e7\u0131kar. Hem tatil hem s\u00fcrekli ya\u015fam i\u00e7in ideal bir konut tipi sunar. \u0130skele\u2019de Villa Alman\u0131n Avantajlar\u0131 Villalar, mahremiyet, geni\u015f i\u00e7 ve d\u0131\u015f ya\u015fam alan\u0131, [&hellip;]<\/p>","protected":false},"author":1,"featured_media":0,"parent":0,"menu_order":0,"comment_status":"closed","ping_status":"closed","template":"template\/template-listing-grid-v5-fullwidth-3cols.php","meta":{"footnotes":""},"class_list":["post-149093","page","type-page","status-publish","hentry"],"_links":{"self":[{"href":"https:\/\/turkkocan.com\/fa\/wp-json\/wp\/v2\/pages\/149093","targetHints":{"allow":["GET"]}}],"collection":[{"href":"https:\/\/turkkocan.com\/fa\/wp-json\/wp\/v2\/pages"}],"about":[{"href":"https:\/\/turkkocan.com\/fa\/wp-json\/wp\/v2\/types\/page"}],"author":[{"embeddable":true,"href":"https:\/\/turkkocan.com\/fa\/wp-json\/wp\/v2\/users\/1"}],"replies":[{"embeddable":true,"href":"https:\/\/turkkocan.com\/fa\/wp-json\/wp\/v2\/comments?post=149093"}],"version-history":[{"count":0,"href":"https:\/\/turkkocan.com\/fa\/wp-json\/wp\/v2\/pages\/149093\/revisions"}],"wp:attachment":[{"href":"https:\/\/turkkocan.com\/fa\/wp-json\/wp\/v2\/media?parent=149093"}],"curies":[{"name":"\u0648\u0631\u062f\u067e\u0631\u0633","href":"https:\/\/api.w.org\/{rel}","templated":true}]}}