{"id":148999,"date":"2025-06-13T04:07:19","date_gmt":"2025-06-13T04:07:19","guid":{"rendered":"https:\/\/turkkocan.com\/?page_id=148999"},"modified":"2025-06-17T08:20:06","modified_gmt":"2025-06-17T08:20:06","slug":"khaneye-kuchak-baraye-foroush-dar-iskele","status":"publish","type":"page","link":"https:\/\/turkkocan.com\/fa\/khaneye-kuchak-baraye-foroush-dar-iskele\/","title":{"rendered":"\u062e\u0627\u0646\u0647\u200c\u0647\u0627\u06cc \u06a9\u0648\u0686\u06a9 \u0641\u0631\u0648\u0634\u06cc \u062f\u0631 \u0627\u06cc\u0633\u06a9\u0644\u0647"},"content":{"rendered":"<h2 style=\"font-size: 20px;\">\u062e\u0627\u0646\u0647\u200c\u0647\u0627\u06cc \u06a9\u0648\u0686\u06a9 \u0641\u0631\u0648\u0634\u06cc \u062f\u0631 \u0627\u06cc\u0633\u06a9\u0644\u0647 \u2013 \u0645\u0634\u0627\u0647\u062f\u0647 \u0647\u0645\u0647 \u0622\u06af\u0647\u06cc\u200c\u0647\u0627<\/h2>\n<p style=\"font-size: 16px;\">\u06af\u0632\u06cc\u0646\u0647\u200c\u0647\u0627\u06cc \u0641\u0631\u0648\u0634 \u062e\u0627\u0646\u0647\u200c\u0647\u0627\u06cc \u06a9\u0648\u0686\u06a9 \u062f\u0631 \u0627\u06cc\u0633\u06a9\u0644\u0647\u060c \u062f\u0631 \u0645\u06cc\u0627\u0646 \u0627\u0641\u0631\u0627\u062f\u06cc \u06a9\u0647 \u0628\u0647 \u0632\u0646\u062f\u06af\u06cc \u0645\u06cc\u0646\u06cc\u0645\u0627\u0644 \u0648 \u0647\u0645\u0627\u0647\u0646\u06af \u0628\u0627 \u0637\u0628\u06cc\u0639\u062a \u0639\u0644\u0627\u0642\u0647\u200c\u0645\u0646\u062f \u0647\u0633\u062a\u0646\u062f\u060c \u0645\u062d\u0628\u0648\u0628\u06cc\u062a \u06cc\u0627\u0641\u062a\u0647\u200c\u0627\u0646\u062f. \u0627\u06cc\u0646 \u062e\u0627\u0646\u0647\u200c\u0647\u0627\u06cc \u062c\u0645\u0639\u200c\u0648\u062c\u0648\u0631 \u0627\u0645\u0627 \u06a9\u0627\u0631\u0628\u0631\u062f\u06cc\u060c \u0628\u0631\u0627\u06cc \u06a9\u0633\u0627\u0646\u06cc \u06a9\u0647 \u0628\u0647\u200c\u062f\u0646\u0628\u0627\u0644 \u067e\u0627\u06cc\u062f\u0627\u0631\u06cc\u060c \u0633\u0627\u062f\u06af\u06cc \u0648 \u0647\u0632\u06cc\u0646\u0647 \u067e\u0627\u06cc\u06cc\u0646 \u0647\u0633\u062a\u0646\u062f\u060c \u06af\u0632\u06cc\u0646\u0647\u200c\u0627\u06cc \u0627\u06cc\u062f\u0647\u200c\u0622\u0644 \u0628\u0647\u200c\u0634\u0645\u0627\u0631 \u0645\u06cc\u200c\u0631\u0648\u0646\u062f.<\/p>\n\n<h3 style=\"font-size: 18px;\">\u0686\u0631\u0627 \u062e\u0627\u0646\u0647\u200c\u0647\u0627\u06cc \u06a9\u0648\u0686\u06a9 (Tiny House) \u0645\u062d\u0628\u0648\u0628 \u0647\u0633\u062a\u0646\u062f\u061f<\/h3>\n<p style=\"font-size: 16px;\">\u062e\u0627\u0646\u0647\u200c\u0647\u0627\u06cc \u06a9\u0648\u0686\u06a9 \u0628\u0627 \u0645\u0632\u0627\u06cc\u0627\u06cc\u06cc \u0647\u0645\u0686\u0648\u0646 \u0647\u0632\u06cc\u0646\u0647 \u067e\u0627\u06cc\u06cc\u0646 \u0632\u0646\u062f\u06af\u06cc\u060c \u0642\u0627\u0628\u0644\u06cc\u062a \u062c\u0627\u0628\u0647\u200c\u062c\u0627\u06cc\u06cc \u0648 \u0647\u0645\u0627\u0647\u0646\u06af\u06cc \u0628\u0627 \u0637\u0628\u06cc\u0639\u062a \u0634\u0646\u0627\u062e\u062a\u0647 \u0645\u06cc\u200c\u0634\u0648\u0646\u062f. \u0627\u06cc\u0646 \u0646\u0648\u0639 \u062e\u0627\u0646\u0647\u200c\u0647\u0627 \u0628\u0631\u0627\u06cc \u0627\u0633\u062a\u0641\u0627\u062f\u0647 \u062a\u0641\u0631\u06cc\u062d\u06cc\u060c \u0627\u062c\u0627\u0631\u0647 \u06a9\u0648\u062a\u0627\u0647\u200c\u0645\u062f\u062a \u06cc\u0627 \u0627\u06cc\u062c\u0627\u062f \u0633\u0628\u06a9 \u0632\u0646\u062f\u06af\u06cc \u062c\u0627\u06cc\u06af\u0632\u06cc\u0646 \u0645\u0646\u0627\u0633\u0628 \u0647\u0633\u062a\u0646\u062f. \u0633\u0627\u062e\u062a \u0633\u0631\u06cc\u0639 \u0648 \u0645\u0642\u0631\u0648\u0646\u200c\u0628\u0647\u200c\u0635\u0631\u0641\u0647 \u0646\u06cc\u0632 \u06cc\u06a9\u06cc \u0627\u0632 \u0645\u0632\u06cc\u062a\u200c\u0647\u0627\u06cc \u0645\u0647\u0645 \u0622\u0646\u200c\u0647\u0627\u0633\u062a.<\/p>\n\n<h3 style=\"font-size: 18px;\">\u0633\u0631\u0645\u0627\u06cc\u0647\u200c\u06af\u0630\u0627\u0631\u06cc \u062f\u0631 \u062e\u0627\u0646\u0647\u200c\u0647\u0627\u06cc \u06a9\u0648\u0686\u06a9 \u062f\u0631 \u0627\u06cc\u0633\u06a9\u0644\u0647<\/h3>\n<p style=\"font-size: 16px;\">\u0646\u0632\u062f\u06cc\u06a9\u06cc \u0627\u06cc\u0633\u06a9\u0644\u0647 \u0628\u0647 \u0633\u0627\u062d\u0644 \u0648 \u0645\u062d\u06cc\u0637 \u0637\u0628\u06cc\u0639\u06cc \u0622\u0646\u060c \u0627\u06cc\u0646 \u0645\u0646\u0637\u0642\u0647 \u0631\u0627 \u0628\u0631\u0627\u06cc \u067e\u0631\u0648\u0698\u0647\u200c\u0647\u0627\u06cc \u062e\u0627\u0646\u0647 \u06a9\u0648\u0686\u06a9 \u0628\u0633\u06cc\u0627\u0631 \u0645\u0646\u0627\u0633\u0628 \u06a9\u0631\u062f\u0647 \u0627\u0633\u062a. \u0627\u06cc\u0646 \u062e\u0627\u0646\u0647\u200c\u0647\u0627 \u06a9\u0647 \u0631\u0648\u06cc \u0632\u0645\u06cc\u0646\u200c\u0647\u0627\u06cc \u0627\u0631\u0632\u0627\u0646\u200c\u0642\u06cc\u0645\u062a \u0633\u0627\u062e\u062a\u0647 \u0645\u06cc\u200c\u0634\u0648\u0646\u062f\u060c \u0645\u06cc\u200c\u062a\u0648\u0627\u0646\u0646\u062f \u0627\u0632 \u0637\u0631\u06cc\u0642 \u0627\u062c\u0627\u0631\u0647 \u06a9\u0648\u062a\u0627\u0647\u200c\u0645\u062f\u062a \u0628\u0631\u0627\u06cc \u0633\u0631\u0645\u0627\u06cc\u0647\u200c\u06af\u0630\u0627\u0631\u0627\u0646 \u062f\u0631\u0622\u0645\u062f\u06cc \u067e\u0627\u06cc\u062f\u0627\u0631 \u0627\u06cc\u062c\u0627\u062f \u06a9\u0646\u0646\u062f. \u0628\u0627 \u0627\u0641\u0632\u0627\u06cc\u0634 \u0639\u0644\u0627\u0642\u0647 \u0628\u0647 \u0632\u0646\u062f\u06af\u06cc \u0645\u06cc\u0646\u06cc\u0645\u0627\u0644\u06cc\u0633\u062a\u06cc\u060c \u062a\u0648\u062c\u0647 \u0628\u0647 \u0633\u0631\u0645\u0627\u06cc\u0647\u200c\u06af\u0630\u0627\u0631\u06cc \u062f\u0631 \u062e\u0627\u0646\u0647\u200c\u0647\u0627\u06cc \u06a9\u0648\u0686\u06a9 \u0646\u06cc\u0632 \u0631\u0648 \u0628\u0647 \u0631\u0634\u062f \u0627\u0633\u062a.<\/p>","protected":false},"excerpt":{"rendered":"<p>\ud83c\udfe1 \u0130skele Sat\u0131l\u0131k Tiny House \u0130lanlar\u0131 \u0130skele\u2019de sat\u0131l\u0131k tiny house se\u00e7enekleri, minimal ya\u015fam anlay\u0131\u015f\u0131n\u0131 benimseyenler ve do\u011fayla uyumlu bir ya\u015fam alan\u0131 arayanlar i\u00e7in pop\u00fcler h\u00e2le gelmi\u015ftir. Az yer kaplayan ama i\u015flevsel alan sunan bu yap\u0131lar; s\u00fcrd\u00fcr\u00fclebilirlik, sade ya\u015fam ve uygun maliyet arayan bireyler i\u00e7in idealdir. Tiny House Neden Tercih Edilir? Tiny house evler, d\u00fc\u015f\u00fck ya\u015fam [&hellip;]<\/p>","protected":false},"author":1,"featured_media":0,"parent":0,"menu_order":0,"comment_status":"closed","ping_status":"closed","template":"template\/template-listing-grid-v5-fullwidth-3cols.php","meta":{"footnotes":""},"class_list":["post-148999","page","type-page","status-publish","hentry"],"_links":{"self":[{"href":"https:\/\/turkkocan.com\/fa\/wp-json\/wp\/v2\/pages\/148999","targetHints":{"allow":["GET"]}}],"collection":[{"href":"https:\/\/turkkocan.com\/fa\/wp-json\/wp\/v2\/pages"}],"about":[{"href":"https:\/\/turkkocan.com\/fa\/wp-json\/wp\/v2\/types\/page"}],"author":[{"embeddable":true,"href":"https:\/\/turkkocan.com\/fa\/wp-json\/wp\/v2\/users\/1"}],"replies":[{"embeddable":true,"href":"https:\/\/turkkocan.com\/fa\/wp-json\/wp\/v2\/comments?post=148999"}],"version-history":[{"count":0,"href":"https:\/\/turkkocan.com\/fa\/wp-json\/wp\/v2\/pages\/148999\/revisions"}],"wp:attachment":[{"href":"https:\/\/turkkocan.com\/fa\/wp-json\/wp\/v2\/media?parent=148999"}],"curies":[{"name":"\u0648\u0631\u062f\u067e\u0631\u0633","href":"https:\/\/api.w.org\/{rel}","templated":true}]}}