{"id":148859,"date":"2025-06-13T04:05:20","date_gmt":"2025-06-13T04:05:20","guid":{"rendered":"https:\/\/turkkocan.com\/?page_id=148859"},"modified":"2025-06-17T08:15:00","modified_gmt":"2025-06-17T08:15:00","slug":"khane-mostaghel-baraye-foroush-dar-iskele","status":"publish","type":"page","link":"https:\/\/turkkocan.com\/fa\/khane-mostaghel-baraye-foroush-dar-iskele\/","title":{"rendered":"\u062e\u0627\u0646\u0647\u200c\u0647\u0627\u06cc \u0641\u0631\u0648\u0634\u06cc \u062f\u0631 \u0627\u06cc\u0633\u06a9\u0644\u0647"},"content":{"rendered":"<h2 style=\"font-size: 20px;\">\ud83c\udfe1 \u0622\u06af\u0647\u06cc \u0641\u0631\u0648\u0634 \u062e\u0627\u0646\u0647\u200c\u0647\u0627\u06cc \u0645\u0633\u062a\u0642\u0644 \u062f\u0631 \u0627\u06cc\u0633\u06a9\u0644\u0647<\/h2>\n<p style=\"font-size: 16px;\">\u062e\u0627\u0646\u0647\u200c\u0647\u0627\u06cc \u0645\u0633\u062a\u0642\u0644 \u0641\u0631\u0648\u0634\u06cc \u062f\u0631 \u0627\u06cc\u0633\u06a9\u0644\u0647 \u06af\u0632\u06cc\u0646\u0647\u200c\u0627\u06cc \u062c\u0630\u0627\u0628 \u0628\u0631\u0627\u06cc \u06a9\u0633\u0627\u0646\u06cc \u0627\u0633\u062a \u06a9\u0647 \u0628\u0647\u200c\u062f\u0646\u0628\u0627\u0644 \u0632\u0646\u062f\u06af\u06cc \u0622\u0631\u0627\u0645 \u0628\u062f\u0648\u0646 \u062f\u0648\u0631 \u0634\u062f\u0646 \u0627\u0632 \u0634\u0647\u0631 \u0647\u0633\u062a\u0646\u062f \u06cc\u0627 \u0642\u0635\u062f \u0633\u0631\u0645\u0627\u06cc\u0647\u200c\u06af\u0630\u0627\u0631\u06cc \u0628\u0644\u0646\u062f\u0645\u062f\u062a \u062f\u0627\u0631\u0646\u062f. \u0627\u06cc\u0646 \u062e\u0627\u0646\u0647\u200c\u0647\u0627 \u06a9\u0647 \u0631\u0648\u06cc \u0642\u0637\u0639\u0627\u062a \u0632\u0645\u06cc\u0646 \u0645\u0633\u062a\u0642\u0644 \u0633\u0627\u062e\u062a\u0647 \u0634\u062f\u0647\u200c\u0627\u0646\u062f\u060c \u0628\u0627 \u062f\u0627\u0634\u062a\u0646 \u0628\u0627\u063a\u0686\u0647\u060c \u067e\u0627\u0631\u06a9\u06cc\u0646\u06af \u0648 \u0641\u0636\u0627\u06cc \u0648\u0633\u06cc\u0639\u060c \u0631\u0627\u062d\u062a\u06cc \u0631\u0627 \u0641\u0631\u0627\u0647\u0645 \u0645\u06cc\u200c\u06a9\u0646\u0646\u062f.<\/p>\n\n<h3 style=\"font-size: 18px;\">\u0686\u0631\u0627 \u062e\u0627\u0646\u0647\u200c\u0647\u0627\u06cc \u0645\u0633\u062a\u0642\u0644 \u067e\u0631\u0637\u0631\u0641\u062f\u0627\u0631 \u0647\u0633\u062a\u0646\u062f\u061f<\/h3>\n<p style=\"font-size: 16px;\">\u062e\u0627\u0646\u0647\u200c\u0647\u0627\u06cc \u0645\u0633\u062a\u0642\u0644\u060c \u0628\u0647\u200c\u0648\u06cc\u0698\u0647 \u062a\u0648\u0633\u0637 \u0627\u0641\u0631\u0627\u062f\u06cc \u0627\u0646\u062a\u062e\u0627\u0628 \u0645\u06cc\u200c\u0634\u0648\u0646\u062f \u06a9\u0647 \u0628\u0647\u200c\u062f\u0646\u0628\u0627\u0644 \u062d\u0631\u06cc\u0645 \u062e\u0635\u0648\u0635\u06cc\u060c \u0622\u0631\u0627\u0645\u0634 \u0648 \u0632\u0646\u062f\u06af\u06cc \u062f\u0631 \u062f\u0644 \u0637\u0628\u06cc\u0639\u062a \u0647\u0633\u062a\u0646\u062f. \u0627\u06cc\u0646 \u062e\u0627\u0646\u0647\u200c\u0647\u0627 \u0628\u0631\u0627\u06cc \u0632\u0646\u062f\u06af\u06cc \u062e\u0627\u0646\u0648\u0627\u062f\u06af\u06cc \u0627\u06cc\u062f\u0647\u200c\u0622\u0644 \u0628\u0648\u062f\u0647 \u0648 \u0628\u0627 \u0641\u0631\u0627\u0647\u0645\u200c\u06a9\u0631\u062f\u0646 \u0641\u0636\u0627\u06cc\u06cc \u0648\u0633\u06cc\u0639 \u0648 \u0627\u0646\u0639\u0637\u0627\u0641\u200c\u067e\u0630\u06cc\u0631\u060c \u062d\u062f\u0627\u06a9\u062b\u0631 \u062d\u0631\u06cc\u0645 \u0634\u062e\u0635\u06cc \u0631\u0627 \u062a\u0636\u0645\u06cc\u0646 \u0645\u06cc\u200c\u06a9\u0646\u0646\u062f.<\/p>\n\n<h3 style=\"font-size: 18px;\">\u0645\u0632\u0627\u06cc\u0627\u06cc \u0633\u0631\u0645\u0627\u06cc\u0647\u200c\u06af\u0630\u0627\u0631\u06cc \u062f\u0631 \u062e\u0627\u0646\u0647\u200c\u0647\u0627\u06cc \u0645\u0633\u062a\u0642\u0644 \u062f\u0631 \u0627\u06cc\u0633\u06a9\u0644\u0647<\/h3>\n<p style=\"font-size: 16px;\">\u0627\u06cc\u0633\u06a9\u0644\u0647 \u062f\u0631 \u0633\u0627\u0644\u200c\u0647\u0627\u06cc \u0627\u062e\u06cc\u0631 \u0628\u0627 \u062a\u0648\u0633\u0639\u0647 \u0633\u0631\u06cc\u0639 \u0632\u06cc\u0631\u0633\u0627\u062e\u062a\u200c\u0647\u0627 \u0648 \u0627\u0641\u0632\u0627\u06cc\u0634 \u062a\u0642\u0627\u0636\u0627\u06cc \u0645\u0633\u06a9\u0646\u060c \u0628\u0647 \u0645\u0646\u0637\u0642\u0647\u200c\u0627\u06cc \u062c\u0630\u0627\u0628 \u0628\u0631\u0627\u06cc \u0633\u0631\u0645\u0627\u06cc\u0647\u200c\u06af\u0630\u0627\u0631\u06cc \u062a\u0628\u062f\u06cc\u0644 \u0634\u062f\u0647 \u0627\u0633\u062a. \u062e\u0627\u0646\u0647\u200c\u0647\u0627\u06cc \u0645\u0633\u062a\u0642\u0644 \u0628\u0627 \u0627\u0645\u06a9\u0627\u0646 \u0627\u062c\u0627\u0631\u0647 \u0628\u0647 \u0627\u0631\u0632 \u062e\u0627\u0631\u062c\u06cc\u060c \u0631\u0634\u062f \u0627\u0631\u0632\u0634 \u0628\u0644\u0646\u062f\u0645\u062f\u062a \u0648 \u0647\u0632\u06cc\u0646\u0647\u200c\u0647\u0627\u06cc \u0646\u06af\u0647\u062f\u0627\u0631\u06cc \u067e\u0627\u06cc\u06cc\u0646\u060c \u0628\u0627\u0632\u062f\u0647\u06cc \u0642\u062f\u0631\u062a\u0645\u0646\u062f\u06cc \u0628\u0631\u0627\u06cc \u0633\u0631\u0645\u0627\u06cc\u0647\u200c\u06af\u0630\u0627\u0631\u0627\u0646 \u0628\u0647 \u0647\u0645\u0631\u0627\u0647 \u062f\u0627\u0631\u0646\u062f.<\/p>\n\n\n\n\n<p><\/p>","protected":false},"excerpt":{"rendered":"<p>\ud83c\udfe1 \u0130skele Sat\u0131l\u0131k M\u00fcstakil Ev \u0130lanlar\u0131 \u0130skele\u2019de sat\u0131l\u0131k m\u00fcstakil evler, hem \u015fehirden uzakla\u015fmadan sakin bir ya\u015fam arayanlar hem de uzun vadeli yat\u0131r\u0131m yapmak isteyenler i\u00e7in cazip bir se\u00e7enektir. Tamamen ba\u011f\u0131ms\u0131z parsellerde konumlanan bu evler, bah\u00e7eli, otoparkl\u0131 ve geni\u015f kullan\u0131m alanlar\u0131na sahip yap\u0131s\u0131yla konfor sunar. M\u00fcstakil Evler Neden Tercih Edilir? M\u00fcstakil evler, \u00f6zellikle mahremiyet, sessizlik ve [&hellip;]<\/p>","protected":false},"author":1,"featured_media":0,"parent":0,"menu_order":0,"comment_status":"closed","ping_status":"closed","template":"template\/template-listing-grid-v5-fullwidth-3cols.php","meta":{"footnotes":""},"class_list":["post-148859","page","type-page","status-publish","hentry"],"_links":{"self":[{"href":"https:\/\/turkkocan.com\/fa\/wp-json\/wp\/v2\/pages\/148859","targetHints":{"allow":["GET"]}}],"collection":[{"href":"https:\/\/turkkocan.com\/fa\/wp-json\/wp\/v2\/pages"}],"about":[{"href":"https:\/\/turkkocan.com\/fa\/wp-json\/wp\/v2\/types\/page"}],"author":[{"embeddable":true,"href":"https:\/\/turkkocan.com\/fa\/wp-json\/wp\/v2\/users\/1"}],"replies":[{"embeddable":true,"href":"https:\/\/turkkocan.com\/fa\/wp-json\/wp\/v2\/comments?post=148859"}],"version-history":[{"count":0,"href":"https:\/\/turkkocan.com\/fa\/wp-json\/wp\/v2\/pages\/148859\/revisions"}],"wp:attachment":[{"href":"https:\/\/turkkocan.com\/fa\/wp-json\/wp\/v2\/media?parent=148859"}],"curies":[{"name":"\u0648\u0631\u062f\u067e\u0631\u0633","href":"https:\/\/api.w.org\/{rel}","templated":true}]}}