{"id":146033,"date":"2025-06-13T03:28:02","date_gmt":"2025-06-13T03:28:02","guid":{"rendered":"https:\/\/turkkocan.com\/?page_id=146033"},"modified":"2025-06-17T07:32:35","modified_gmt":"2025-06-17T07:32:35","slug":"amlak-tejari-baraye-foroush-dar-girne","status":"publish","type":"page","link":"https:\/\/turkkocan.com\/fa\/amlak-tejari-baraye-foroush-dar-girne\/","title":{"rendered":"\u0627\u0645\u0644\u0627\u06a9 \u062a\u062c\u0627\u0631\u06cc \u0641\u0631\u0648\u0634\u06cc \u062f\u0631 \u06af\u06cc\u0631\u0646\u0647"},"content":{"rendered":"<h2 style=\"font-size: 20px;\">\ud83c\udfe2 \u0627\u0645\u0644\u0627\u06a9 \u062a\u062c\u0627\u0631\u06cc \u0641\u0631\u0648\u0634\u06cc \u062f\u0631 \u06af\u06cc\u0631\u0646\u0647<\/h2>\n<p style=\"font-size: 16px;\">\u06af\u06cc\u0631\u0646\u0647 \u0628\u0647\u200c\u0639\u0646\u0648\u0627\u0646 \u06cc\u06a9\u06cc \u0627\u0632 \u0641\u0639\u0627\u0644\u200c\u062a\u0631\u06cc\u0646 \u0634\u0647\u0631\u0647\u0627\u06cc \u0642\u0628\u0631\u0633 \u0634\u0645\u0627\u0644\u06cc \u0627\u0632 \u0646\u0638\u0631 \u0627\u0642\u062a\u0635\u0627\u062f\u06cc \u0648 \u062a\u062c\u0627\u0631\u06cc \u0634\u0646\u0627\u062e\u062a\u0647 \u0645\u06cc\u200c\u0634\u0648\u062f. \u0627\u0645\u0644\u0627\u06a9 \u062a\u062c\u0627\u0631\u06cc \u0641\u0631\u0648\u0634\u06cc \u0634\u0627\u0645\u0644 \u0645\u063a\u0627\u0632\u0647\u060c \u062f\u0641\u062a\u0631\u060c \u0627\u0646\u0628\u0627\u0631 \u0648 \u0641\u0631\u0648\u0634\u06af\u0627\u0647 \u0627\u0633\u062a \u0648 \u06af\u0632\u06cc\u0646\u0647\u200c\u0647\u0627\u06cc \u0645\u062a\u0646\u0648\u0639\u06cc \u0628\u0631\u0627\u06cc \u0633\u0631\u0645\u0627\u06cc\u0647\u200c\u06af\u0630\u0627\u0631\u0627\u0646 \u0627\u0631\u0627\u0626\u0647 \u0645\u06cc\u200c\u062f\u0647\u062f. \u0686\u0647 \u062f\u0631 \u0645\u0646\u0627\u0637\u0642 \u0645\u0631\u06a9\u0632\u06cc \u0648 \u0686\u0647 \u062f\u0631 \u0645\u0646\u0627\u0637\u0642 \u062f\u0631 \u062d\u0627\u0644 \u062a\u0648\u0633\u0639\u0647\u060c \u0641\u0631\u0635\u062a\u200c\u0647\u0627\u06cc \u0642\u062f\u0631\u062a\u0645\u0646\u062f\u06cc \u0628\u0631\u0627\u06cc \u062f\u0631\u0622\u0645\u062f\u0632\u0627\u06cc\u06cc \u0628\u0644\u0646\u062f\u0645\u062f\u062a \u0648\u062c\u0648\u062f \u062f\u0627\u0631\u062f.<\/p>\n\n<h3 style=\"font-size: 18px;\">\u0686\u0631\u0627 \u0627\u0645\u0644\u0627\u06a9 \u062a\u062c\u0627\u0631\u06cc \u067e\u0631\u0637\u0631\u0641\u062f\u0627\u0631 \u0647\u0633\u062a\u0646\u062f\u061f<\/h3>\n<p style=\"font-size: 16px;\">\u0627\u0645\u0644\u0627\u06a9 \u062a\u062c\u0627\u0631\u06cc \u0628\u0647\u200c\u062f\u0644\u06cc\u0644 \u062f\u0631\u0622\u0645\u062f \u0627\u062c\u0627\u0631\u0647\u200c\u0627\u06cc \u067e\u0627\u06cc\u062f\u0627\u0631\u060c \u067e\u062a\u0627\u0646\u0633\u06cc\u0644 \u0627\u0641\u0632\u0627\u06cc\u0634 \u0627\u0631\u0632\u0634 \u0648 \u0633\u0648\u062f\u0622\u0648\u0631\u06cc \u0628\u0644\u0646\u062f\u0645\u062f\u062a\u060c \u0645\u0648\u0631\u062f \u062a\u0648\u062c\u0647 \u0633\u0631\u0645\u0627\u06cc\u0647\u200c\u06af\u0630\u0627\u0631\u0627\u0646 \u0642\u0631\u0627\u0631 \u0645\u06cc\u200c\u06af\u06cc\u0631\u0646\u062f. \u062f\u0631 \u0634\u0647\u0631\u0647\u0627\u06cc\u06cc \u0645\u0627\u0646\u0646\u062f \u06af\u06cc\u0631\u0646\u0647 \u06a9\u0647 \u0628\u0647\u200c\u062e\u0627\u0637\u0631 \u06af\u0631\u062f\u0634\u06af\u0631\u06cc \u0648 \u062f\u0627\u0646\u0634\u06af\u0627\u0647\u200c\u0647\u0627 \u0634\u0646\u0627\u062e\u062a\u0647 \u0634\u062f\u0647 \u0627\u0633\u062a\u060c \u0633\u0631\u0645\u0627\u06cc\u0647\u200c\u06af\u0630\u0627\u0631\u06cc \u062f\u0631 \u0627\u0645\u0644\u0627\u06a9 \u062a\u062c\u0627\u0631\u06cc \u0628\u0631\u0627\u06cc \u06a9\u0627\u0631\u0622\u0641\u0631\u06cc\u0646\u0627\u0646 \u062f\u0627\u062e\u0644\u06cc \u0648 \u062e\u0627\u0631\u062c\u06cc\u060c \u0641\u0631\u0635\u062a\u06cc \u0628\u0631\u0627\u06cc \u06a9\u0633\u0628 \u062f\u0631\u0622\u0645\u062f \u067e\u0627\u06cc\u062f\u0627\u0631 \u0641\u0631\u0627\u0647\u0645 \u0645\u06cc\u200c\u06a9\u0646\u062f.<\/p>\n\n<h3 style=\"font-size: 18px;\">\u0645\u0632\u0627\u06cc\u0627\u06cc \u0633\u0631\u0645\u0627\u06cc\u0647\u200c\u06af\u0630\u0627\u0631\u06cc \u062a\u062c\u0627\u0631\u06cc \u062f\u0631 \u06af\u06cc\u0631\u0646\u0647<\/h3>\n<p style=\"font-size: 16px;\">\u0645\u0627\u0644\u06a9\u06cc\u062a \u0627\u0645\u0644\u0627\u06a9 \u062a\u062c\u0627\u0631\u06cc \u0641\u0631\u0648\u0634\u06cc \u062f\u0631 \u06af\u06cc\u0631\u0646\u0647 \u0628\u0627 \u062a\u0648\u062c\u0647 \u0628\u0647 \u062f\u0631\u0622\u0645\u062f \u0627\u0631\u0632\u06cc\u060c \u0631\u0648\u0646\u0642 \u0641\u0635\u0644 \u06af\u0631\u062f\u0634\u06af\u0631\u06cc \u0648 \u062c\u0645\u0639\u06cc\u062a \u062f\u0627\u0646\u0634\u062c\u0648\u06cc\u06cc\u060c \u0646\u0631\u062e \u0627\u0634\u063a\u0627\u0644 \u0628\u0627\u0644\u0627\u06cc\u06cc \u0631\u0627 \u0628\u0647 \u0647\u0645\u0631\u0627\u0647 \u062f\u0627\u0631\u062f. \u0645\u063a\u0627\u0632\u0647\u200c\u0647\u0627\u06cc \u0648\u06cc\u062a\u0631\u06cc\u0646\u200c\u062f\u0627\u0631 \u062f\u0631 \u062e\u06cc\u0627\u0628\u0627\u0646\u060c \u062f\u0641\u0627\u062a\u0631 \u062f\u0631 \u0645\u062c\u062a\u0645\u0639\u200c\u0647\u0627 \u06cc\u0627 \u0641\u0631\u0648\u0634\u06af\u0627\u0647\u200c\u0647\u0627\u06cc \u0648\u0627\u0642\u0639 \u062f\u0631 \u0645\u0646\u0627\u0637\u0642 \u0645\u0631\u06a9\u0632\u06cc\u060c \u0633\u0631\u0645\u0627\u06cc\u0647 \u0634\u0645\u0627 \u0631\u0627 \u062f\u0631 \u0645\u062f\u062a \u0632\u0645\u0627\u0646 \u06a9\u0648\u062a\u0627\u0647\u06cc \u0628\u0627 \u0627\u0641\u0632\u0627\u06cc\u0634 \u0627\u0631\u0632\u0634 \u0631\u0648\u0628\u0647\u200c\u0631\u0648 \u0645\u06cc\u200c\u06a9\u0646\u062f.<\/p>","protected":false},"excerpt":{"rendered":"<p>\ud83c\udfe2 Girne Sat\u0131l\u0131k Ticari Gayrimenkuller Girne, Kuzey K\u0131br\u0131s\u2019\u0131n ekonomik ve ticari a\u00e7\u0131dan en hareketli \u015fehirlerinden biri olarak dikkat \u00e7eker. Sat\u0131l\u0131k ticari gayrimenkuller, d\u00fckkan, ofis, ma\u011faza, depo ve i\u015f yeri gibi farkl\u0131 se\u00e7eneklerle yat\u0131r\u0131mc\u0131lara geni\u015f bir portf\u00f6y sunar. Hem merkezi lokasyonlar hem de geli\u015fen b\u00f6lgeler, uzun vadeli gelir hedefleyen yat\u0131r\u0131mc\u0131lar i\u00e7in g\u00fc\u00e7l\u00fc f\u0131rsatlar yarat\u0131r. Neden Ticari [&hellip;]<\/p>","protected":false},"author":1,"featured_media":0,"parent":0,"menu_order":0,"comment_status":"closed","ping_status":"closed","template":"template\/template-listing-grid-v5-fullwidth-3cols.php","meta":{"footnotes":""},"class_list":["post-146033","page","type-page","status-publish","hentry"],"_links":{"self":[{"href":"https:\/\/turkkocan.com\/fa\/wp-json\/wp\/v2\/pages\/146033","targetHints":{"allow":["GET"]}}],"collection":[{"href":"https:\/\/turkkocan.com\/fa\/wp-json\/wp\/v2\/pages"}],"about":[{"href":"https:\/\/turkkocan.com\/fa\/wp-json\/wp\/v2\/types\/page"}],"author":[{"embeddable":true,"href":"https:\/\/turkkocan.com\/fa\/wp-json\/wp\/v2\/users\/1"}],"replies":[{"embeddable":true,"href":"https:\/\/turkkocan.com\/fa\/wp-json\/wp\/v2\/comments?post=146033"}],"version-history":[{"count":0,"href":"https:\/\/turkkocan.com\/fa\/wp-json\/wp\/v2\/pages\/146033\/revisions"}],"wp:attachment":[{"href":"https:\/\/turkkocan.com\/fa\/wp-json\/wp\/v2\/media?parent=146033"}],"curies":[{"name":"\u0648\u0631\u062f\u067e\u0631\u0633","href":"https:\/\/api.w.org\/{rel}","templated":true}]}}