{"id":146025,"date":"2025-06-13T03:16:30","date_gmt":"2025-06-13T03:16:30","guid":{"rendered":"https:\/\/turkkocan.com\/?page_id=146025"},"modified":"2025-06-17T07:26:33","modified_gmt":"2025-06-17T07:26:33","slug":"bangaloo-baraye-foroush-dar-girne","status":"publish","type":"page","link":"https:\/\/turkkocan.com\/fa\/bangaloo-baraye-foroush-dar-girne\/","title":{"rendered":"\u0628\u0646\u0627\u063a\u0644\u0648\u0647\u0627\u06cc \u0641\u0631\u0648\u0634\u06cc \u062f\u0631 \u06af\u06cc\u0631\u0646\u0647"},"content":{"rendered":"<h2 style=\"font-size: 20px;\">\ud83c\udfe1 \u0628\u0627\u0646\u06af\u0627\u0644\u0648\u0647\u0627\u06cc \u0641\u0631\u0648\u0634\u06cc \u062f\u0631 \u06af\u06cc\u0631\u0646\u0647\u202f<\/h2>\n<p style=\"font-size: 16px;\">\u062e\u0627\u0646\u0647\u200c\u0647\u0627\u06cc \u0628\u0627\u0646\u06af\u0627\u0644\u0648 \u0641\u0631\u0648\u0634\u06cc \u062f\u0631 \u06af\u06cc\u0631\u0646\u0647 \u0628\u0627 \u0633\u0627\u062e\u062a\u0627\u0631 \u06cc\u06a9\u200c\u0637\u0628\u0642\u0647\u060c \u0628\u0627\u063a\u200c\u0647\u0627\u06cc \u0628\u0632\u0631\u06af \u0648 \u0645\u0639\u0645\u0627\u0631\u06cc \u0633\u0627\u062f\u0647 \u062e\u0648\u062f\u060c \u0632\u0646\u062f\u06af\u06cc \u0631\u0627\u062d\u062a \u0648 \u0622\u0631\u0627\u0645\u06cc \u0631\u0627 \u0641\u0631\u0627\u0647\u0645 \u0645\u06cc\u200c\u06a9\u0646\u0646\u062f. \u0627\u06cc\u0646 \u062e\u0627\u0646\u0647\u200c\u0647\u0627 \u06a9\u0647 \u0645\u0639\u0645\u0648\u0644\u0627\u064b \u062f\u0631 \u062f\u0644 \u0637\u0628\u06cc\u0639\u062a \u0642\u0631\u0627\u0631 \u062f\u0627\u0631\u0646\u062f\u060c \u0628\u0631\u0627\u06cc \u0627\u0641\u0631\u0627\u062f\u06cc \u06a9\u0647 \u0628\u0647\u200c\u062f\u0646\u0628\u0627\u0644 \u0633\u0628\u06a9 \u0632\u0646\u062f\u06af\u06cc \u0622\u0631\u0627\u0645 \u06cc\u0627 \u062e\u0627\u0646\u0647\u200c\u0627\u06cc \u0628\u0631\u0627\u06cc \u062a\u0639\u0637\u06cc\u0644\u0627\u062a \u0647\u0633\u062a\u0646\u062f\u060c \u0627\u0646\u062a\u062e\u0627\u0628\u06cc \u0645\u062d\u0628\u0648\u0628 \u0645\u062d\u0633\u0648\u0628 \u0645\u06cc\u200c\u0634\u0648\u0646\u062f. \u0637\u0631\u0627\u062d\u06cc \u0632\u06cc\u0628\u0627 \u0648 \u0646\u0642\u0634\u0647\u200c\u06a9\u0627\u0631\u0628\u0631\u062f\u06cc \u0622\u0646\u200c\u0647\u0627 \u0628\u0631\u0627\u06cc \u062a\u0645\u0627\u0645 \u06af\u0631\u0648\u0647\u200c\u0647\u0627\u06cc \u0633\u0646\u06cc \u0645\u0646\u0627\u0633\u0628 \u0627\u0633\u062a.<\/p>\n\n<h3 style=\"font-size: 18px;\">\u0686\u0631\u0627 \u062e\u0627\u0646\u0647\u200c\u0647\u0627\u06cc \u0628\u0627\u0646\u06af\u0627\u0644\u0648 \u067e\u0631\u0637\u0631\u0641\u062f\u0627\u0631 \u0647\u0633\u062a\u0646\u062f\u061f<\/h3>\n<p style=\"font-size: 16px;\">\u0642\u0631\u0627\u0631\u06af\u06cc\u0631\u06cc \u062a\u0645\u0627\u0645 \u0641\u0636\u0627\u0647\u0627\u06cc \u0632\u0646\u062f\u06af\u06cc \u062f\u0631 \u06cc\u06a9 \u0637\u0628\u0642\u0647\u060c \u062e\u0627\u0646\u0647\u200c\u0647\u0627\u06cc \u0628\u0627\u0646\u06af\u0627\u0644\u0648 \u0631\u0627 \u0647\u0645 \u06a9\u0627\u0631\u0628\u0631\u062f\u06cc \u0648 \u0647\u0645 \u0642\u0627\u0628\u0644\u200c\u062f\u0633\u062a\u0631\u0633 \u0645\u06cc\u200c\u0633\u0627\u0632\u062f. \u0646\u0628\u0648\u062f \u067e\u0644\u0647\u060c \u0627\u06cc\u0646 \u062e\u0627\u0646\u0647\u200c\u0647\u0627 \u0631\u0627 \u0628\u0631\u0627\u06cc \u0633\u0627\u0644\u0645\u0646\u062f\u0627\u0646\u060c \u062e\u0627\u0646\u0648\u0627\u062f\u0647\u200c\u0647\u0627\u06cc \u062f\u0627\u0631\u0627\u06cc \u0641\u0631\u0632\u0646\u062f \u0648 \u0627\u0641\u0631\u0627\u062f \u062f\u0627\u0631\u0627\u06cc \u0645\u0639\u0644\u0648\u0644\u06cc\u062a \u0645\u0646\u0627\u0633\u0628 \u0645\u06cc\u200c\u06a9\u0646\u062f. \u0648\u062c\u0648\u062f \u0628\u0627\u063a\u060c \u0644\u0630\u062a \u0641\u0636\u0627\u06cc \u0628\u0627\u0632 \u0648 \u0646\u0632\u062f\u06cc\u06a9\u06cc \u0628\u0647 \u0637\u0628\u06cc\u0639\u062a \u0631\u0627 \u0641\u0631\u0627\u0647\u0645 \u06a9\u0631\u062f\u0647 \u0648 \u06a9\u06cc\u0641\u06cc\u062a \u0632\u0646\u062f\u06af\u06cc \u0631\u0627 \u0627\u0641\u0632\u0627\u06cc\u0634 \u0645\u06cc\u200c\u062f\u0647\u062f.<\/p>\n\n<h3 style=\"font-size: 18px;\">\u0645\u0632\u0627\u06cc\u0627\u06cc \u0633\u0631\u0645\u0627\u06cc\u0647\u200c\u06af\u0630\u0627\u0631\u06cc \u062f\u0631 \u062e\u0627\u0646\u0647\u200c\u0647\u0627\u06cc \u0628\u0627\u0646\u06af\u0627\u0644\u0648 \u062f\u0631 \u06af\u06cc\u0631\u0646\u0647<\/h3>\n<p style=\"font-size: 16px;\">\u062a\u0631\u06a9\u06cc\u0628 \u0628\u0627\u0641\u062a \u0637\u0628\u06cc\u0639\u06cc \u06af\u06cc\u0631\u0646\u0647 \u0628\u0627 \u0645\u0646\u0627\u0638\u0631 \u062f\u0631\u06cc\u0627 \u0648 \u06a9\u0648\u0647\u060c \u062e\u0627\u0646\u0647\u200c\u0647\u0627\u06cc \u0628\u0627\u0646\u06af\u0627\u0644\u0648 \u0631\u0627 \u0628\u0647 \u06af\u0632\u06cc\u0646\u0647\u200c\u0627\u06cc \u0628\u0631\u062c\u0633\u062a\u0647 \u0628\u0631\u0627\u06cc \u0633\u0631\u0645\u0627\u06cc\u0647\u200c\u06af\u0630\u0627\u0631\u06cc \u062a\u0628\u062f\u06cc\u0644 \u06a9\u0631\u062f\u0647 \u0627\u0633\u062a. \u0627\u06cc\u0646 \u062e\u0627\u0646\u0647\u200c\u0647\u0627 \u062f\u0631 \u0627\u06cc\u0627\u0645 \u062a\u0639\u0637\u06cc\u0644 \u0645\u06cc\u200c\u062a\u0648\u0627\u0646\u0646\u062f \u062f\u0631\u0622\u0645\u062f \u0627\u062c\u0627\u0631\u0647\u200c\u0627\u06cc \u0628\u0627\u0644\u0627\u06cc\u06cc \u062f\u0627\u0634\u062a\u0647 \u0628\u0627\u0634\u0646\u062f \u0648 \u0647\u0645\u0686\u0646\u06cc\u0646 \u0628\u0631\u0627\u06cc \u0633\u06a9\u0648\u0646\u062a \u062f\u0627\u0626\u0645\u06cc \u0645\u0646\u0627\u0633\u0628\u200c\u0627\u0646\u062f. \u0628\u0647 \u062f\u0644\u06cc\u0644 \u0639\u0631\u0636\u0647 \u0645\u062d\u062f\u0648\u062f \u0648 \u062a\u0642\u0627\u0636\u0627\u06cc \u0631\u0648 \u0628\u0647 \u0631\u0634\u062f\u060c \u0627\u0631\u0632\u0634 \u0627\u06cc\u0646 \u0646\u0648\u0639 \u0627\u0645\u0644\u0627\u06a9 \u0647\u0645\u0686\u0646\u0627\u0646 \u062f\u0631 \u062d\u0627\u0644 \u0627\u0641\u0632\u0627\u06cc\u0634 \u0627\u0633\u062a.<\/p>","protected":false},"excerpt":{"rendered":"<p>\ud83c\udfe1 Girne Sat\u0131l\u0131k Bungalow Evler Girne\u2019de sat\u0131l\u0131k bungalow evler, tek katl\u0131 yap\u0131lar\u0131, geni\u015f bah\u00e7eleri ve sade mimarileriyle konforlu ve huzurlu bir ya\u015fam sunar. Genellikle do\u011fa ile i\u00e7 i\u00e7e konumlanan bu evler, \u00f6zellikle sakin bir ya\u015fam tarz\u0131n\u0131 benimseyenler ve tatil evi arayanlar i\u00e7in tercih edilir. Estetik mimarisi ve kullan\u0131\u015fl\u0131 planlar\u0131yla her ya\u015f grubuna hitap eder. Bungalow [&hellip;]<\/p>","protected":false},"author":1,"featured_media":0,"parent":0,"menu_order":0,"comment_status":"closed","ping_status":"closed","template":"template\/template-listing-grid-v5-fullwidth-3cols.php","meta":{"footnotes":""},"class_list":["post-146025","page","type-page","status-publish","hentry"],"_links":{"self":[{"href":"https:\/\/turkkocan.com\/fa\/wp-json\/wp\/v2\/pages\/146025","targetHints":{"allow":["GET"]}}],"collection":[{"href":"https:\/\/turkkocan.com\/fa\/wp-json\/wp\/v2\/pages"}],"about":[{"href":"https:\/\/turkkocan.com\/fa\/wp-json\/wp\/v2\/types\/page"}],"author":[{"embeddable":true,"href":"https:\/\/turkkocan.com\/fa\/wp-json\/wp\/v2\/users\/1"}],"replies":[{"embeddable":true,"href":"https:\/\/turkkocan.com\/fa\/wp-json\/wp\/v2\/comments?post=146025"}],"version-history":[{"count":0,"href":"https:\/\/turkkocan.com\/fa\/wp-json\/wp\/v2\/pages\/146025\/revisions"}],"wp:attachment":[{"href":"https:\/\/turkkocan.com\/fa\/wp-json\/wp\/v2\/media?parent=146025"}],"curies":[{"name":"\u0648\u0631\u062f\u067e\u0631\u0633","href":"https:\/\/api.w.org\/{rel}","templated":true}]}}